{"id":1566,"date":"2024-10-24T23:20:17","date_gmt":"2024-10-24T15:20:17","guid":{"rendered":"https:\/\/shop.yipinqian.com\/product\/light-lavender-qilin-natural-type-a-jadeite-pendant-with-certificate-weigh-51-04-grams-51-3-46-6-12-mm-symbols-of-auspicious-peaceful-and-happy-suitable-for-daily-wear-pendant62\/"},"modified":"2025-02-24T00:49:52","modified_gmt":"2025-02-23T16:49:52","slug":"light-lavender-qilin-natural-type-a-jadeite-pendant-with-certificate-weigh-51-04-grams-51-3-46-6-12-mm-symbols-of-auspicious-peaceful-and-happy-suitable-for-daily-wear-pendant62","status":"publish","type":"product","link":"https:\/\/shop.yipinqian.com\/fr\/produit\/light-lavender-qilin-natural-type-a-jadeite-pendant-with-certificate-weigh-51-04-grams-51-3-46-6-12-mm-symbols-of-auspicious-peaceful-and-happy-suitable-for-daily-wear-pendant62\/","title":{"rendered":"Light Lavender Qilin Natural Type A Jadeite Pendant with certificate weigh 51.04 grams, 51.3 * 46.6 * 12 mm, symbols of Auspicious, peaceful, and happy, suitable for daily wear (pendant62)"},"content":{"rendered":"<p>Add a touch of elegance to your daily wear with this beautiful Light Lavender Qilin Natural Type A Jadeite Pendant. Weighing 51.04 grams and measuring 51.3 * 46.6 * 12 mm, this pendant is perfect for those who appreciate the beauty of natural jade.<\/p>\n<ul>\n<li>\n<strong>Symbols of Auspicious, Peaceful and Happy:<\/strong> The Qilin represents good luck, peace and happiness &#8211; making it an ideal accessory for those looking to attract positivity in their lives.<\/li>\n<li>\n<strong>Convient pour un usage quotidien :<\/strong> The casual necklace style makes it perfect for daily wear, adding a touch of sophistication to any outfit.<\/li>\n<\/ul>\n<p>This pendant comes with a certificate guaranteeing its authenticity as natural Type A Jadeite from Myanmar &#8211; adding value to your purchase.<\/p>\n<p>\u00a0<\/p>\n<p><strong>Certificate numbers: 920460014255<\/strong><\/p>\n<p><img fetchpriority=\"high\" decoding=\"async\" height=\"1080\" src=\"https:\/\/shop.yipinqian.com\/wp-content\/uploads\/2024\/10\/516b8d5912d12861525cd0ffe148339c.jpg?from=476444299\" width=\"1080\"><\/p>\n<ul>\n<li><strong>Attributs du produit :<\/strong><\/li>\n<li>&#8211; With Certificate: Yes<\/li>\n<li>&#8211; Country Of Origin: Myanmar<\/li>\n<li>&#8211; Occasion: Daily &#8211; Warranty Type: No &#8211; Gender : Unisex<\/li>\n<li>This stunning piece is sure to become an instant favorite among jewelry lovers who appreciate the unique beauty and elegance that only jade can provide<\/li>\n<\/ul>\n<p><img decoding=\"async\" height=\"1080\" src=\"https:\/\/shop.yipinqian.com\/wp-content\/uploads\/2024\/10\/87df2de40f4cffb6683902ae6d343213.jpg?from=476444299\" width=\"1080\"><img decoding=\"async\" height=\"1080\" src=\"https:\/\/shop.yipinqian.com\/wp-content\/uploads\/2024\/10\/8b616022947e11ea8bb576404296e09d.jpg?from=476444299\" width=\"1080\"><\/p>\n<p>Yi Pin Qian \u2013 N\u00e9gociant en pierres pr\u00e9cieuses et m\u00e9taux pr\u00e9cieux \u00e0 Singapour \u2013 Num\u00e9ro de licence PS20190000031<\/p>\n<p>\u00a0<\/p>\n<p>*Toutes les jad\u00e9ites achet\u00e9es chez Yi Pin Qian \u00e0 Singapour, les clients peuvent r\u00e9server des cr\u00e9neaux pour le polissage ou une r\u00e9paration mineure en cas de mauvaise manipulation - des frais s&#039;appliquent et uniquement pour les clients de Yi Pin Qian \u00e0 Singapour*<\/p>\n<p>\u00a0<\/p>\n<p><strong>**Types de certificats**<\/strong><\/p>\n<p>\u00a0<\/p>\n<p><strong>NGI (Nan Yang Gemmologie)<\/strong><\/p>\n<p>ou <strong>Certificats \u00e9trangers <\/strong>(Yi Pin Qian utilise uniquement des certificats authentiques provenant de laboratoires \u00e9trangers et contr\u00f4le \u00e9galement la qualit\u00e9 de chacun de nos produits avant de les mettre en vente \u00e0 Singapour)<\/p>\n<p>\u00a0<\/p>\n<p>Chaque produit sur TikTok aura le type de certificat fourni indiqu\u00e9 dans la description. Pour tout client souhaitant envoyer sa commande \u00e0 NGI Singapore, il y aura un d\u00e9lai d&#039;attente pour la livraison de la commande estim\u00e9 \u00e0 environ 4 semaines pour recevoir votre commande. <strong>Les demandes de rapport sur les pierres pr\u00e9cieuses NGI doivent \u00eatre effectu\u00e9es en envoyant un message \u00e0 la boutique TikTok de Yi Pin Qian.<\/strong> Merci, <strong><u>des frais suppl\u00e9mentaires s&#039;appliquent<\/u><\/strong>.<\/p>\n<p>\u00a0<\/p>\n<p><strong>La jad\u00e9ite naturelle n&#039;est pas parfaite, juste un petit rappel : notre jad\u00e9ite naturelle, comme toutes les belles choses de la nature, poss\u00e8de ses caract\u00e9ristiques et ses variations uniques. Nous invitons nos pr\u00e9cieux clients \u00e0 adopter ces variations naturelles. Bon shopping !<\/strong><\/p>\n<p>\u00a0<\/p>\n<p><strong><u>Aucune des photos et des s\u00e9quences vid\u00e9o n&#039;a \u00e9t\u00e9 filtr\u00e9e. Nous encourageons nos clients \u00e0 regarder \u00e9galement les vid\u00e9os d&#039;accompagnement pour une vue plus compl\u00e8te de nos produits<\/u><\/strong><\/p>","protected":false},"excerpt":{"rendered":"<p>Add a touch of elegance to your daily wear with this beautiful Light Lavender Qilin Natural Type A Jadeite Pendant. Weighing 51.04 grams and measuring 51.3 * 46.6 * 12 mm, this pendant is perfect for those who appreciate the beauty of natural jade. Symbols of Auspicious, Peaceful and Happy: The Qilin represents good luck, [&hellip;]<\/p>","protected":false},"featured_media":6137,"comment_status":"open","ping_status":"closed","template":"","meta":[],"product_brand":[],"product_cat":[194],"product_tag":[],"class_list":{"0":"post-1566","1":"product","2":"type-product","3":"status-publish","4":"has-post-thumbnail","6":"product_cat-value-picks","8":"first","9":"instock","10":"sale","11":"shipping-taxable","12":"purchasable","13":"product-type-simple"},"_links":{"self":[{"href":"https:\/\/shop.yipinqian.com\/fr\/wp-json\/wp\/v2\/product\/1566","targetHints":{"allow":["GET"]}}],"collection":[{"href":"https:\/\/shop.yipinqian.com\/fr\/wp-json\/wp\/v2\/product"}],"about":[{"href":"https:\/\/shop.yipinqian.com\/fr\/wp-json\/wp\/v2\/types\/product"}],"replies":[{"embeddable":true,"href":"https:\/\/shop.yipinqian.com\/fr\/wp-json\/wp\/v2\/comments?post=1566"}],"version-history":[{"count":0,"href":"https:\/\/shop.yipinqian.com\/fr\/wp-json\/wp\/v2\/product\/1566\/revisions"}],"wp:featuredmedia":[{"embeddable":true,"href":"https:\/\/shop.yipinqian.com\/fr\/wp-json\/wp\/v2\/media\/6137"}],"wp:attachment":[{"href":"https:\/\/shop.yipinqian.com\/fr\/wp-json\/wp\/v2\/media?parent=1566"}],"wp:term":[{"taxonomy":"product_brand","embeddable":true,"href":"https:\/\/shop.yipinqian.com\/fr\/wp-json\/wp\/v2\/product_brand?post=1566"},{"taxonomy":"product_cat","embeddable":true,"href":"https:\/\/shop.yipinqian.com\/fr\/wp-json\/wp\/v2\/product_cat?post=1566"},{"taxonomy":"product_tag","embeddable":true,"href":"https:\/\/shop.yipinqian.com\/fr\/wp-json\/wp\/v2\/product_tag?post=1566"}],"curies":[{"name":"wp","href":"https:\/\/api.w.org\/{rel}","templated":true}]}}