{"id":1565,"date":"2024-10-24T23:20:17","date_gmt":"2024-10-24T15:20:17","guid":{"rendered":"https:\/\/shop.yipinqian.com\/product\/light-lavender-natural-type-a-jadeite-pendant-crafted-as-donut-shape-with-certificate-weigh-26-72-grams-42-8-42-8-6-3-mm-symbols-of-the-money-is-rolling-in-and-the-wealth-is-coming-from-all-directions\/"},"modified":"2025-02-17T00:04:03","modified_gmt":"2025-02-16T16:04:03","slug":"light-lavender-natural-type-a-jadeite-pendant-crafted-as-donut-shape-with-certificate-weigh-26-72-grams-42-8-42-8-6-3-mm-symbols-of-the-money-is-rolling-in-and-the-wealth-is-coming-from-all-directions","status":"publish","type":"product","link":"https:\/\/shop.yipinqian.com\/fr\/produit\/light-lavender-natural-type-a-jadeite-pendant-crafted-as-donut-shape-with-certificate-weigh-26-72-grams-42-8-42-8-6-3-mm-symbols-of-the-money-is-rolling-in-and-the-wealth-is-coming-from-all-directions\/","title":{"rendered":"Light Lavender Natural Type A Jadeite Pendant crafted as donut shape with certificate weigh 26.72 grams, 42.8 * 42.8 * 6.3 mm, symbols of the money is rolling in, and the wealth is coming from all directions and suitable for daily wear (pendant68)"},"content":{"rendered":"<p>This Light Lavender Natural Type A Jadeite Pendant is the perfect addition to any jewelry collection. Crafted with care into a donut shape, it features symbols of wealth and prosperity, making it ideal for daily wear.<\/p>\n<p><img fetchpriority=\"high\" decoding=\"async\" height=\"1080\" src=\"https:\/\/shop.yipinqian.com\/wp-content\/uploads\/2024\/10\/b90b55a2c224805071e5ffc52d91fce7.jpg?from=476444299\" width=\"1080\"><\/p>\n<ul>\n<li><strong>Caract\u00e9ristiques principales :<\/strong><\/li>\n<li>\n<strong>With Certificate numbers: <\/strong>ZS24031902032<\/li>\n<li>Weighs 26.72 grams<\/li>\n<li>42.8 * 42.8 * 6.3 mm in size<\/li>\n<li>Symbols of prosperity and wealth<\/li>\n<li>Suitable for daily wear<\/li>\n<li>Made from high-quality Jadeite, this pendant is unisex in design and boasts a casual necklace style. Its light lavender hue adds a touch of elegance to any outfit. This product is sourced from Myanmar and comes with a certificate of authenticity for your peace of mind. Add some positivity to your life with this Light Lavender Natural Type A Jadeite Pendant \u2013 the perfect accessory for those seeking abundance and good fortune!<\/li>\n<\/ul>\n<p>Yi Pin Qian \u2013 N\u00e9gociant en pierres pr\u00e9cieuses et m\u00e9taux pr\u00e9cieux \u00e0 Singapour \u2013 Num\u00e9ro de licence PS20190000031<\/p>\n<p>\u00a0<\/p>\n<p>*Toutes les jad\u00e9ites achet\u00e9es chez Yi Pin Qian \u00e0 Singapour, les clients peuvent r\u00e9server des cr\u00e9neaux pour le polissage ou une r\u00e9paration mineure en cas de mauvaise manipulation - des frais s&#039;appliquent et uniquement pour les clients de Yi Pin Qian \u00e0 Singapour*<\/p>\n<p>\u00a0<\/p>\n<p><strong>**Types de certificats**<\/strong><\/p>\n<p>\u00a0<\/p>\n<p><strong>NGI (Nan Yang Gemmologie)<\/strong><\/p>\n<p>ou <strong>Certificats \u00e9trangers <\/strong>(Yi Pin Qian utilise uniquement des certificats authentiques provenant de laboratoires \u00e9trangers et contr\u00f4le \u00e9galement la qualit\u00e9 de chacun de nos produits avant de les mettre en vente \u00e0 Singapour)<\/p>\n<p>\u00a0<\/p>\n<p>Chaque produit sur TikTok aura le type de certificat fourni indiqu\u00e9 dans la description. Pour tout client souhaitant envoyer sa commande \u00e0 NGI Singapore, il y aura un d\u00e9lai d&#039;attente pour la livraison de la commande estim\u00e9 \u00e0 environ 4 semaines pour recevoir votre commande. <strong>Les demandes de rapport sur les pierres pr\u00e9cieuses NGI doivent \u00eatre effectu\u00e9es en envoyant un message \u00e0 la boutique TikTok de Yi Pin Qian.<\/strong> Merci, <strong><u>des frais suppl\u00e9mentaires s&#039;appliquent<\/u><\/strong>.<\/p>\n<p>\u00a0<\/p>\n<p><strong>La jad\u00e9ite naturelle n&#039;est pas parfaite, juste un petit rappel : notre jad\u00e9ite naturelle, comme toutes les belles choses de la nature, poss\u00e8de ses caract\u00e9ristiques et ses variations uniques. Nous invitons nos pr\u00e9cieux clients \u00e0 adopter ces variations naturelles. Bon shopping !<\/strong><\/p>\n<p>\u00a0<\/p>\n<p><strong><u>Aucune des photos et des s\u00e9quences vid\u00e9o n&#039;a \u00e9t\u00e9 filtr\u00e9e. Nous encourageons nos clients \u00e0 regarder \u00e9galement les vid\u00e9os d&#039;accompagnement pour une vue plus compl\u00e8te de nos produits<\/u><\/strong><\/p>","protected":false},"excerpt":{"rendered":"<p>This Light Lavender Natural Type A Jadeite Pendant is the perfect addition to any jewelry collection. Crafted with care into a donut shape, it features symbols of wealth and prosperity, making it ideal for daily wear. Key Features: With Certificate numbers: ZS24031902032 Weighs 26.72 grams 42.8 * 42.8 * 6.3 mm in size Symbols of [&hellip;]<\/p>","protected":false},"featured_media":6123,"comment_status":"open","ping_status":"closed","template":"","meta":[],"product_brand":[],"product_cat":[48],"product_tag":[],"class_list":{"0":"post-1565","1":"product","2":"type-product","3":"status-publish","4":"has-post-thumbnail","6":"product_cat-pendants","8":"first","9":"instock","10":"sale","11":"shipping-taxable","12":"purchasable","13":"product-type-simple"},"_links":{"self":[{"href":"https:\/\/shop.yipinqian.com\/fr\/wp-json\/wp\/v2\/product\/1565","targetHints":{"allow":["GET"]}}],"collection":[{"href":"https:\/\/shop.yipinqian.com\/fr\/wp-json\/wp\/v2\/product"}],"about":[{"href":"https:\/\/shop.yipinqian.com\/fr\/wp-json\/wp\/v2\/types\/product"}],"replies":[{"embeddable":true,"href":"https:\/\/shop.yipinqian.com\/fr\/wp-json\/wp\/v2\/comments?post=1565"}],"version-history":[{"count":0,"href":"https:\/\/shop.yipinqian.com\/fr\/wp-json\/wp\/v2\/product\/1565\/revisions"}],"wp:featuredmedia":[{"embeddable":true,"href":"https:\/\/shop.yipinqian.com\/fr\/wp-json\/wp\/v2\/media\/6123"}],"wp:attachment":[{"href":"https:\/\/shop.yipinqian.com\/fr\/wp-json\/wp\/v2\/media?parent=1565"}],"wp:term":[{"taxonomy":"product_brand","embeddable":true,"href":"https:\/\/shop.yipinqian.com\/fr\/wp-json\/wp\/v2\/product_brand?post=1565"},{"taxonomy":"product_cat","embeddable":true,"href":"https:\/\/shop.yipinqian.com\/fr\/wp-json\/wp\/v2\/product_cat?post=1565"},{"taxonomy":"product_tag","embeddable":true,"href":"https:\/\/shop.yipinqian.com\/fr\/wp-json\/wp\/v2\/product_tag?post=1565"}],"curies":[{"name":"wp","href":"https:\/\/api.w.org\/{rel}","templated":true}]}}