{"id":1560,"date":"2024-10-24T23:20:13","date_gmt":"2024-10-24T15:20:13","guid":{"rendered":"https:\/\/shop.yipinqian.com\/product\/light-lavender-natural-type-a-jadeite-jade-crafted-with-nothing-round-shape-set-with-18-k-gold-as-pendant-certificate-weigh-29-85-grams-measurement-43-7-42-9-5-6-mm-18kp23\/"},"modified":"2025-02-17T00:04:03","modified_gmt":"2025-02-16T16:04:03","slug":"light-lavender-natural-type-a-jadeite-jade-crafted-with-nothing-round-shape-set-with-18-k-gold-as-pendant-certificate-weigh-29-85-grams-measurement-43-7-42-9-5-6-mm-18kp23","status":"publish","type":"product","link":"https:\/\/shop.yipinqian.com\/fr\/produit\/light-lavender-natural-type-a-jadeite-jade-crafted-with-nothing-round-shape-set-with-18-k-gold-as-pendant-certificate-weigh-29-85-grams-measurement-43-7-42-9-5-6-mm-18kp23\/","title":{"rendered":"Light Lavender Natural Type A Jadeite Jade Crafted with nothing, round shape set with 18 k gold as pendant, certificate weigh 29.85 grams, measurement 43.7 * 42.9 * 5.6 mm (18kp23)"},"content":{"rendered":"<p>Enhance your jewelry collection with this exquisite Light Lavender Natural Type A Jadeite Jade pendant. Crafted with nothing but the finest, the round-shaped jade is set in 18k gold and weighs 29.85 grams, measuring 43.7 * 42.9 * 5.6 mm (18kp23).<\/p>\n<p><\/p>\n<p>Certificate numbers: GD2203H014491<\/p>\n<ul>\n<li>\n<strong>Mat\u00e9riau de haute qualit\u00e9 :<\/strong> The pendant is made of premium quality PT\/Carat Gold and Light Lavender Natural Type A Jadeite Jade &#8211; a precious gemstone known for its stunning color and durability.<\/li>\n<li>\n<strong>Certificat d&#039;authenticit\u00e9 :<\/strong> This product comes with a certificate of authenticity, which guarantees that you are getting a genuine piece.<\/li>\n<li>\n<strong>Style de collier d\u00e9contract\u00e9 :<\/strong> This pendant features an elegant yet casual design that can be worn daily or on special occasions.<\/li>\n<\/ul>\n<p>The Light Lavender color gives it an enchanting appeal that will surely turn heads wherever you go. Its unisex design makes it perfect for anyone looking to add some luxury to their outfit without compromising their unique style.<\/p>\n<ul>\n<li>\n<strong>Fabriqu\u00e9 au Myanmar : <\/strong>This exquisite piece comes straight from Myanmar &#8211; the home of some of the world&#8217;s most sought-after jade stones<\/li>\n<li>.<\/li>\n<\/ul>\n<p>This product does not come with warranty coverage but its timeless beauty will bring joy for years to come!<\/p>\n<p><\/p>\n<p>Yi Pin Qian \u2013 N\u00e9gociant en pierres pr\u00e9cieuses et m\u00e9taux pr\u00e9cieux \u00e0 Singapour \u2013 Num\u00e9ro de licence PS20190000031<\/p>\n<p><\/p>\n<p>*Toutes les jad\u00e9ites achet\u00e9es chez Yi Pin Qian \u00e0 Singapour, les clients peuvent r\u00e9server des cr\u00e9neaux pour le polissage ou une r\u00e9paration mineure en cas de mauvaise manipulation - des frais s&#039;appliquent et uniquement pour les clients de Yi Pin Qian \u00e0 Singapour*<\/p>\n<p><\/p>\n<p><strong>**Types de certificats**<\/strong><\/p>\n<p><\/p>\n<p><strong>NGI (Nan Yang Gemmologie)<\/strong><\/p>\n<p>ou <strong>Certificats \u00e9trangers <\/strong>(Yi Pin Qian utilise uniquement des certificats authentiques provenant de laboratoires \u00e9trangers et contr\u00f4le \u00e9galement la qualit\u00e9 de chacun de nos produits avant de les mettre en vente \u00e0 Singapour)<\/p>\n<p><\/p>\n<p>Chaque produit sur TikTok aura le type de certificat fourni indiqu\u00e9 dans la description. Pour tout client souhaitant envoyer sa commande \u00e0 NGI Singapore, il y aura un d\u00e9lai d&#039;attente pour la livraison de la commande estim\u00e9 \u00e0 environ 4 semaines pour recevoir votre commande. <strong>Les demandes de rapport sur les pierres pr\u00e9cieuses NGI doivent \u00eatre effectu\u00e9es en envoyant un message \u00e0 la boutique TikTok de Yi Pin Qian.<\/strong> Merci, <strong><u>des frais suppl\u00e9mentaires s&#039;appliquent<\/u><\/strong>.<\/p>\n<p><\/p>\n<p><strong>La jad\u00e9ite naturelle n&#039;est pas parfaite, juste un petit rappel : notre jad\u00e9ite naturelle, comme toutes les belles choses de la nature, poss\u00e8de ses caract\u00e9ristiques et ses variations uniques. Nous invitons nos pr\u00e9cieux clients \u00e0 adopter ces variations naturelles. Bon shopping !<\/strong><\/p>\n<p><\/p>\n<p><strong><u>Aucune des photos et des s\u00e9quences vid\u00e9o n&#039;a \u00e9t\u00e9 filtr\u00e9e. Nous encourageons nos clients \u00e0 regarder \u00e9galement les vid\u00e9os d&#039;accompagnement pour une vue plus compl\u00e8te de nos produits<\/u><\/strong><\/p>","protected":false},"excerpt":{"rendered":"<p>Enhance your jewelry collection with this exquisite Light Lavender Natural Type A Jadeite Jade pendant. Crafted with nothing but the finest, the round-shaped jade is set in 18k gold and weighs 29.85 grams, measuring 43.7 * 42.9 * 5.6 mm (18kp23). Certificate numbers: GD2203H014491 High-Quality Material: The pendant is made of premium quality PT\/Carat Gold [&hellip;]<\/p>","protected":false},"featured_media":6068,"comment_status":"open","ping_status":"closed","template":"","meta":[],"product_brand":[],"product_cat":[120,48],"product_tag":[],"class_list":{"0":"post-1560","1":"product","2":"type-product","3":"status-publish","4":"has-post-thumbnail","6":"product_cat-18k-gold-setting-pendants","7":"product_cat-pendants","9":"first","10":"instock","11":"sale","12":"shipping-taxable","13":"purchasable","14":"product-type-simple"},"_links":{"self":[{"href":"https:\/\/shop.yipinqian.com\/fr\/wp-json\/wp\/v2\/product\/1560","targetHints":{"allow":["GET"]}}],"collection":[{"href":"https:\/\/shop.yipinqian.com\/fr\/wp-json\/wp\/v2\/product"}],"about":[{"href":"https:\/\/shop.yipinqian.com\/fr\/wp-json\/wp\/v2\/types\/product"}],"replies":[{"embeddable":true,"href":"https:\/\/shop.yipinqian.com\/fr\/wp-json\/wp\/v2\/comments?post=1560"}],"version-history":[{"count":0,"href":"https:\/\/shop.yipinqian.com\/fr\/wp-json\/wp\/v2\/product\/1560\/revisions"}],"wp:featuredmedia":[{"embeddable":true,"href":"https:\/\/shop.yipinqian.com\/fr\/wp-json\/wp\/v2\/media\/6068"}],"wp:attachment":[{"href":"https:\/\/shop.yipinqian.com\/fr\/wp-json\/wp\/v2\/media?parent=1560"}],"wp:term":[{"taxonomy":"product_brand","embeddable":true,"href":"https:\/\/shop.yipinqian.com\/fr\/wp-json\/wp\/v2\/product_brand?post=1560"},{"taxonomy":"product_cat","embeddable":true,"href":"https:\/\/shop.yipinqian.com\/fr\/wp-json\/wp\/v2\/product_cat?post=1560"},{"taxonomy":"product_tag","embeddable":true,"href":"https:\/\/shop.yipinqian.com\/fr\/wp-json\/wp\/v2\/product_tag?post=1560"}],"curies":[{"name":"wp","href":"https:\/\/api.w.org\/{rel}","templated":true}]}}