{"id":1556,"date":"2024-10-24T23:20:11","date_gmt":"2024-10-24T15:20:11","guid":{"rendered":"https:\/\/shop.yipinqian.com\/product\/light-green-with-green-patches-natural-type-a-jadeite-jade-ring-with-qic-labs-approved-certificate-weigh-18-31-grams-12-6-6-5-mm-finger-size-20mm-ring3\/"},"modified":"2025-02-24T00:49:54","modified_gmt":"2025-02-23T16:49:54","slug":"light-green-with-green-patches-natural-type-a-jadeite-jade-ring-with-qic-labs-approved-certificate-weigh-18-31-grams-12-6-6-5-mm-finger-size-20mm-ring3","status":"publish","type":"product","link":"https:\/\/shop.yipinqian.com\/fr\/produit\/light-green-with-green-patches-natural-type-a-jadeite-jade-ring-with-qic-labs-approved-certificate-weigh-18-31-grams-12-6-6-5-mm-finger-size-20mm-ring3\/","title":{"rendered":"#Sold- Bague en jade jad\u00e9ite naturelle de type A vert clair avec taches vertes avec certificat approuv\u00e9 par les laboratoires QIC pesant 18,31 grammes, 12,6 * 6,5 mm, taille du doigt 20 mm (bague3)"},"content":{"rendered":"<p>This light green with green patches natural Type A Jadeite jade ring is a stunning addition to any jewelry collection. Weighing in at <strong>18.31 grams<\/strong> et mesurer <strong>12.6 * 6.5 mm<\/strong>, with a finger size of <strong>20mm<\/strong> (ring3), this ring is sure to make a statement.<\/p>\n<p><strong>Certificate numbers: HJD2403213733<\/strong><\/p>\n<ul>\n<li><strong>Certificat d&#039;authenticit\u00e9 :<\/strong> This ring comes with a QIC labs approved certificate, ensuring that you are getting the real deal.<\/li>\n<li><strong>Origine:<\/strong> This jadeite comes from Myanmar, known for producing some of the highest quality jade in the world.<\/li>\n<li><strong>Occasion:<\/strong> Perfect for daily wear or special occasions, this versatile ring will quickly become one of your favorites.<\/li>\n<li><strong>Type de jade :<\/strong> Made from natural Type A Jadeite jade, prized for its rich colors and high level of translucency<\/li>\n<\/ul>\n<p>This beautiful piece is designed with men in mind but can be worn by anyone who appreciates fine jewelry accessories &amp; derivatives like this stunning natural type A Jadeite jade ring!<\/p>\n<p>Yi Pin Qian \u2013 N\u00e9gociant en pierres pr\u00e9cieuses et m\u00e9taux pr\u00e9cieux \u00e0 Singapour \u2013 Num\u00e9ro de licence PS20190000031<\/p>\n<p>*Toutes les jad\u00e9ites achet\u00e9es chez Yi Pin Qian \u00e0 Singapour, les clients peuvent r\u00e9server des cr\u00e9neaux pour le polissage ou une r\u00e9paration mineure en cas de mauvaise manipulation - des frais s&#039;appliquent et uniquement pour les clients de Yi Pin Qian \u00e0 Singapour*<\/p>\n<p><strong>**Types de certificats**<\/strong><\/p>\n<p><strong>NGI (Nan Yang Gemmologie)<\/strong><\/p>\n<p>ou <strong>Certificats \u00e9trangers <\/strong>(Yi Pin Qian utilise uniquement des certificats authentiques provenant de laboratoires \u00e9trangers et contr\u00f4le \u00e9galement la qualit\u00e9 de chacun de nos produits avant de les mettre en vente \u00e0 Singapour)<\/p>\n<p>Chaque produit sur TikTok aura le type de certificat fourni indiqu\u00e9 dans la description. Pour tout client souhaitant envoyer sa commande \u00e0 NGI Singapore, il y aura un d\u00e9lai d&#039;attente pour la livraison de la commande estim\u00e9 \u00e0 environ 4 semaines pour recevoir votre commande. <strong>Les demandes de rapport sur les pierres pr\u00e9cieuses NGI doivent \u00eatre effectu\u00e9es en envoyant un message \u00e0 la boutique TikTok de Yi Pin Qian.<\/strong> Merci, <strong><u>des frais suppl\u00e9mentaires s&#039;appliquent<\/u><\/strong>.<\/p>\n<p><strong>La jad\u00e9ite naturelle n&#039;est pas parfaite, juste un petit rappel : notre jad\u00e9ite naturelle, comme toutes les belles choses de la nature, poss\u00e8de ses caract\u00e9ristiques et ses variations uniques. Nous invitons nos pr\u00e9cieux clients \u00e0 adopter ces variations naturelles. Bon shopping !<\/strong><\/p>\n<p><strong><u>Aucune des photos et des s\u00e9quences vid\u00e9o n&#039;a \u00e9t\u00e9 filtr\u00e9e. Nous encourageons nos clients \u00e0 regarder \u00e9galement les vid\u00e9os d&#039;accompagnement pour une vue plus compl\u00e8te de nos produits<\/u><\/strong><\/p>\n<p>.<\/p>","protected":false},"excerpt":{"rendered":"<p>#Sold- Light green with green patches Natural Type A Jadeite jade ring &#8211; This is a rare piece of jadeite jade ring with patches and got the thickness, not similar like those lower quality thin jadeite in the market, that&#8217;s a good buy. Jadeite customer should always compare similar jadeite quality with the size especially jadeite collectors.<\/p>","protected":false},"featured_media":6023,"comment_status":"open","ping_status":"closed","template":"","meta":[],"product_brand":[],"product_cat":[194],"product_tag":[],"class_list":{"0":"post-1556","1":"product","2":"type-product","3":"status-publish","4":"has-post-thumbnail","6":"product_cat-value-picks","8":"first","9":"outofstock","10":"sale","11":"shipping-taxable","12":"purchasable","13":"product-type-simple"},"_links":{"self":[{"href":"https:\/\/shop.yipinqian.com\/fr\/wp-json\/wp\/v2\/product\/1556","targetHints":{"allow":["GET"]}}],"collection":[{"href":"https:\/\/shop.yipinqian.com\/fr\/wp-json\/wp\/v2\/product"}],"about":[{"href":"https:\/\/shop.yipinqian.com\/fr\/wp-json\/wp\/v2\/types\/product"}],"replies":[{"embeddable":true,"href":"https:\/\/shop.yipinqian.com\/fr\/wp-json\/wp\/v2\/comments?post=1556"}],"version-history":[{"count":0,"href":"https:\/\/shop.yipinqian.com\/fr\/wp-json\/wp\/v2\/product\/1556\/revisions"}],"wp:featuredmedia":[{"embeddable":true,"href":"https:\/\/shop.yipinqian.com\/fr\/wp-json\/wp\/v2\/media\/6023"}],"wp:attachment":[{"href":"https:\/\/shop.yipinqian.com\/fr\/wp-json\/wp\/v2\/media?parent=1556"}],"wp:term":[{"taxonomy":"product_brand","embeddable":true,"href":"https:\/\/shop.yipinqian.com\/fr\/wp-json\/wp\/v2\/product_brand?post=1556"},{"taxonomy":"product_cat","embeddable":true,"href":"https:\/\/shop.yipinqian.com\/fr\/wp-json\/wp\/v2\/product_cat?post=1556"},{"taxonomy":"product_tag","embeddable":true,"href":"https:\/\/shop.yipinqian.com\/fr\/wp-json\/wp\/v2\/product_tag?post=1556"}],"curies":[{"name":"wp","href":"https:\/\/api.w.org\/{rel}","templated":true}]}}