{"id":1549,"date":"2024-10-24T23:20:04","date_gmt":"2024-10-24T15:20:04","guid":{"rendered":"https:\/\/shop.yipinqian.com\/product\/light-green-with-brown-fine-quality-natural-type-a-jadeite-pendant-carved-with-dragon-meaning-wisdom-auspiciousness-strength-and-independence-with-certificate-weigh-41-21-grams-46-40-60-10-80-mm-very\/"},"modified":"2025-02-24T01:17:30","modified_gmt":"2025-02-23T17:17:30","slug":"light-green-with-brown-fine-quality-natural-type-a-jadeite-pendant-carved-with-dragon-meaning-wisdom-auspiciousness-strength-and-independence-with-certificate-weigh-41-21-grams-46-40-60-10-80-mm-very","status":"publish","type":"product","link":"https:\/\/shop.yipinqian.com\/fr\/produit\/light-green-with-brown-fine-quality-natural-type-a-jadeite-pendant-carved-with-dragon-meaning-wisdom-auspiciousness-strength-and-independence-with-certificate-weigh-41-21-grams-46-40-60-10-80-mm-very\/","title":{"rendered":"Light green with Brown fine quality Natural Type A Jadeite Pendant carved with dragon meaning wisdom, Auspiciousness, strength and independence with certificate weigh 41.21 grams, 46 * 40.60 * 10.80 mm, very suitable for daily wear (pendant91)"},"content":{"rendered":"<p>This light green and brown fine quality natural Type A jadeite pendant is carved with a dragon, symbolizing wisdom, auspiciousness, strength and independence. It comes with a certificate of authenticity and weighs 41.21 grams at 46*40.60*10.80mm; perfect for daily wear.<\/p>\n<ul>\n<li>\n<strong>Dragon Carving:<\/strong> The dragon carving represents wisdom, strength and independence.<\/li>\n<li>\n<strong>Certificat d&#039;authenticit\u00e9 :<\/strong> Comes with a certificate of authenticity for the natural Type A jadeite.<\/li>\n<\/ul>\n<p><strong>Certificate numbers: GD2111H010539<\/strong><\/p>\n<p><img fetchpriority=\"high\" decoding=\"async\" height=\"1080\" src=\"https:\/\/shop.yipinqian.com\/wp-content\/uploads\/2024\/10\/2379698f12366e7aff3c7389774003bb.jpg?from=476444299\" width=\"1080\"><img decoding=\"async\" height=\"1080\" src=\"https:\/\/shop.yipinqian.com\/wp-content\/uploads\/2024\/10\/c011874cf1698578e96574fc02642262.jpg?from=476444299\" width=\"1080\"><\/p>\n<ul>\n<li>\n<strong>Jade Quality:<\/strong> Made from fine quality light green with brown natural Type A jadeite from Myanmar.<\/li>\n<\/ul>\n<p><img decoding=\"async\" height=\"1080\" src=\"https:\/\/shop.yipinqian.com\/wp-content\/uploads\/2024\/10\/a814d27ddd19e2b84a1c721e0be06fac.jpg?from=476444299\" width=\"1080\"><\/p>\n<p>This unisex casual necklace style pendant is ideal for daily wear or as an elegant addition to any outfit. Please note that this product does not come with any warranty guarantees.<\/p>\n<p>\u00a0<\/p>\n<p>Yi Pin Qian \u2013 N\u00e9gociant en pierres pr\u00e9cieuses et m\u00e9taux pr\u00e9cieux \u00e0 Singapour \u2013 Num\u00e9ro de licence PS20190000031<\/p>\n<p>\u00a0<\/p>\n<p>*Toutes les jad\u00e9ites achet\u00e9es chez Yi Pin Qian \u00e0 Singapour, les clients peuvent r\u00e9server des cr\u00e9neaux pour le polissage ou une r\u00e9paration mineure en cas de mauvaise manipulation - des frais s&#039;appliquent et uniquement pour les clients de Yi Pin Qian \u00e0 Singapour*<\/p>\n<p>\u00a0<\/p>\n<p><strong>**Types de certificats**<\/strong><\/p>\n<p>\u00a0<\/p>\n<p><strong>NGI (Nan Yang Gemmologie)<\/strong><\/p>\n<p>ou <strong>Certificats \u00e9trangers <\/strong>(Yi Pin Qian utilise uniquement des certificats authentiques provenant de laboratoires \u00e9trangers et contr\u00f4le \u00e9galement la qualit\u00e9 de chacun de nos produits avant de les mettre en vente \u00e0 Singapour)<\/p>\n<p>\u00a0<\/p>\n<p>Chaque produit sur TikTok aura le type de certificat fourni indiqu\u00e9 dans la description. Pour tout client souhaitant envoyer sa commande \u00e0 NGI Singapore, il y aura un d\u00e9lai d&#039;attente pour la livraison de la commande estim\u00e9 \u00e0 environ 4 semaines pour recevoir votre commande. <strong>Les demandes de rapport sur les pierres pr\u00e9cieuses NGI doivent \u00eatre effectu\u00e9es en envoyant un message \u00e0 la boutique TikTok de Yi Pin Qian.<\/strong> Merci, <strong><u>des frais suppl\u00e9mentaires s&#039;appliquent<\/u><\/strong>.<\/p>\n<p>\u00a0<\/p>\n<p>.<\/p>","protected":false},"excerpt":{"rendered":"<p>This light green and brown fine quality natural Type A jadeite pendant is carved with a dragon, symbolizing wisdom, auspiciousness, strength and independence. It comes with a certificate of authenticity and weighs 41.21 grams at 46*40.60*10.80mm; perfect for daily wear. Dragon Carving: The dragon carving represents wisdom, strength and independence. Certificate of Authenticity: Comes with [&hellip;]<\/p>","protected":false},"featured_media":5971,"comment_status":"open","ping_status":"closed","template":"","meta":[],"product_brand":[],"product_cat":[195],"product_tag":[],"class_list":{"0":"post-1549","1":"product","2":"type-product","3":"status-publish","4":"has-post-thumbnail","6":"product_cat-heirloom-grade","8":"first","9":"instock","10":"sale","11":"shipping-taxable","12":"purchasable","13":"product-type-simple"},"_links":{"self":[{"href":"https:\/\/shop.yipinqian.com\/fr\/wp-json\/wp\/v2\/product\/1549","targetHints":{"allow":["GET"]}}],"collection":[{"href":"https:\/\/shop.yipinqian.com\/fr\/wp-json\/wp\/v2\/product"}],"about":[{"href":"https:\/\/shop.yipinqian.com\/fr\/wp-json\/wp\/v2\/types\/product"}],"replies":[{"embeddable":true,"href":"https:\/\/shop.yipinqian.com\/fr\/wp-json\/wp\/v2\/comments?post=1549"}],"version-history":[{"count":0,"href":"https:\/\/shop.yipinqian.com\/fr\/wp-json\/wp\/v2\/product\/1549\/revisions"}],"wp:featuredmedia":[{"embeddable":true,"href":"https:\/\/shop.yipinqian.com\/fr\/wp-json\/wp\/v2\/media\/5971"}],"wp:attachment":[{"href":"https:\/\/shop.yipinqian.com\/fr\/wp-json\/wp\/v2\/media?parent=1549"}],"wp:term":[{"taxonomy":"product_brand","embeddable":true,"href":"https:\/\/shop.yipinqian.com\/fr\/wp-json\/wp\/v2\/product_brand?post=1549"},{"taxonomy":"product_cat","embeddable":true,"href":"https:\/\/shop.yipinqian.com\/fr\/wp-json\/wp\/v2\/product_cat?post=1549"},{"taxonomy":"product_tag","embeddable":true,"href":"https:\/\/shop.yipinqian.com\/fr\/wp-json\/wp\/v2\/product_tag?post=1549"}],"curies":[{"name":"wp","href":"https:\/\/api.w.org\/{rel}","templated":true}]}}