{"id":1547,"date":"2024-10-24T23:20:03","date_gmt":"2024-10-24T15:20:03","guid":{"rendered":"https:\/\/shop.yipinqian.com\/product\/light-green-semi-icy-lion-pendant-necklace-natural-type-a-jadeite-with-certificate-included-weigh-25-70-grams-32-17-2-21-mm-symbols-of-strength-courage-and-good-luck-suitable-for-daily-wear\/"},"modified":"2025-02-24T00:49:54","modified_gmt":"2025-02-23T16:49:54","slug":"light-green-semi-icy-lion-pendant-necklace-natural-type-a-jadeite-with-certificate-included-weigh-25-70-grams-32-17-2-21-mm-symbols-of-strength-courage-and-good-luck-suitable-for-daily-wear","status":"publish","type":"product","link":"https:\/\/shop.yipinqian.com\/fr\/produit\/light-green-semi-icy-lion-pendant-necklace-natural-type-a-jadeite-with-certificate-included-weigh-25-70-grams-32-17-2-21-mm-symbols-of-strength-courage-and-good-luck-suitable-for-daily-wear\/","title":{"rendered":"Collier pendentif lion semi-glac\u00e9 vert clair en jad\u00e9ite naturelle de type A avec certificat inclus p\u00e8se 25,70 grammes, 32 * 17,2 * 21 mm, symboles de force, de courage et de chance, convient \u00e0 un usage quotidien"},"content":{"rendered":"<p>Ce collier pendentif lion semi-glac\u00e9 vert clair est fabriqu\u00e9 en jad\u00e9ite naturelle de type A, symbole de force, de courage et de chance. Pesant 25,70 grammes et mesurant 32 * 17,2 * 21 mm, ce collier est parfait pour un usage quotidien.<\/p>\n<ul>\n<li>\n<strong>Conception semi-glac\u00e9e :<\/strong> La couleur vert clair semi-glaciale du pendentif ajoute une touche d&#039;\u00e9l\u00e9gance \u00e0 votre tenue.<\/li>\n<li>\n<strong>Symboles de force :<\/strong> Le pendentif lion repr\u00e9sente la force et le courage dans de nombreuses cultures.<\/li>\n<li>\n<strong>Certificat inclus :<\/strong> Ce produit est accompagn\u00e9 d&#039;un certificat garantissant son authenticit\u00e9 en tant que jad\u00e9ite de type A<\/li>\n<\/ul>\n<p><strong>Num\u00e9ros de certificat : GD2112H014164<\/strong><\/p>\n<p><img fetchpriority=\"high\" decoding=\"async\" height=\"1080\" src=\"https:\/\/shop.yipinqian.com\/wp-content\/uploads\/2024\/10\/c8566d03cc04948185e5f42220a04d55.jpg?from=476444299\" width=\"1080\"><\/p>\n<p>Ce collier est unisexe et pr\u00e9sente un style d\u00e9contract\u00e9 qui peut \u00eatre associ\u00e9 \u00e0 n&#039;importe quelle tenue au quotidien. Vous pouvez profiter des avantages du port du jade tout en ayant du style en m\u00eame temps !<\/p>\n<p>Collier pendentif lion semi-glac\u00e9 vert clair en jad\u00e9ite naturelle de type A avec certificat inclus p\u00e8se 25,70 grammes, 32 * 17,2 * 21 mm, symboles de force, de courage et de chance, convient \u00e0 un usage quotidien<\/p>","protected":false},"excerpt":{"rendered":"<p>Ce collier pendentif lion semi-glac\u00e9 vert clair est fabriqu\u00e9 en jad\u00e9ite naturelle de type A, symbole de force, de courage et de chance. Pesant 25,70 grammes et mesurant 32 * 17,2 * 21 mm, ce collier est parfait pour un usage quotidien. Design semi-glac\u00e9 : La couleur vert clair semi-glac\u00e9e du pendentif ajoute [\u2026]<\/p>","protected":false},"featured_media":5945,"comment_status":"open","ping_status":"closed","template":"","meta":[],"product_brand":[],"product_cat":[194],"product_tag":[],"class_list":{"0":"post-1547","1":"product","2":"type-product","3":"status-publish","4":"has-post-thumbnail","6":"product_cat-value-picks","8":"first","9":"instock","10":"sale","11":"shipping-taxable","12":"purchasable","13":"product-type-simple"},"_links":{"self":[{"href":"https:\/\/shop.yipinqian.com\/fr\/wp-json\/wp\/v2\/product\/1547","targetHints":{"allow":["GET"]}}],"collection":[{"href":"https:\/\/shop.yipinqian.com\/fr\/wp-json\/wp\/v2\/product"}],"about":[{"href":"https:\/\/shop.yipinqian.com\/fr\/wp-json\/wp\/v2\/types\/product"}],"replies":[{"embeddable":true,"href":"https:\/\/shop.yipinqian.com\/fr\/wp-json\/wp\/v2\/comments?post=1547"}],"version-history":[{"count":0,"href":"https:\/\/shop.yipinqian.com\/fr\/wp-json\/wp\/v2\/product\/1547\/revisions"}],"wp:featuredmedia":[{"embeddable":true,"href":"https:\/\/shop.yipinqian.com\/fr\/wp-json\/wp\/v2\/media\/5945"}],"wp:attachment":[{"href":"https:\/\/shop.yipinqian.com\/fr\/wp-json\/wp\/v2\/media?parent=1547"}],"wp:term":[{"taxonomy":"product_brand","embeddable":true,"href":"https:\/\/shop.yipinqian.com\/fr\/wp-json\/wp\/v2\/product_brand?post=1547"},{"taxonomy":"product_cat","embeddable":true,"href":"https:\/\/shop.yipinqian.com\/fr\/wp-json\/wp\/v2\/product_cat?post=1547"},{"taxonomy":"product_tag","embeddable":true,"href":"https:\/\/shop.yipinqian.com\/fr\/wp-json\/wp\/v2\/product_tag?post=1547"}],"curies":[{"name":"wp","href":"https:\/\/api.w.org\/{rel}","templated":true}]}}