{"id":1546,"date":"2024-10-24T23:20:03","date_gmt":"2024-10-24T15:20:03","guid":{"rendered":"https:\/\/shop.yipinqian.com\/product\/light-green-natural-type-a-jadeite-pendant-necklace-crafted-as-thousand-hands-guanyin-with-certificate-weigh-48-82-grams-57-6-57-6-7-2-mmsymbols-of-eliminate-obstacles-and-resolve-all-disasters-peace\/"},"modified":"2025-02-24T00:49:54","modified_gmt":"2025-02-23T16:49:54","slug":"light-green-natural-type-a-jadeite-pendant-necklace-crafted-as-thousand-hands-guanyin-with-certificate-weigh-48-82-grams-57-6-57-6-7-2-mmsymbols-of-eliminate-obstacles-and-resolve-all-disasters-peace","status":"publish","type":"product","link":"https:\/\/shop.yipinqian.com\/fr\/produit\/light-green-natural-type-a-jadeite-pendant-necklace-crafted-as-thousand-hands-guanyin-with-certificate-weigh-48-82-grams-57-6-57-6-7-2-mmsymbols-of-eliminate-obstacles-and-resolve-all-disasters-peace\/","title":{"rendered":"Collier pendentif en jad\u00e9ite naturelle de type A vert clair fabriqu\u00e9 en Guanyin aux mille mains avec certificat p\u00e8se 48,82 grammes, 57,6 * 57,6 * 7,2 mm symboles d&#039;\u00e9limination des obstacles et de r\u00e9solution de toutes les catastrophes, de paix et de bon augure pour un usage quotidien (pendentif43)"},"content":{"rendered":"<p>Ce collier pendentif en jad\u00e9ite naturelle de type A vert clair est fabriqu\u00e9 de mani\u00e8re experte en forme de Guanyin aux mille mains et est livr\u00e9 avec un certificat d&#039;authenticit\u00e9. Pesant 48,82 grammes et mesurant 57,6 * 57,6 * 7,2 mm, ce collier est un symbole de paix, de bon augure et d&#039;\u00e9limination des obstacles. Fabriqu\u00e9 \u00e0 partir de jad\u00e9ite de haute qualit\u00e9 du Myanmar, ce collier est parfait pour un usage quotidien pour les hommes et les femmes. Caract\u00e9ristiques principales :<\/p>\n<ul>\n<li>Fabriqu\u00e9 de main de ma\u00eetre en forme de Guanyin aux mille mains<\/li>\n<li>Certificat d&#039;authenticit\u00e9 inclus \u2013 <strong>Num\u00e9ros de certificat : GD2110H013545<\/strong>\n<\/li>\n<\/ul>\n<p><img fetchpriority=\"high\" decoding=\"async\" height=\"1080\" src=\"https:\/\/shop.yipinqian.com\/wp-content\/uploads\/2024\/10\/86211cfcc5990a6b1e9beede00a898c3.jpg?from=476444299\" width=\"1080\"><\/p>\n<ul>\n<li>P\u00e8se 48,82 grammes<\/li>\n<li>Mesures 57,6 * 57,6 * 7,2 mm<\/li>\n<li>Symboles de paix, de bon augure, d&#039;\u00e9limination des obstacles<\/li>\n<li>.<\/li>\n<\/ul>\n<p>Fabriqu\u00e9 avec soin et attention aux d\u00e9tails \u00e0 partir de mat\u00e9riaux naturels, ce collier pendentif est le compl\u00e9ment parfait \u00e0 toute collection de bijoux. Pour ceux qui recherchent un accessoire d\u00e9contract\u00e9 mais \u00e9l\u00e9gant qui offre \u00e0 la fois beaut\u00e9 et signification, ne cherchez pas plus loin que ce collier pendentif en jad\u00e9ite naturelle de type A vert clair !<\/p>\n<p>\u00a0<\/p>\n<p>Yi Pin Qian \u2013 N\u00e9gociant en pierres pr\u00e9cieuses et m\u00e9taux pr\u00e9cieux \u00e0 Singapour \u2013 Num\u00e9ro de licence PS20190000031<\/p>\n<p>\u00a0<\/p>\n<p>*Toutes les jad\u00e9ites achet\u00e9es chez Yi Pin Qian \u00e0 Singapour, les clients peuvent r\u00e9server des cr\u00e9neaux pour le polissage ou une r\u00e9paration mineure en cas de mauvaise manipulation - des frais s&#039;appliquent et uniquement pour les clients de Yi Pin Qian \u00e0 Singapour*<\/p>\n<p>\u00a0<\/p>\n<p><strong>**Types de certificats**<\/strong><\/p>\n<p>\u00a0<\/p>\n<p><strong>NGI (Nan Yang Gemmologie)<\/strong><\/p>\n<p>ou <strong>Certificats \u00e9trangers <\/strong>(Yi Pin Qian utilise uniquement des certificats authentiques provenant de laboratoires \u00e9trangers et contr\u00f4le \u00e9galement la qualit\u00e9 de chacun de nos produits avant de les mettre en vente \u00e0 Singapour)<\/p>\n<p>\u00a0<\/p>\n<p>Chaque produit sur TikTok aura le type de certificat fourni indiqu\u00e9 dans la description. Pour tout client souhaitant envoyer sa commande \u00e0 NGI Singapore, il y aura un d\u00e9lai d&#039;attente pour la livraison de la commande estim\u00e9 \u00e0 environ 4 semaines pour recevoir votre commande. <strong>Les demandes de rapport sur les pierres pr\u00e9cieuses NGI doivent \u00eatre effectu\u00e9es en envoyant un message \u00e0 la boutique TikTok de Yi Pin Qian.<\/strong> Merci, <strong><u>des frais suppl\u00e9mentaires s&#039;appliquent<\/u><\/strong>.<\/p>\n<p>\u00a0<\/p>\n<p><strong>La jad\u00e9ite naturelle n&#039;est pas parfaite, juste un petit rappel : notre jad\u00e9ite naturelle, comme toutes les belles choses de la nature, poss\u00e8de ses caract\u00e9ristiques et ses variations uniques. Nous invitons nos pr\u00e9cieux clients \u00e0 adopter ces variations naturelles. Bon shopping !<\/strong><\/p>\n<p>\u00a0<\/p>\n<p><strong><u>Aucune des photos et des s\u00e9quences vid\u00e9o n&#039;a \u00e9t\u00e9 filtr\u00e9e. Nous encourageons nos clients \u00e0 regarder \u00e9galement les vid\u00e9os d&#039;accompagnement pour une vue plus compl\u00e8te de nos produits<\/u><\/strong><\/p>","protected":false},"excerpt":{"rendered":"<p>This Light Green Natural Type A Jadeite Pendant Necklace is expertly crafted in the shape of Thousand Hands Guanyin and comes with a certificate of authenticity. Weighing 48.82 grams and measuring 57.6 * 57.6 * 7.2 mm, this necklace is a symbol of peace, auspiciousness, and the elimination of obstacles. Made from high-quality Jadeite from [&hellip;]<\/p>","protected":false},"featured_media":5935,"comment_status":"open","ping_status":"closed","template":"","meta":[],"product_brand":[],"product_cat":[194],"product_tag":[],"class_list":{"0":"post-1546","1":"product","2":"type-product","3":"status-publish","4":"has-post-thumbnail","6":"product_cat-value-picks","8":"first","9":"instock","10":"sale","11":"shipping-taxable","12":"purchasable","13":"product-type-simple"},"_links":{"self":[{"href":"https:\/\/shop.yipinqian.com\/fr\/wp-json\/wp\/v2\/product\/1546","targetHints":{"allow":["GET"]}}],"collection":[{"href":"https:\/\/shop.yipinqian.com\/fr\/wp-json\/wp\/v2\/product"}],"about":[{"href":"https:\/\/shop.yipinqian.com\/fr\/wp-json\/wp\/v2\/types\/product"}],"replies":[{"embeddable":true,"href":"https:\/\/shop.yipinqian.com\/fr\/wp-json\/wp\/v2\/comments?post=1546"}],"version-history":[{"count":0,"href":"https:\/\/shop.yipinqian.com\/fr\/wp-json\/wp\/v2\/product\/1546\/revisions"}],"wp:featuredmedia":[{"embeddable":true,"href":"https:\/\/shop.yipinqian.com\/fr\/wp-json\/wp\/v2\/media\/5935"}],"wp:attachment":[{"href":"https:\/\/shop.yipinqian.com\/fr\/wp-json\/wp\/v2\/media?parent=1546"}],"wp:term":[{"taxonomy":"product_brand","embeddable":true,"href":"https:\/\/shop.yipinqian.com\/fr\/wp-json\/wp\/v2\/product_brand?post=1546"},{"taxonomy":"product_cat","embeddable":true,"href":"https:\/\/shop.yipinqian.com\/fr\/wp-json\/wp\/v2\/product_cat?post=1546"},{"taxonomy":"product_tag","embeddable":true,"href":"https:\/\/shop.yipinqian.com\/fr\/wp-json\/wp\/v2\/product_tag?post=1546"}],"curies":[{"name":"wp","href":"https:\/\/api.w.org\/{rel}","templated":true}]}}