{"id":1545,"date":"2024-10-24T23:20:02","date_gmt":"2024-10-24T15:20:02","guid":{"rendered":"https:\/\/shop.yipinqian.com\/product\/light-green-natural-type-a-jadeite-pendant-necklace-crafted-as-fuku-melon-with-certificate-weigh-7-07-grams-40-3-14-5-6-9-mm-pendant135\/"},"modified":"2025-02-17T00:04:02","modified_gmt":"2025-02-16T16:04:02","slug":"light-green-natural-type-a-jadeite-pendant-necklace-crafted-as-fuku-melon-with-certificate-weigh-7-07-grams-40-3-14-5-6-9-mm-pendant135","status":"publish","type":"product","link":"https:\/\/shop.yipinqian.com\/fr\/produit\/light-green-natural-type-a-jadeite-pendant-necklace-crafted-as-fuku-melon-with-certificate-weigh-7-07-grams-40-3-14-5-6-9-mm-pendant135\/","title":{"rendered":"Light Green Natural Type A Jadeite Pendant Necklace crafted as Fuku Melon with certificate weigh 7.07 grams, 40.3 * 14.5 * 6.9 mm (pendant135)"},"content":{"rendered":"<p>This Light Green Natural Type A Jadeite Pendant Necklace is a must-have for lovers of unique and exquisite jewelry. The necklace is crafted as Fuku Melon and comes with a certificate of authenticity.<\/p>\n<p><\/p>\n<p><strong>Certificate numbers: GD2202H001255<\/strong><\/p>\n<ul>\n<li>Weighing 7.07 grams, this pendant necklace is lightweight and comfortable to wear for extended periods.<\/li>\n<li>The pendant measures 40.3 * 14.5 * 6.9 mm, making it the perfect size to wear with any outfit.<\/li>\n<\/ul>\n<p>The green color of the jadeite gives it a refreshing appearance that will complement any skin tone or clothing color, making it an ideal accessory for both casual and formal occasions.<\/p>\n<p>This Jadeite pendant necklace will make an excellent gift option for someone special or an addition to your collection that you will cherish forever!<\/p>\n<p><\/p>\n<p>Yi Pin Qian \u2013 N\u00e9gociant en pierres pr\u00e9cieuses et m\u00e9taux pr\u00e9cieux \u00e0 Singapour \u2013 Num\u00e9ro de licence PS20190000031<\/p>\n<p><\/p>\n<p>*Toutes les jad\u00e9ites achet\u00e9es chez Yi Pin Qian \u00e0 Singapour, les clients peuvent r\u00e9server des cr\u00e9neaux pour le polissage ou une r\u00e9paration mineure en cas de mauvaise manipulation - des frais s&#039;appliquent et uniquement pour les clients de Yi Pin Qian \u00e0 Singapour*<\/p>\n<p><\/p>\n<p><strong>**Types de certificats**<\/strong><\/p>\n<p><\/p>\n<p><strong>NGI (Nan Yang Gemmologie)<\/strong><\/p>\n<p>ou <strong>Certificats \u00e9trangers <\/strong>(Yi Pin Qian utilise uniquement des certificats authentiques provenant de laboratoires \u00e9trangers et contr\u00f4le \u00e9galement la qualit\u00e9 de chacun de nos produits avant de les mettre en vente \u00e0 Singapour)<\/p>\n<p><\/p>\n<p>Chaque produit sur TikTok aura le type de certificat fourni indiqu\u00e9 dans la description. Pour tout client souhaitant envoyer sa commande \u00e0 NGI Singapore, il y aura un d\u00e9lai d&#039;attente pour la livraison de la commande estim\u00e9 \u00e0 environ 4 semaines pour recevoir votre commande. <strong>Les demandes de rapport sur les pierres pr\u00e9cieuses NGI doivent \u00eatre effectu\u00e9es en envoyant un message \u00e0 la boutique TikTok de Yi Pin Qian.<\/strong> Merci, <strong><u>des frais suppl\u00e9mentaires s&#039;appliquent<\/u><\/strong>.<\/p>\n<p><\/p>\n<p><strong>La jad\u00e9ite naturelle n&#039;est pas parfaite, juste un petit rappel : notre jad\u00e9ite naturelle, comme toutes les belles choses de la nature, poss\u00e8de ses caract\u00e9ristiques et ses variations uniques. Nous invitons nos pr\u00e9cieux clients \u00e0 adopter ces variations naturelles. Bon shopping !<\/strong><\/p>\n<p><\/p>\n<p><strong><u>Aucune des photos et des s\u00e9quences vid\u00e9o n&#039;a \u00e9t\u00e9 filtr\u00e9e. Nous encourageons nos clients \u00e0 regarder \u00e9galement les vid\u00e9os d&#039;accompagnement pour une vue plus compl\u00e8te de nos produits<\/u><\/strong><\/p>","protected":false},"excerpt":{"rendered":"<p>This Light Green Natural Type A Jadeite Pendant Necklace is a must-have for lovers of unique and exquisite jewelry. The necklace is crafted as Fuku Melon and comes with a certificate of authenticity. Certificate numbers: GD2202H001255 Weighing 7.07 grams, this pendant necklace is lightweight and comfortable to wear for extended periods. The pendant measures 40.3 [&hellip;]<\/p>","protected":false},"featured_media":5925,"comment_status":"open","ping_status":"closed","template":"","meta":[],"product_brand":[],"product_cat":[48],"product_tag":[],"class_list":{"0":"post-1545","1":"product","2":"type-product","3":"status-publish","4":"has-post-thumbnail","6":"product_cat-pendants","8":"first","9":"instock","10":"sale","11":"shipping-taxable","12":"purchasable","13":"product-type-simple"},"_links":{"self":[{"href":"https:\/\/shop.yipinqian.com\/fr\/wp-json\/wp\/v2\/product\/1545","targetHints":{"allow":["GET"]}}],"collection":[{"href":"https:\/\/shop.yipinqian.com\/fr\/wp-json\/wp\/v2\/product"}],"about":[{"href":"https:\/\/shop.yipinqian.com\/fr\/wp-json\/wp\/v2\/types\/product"}],"replies":[{"embeddable":true,"href":"https:\/\/shop.yipinqian.com\/fr\/wp-json\/wp\/v2\/comments?post=1545"}],"version-history":[{"count":0,"href":"https:\/\/shop.yipinqian.com\/fr\/wp-json\/wp\/v2\/product\/1545\/revisions"}],"wp:featuredmedia":[{"embeddable":true,"href":"https:\/\/shop.yipinqian.com\/fr\/wp-json\/wp\/v2\/media\/5925"}],"wp:attachment":[{"href":"https:\/\/shop.yipinqian.com\/fr\/wp-json\/wp\/v2\/media?parent=1545"}],"wp:term":[{"taxonomy":"product_brand","embeddable":true,"href":"https:\/\/shop.yipinqian.com\/fr\/wp-json\/wp\/v2\/product_brand?post=1545"},{"taxonomy":"product_cat","embeddable":true,"href":"https:\/\/shop.yipinqian.com\/fr\/wp-json\/wp\/v2\/product_cat?post=1545"},{"taxonomy":"product_tag","embeddable":true,"href":"https:\/\/shop.yipinqian.com\/fr\/wp-json\/wp\/v2\/product_tag?post=1545"}],"curies":[{"name":"wp","href":"https:\/\/api.w.org\/{rel}","templated":true}]}}