{"id":1541,"date":"2024-10-24T23:19:59","date_gmt":"2024-10-24T15:19:59","guid":{"rendered":"https:\/\/shop.yipinqian.com\/product\/light-green-natural-type-a-jadeite-jade-crafted-with-milo-buddha-as-pendant-certificate-weighs-27-52grams-measurement-44-3-27-9-11-6-mm-pendant248\/"},"modified":"2025-02-24T00:49:54","modified_gmt":"2025-02-23T16:49:54","slug":"light-green-natural-type-a-jadeite-jade-crafted-with-milo-buddha-as-pendant-certificate-weighs-27-52grams-measurement-44-3-27-9-11-6-mm-pendant248","status":"publish","type":"product","link":"https:\/\/shop.yipinqian.com\/fr\/produit\/light-green-natural-type-a-jadeite-jade-crafted-with-milo-buddha-as-pendant-certificate-weighs-27-52grams-measurement-44-3-27-9-11-6-mm-pendant248\/","title":{"rendered":"Jade jad\u00e9ite naturel de type A vert clair fabriqu\u00e9 avec le Bouddha Milo comme pendentif, le certificat p\u00e8se 27,52 grammes, mesure 44,3 * 27,9 * 11,6 mm (pendentif248)"},"content":{"rendered":"<p>D\u00e9couvrez notre nouvelle offre de boutique - Pendentif en jade jad\u00e9ite naturelle de type A vert clair avec motif Bouddha Milo. Cette pi\u00e8ce exquise est accompagn\u00e9e d&#039;un certificat et p\u00e8se 27,52 grammes, avec des mesures de 44,3 * 27,9 * 11,6 mm.<\/p>\n<p><\/p>\n<p>Num\u00e9ros de certificat : ZSJ12211036614<\/p>\n<ul>\n<li>\n<strong>Conception de Bouddha Milo de bon augure :<\/strong> Fabriqu\u00e9 avec des d\u00e9tails complexes, ce pendentif respire la positivit\u00e9 et les b\u00e9n\u00e9dictions.<\/li>\n<li>\n<strong>Jad\u00e9ite naturelle de type A :<\/strong> Fabriqu\u00e9 \u00e0 partir de jad\u00e9ite de haute qualit\u00e9 provenant du Myanmar, connue pour sa couleur \u00e9poustouflante et sa durabilit\u00e9.<\/li>\n<li>\n<strong>Style de collier d\u00e9contract\u00e9 :<\/strong> Parfait pour un usage quotidien ou pour des occasions sp\u00e9ciales, ajoutant une touche d&#039;\u00e9l\u00e9gance \u00e0 n&#039;importe quelle tenue.<\/li>\n<\/ul>\n<p>Ce pendentif unisexe est un choix id\u00e9al pour ceux qui recherchent un accessoire significatif qui apporte chance et style sans effort dans leur vie.<\/p>\n<p><\/p>\n<p><strong>La jad\u00e9ite naturelle n&#039;est pas parfaite, juste un petit rappel : notre jad\u00e9ite naturelle, comme toutes les belles choses de la nature, poss\u00e8de ses caract\u00e9ristiques et ses variations uniques. Nous invitons nos pr\u00e9cieux clients \u00e0 adopter ces variations naturelles. Bon shopping !<\/strong><\/p>\n<p><\/p>\n<p><strong><u>Aucune des photos et des s\u00e9quences vid\u00e9o n&#039;a \u00e9t\u00e9 filtr\u00e9e. Nous encourageons nos clients \u00e0 regarder \u00e9galement les vid\u00e9os d&#039;accompagnement pour une vue plus compl\u00e8te de nos produits<\/u><\/strong><\/p>","protected":false},"excerpt":{"rendered":"<p>Discover our New Shop Offer &#8211; Light Green Natural Type A Jadeite Jade pendant featuring a Milo Buddha design. This exquisite piece comes with a certificate and weighs 27.52 grams, with measurements of 44.3 * 27.9 * 11.6 mm. Certificate numbers: ZSJ12211036614 Auspicious Milo Buddha Design: Crafted with intricate details, this pendant exudes positivity and [&hellip;]<\/p>","protected":false},"featured_media":5881,"comment_status":"open","ping_status":"closed","template":"","meta":[],"product_brand":[],"product_cat":[194],"product_tag":[],"class_list":{"0":"post-1541","1":"product","2":"type-product","3":"status-publish","4":"has-post-thumbnail","6":"product_cat-value-picks","8":"first","9":"instock","10":"sale","11":"shipping-taxable","12":"purchasable","13":"product-type-simple"},"_links":{"self":[{"href":"https:\/\/shop.yipinqian.com\/fr\/wp-json\/wp\/v2\/product\/1541","targetHints":{"allow":["GET"]}}],"collection":[{"href":"https:\/\/shop.yipinqian.com\/fr\/wp-json\/wp\/v2\/product"}],"about":[{"href":"https:\/\/shop.yipinqian.com\/fr\/wp-json\/wp\/v2\/types\/product"}],"replies":[{"embeddable":true,"href":"https:\/\/shop.yipinqian.com\/fr\/wp-json\/wp\/v2\/comments?post=1541"}],"version-history":[{"count":0,"href":"https:\/\/shop.yipinqian.com\/fr\/wp-json\/wp\/v2\/product\/1541\/revisions"}],"wp:featuredmedia":[{"embeddable":true,"href":"https:\/\/shop.yipinqian.com\/fr\/wp-json\/wp\/v2\/media\/5881"}],"wp:attachment":[{"href":"https:\/\/shop.yipinqian.com\/fr\/wp-json\/wp\/v2\/media?parent=1541"}],"wp:term":[{"taxonomy":"product_brand","embeddable":true,"href":"https:\/\/shop.yipinqian.com\/fr\/wp-json\/wp\/v2\/product_brand?post=1541"},{"taxonomy":"product_cat","embeddable":true,"href":"https:\/\/shop.yipinqian.com\/fr\/wp-json\/wp\/v2\/product_cat?post=1541"},{"taxonomy":"product_tag","embeddable":true,"href":"https:\/\/shop.yipinqian.com\/fr\/wp-json\/wp\/v2\/product_tag?post=1541"}],"curies":[{"name":"wp","href":"https:\/\/api.w.org\/{rel}","templated":true}]}}