{"id":1538,"date":"2024-10-24T23:19:57","date_gmt":"2024-10-24T15:19:57","guid":{"rendered":"https:\/\/shop.yipinqian.com\/product\/light-green-mix-with-brown-natural-type-a-jadeite-pendant-carved-as-horse-meaning-prosperity-development-bravery-conquest-certificate-included-weighs-23-16-grams-60-8-28-2-6-3-mm-suitable-for-daily-we\/"},"modified":"2025-02-17T00:04:01","modified_gmt":"2025-02-16T16:04:01","slug":"light-green-mix-with-brown-natural-type-a-jadeite-pendant-carved-as-horse-meaning-prosperity-development-bravery-conquest-certificate-included-weighs-23-16-grams-60-8-28-2-6-3-mm-suitable-for-daily-we","status":"publish","type":"product","link":"https:\/\/shop.yipinqian.com\/fr\/produit\/light-green-mix-with-brown-natural-type-a-jadeite-pendant-carved-as-horse-meaning-prosperity-development-bravery-conquest-certificate-included-weighs-23-16-grams-60-8-28-2-6-3-mm-suitable-for-daily-we\/","title":{"rendered":"Light Green mix with brown Natural Type A Jadeite Pendant carved as Horse meaning Prosperity, development, bravery, conquest, certificate included weighs 23.16 grams, 60.8 * 28.2 * 6.3 mm, suitable for daily wear or collection (pendant89)"},"content":{"rendered":"<p>This Light Green mix with brown Natural Type A Jadeite Pendant carved as Horse is a stunning addition to any collection. The pendant carries a deep meaning as it represents prosperity, development, bravery, and conquest. The certificate included gives you peace of mind that you are getting an authentic piece.<\/p>\n<ul>\n<li>\n<strong>Poids:<\/strong> This pendant weigh 23.16 grams making it comfortable for daily wear or collection.<\/li>\n<li>\n<strong>Dimensions:<\/strong> Measuring at 60.8 * 28.2 * 6.3 mm, this pendant is the perfect size to wear casually or on special occasions.<\/li>\n<li>\n<strong>Type de jade :<\/strong> Made of Natural Type A Jadeite which is known for its durability and high-quality properties<\/li>\n<\/ul>\n<p>This Unisex Casual Necklace Style piece makes an excellent gift for yourself or someone special on any occasion since it fits perfectly with your daily outfits without sacrificing style.<\/p>\n<ul>\n<li>\n<strong>Le pays d&#039;origine : <\/strong>This product comes from Myanmar which is known for producing high-quality jade products<\/li>\n<li>\n<strong>L&#039;occasion : <\/strong>You can wear this necklace every day without worrying about damaging the stone since It&#8217;s suitable for Daily Occasions<\/li>\n<\/ul>\n<p><strong>Certificate numbers: GD2112H010352<\/strong><\/p>\n<p><img fetchpriority=\"high\" decoding=\"async\" height=\"1080\" src=\"https:\/\/shop.yipinqian.com\/wp-content\/uploads\/2024\/10\/b184c1831f0e8e958cacba71e2c890eb.jpg?from=476444299\" width=\"1080\"><br \/><img decoding=\"async\" height=\"1080\" src=\"https:\/\/shop.yipinqian.com\/wp-content\/uploads\/2024\/10\/7acf1a85573fcc5138bd2f6eac88df90.jpg?from=476444299\" width=\"1080\"><\/p>\n<p>In conclusion, this Light Green mix with brown Natural Type A Jadeite Pendant carved as Horse will not only elevate your jewelry game but also brings good luck into your life!<\/p>\n<p>\u00a0<\/p>\n<p>Yi Pin Qian \u2013 N\u00e9gociant en pierres pr\u00e9cieuses et m\u00e9taux pr\u00e9cieux \u00e0 Singapour \u2013 Num\u00e9ro de licence PS20190000031<\/p>\n<p>\u00a0<\/p>\n<p>*Toutes les jad\u00e9ites achet\u00e9es chez Yi Pin Qian \u00e0 Singapour, les clients peuvent r\u00e9server des cr\u00e9neaux pour le polissage ou une r\u00e9paration mineure en cas de mauvaise manipulation - des frais s&#039;appliquent et uniquement pour les clients de Yi Pin Qian \u00e0 Singapour*<\/p>\n<p>\u00a0<\/p>\n<p><strong>**Types de certificats**<\/strong><\/p>\n<p>\u00a0<\/p>\n<p><strong>NGI (Nan Yang Gemmologie)<\/strong><\/p>\n<p>ou <strong>Certificats \u00e9trangers <\/strong>(Yi Pin Qian utilise uniquement des certificats authentiques provenant de laboratoires \u00e9trangers et contr\u00f4le \u00e9galement la qualit\u00e9 de chacun de nos produits avant de les mettre en vente \u00e0 Singapour)<\/p>\n<p>\u00a0<\/p>\n<p>Chaque produit sur TikTok aura le type de certificat fourni indiqu\u00e9 dans la description. Pour tout client souhaitant envoyer sa commande \u00e0 NGI Singapore, il y aura un d\u00e9lai d&#039;attente pour la livraison de la commande estim\u00e9 \u00e0 environ 4 semaines pour recevoir votre commande. <strong>Les demandes de rapport sur les pierres pr\u00e9cieuses NGI doivent \u00eatre effectu\u00e9es en envoyant un message \u00e0 la boutique TikTok de Yi Pin Qian.<\/strong> Merci, <strong><u>des frais suppl\u00e9mentaires s&#039;appliquent<\/u><\/strong>.<\/p>\n<p>\u00a0<\/p>\n<p>.<\/p>","protected":false},"excerpt":{"rendered":"<p>This Light Green mix with brown Natural Type A Jadeite Pendant carved as Horse is a stunning addition to any collection. The pendant carries a deep meaning as it represents prosperity, development, bravery, and conquest. The certificate included gives you peace of mind that you are getting an authentic piece. Weight: This pendant weigh 23.16 [&hellip;]<\/p>","protected":false},"featured_media":5839,"comment_status":"open","ping_status":"closed","template":"","meta":[],"product_brand":[],"product_cat":[48],"product_tag":[],"class_list":{"0":"post-1538","1":"product","2":"type-product","3":"status-publish","4":"has-post-thumbnail","6":"product_cat-pendants","8":"first","9":"instock","10":"sale","11":"shipping-taxable","12":"purchasable","13":"product-type-simple"},"_links":{"self":[{"href":"https:\/\/shop.yipinqian.com\/fr\/wp-json\/wp\/v2\/product\/1538","targetHints":{"allow":["GET"]}}],"collection":[{"href":"https:\/\/shop.yipinqian.com\/fr\/wp-json\/wp\/v2\/product"}],"about":[{"href":"https:\/\/shop.yipinqian.com\/fr\/wp-json\/wp\/v2\/types\/product"}],"replies":[{"embeddable":true,"href":"https:\/\/shop.yipinqian.com\/fr\/wp-json\/wp\/v2\/comments?post=1538"}],"version-history":[{"count":0,"href":"https:\/\/shop.yipinqian.com\/fr\/wp-json\/wp\/v2\/product\/1538\/revisions"}],"wp:featuredmedia":[{"embeddable":true,"href":"https:\/\/shop.yipinqian.com\/fr\/wp-json\/wp\/v2\/media\/5839"}],"wp:attachment":[{"href":"https:\/\/shop.yipinqian.com\/fr\/wp-json\/wp\/v2\/media?parent=1538"}],"wp:term":[{"taxonomy":"product_brand","embeddable":true,"href":"https:\/\/shop.yipinqian.com\/fr\/wp-json\/wp\/v2\/product_brand?post=1538"},{"taxonomy":"product_cat","embeddable":true,"href":"https:\/\/shop.yipinqian.com\/fr\/wp-json\/wp\/v2\/product_cat?post=1538"},{"taxonomy":"product_tag","embeddable":true,"href":"https:\/\/shop.yipinqian.com\/fr\/wp-json\/wp\/v2\/product_tag?post=1538"}],"curies":[{"name":"wp","href":"https:\/\/api.w.org\/{rel}","templated":true}]}}