{"id":1533,"date":"2024-10-24T23:19:55","date_gmt":"2024-10-24T15:19:55","guid":{"rendered":"https:\/\/shop.yipinqian.com\/product\/light-green-hue-natural-type-a-jadeite-jade-crafted-with-3-sheeps-and-pixiu-hollow-old-school-style-as-a-pendant-with-certificate-weigh-30-99-grams-measurement-56-5-55-2-6-mm-pendant203\/"},"modified":"2025-02-24T00:49:54","modified_gmt":"2025-02-23T16:49:54","slug":"light-green-hue-natural-type-a-jadeite-jade-crafted-with-3-sheeps-and-pixiu-hollow-old-school-style-as-a-pendant-with-certificate-weigh-30-99-grams-measurement-56-5-55-2-6-mm-pendant203","status":"publish","type":"product","link":"https:\/\/shop.yipinqian.com\/fr\/produit\/light-green-hue-natural-type-a-jadeite-jade-crafted-with-3-sheeps-and-pixiu-hollow-old-school-style-as-a-pendant-with-certificate-weigh-30-99-grams-measurement-56-5-55-2-6-mm-pendant203\/","title":{"rendered":"Light Green Hue Natural Type A Jadeite Jade Crafted with 3 Sheeps and Pixiu Hollow Old School Style as a Pendant with certificate weigh 30.99 grams, measurement 56.5 * 55.2 * 6 mm (pendant203)"},"content":{"rendered":"<p>This Light Green Hue Natural Type A Jadeite Jade pendant is a beautiful addition to your jewelry collection. Crafted with 3 Sheeps and Pixiu Hollow Old School Style, this pendant is a perfect blend of traditional and modern style.<\/p>\n<p><\/p>\n<p>Certificate numbers: SZ19284014<\/p>\n<ul>\n<li>\n<strong>Jade jad\u00e9ite naturelle de type A :<\/strong> Made with high-quality natural type A jadeite jade, this pendant has an alluring shine and texture that makes it stand out.<\/li>\n<li>\n<strong>Certificat:<\/strong> This pendant comes with a certificate of authenticity, ensuring that you are getting genuine jadeite jade.<\/li>\n<li>\n<strong>Conception unisexe :<\/strong> The unisex design of this necklace makes it suitable for anyone to wear. It can make for an ideal gift for both men and women.<\/li>\n<\/ul>\n<p>The light green hue adds to the elegance of the necklace making it perfect for daily wear. The casual necklace style ensures that you can pair it up with any outfit in your wardrobe without any hesitation.<\/p>\n<ul>\n<li>\n<strong>Pays d&#039;origine :<\/strong> This necklace has originated from Myanmar where the finest quality natural type A jadeite jades are found in abundance<\/li>\n<\/ul>\n<p>Add some allure to your jewelry collection by getting hold of one such Light Green Hue Natural Type A Jadeite Pendant today!<\/p>\n<p>.<\/p>\n<p>Yi Pin Qian \u2013 N\u00e9gociant en pierres pr\u00e9cieuses et m\u00e9taux pr\u00e9cieux \u00e0 Singapour \u2013 Num\u00e9ro de licence PS20190000031<\/p>\n<p><\/p>\n<p>*Toutes les jad\u00e9ites achet\u00e9es chez Yi Pin Qian \u00e0 Singapour, les clients peuvent r\u00e9server des cr\u00e9neaux pour le polissage ou une r\u00e9paration mineure en cas de mauvaise manipulation - des frais s&#039;appliquent et uniquement pour les clients de Yi Pin Qian \u00e0 Singapour*<\/p>\n<p><\/p>\n<p><strong>**Types de certificats**<\/strong><\/p>\n<p><\/p>\n<p><strong>NGI (Nan Yang Gemmologie)<\/strong><\/p>\n<p>ou <strong>Certificats \u00e9trangers <\/strong>(Yi Pin Qian utilise uniquement des certificats authentiques provenant de laboratoires \u00e9trangers et contr\u00f4le \u00e9galement la qualit\u00e9 de chacun de nos produits avant de les mettre en vente \u00e0 Singapour)<\/p>\n<p><\/p>\n<p>Chaque produit sur TikTok aura le type de certificat fourni indiqu\u00e9 dans la description. Pour tout client souhaitant envoyer sa commande \u00e0 NGI Singapore, il y aura un d\u00e9lai d&#039;attente pour la livraison de la commande estim\u00e9 \u00e0 environ 4 semaines pour recevoir votre commande. <strong>Les demandes de rapport sur les pierres pr\u00e9cieuses NGI doivent \u00eatre effectu\u00e9es en envoyant un message \u00e0 la boutique TikTok de Yi Pin Qian.<\/strong> Merci, <strong><u>des frais suppl\u00e9mentaires s&#039;appliquent<\/u><\/strong>.<\/p>\n<p><\/p>\n<p><strong>La jad\u00e9ite naturelle n&#039;est pas parfaite, juste un petit rappel : notre jad\u00e9ite naturelle, comme toutes les belles choses de la nature, poss\u00e8de ses caract\u00e9ristiques et ses variations uniques. Nous invitons nos pr\u00e9cieux clients \u00e0 adopter ces variations naturelles. Bon shopping !<\/strong><\/p>\n<p><\/p>\n<p><strong><u>Aucune des photos et des s\u00e9quences vid\u00e9o n&#039;a \u00e9t\u00e9 filtr\u00e9e. Nous encourageons nos clients \u00e0 regarder \u00e9galement les vid\u00e9os d&#039;accompagnement pour une vue plus compl\u00e8te de nos produits<\/u><\/strong><\/p>","protected":false},"excerpt":{"rendered":"<p>This Light Green Hue Natural Type A Jadeite Jade pendant is a beautiful addition to your jewelry collection. Crafted with 3 Sheeps and Pixiu Hollow Old School Style, this pendant is a perfect blend of traditional and modern style. Certificate numbers: SZ19284014 Natural Type A Jadeite Jade: Made with high-quality natural type A jadeite jade, [&hellip;]<\/p>","protected":false},"featured_media":5785,"comment_status":"open","ping_status":"closed","template":"","meta":[],"product_brand":[],"product_cat":[194],"product_tag":[],"class_list":{"0":"post-1533","1":"product","2":"type-product","3":"status-publish","4":"has-post-thumbnail","6":"product_cat-value-picks","8":"first","9":"instock","10":"sale","11":"shipping-taxable","12":"purchasable","13":"product-type-simple"},"_links":{"self":[{"href":"https:\/\/shop.yipinqian.com\/fr\/wp-json\/wp\/v2\/product\/1533","targetHints":{"allow":["GET"]}}],"collection":[{"href":"https:\/\/shop.yipinqian.com\/fr\/wp-json\/wp\/v2\/product"}],"about":[{"href":"https:\/\/shop.yipinqian.com\/fr\/wp-json\/wp\/v2\/types\/product"}],"replies":[{"embeddable":true,"href":"https:\/\/shop.yipinqian.com\/fr\/wp-json\/wp\/v2\/comments?post=1533"}],"version-history":[{"count":0,"href":"https:\/\/shop.yipinqian.com\/fr\/wp-json\/wp\/v2\/product\/1533\/revisions"}],"wp:featuredmedia":[{"embeddable":true,"href":"https:\/\/shop.yipinqian.com\/fr\/wp-json\/wp\/v2\/media\/5785"}],"wp:attachment":[{"href":"https:\/\/shop.yipinqian.com\/fr\/wp-json\/wp\/v2\/media?parent=1533"}],"wp:term":[{"taxonomy":"product_brand","embeddable":true,"href":"https:\/\/shop.yipinqian.com\/fr\/wp-json\/wp\/v2\/product_brand?post=1533"},{"taxonomy":"product_cat","embeddable":true,"href":"https:\/\/shop.yipinqian.com\/fr\/wp-json\/wp\/v2\/product_cat?post=1533"},{"taxonomy":"product_tag","embeddable":true,"href":"https:\/\/shop.yipinqian.com\/fr\/wp-json\/wp\/v2\/product_tag?post=1533"}],"curies":[{"name":"wp","href":"https:\/\/api.w.org\/{rel}","templated":true}]}}