{"id":1532,"date":"2024-10-24T23:19:54","date_gmt":"2024-10-24T15:19:54","guid":{"rendered":"https:\/\/shop.yipinqian.com\/product\/light-green-hue-natural-type-a-jadeite-jade-crafted-as-pixiu-set-on-18k-gold-with-2-green-cabochon-and-diamonds-adding-pu-wrist-band-upgraded-elegant-style-bracelet-certificate-weigh-4-44-grams-measur\/"},"modified":"2025-02-17T00:04:00","modified_gmt":"2025-02-16T16:04:00","slug":"light-green-hue-natural-type-a-jadeite-jade-crafted-as-pixiu-set-on-18k-gold-with-2-green-cabochon-and-diamonds-adding-pu-wrist-band-upgraded-elegant-style-bracelet-certificate-weigh-4-44-grams-measur","status":"publish","type":"product","link":"https:\/\/shop.yipinqian.com\/fr\/produit\/light-green-hue-natural-type-a-jadeite-jade-crafted-as-pixiu-set-on-18k-gold-with-2-green-cabochon-and-diamonds-adding-pu-wrist-band-upgraded-elegant-style-bracelet-certificate-weigh-4-44-grams-measur\/","title":{"rendered":"Jade jad\u00e9ite naturelle de type A de teinte vert clair fabriqu\u00e9e comme Pixiu sertie sur or 18 carats avec 2 cabochons verts et diamants, ajoutant un bracelet de style \u00e9l\u00e9gant am\u00e9lior\u00e9 en PU, certificat pesant 4,44 grammes, mesure 16,6 * 14,1 * 7,5 mm (18kpw1)"},"content":{"rendered":"<p>Am\u00e9liorez votre collection de bijoux avec cet \u00e9l\u00e9gant bracelet Pixiu qui combine la beaut\u00e9 naturelle du jade jad\u00e9ite de type A vert clair avec de l&#039;or 18 carats et des diamants \u00e9tincelants.<\/p>\n<ul>\n<li>\n<strong><u>Vous n&#039;avez pas envie de le porter au poignet tous les jours ?<\/u> <\/strong>Retirez simplement le cuir PU facilement et attachez-le \u00e0 votre <strong>cha\u00eene en or et portez-la comme un pendentif<\/strong>\n<\/li>\n<\/ul>\n<p>Num\u00e9ros de certificat : <strong>GD2201H013002<\/strong><\/p>\n<p><\/p>\n<p><strong>Poids de l&#039;or 18 carats : 1,31 gramme<\/strong><\/p>\n<p><strong>Diamants : 10 * 0,003 = 0,03 carat<\/strong><\/p>\n<p><strong>2 * Cabochons verts<\/strong><\/p>\n<p><\/p>\n<ul>\n<li>\n<strong>Mat\u00e9riaux de haute qualit\u00e9 :<\/strong> Fabriqu\u00e9 \u00e0 partir de jade jad\u00e9ite naturel de type A, serti en or 18 carats et orn\u00e9 de diamants, ce bracelet est de la plus haute qualit\u00e9.<\/li>\n<li>\n<strong>Design \u00e9l\u00e9gant :<\/strong> Le design Pixiu et les deux cabochons verts ajoutent \u00e0 la beaut\u00e9 de cette pi\u00e8ce. Le bracelet en PU assure un ajustement confortable.<\/li>\n<li>\n<strong>Certificat inclus :<\/strong> Ce bracelet est accompagn\u00e9 d&#039;un certificat garantissant son authenticit\u00e9.<\/li>\n<\/ul>\n<p>Cette pi\u00e8ce exquise p\u00e8se 4,44 grammes et mesure 16,6 * 14,1 * 7,5 mm, ce qui en fait la taille parfaite pour un port quotidien par les hommes et les femmes.<\/p>\n<ul>\n<li>\n<strong>Construction durable :<\/strong>Le sertissage en or PT\/Carat garantit que vos pr\u00e9cieux bijoux sont maintenus en place en toute s\u00e9curit\u00e9 pour une portabilit\u00e9 durable<\/li>\n<li>\n<strong>Fabriqu\u00e9 \u00e0 partir de jade du Myanmar : <\/strong>Le jade utilis\u00e9 dans la fabrication de cette magnifique pi\u00e8ce vient du Myanmar<\/li>\n<\/ul>\n<p>Ajoutez \u00e0 votre quotient de style en le portant ou en l&#039;offrant en toute occasion !<\/p>\n<p><\/p>\n<p>Yi Pin Qian \u2013 N\u00e9gociant en pierres pr\u00e9cieuses et m\u00e9taux pr\u00e9cieux \u00e0 Singapour \u2013 Num\u00e9ro de licence PS20190000031<\/p>\n<p><\/p>\n<p>*Toutes les jad\u00e9ites achet\u00e9es chez Yi Pin Qian \u00e0 Singapour, les clients peuvent r\u00e9server des cr\u00e9neaux pour le polissage ou une r\u00e9paration mineure en cas de mauvaise manipulation - des frais s&#039;appliquent et uniquement pour les clients de Yi Pin Qian \u00e0 Singapour*<\/p>\n<p><\/p>\n<p><strong>**Types de certificats**<\/strong><\/p>\n<p><\/p>\n<p><strong>NGI (Nan Yang Gemmologie)<\/strong><\/p>\n<p>ou <strong>Certificats \u00e9trangers <\/strong>(Yi Pin Qian utilise uniquement des certificats authentiques provenant de laboratoires \u00e9trangers et contr\u00f4le \u00e9galement la qualit\u00e9 de chacun de nos produits avant de les mettre en vente \u00e0 Singapour)<\/p>\n<p><\/p>\n<p>Chaque produit sur TikTok aura le type de certificat fourni indiqu\u00e9 dans la description. Pour tout client souhaitant envoyer sa commande \u00e0 NGI Singapore, il y aura un d\u00e9lai d&#039;attente pour la livraison de la commande estim\u00e9 \u00e0 environ 4 semaines pour recevoir votre commande. <strong>Les demandes de rapport sur les pierres pr\u00e9cieuses NGI doivent \u00eatre effectu\u00e9es en envoyant un message \u00e0 la boutique TikTok de Yi Pin Qian.<\/strong> Merci, <strong><u>des frais suppl\u00e9mentaires s&#039;appliquent<\/u><\/strong>.<\/p>\n<p><\/p>\n<p><strong>La jad\u00e9ite naturelle n&#039;est pas parfaite, juste un petit rappel : notre jad\u00e9ite naturelle, comme toutes les belles choses de la nature, poss\u00e8de ses caract\u00e9ristiques et ses variations uniques. Nous invitons nos pr\u00e9cieux clients \u00e0 adopter ces variations naturelles. Bon shopping !<\/strong><\/p>\n<p><\/p>\n<p><strong><u>Aucune des photos et des s\u00e9quences vid\u00e9o n&#039;a \u00e9t\u00e9 filtr\u00e9e. Nous encourageons nos clients \u00e0 regarder \u00e9galement les vid\u00e9os d&#039;accompagnement pour une vue plus compl\u00e8te de nos produits<\/u><\/strong><\/p>","protected":false},"excerpt":{"rendered":"<p>Am\u00e9liorez votre collection de bijoux avec cet \u00e9l\u00e9gant bracelet Pixiu qui allie la beaut\u00e9 naturelle du jade jad\u00e9ite de type A vert clair \u00e0 l&#039;or 18 carats et aux diamants \u00e9tincelants. Vous n&#039;avez pas envie de le porter au poignet tous les jours ? Retirez simplement le cuir PU facilement et attachez-le \u00e0 votre cha\u00eene en or et portez-le comme un pendentif. Certificat [\u2026]<\/p>","protected":false},"featured_media":5777,"comment_status":"open","ping_status":"closed","template":"","meta":[],"product_brand":[],"product_cat":[121,84],"product_tag":[50,102,64,52,88,70,79,65,54,55,56,85,59,60,62],"class_list":{"0":"post-1532","1":"product","2":"type-product","3":"status-publish","4":"has-post-thumbnail","6":"product_cat-bracelets-bangles","7":"product_cat-charms-and-charm-bracelet","8":"product_tag-18k-gold","9":"product_tag-bracelet","10":"product_tag-cabochon","11":"product_tag-certified","12":"product_tag-diamonds","13":"product_tag-green","14":"product_tag-green-hue","15":"product_tag-high-quality","16":"product_tag-icy","17":"product_tag-jadeite","18":"product_tag-limited-editions","19":"product_tag-pixiu","20":"product_tag-translucent","21":"product_tag-type-a-jadeite","22":"product_tag-yi-pin-qian-exclusive","24":"first","25":"instock","26":"sale","27":"shipping-taxable","28":"purchasable","29":"product-type-simple"},"_links":{"self":[{"href":"https:\/\/shop.yipinqian.com\/fr\/wp-json\/wp\/v2\/product\/1532","targetHints":{"allow":["GET"]}}],"collection":[{"href":"https:\/\/shop.yipinqian.com\/fr\/wp-json\/wp\/v2\/product"}],"about":[{"href":"https:\/\/shop.yipinqian.com\/fr\/wp-json\/wp\/v2\/types\/product"}],"replies":[{"embeddable":true,"href":"https:\/\/shop.yipinqian.com\/fr\/wp-json\/wp\/v2\/comments?post=1532"}],"version-history":[{"count":0,"href":"https:\/\/shop.yipinqian.com\/fr\/wp-json\/wp\/v2\/product\/1532\/revisions"}],"wp:featuredmedia":[{"embeddable":true,"href":"https:\/\/shop.yipinqian.com\/fr\/wp-json\/wp\/v2\/media\/5777"}],"wp:attachment":[{"href":"https:\/\/shop.yipinqian.com\/fr\/wp-json\/wp\/v2\/media?parent=1532"}],"wp:term":[{"taxonomy":"product_brand","embeddable":true,"href":"https:\/\/shop.yipinqian.com\/fr\/wp-json\/wp\/v2\/product_brand?post=1532"},{"taxonomy":"product_cat","embeddable":true,"href":"https:\/\/shop.yipinqian.com\/fr\/wp-json\/wp\/v2\/product_cat?post=1532"},{"taxonomy":"product_tag","embeddable":true,"href":"https:\/\/shop.yipinqian.com\/fr\/wp-json\/wp\/v2\/product_tag?post=1532"}],"curies":[{"name":"wp","href":"https:\/\/api.w.org\/{rel}","templated":true}]}}