{"id":15315,"date":"2024-12-25T03:29:32","date_gmt":"2024-12-24T19:29:32","guid":{"rendered":"https:\/\/shop.yipinqian.com\/a-premium-quality-collection-squirrel-pendant-natural-type-a-jadeite-jade-added-18k-clasp-certificate-weighs-2-18-grams-measurement-21-12-9-6-mm-18kp97\/"},"modified":"2025-02-24T01:34:16","modified_gmt":"2025-02-23T17:34:16","slug":"a-premium-quality-collection-squirrel-pendant-natural-type-a-jadeite-jade-added-18k-clasp-certificate-weighs-2-18-grams-measurement-21-12-9-6-mm-18kp97","status":"publish","type":"product","link":"https:\/\/shop.yipinqian.com\/fr\/produit\/a-premium-quality-collection-squirrel-pendant-natural-type-a-jadeite-jade-added-18k-clasp-certificate-weighs-2-18-grams-measurement-21-12-9-6-mm-18kp97\/","title":{"rendered":"Une collection de qualit\u00e9 sup\u00e9rieure \u2013 Pendentif \u00e9cureuil glac\u00e9 Jadeite naturelle de type A avec fermoir 18 carats, certificat p\u00e8se 2,18 grammes, mesure 21 * 12,9 * 6 mm (18kp97)"},"content":{"rendered":"<p><iframe title=\"Version plus petite \u00c9cureuil de qualit\u00e9 sup\u00e9rieure - Naturel #jadeite #jade #singapour\" width=\"360\" height=\"270\" src=\"https:\/\/www.youtube.com\/embed\/a1ej9rgzbnE?feature=oembed\" frameborder=\"0\" allow=\"accelerometer; autoplay; clipboard-write; encrypted-media; gyroscope; picture-in-picture; web-share\" referrerpolicy=\"strict-origin-when-cross-origin\" allowfullscreen><\/iframe><\/p>\n<p>D\u00e9couvrez l&#039;\u00e9l\u00e9gance du pendentif \u00c9cureuil fabriqu\u00e9 en jade jad\u00e9ite naturel de type A, compl\u00e9t\u00e9 par un fermoir 18 carats et certifi\u00e9 de qualit\u00e9.<\/p>\n<p>(Nous avons h\u00e9sit\u00e9 \u00e0 le mettre sur la plateforme, le prix ne sera pas bas, veuillez noter qu&#039;il s&#039;agit d&#039;un petit pendentif en jad\u00e9ite de qualit\u00e9 sup\u00e9rieure en forme d&#039;\u00e9cureuil, plus adapt\u00e9 \u00e0 un sertissage en 18 carats recouvrant les c\u00f4t\u00e9s avec des motifs) - si vous n&#039;avez pas poss\u00e9d\u00e9 ce type de jad\u00e9ite fine, c&#039;est une bonne collection pour vous-m\u00eame ou pour quelqu&#039;un que vous aimez. Regardez la vid\u00e9o pour avoir une compr\u00e9hension plus claire du mat\u00e9riel, merci.<\/p>\n<p>Cet \u00e9cureuil, nous en avons deux, le petit est meilleur en termes de qualit\u00e9, mais le plus gros n&#039;est pas tr\u00e8s diff\u00e9rent par rapport \u00e0 la qualit\u00e9, le sku : est 18k98 &lt;\u2014 nous ferons une offre avant CNY 2025 pour le plus gros.<\/p>\n<p>Num\u00e9ros de certificat : CQT910469010671<\/p>\n<p><img fetchpriority=\"high\" decoding=\"async\" src=\"https:\/\/shop.yipinqian.com\/wp-content\/uploads\/2024\/12\/04b46f1ba295464fbc98d0d55831bccdtplv-aphluv4xwc-origin-jpeg.jpeg?dr=15568&amp;nonce=24605&amp;refresh_token=e133abc294d627c16680561873a83480&amp;from=476444299&amp;idc=my&amp;ps=933b5bde&amp;shcp=9b759fb9&amp;shp=1c65f68b&amp;t=555f072d\" width=\"1080\" height=\"1080\" \/><\/p>\n<ul>\n<li><strong>Mat\u00e9riau de qualit\u00e9 sup\u00e9rieure :<\/strong> Fabriqu\u00e9 \u00e0 partir de jad\u00e9ite naturelle de type A avec une monture en or PT\/carat.<\/li>\n<li><strong>Dimensions:<\/strong> P\u00e8se 2,18 grammes, mesure 21 * 12,9 * 6 mm.<\/li>\n<li><strong>Provenant du Myanmar :<\/strong> Jade authentique provenant directement du Myanmar.<\/li>\n<li><strong>Convient \u00e0 tous :<\/strong> Design unisexe parfait pour un usage quotidien.<\/li>\n<\/ul>\n<p><img decoding=\"async\" src=\"https:\/\/shop.yipinqian.com\/wp-content\/uploads\/2024\/12\/a53f0cdddd034a4db3869c23a9098534tplv-aphluv4xwc-origin-jpeg.jpeg?dr=15568&amp;nonce=89202&amp;refresh_token=682ecfd44cb09963a09e55c7c51d2b31&amp;from=476444299&amp;idc=my&amp;ps=933b5bde&amp;shcp=9b759fb9&amp;shp=1c65f68b&amp;t=555f072d\" width=\"1080\" height=\"1080\" \/><img decoding=\"async\" src=\"https:\/\/shop.yipinqian.com\/wp-content\/uploads\/2024\/12\/51a9ee244b0248c4b2c38b5eb5c55625tplv-aphluv4xwc-origin-jpeg.jpeg?dr=15568&amp;nonce=49043&amp;refresh_token=157365bcc8f8ba48d9320563d7cc907e&amp;from=476444299&amp;idc=my&amp;ps=933b5bde&amp;shcp=9b759fb9&amp;shp=1c65f68b&amp;t=555f072d\" width=\"1080\" height=\"1080\" \/><img loading=\"lazy\" decoding=\"async\" class=\"alignnone\" src=\"https:\/\/shop.yipinqian.com\/wp-content\/uploads\/2024\/12\/182b1540ff584f1aaaa657263069ea07tplv-aphluv4xwc-origin-jpeg.jpeg?dr=15568&amp;nonce=62540&amp;refresh_token=ee8f397d1d30693ee2b2d858d0563d32&amp;from=476444299&amp;idc=my&amp;ps=933b5bde&amp;shcp=9b759fb9&amp;shp=1c65f68b&amp;t=555f072d\" alt=\"Squirrel pendant\" width=\"1080\" height=\"1080\" \/><\/p>\n<p>Ce collier au style d\u00e9contract\u00e9 ajoute une touche unique \u00e0 n&#039;importe quelle tenue, ce qui en fait un accessoire id\u00e9al pour toutes les occasions. Veuillez noter que ce produit n&#039;est pas couvert par une garantie.<\/p>\n<p>Yi Pin Qian \u2013 N\u00e9gociant en pierres pr\u00e9cieuses et m\u00e9taux pr\u00e9cieux \u00e0 Singapour \u2013 Num\u00e9ro de licence PS20190000031<\/p>\n<p>*Toutes les jad\u00e9ites achet\u00e9es chez Yi Pin Qian \u00e0 Singapour, les clients peuvent r\u00e9server des cr\u00e9neaux pour le polissage ou une r\u00e9paration mineure en cas de mauvaise manipulation - des frais s&#039;appliquent et uniquement pour les clients de Yi Pin Qian \u00e0 Singapour*<\/p>\n<p><strong>**Types de certificats**<\/strong><\/p>\n<p><strong>NGI (Nan Yang Gemmologie)<\/strong><\/p>\n<p>ou <strong>Certificats \u00e9trangers <\/strong>(Yi Pin Qian utilise uniquement des certificats authentiques provenant de laboratoires \u00e9trangers et contr\u00f4le \u00e9galement la qualit\u00e9 de chacun de nos produits avant de les mettre en vente \u00e0 Singapour)<\/p>\n<p>Chaque produit sur TikTok aura le type de certificat fourni indiqu\u00e9 dans la description. Pour tout client souhaitant envoyer sa commande \u00e0 NGI Singapore, il y aura un d\u00e9lai d&#039;attente pour la livraison de la commande estim\u00e9 \u00e0 environ 4 semaines pour recevoir votre commande. <strong>Les demandes de rapport NGI Gemstone doivent \u00eatre effectu\u00e9es en nous envoyant un message.<\/strong> Merci, <strong><u>des frais suppl\u00e9mentaires s&#039;appliquent<\/u><\/strong>.<\/p>\n<p><strong>La jad\u00e9ite naturelle n&#039;est pas parfaite, juste un petit rappel : notre jad\u00e9ite naturelle, comme toutes les belles choses de la nature, poss\u00e8de ses caract\u00e9ristiques et ses variations uniques. Nous invitons nos pr\u00e9cieux clients \u00e0 adopter ces variations naturelles. Bon shopping !<\/strong><\/p>\n<p><strong><u>Aucune des photos et des s\u00e9quences vid\u00e9o n&#039;a \u00e9t\u00e9 filtr\u00e9e. Nous encourageons nos clients \u00e0 regarder \u00e9galement les vid\u00e9os d&#039;accompagnement pour une vue plus compl\u00e8te de nos produits<\/u><\/strong><\/p>\n<ul>\n<li>Diff\u00e9rentes plates-formes ne peuvent visionner des vid\u00e9os que via le bureau<\/li>\n<\/ul>","protected":false},"excerpt":{"rendered":"<p>A Premium Quality Collection &#8211; Icy Squirrel Pendant Natural Type A Jadeite Jade added 18k Clasp, certificate weighs 2.18 grams, measurement 21 * 12.9 * 6 mm (18kp97) &#8211; This squirrel pendant is a very good quality old pit jadeite from Myanmar<\/p>","protected":false},"featured_media":15324,"comment_status":"open","ping_status":"closed","template":"","meta":[],"product_brand":[],"product_cat":[196],"product_tag":[50,52,69,53,79,65,54,56,58,73,59,60,61,62],"class_list":{"0":"post-15315","1":"product","2":"type-product","3":"status-publish","4":"has-post-thumbnail","6":"product_cat-vault-collection","7":"product_tag-18k-gold","8":"product_tag-certified","9":"product_tag-clasp","10":"product_tag-fine-quality","11":"product_tag-green-hue","12":"product_tag-high-quality","13":"product_tag-icy","14":"product_tag-limited-editions","15":"product_tag-new-arrivals","16":"product_tag-pendant","17":"product_tag-translucent","18":"product_tag-type-a-jadeite","19":"product_tag-unisex","20":"product_tag-yi-pin-qian-exclusive","22":"first","23":"instock","24":"sale","25":"shipping-taxable","26":"purchasable","27":"product-type-simple"},"_links":{"self":[{"href":"https:\/\/shop.yipinqian.com\/fr\/wp-json\/wp\/v2\/product\/15315","targetHints":{"allow":["GET"]}}],"collection":[{"href":"https:\/\/shop.yipinqian.com\/fr\/wp-json\/wp\/v2\/product"}],"about":[{"href":"https:\/\/shop.yipinqian.com\/fr\/wp-json\/wp\/v2\/types\/product"}],"replies":[{"embeddable":true,"href":"https:\/\/shop.yipinqian.com\/fr\/wp-json\/wp\/v2\/comments?post=15315"}],"version-history":[{"count":0,"href":"https:\/\/shop.yipinqian.com\/fr\/wp-json\/wp\/v2\/product\/15315\/revisions"}],"wp:featuredmedia":[{"embeddable":true,"href":"https:\/\/shop.yipinqian.com\/fr\/wp-json\/wp\/v2\/media\/15324"}],"wp:attachment":[{"href":"https:\/\/shop.yipinqian.com\/fr\/wp-json\/wp\/v2\/media?parent=15315"}],"wp:term":[{"taxonomy":"product_brand","embeddable":true,"href":"https:\/\/shop.yipinqian.com\/fr\/wp-json\/wp\/v2\/product_brand?post=15315"},{"taxonomy":"product_cat","embeddable":true,"href":"https:\/\/shop.yipinqian.com\/fr\/wp-json\/wp\/v2\/product_cat?post=15315"},{"taxonomy":"product_tag","embeddable":true,"href":"https:\/\/shop.yipinqian.com\/fr\/wp-json\/wp\/v2\/product_tag?post=15315"}],"curies":[{"name":"wp","href":"https:\/\/api.w.org\/{rel}","templated":true}]}}