{"id":1531,"date":"2024-10-24T23:19:54","date_gmt":"2024-10-24T15:19:54","guid":{"rendered":"https:\/\/shop.yipinqian.com\/product\/high-quality-light-green-hue-icy-translucent-natural-type-a-jadeite-jade-crafted-as-amitabha-to-wear-as-pendant-certificate-weighs-18-67-grams-measurement-61-2-24-2-6-2-mm-pendant281\/"},"modified":"2025-02-24T01:17:30","modified_gmt":"2025-02-23T17:17:30","slug":"high-quality-light-green-hue-icy-translucent-natural-type-a-jadeite-jade-crafted-as-amitabha-to-wear-as-pendant-certificate-weighs-18-67-grams-measurement-61-2-24-2-6-2-mm-pendant281","status":"publish","type":"product","link":"https:\/\/shop.yipinqian.com\/fr\/produit\/high-quality-light-green-hue-icy-translucent-natural-type-a-jadeite-jade-crafted-as-amitabha-to-wear-as-pendant-certificate-weighs-18-67-grams-measurement-61-2-24-2-6-2-mm-pendant281\/","title":{"rendered":"Jade jad\u00e9ite translucide de type A naturel de teinte vert clair fabriqu\u00e9 comme Amit\u0101bha \u00e0 porter en pendentif, le certificat p\u00e8se 18,67 grammes (pendentif281)"},"content":{"rendered":"<p>This High-Quality Light Green Hue Icy Translucent Natural Type A Jadeite Jade pendant, crafted as Amitabha, exudes elegance and beauty.<\/p>\n<p>\u00a0<\/p>\n<p>Certificate numbers: 920350021933<\/p>\n<p><img fetchpriority=\"high\" decoding=\"async\" height=\"1080\" src=\"https:\/\/shop.yipinqian.com\/wp-content\/uploads\/2024\/10\/f5b18091e0bd487ef599cebcd23bd4f0.jpg?from=476444299\" width=\"1080\"><\/p>\n<ul>\n<li>\n<strong>Artisanat exquis :<\/strong> Meticulously carved to perfection with stunning details.<\/li>\n<li>\n<strong>Beaut\u00e9 naturelle :<\/strong> A genuine piece of Type A Jadeite displaying a beautiful light green hue.<\/li>\n<li>\n<strong>Certificat inclus :<\/strong> Livr\u00e9 avec un certificat v\u00e9rifiant l&#039;authenticit\u00e9 du jade.<\/li>\n<\/ul>\n<p><img decoding=\"async\" height=\"1080\" src=\"https:\/\/shop.yipinqian.com\/wp-content\/uploads\/2024\/10\/51b5685ca5ccd9a75b5038dce1ef8525.jpg?from=476444299\" width=\"1080\"><img decoding=\"async\" height=\"1080\" src=\"https:\/\/shop.yipinqian.com\/wp-content\/uploads\/2024\/10\/17756c89f5a53046e658eb57cf12f9b1.jpg?from=476444299\" width=\"1080\"><\/p>\n<p>Weighing 18.67 grams and measuring 61.2 * 24.2 * 6.2 mm, this pendant is a true masterpiece from Myanmar, perfect for any auspicious occasion.<\/p>\n<ul>\n<li>The Unisex design makes it suitable for all genders,<\/li>\n<\/ul>\n<p>This Casual style necklace accessory does not come with a warranty but offers timeless charm and sophistication to any outfit or occasion it adorns.<\/p>\n<p>\u00a0<\/p>\n<p>Yi Pin Qian \u2013 N\u00e9gociant en pierres pr\u00e9cieuses et m\u00e9taux pr\u00e9cieux \u00e0 Singapour \u2013 Num\u00e9ro de licence PS20190000031<\/p>\n<p>\u00a0<\/p>\n<p>*Toutes les jad\u00e9ites achet\u00e9es chez Yi Pin Qian \u00e0 Singapour, les clients peuvent r\u00e9server des cr\u00e9neaux pour le polissage ou une r\u00e9paration mineure en cas de mauvaise manipulation - des frais s&#039;appliquent et uniquement pour les clients de Yi Pin Qian \u00e0 Singapour*<\/p>\n<p>\u00a0<\/p>\n<p><strong>**Types de certificats**<\/strong><\/p>\n<p>\u00a0<\/p>\n<p><strong>NGI (Nan Yang Gemmologie)<\/strong><\/p>\n<p>ou <strong>Certificats \u00e9trangers <\/strong>(Yi Pin Qian utilise uniquement des certificats authentiques provenant de laboratoires \u00e9trangers et contr\u00f4le \u00e9galement la qualit\u00e9 de chacun de nos produits avant de les mettre en vente \u00e0 Singapour)<\/p>\n<p>\u00a0<\/p>\n<p>Chaque produit sur TikTok aura le type de certificat fourni indiqu\u00e9 dans la description. Pour tout client souhaitant envoyer sa commande \u00e0 NGI Singapore, il y aura un d\u00e9lai d&#039;attente pour la livraison de la commande estim\u00e9 \u00e0 environ 4 semaines pour recevoir votre commande. <strong>Les demandes de rapport sur les pierres pr\u00e9cieuses NGI doivent \u00eatre effectu\u00e9es en envoyant un message \u00e0 la boutique TikTok de Yi Pin Qian.<\/strong> Merci, <strong><u>des frais suppl\u00e9mentaires s&#039;appliquent<\/u><\/strong>.<\/p>\n<p>\u00a0<\/p>\n<p><strong>La jad\u00e9ite naturelle n&#039;est pas parfaite, juste un petit rappel : notre jad\u00e9ite naturelle, comme toutes les belles choses de la nature, poss\u00e8de ses caract\u00e9ristiques et ses variations uniques. Nous invitons nos pr\u00e9cieux clients \u00e0 adopter ces variations naturelles. Bon shopping !<\/strong><\/p>\n<p>\u00a0<\/p>\n<p><strong><u>Aucune des photos et des s\u00e9quences vid\u00e9o n&#039;a \u00e9t\u00e9 filtr\u00e9e. Nous encourageons nos clients \u00e0 regarder \u00e9galement les vid\u00e9os d&#039;accompagnement pour une vue plus compl\u00e8te de nos produits<\/u><\/strong><\/p>\n<p>\u00a0<\/p>\n<ul>\n<li>Diff\u00e9rentes plates-formes ne peuvent visionner des vid\u00e9os que via le bureau<\/li>\n<\/ul>","protected":false},"excerpt":{"rendered":"<p>This High-Quality Light Green Hue Icy Translucent Natural Type A Jadeite Jade pendant, crafted as Amitabha, exudes elegance and beauty. \u00a0 Certificate numbers: 920350021933 Exquisite Craftsmanship: Meticulously carved to perfection with stunning details. Natural Beauty: A genuine piece of Type A Jadeite displaying a beautiful light green hue. Certificate Included: Comes with a certificate verifying [&hellip;]<\/p>","protected":false},"featured_media":5757,"comment_status":"open","ping_status":"closed","template":"","meta":[],"product_brand":[],"product_cat":[195],"product_tag":[52,53,65,54,55,56,58,59,60,61,62],"class_list":{"0":"post-1531","1":"product","2":"type-product","3":"status-publish","4":"has-post-thumbnail","6":"product_cat-heirloom-grade","7":"product_tag-certified","8":"product_tag-fine-quality","9":"product_tag-high-quality","10":"product_tag-icy","11":"product_tag-jadeite","12":"product_tag-limited-editions","13":"product_tag-new-arrivals","14":"product_tag-translucent","15":"product_tag-type-a-jadeite","16":"product_tag-unisex","17":"product_tag-yi-pin-qian-exclusive","19":"first","20":"instock","21":"sale","22":"shipping-taxable","23":"purchasable","24":"product-type-simple"},"_links":{"self":[{"href":"https:\/\/shop.yipinqian.com\/fr\/wp-json\/wp\/v2\/product\/1531","targetHints":{"allow":["GET"]}}],"collection":[{"href":"https:\/\/shop.yipinqian.com\/fr\/wp-json\/wp\/v2\/product"}],"about":[{"href":"https:\/\/shop.yipinqian.com\/fr\/wp-json\/wp\/v2\/types\/product"}],"replies":[{"embeddable":true,"href":"https:\/\/shop.yipinqian.com\/fr\/wp-json\/wp\/v2\/comments?post=1531"}],"version-history":[{"count":0,"href":"https:\/\/shop.yipinqian.com\/fr\/wp-json\/wp\/v2\/product\/1531\/revisions"}],"wp:featuredmedia":[{"embeddable":true,"href":"https:\/\/shop.yipinqian.com\/fr\/wp-json\/wp\/v2\/media\/5757"}],"wp:attachment":[{"href":"https:\/\/shop.yipinqian.com\/fr\/wp-json\/wp\/v2\/media?parent=1531"}],"wp:term":[{"taxonomy":"product_brand","embeddable":true,"href":"https:\/\/shop.yipinqian.com\/fr\/wp-json\/wp\/v2\/product_brand?post=1531"},{"taxonomy":"product_cat","embeddable":true,"href":"https:\/\/shop.yipinqian.com\/fr\/wp-json\/wp\/v2\/product_cat?post=1531"},{"taxonomy":"product_tag","embeddable":true,"href":"https:\/\/shop.yipinqian.com\/fr\/wp-json\/wp\/v2\/product_tag?post=1531"}],"curies":[{"name":"wp","href":"https:\/\/api.w.org\/{rel}","templated":true}]}}