{"id":1530,"date":"2024-10-24T23:19:53","date_gmt":"2024-10-24T15:19:53","guid":{"rendered":"https:\/\/shop.yipinqian.com\/product\/light-green-hue-certified-natural-type-a-jadeite-jade-crafted-as-peace-bangle-size-56-8-width-12-1mm-thickness-8-6mm-certificate-weighs-59-13-grams-bangle14\/"},"modified":"2025-01-10T03:31:03","modified_gmt":"2025-01-09T19:31:03","slug":"light-green-hue-certified-natural-type-a-jadeite-jade-crafted-as-peace-bangle-size-56-8-width-12-1mm-thickness-8-6mm-certificate-weighs-59-13-grams-bangle14","status":"publish","type":"product","link":"https:\/\/shop.yipinqian.com\/fr\/produit\/light-green-hue-certified-natural-type-a-jadeite-jade-crafted-as-peace-bangle-size-56-8-width-12-1mm-thickness-8-6mm-certificate-weighs-59-13-grams-bangle14\/","title":{"rendered":"Jadeite-Jade naturelle certifi\u00e9e de type A de teinte vert clair fabriqu\u00e9e en bracelet Peace taille 56,8, largeur : 12,1 mm, \u00e9paisseur : 8,6 mm, le certificat p\u00e8se 59,13 grammes (bracelet 14)"},"content":{"rendered":"<p>This Light Green Hue Certified Natural Type A Jadeite-Jade Peace Bangle is a beautiful addition to any jewelry collection.<\/p>\n<p><\/p>\n<p>Certificate numbers: 920660025452<\/p>\n<p><img fetchpriority=\"high\" decoding=\"async\" src=\"https:\/\/shop.yipinqian.com\/wp-content\/uploads\/2024\/10\/b2193014297844269c2d90edc30b1d95tplv-aphluv4xwc-origin-jpeg.jpeg?dr=15568&amp;nonce=66633&amp;refresh_token=26e0a01ca01c5877be6e6dc56595cf85&amp;from=476444299&amp;idc=my&amp;ps=933b5bde&amp;shcp=9b759fb9&amp;shp=1c65f68b&amp;t=555f072d\" width=\"1080\" height=\"1080\"><\/p>\n<ul>\n<li>\n<strong>Mat\u00e9riels:<\/strong> Crafted from Certified Natural Type A Jadeite-Jade<\/li>\n<li>\n<strong>Couleur:<\/strong> Light green hue<\/li>\n<li>\n<strong>Taille:<\/strong> 56.8, Width: 12.1mm, Thickness: 8.6mm<\/li>\n<li><strong>Certificate Weight: 59.13 grams (bangle14)<\/strong><\/li>\n<\/ul>\n<p><img decoding=\"async\" src=\"https:\/\/shop.yipinqian.com\/wp-content\/uploads\/2024\/10\/f9679d1a4c51452a81626d484b045ea4tplv-aphluv4xwc-origin-jpeg.jpeg?dr=15568&amp;nonce=35671&amp;refresh_token=3acc8405f37a171337a3f854dee5c4a1&amp;from=476444299&amp;idc=my&amp;ps=933b5bde&amp;shcp=9b759fb9&amp;shp=1c65f68b&amp;t=555f072d\" width=\"1080\" height=\"1080\"><\/p>\n<p><strong>This exquisite bangle is perfect for daily wear and adds a touch of elegance to any outfit.<\/strong><\/p>\n<ul>\n<li><strong>Certificate Included: Yes (Certificate of Origin from Myanmar)<\/strong><\/li>\n<li><strong>Ocassion:Daily Wear (Unisex Design)<\/strong><\/li>\n<li><strong>Jade Type:Jadeite Li <em>Note: Warranty not provided for this unique piece.<\/em><\/strong><\/li>\n<\/ul>\n<p><img decoding=\"async\" src=\"https:\/\/shop.yipinqian.com\/wp-content\/uploads\/2024\/10\/9341e4d5c91f4a68aa5ae01dce99b755tplv-aphluv4xwc-origin-jpeg.jpeg?dr=15568&amp;nonce=2243&amp;refresh_token=6fca05d11427572ea7dc79c3c1a68528&amp;from=476444299&amp;idc=my&amp;ps=933b5bde&amp;shcp=9b759fb9&amp;shp=1c65f68b&amp;t=555f072d\" width=\"526\" height=\"362\"><\/p>\n<p>Yi Pin Qian \u2013 N\u00e9gociant en pierres pr\u00e9cieuses et m\u00e9taux pr\u00e9cieux \u00e0 Singapour \u2013 Num\u00e9ro de licence PS20190000031<\/p>\n<p><\/p>\n<p>*Toutes les jad\u00e9ites achet\u00e9es chez Yi Pin Qian \u00e0 Singapour, les clients peuvent r\u00e9server des cr\u00e9neaux pour le polissage ou une r\u00e9paration mineure en cas de mauvaise manipulation - des frais s&#039;appliquent et uniquement pour les clients de Yi Pin Qian \u00e0 Singapour*<\/p>\n<p><\/p>\n<p><strong>**Types de certificats**<\/strong><\/p>\n<p><\/p>\n<p><strong>NGI (Nan Yang Gemmologie)<\/strong><\/p>\n<p>ou <strong>Certificats \u00e9trangers <\/strong>(Yi Pin Qian utilise uniquement des certificats authentiques provenant de laboratoires \u00e9trangers et contr\u00f4le \u00e9galement la qualit\u00e9 de chacun de nos produits avant de les mettre en vente \u00e0 Singapour)<\/p>\n<p><\/p>\n<p>Chaque produit sur TikTok aura le type de certificat fourni indiqu\u00e9 dans la description. Pour tout client souhaitant envoyer sa commande \u00e0 NGI Singapore, il y aura un d\u00e9lai d&#039;attente pour la livraison de la commande estim\u00e9 \u00e0 environ 4 semaines pour recevoir votre commande. <strong>Les demandes de rapport NGI Gemstone doivent \u00eatre effectu\u00e9es en nous envoyant un message.<\/strong> Merci, <strong><u>des frais suppl\u00e9mentaires s&#039;appliquent<\/u><\/strong>.<\/p>\n<p><\/p>\n<p><strong>La jad\u00e9ite naturelle n&#039;est pas parfaite, juste un petit rappel : notre jad\u00e9ite naturelle, comme toutes les belles choses de la nature, poss\u00e8de ses caract\u00e9ristiques et ses variations uniques. Nous invitons nos pr\u00e9cieux clients \u00e0 adopter ces variations naturelles. Bon shopping !<\/strong><\/p>\n<p><\/p>\n<p><strong><u>Aucune des photos et des s\u00e9quences vid\u00e9o n&#039;a \u00e9t\u00e9 filtr\u00e9e. Nous encourageons nos clients \u00e0 regarder \u00e9galement les vid\u00e9os d&#039;accompagnement pour une vue plus compl\u00e8te de nos produits<\/u><\/strong><\/p>\n<p><\/p>\n<ul>\n<li>Diff\u00e9rentes plates-formes ne peuvent visionner des vid\u00e9os que via le bureau<\/li>\n<\/ul>","protected":false},"excerpt":{"rendered":"<p>Ce bracelet Peace en jad\u00e9ite-jade naturelle certifi\u00e9e de type A de teinte vert clair est un bel ajout \u00e0 toute collection de bijoux. Num\u00e9ros de certificat : 920660025452 Mat\u00e9riaux : Fabriqu\u00e9 \u00e0 partir de jad\u00e9ite-jade naturelle certifi\u00e9e de type A Couleur : Teinte vert clair Taille : 56,8, Largeur : 12,1 mm, \u00c9paisseur : 8,6 mm Poids du certificat : 59,13 grammes (bracelet 14) Ce bracelet exquis est parfait pour un usage quotidien et ajoute [\u2026]<\/p>","protected":false},"featured_media":5742,"comment_status":"open","ping_status":"closed","template":"","meta":[],"product_brand":[],"product_cat":[121,87,126],"product_tag":[52,65,55,82,56,58,113,75,60,61,62],"class_list":{"0":"post-1530","1":"product","2":"type-product","3":"status-publish","4":"has-post-thumbnail","6":"product_cat-bracelets-bangles","7":"product_cat-jade-bracelets-anklets","8":"product_cat-new-arrivals","9":"product_tag-certified","10":"product_tag-high-quality","11":"product_tag-jadeite","12":"product_tag-light-green","13":"product_tag-limited-editions","14":"product_tag-new-arrivals","15":"product_tag-peace-bangle","16":"product_tag-traditional","17":"product_tag-type-a-jadeite","18":"product_tag-unisex","19":"product_tag-yi-pin-qian-exclusive","21":"first","22":"instock","23":"sale","24":"shipping-taxable","25":"purchasable","26":"product-type-simple"},"_links":{"self":[{"href":"https:\/\/shop.yipinqian.com\/fr\/wp-json\/wp\/v2\/product\/1530","targetHints":{"allow":["GET"]}}],"collection":[{"href":"https:\/\/shop.yipinqian.com\/fr\/wp-json\/wp\/v2\/product"}],"about":[{"href":"https:\/\/shop.yipinqian.com\/fr\/wp-json\/wp\/v2\/types\/product"}],"replies":[{"embeddable":true,"href":"https:\/\/shop.yipinqian.com\/fr\/wp-json\/wp\/v2\/comments?post=1530"}],"version-history":[{"count":0,"href":"https:\/\/shop.yipinqian.com\/fr\/wp-json\/wp\/v2\/product\/1530\/revisions"}],"wp:featuredmedia":[{"embeddable":true,"href":"https:\/\/shop.yipinqian.com\/fr\/wp-json\/wp\/v2\/media\/5742"}],"wp:attachment":[{"href":"https:\/\/shop.yipinqian.com\/fr\/wp-json\/wp\/v2\/media?parent=1530"}],"wp:term":[{"taxonomy":"product_brand","embeddable":true,"href":"https:\/\/shop.yipinqian.com\/fr\/wp-json\/wp\/v2\/product_brand?post=1530"},{"taxonomy":"product_cat","embeddable":true,"href":"https:\/\/shop.yipinqian.com\/fr\/wp-json\/wp\/v2\/product_cat?post=1530"},{"taxonomy":"product_tag","embeddable":true,"href":"https:\/\/shop.yipinqian.com\/fr\/wp-json\/wp\/v2\/product_tag?post=1530"}],"curies":[{"name":"wp","href":"https:\/\/api.w.org\/{rel}","templated":true}]}}