{"id":1527,"date":"2024-10-24T23:19:52","date_gmt":"2024-10-24T15:19:52","guid":{"rendered":"https:\/\/shop.yipinqian.com\/product\/light-green-and-yellow-natural-type-a-jadeite-pendant-a-rare-collection-carved-with-monkey-elephant-and-ruyi-symbols-of-wisdom-strength-authority-good-luck-and-protection-certificate-included-weigh-47\/"},"modified":"2025-02-17T00:03:59","modified_gmt":"2025-02-16T16:03:59","slug":"light-green-and-yellow-natural-type-a-jadeite-pendant-a-rare-collection-carved-with-monkey-elephant-and-ruyi-symbols-of-wisdom-strength-authority-good-luck-and-protection-certificate-included-weigh-47","status":"publish","type":"product","link":"https:\/\/shop.yipinqian.com\/fr\/produit\/light-green-and-yellow-natural-type-a-jadeite-pendant-a-rare-collection-carved-with-monkey-elephant-and-ruyi-symbols-of-wisdom-strength-authority-good-luck-and-protection-certificate-included-weigh-47\/","title":{"rendered":"Pendentif en jad\u00e9ite naturelle de type A vert clair et jaune, une collection rare sculpt\u00e9e avec singe, \u00e9l\u00e9phant et ruyi, symboles de sagesse, de force, d&#039;autorit\u00e9, de chance et de protection, certificat inclus p\u00e8se 47,85 grammes, 55,7 * 36 * 13,8 mm (pendentif74)"},"content":{"rendered":"<p>Ce pendentif en jad\u00e9ite naturelle de type A vert clair et jaune est une collection rare qui ne manquera pas d&#039;attirer l&#039;attention de tous. Le pendentif est sculpt\u00e9 avec des d\u00e9tails complexes d&#039;un singe, d&#039;un \u00e9l\u00e9phant et de Ruyi - symboles de sagesse, de force, d&#039;autorit\u00e9, de chance et de protection. La combinaison de couleurs et de symboles en fait une pi\u00e8ce vraiment unique.<\/p>\n<ul>\n<li>\n<strong>Collection rare :<\/strong> Cette pi\u00e8ce exquise se distingue par sa raret\u00e9.<\/li>\n<li>\n<strong>Symboles:<\/strong> Sculpt\u00e9 avec un singe, un \u00e9l\u00e9phant et Ruyi \u2013 les symboles de la sagesse, de la force et de l&#039;autorit\u00e9<\/li>\n<li>\n<strong>Certificat inclus :<\/strong> Il est livr\u00e9 avec un certificat d&#039;authenticit\u00e9 pour votre tranquillit\u00e9 d&#039;esprit.<\/li>\n<\/ul>\n<p><strong>Num\u00e9ros de certificat : 920660024550<\/strong><\/p>\n<p><img fetchpriority=\"high\" decoding=\"async\" height=\"1080\" src=\"https:\/\/shop.yipinqian.com\/wp-content\/uploads\/2024\/10\/966cb0ac393466ae208aa5af4e1a1df2.jpg?from=476444299\" width=\"1080\"><\/p>\n<p>Pesant 47,85 grammes \u00e0 55,7 * 36 * 13,8 mm, il est un accessoire de bijoux id\u00e9al qui peut \u00eatre port\u00e9 quotidiennement pour toutes les occasions, y compris les tenues d\u00e9contract\u00e9es, gr\u00e2ce \u00e0 son style de collier, ce qui le rend tr\u00e8s polyvalent.<\/p>\n<ul>\n<li>\n<strong>Type de jade : <\/strong>Ce pendentif est compos\u00e9 de jad\u00e9ite de type A qui ajoute de la valeur ainsi que de la durabilit\u00e9 au produit.<\/li>\n<li>\n<strong>Pays d&#039;origine : <\/strong>Le jade utilis\u00e9 dans ce produit provient du Myanmar<\/li>\n<\/ul>\n<p>\u00a0<\/p>\n<p>Les couleurs naturelles vert clair et jaune associ\u00e9es aux motifs complexes font de cet accessoire de bijoux unisexe parfait pour tous ceux qui veulent quelque chose d&#039;unique et de sp\u00e9cial sans compromettre le style ou la qualit\u00e9, m\u00eame s&#039;il n&#039;y a pas de type de garantie disponible pour ce produit.<\/p>\n<p>\u00a0<\/p>\n<p><strong>Am\u00e9liorez votre collection aujourd&#039;hui en ajoutant ce magnifique chef-d&#039;\u0153uvre !<\/strong><\/p>\n<p>\u00a0<\/p>\n<p>Yi Pin Qian \u2013 N\u00e9gociant en pierres pr\u00e9cieuses et m\u00e9taux pr\u00e9cieux \u00e0 Singapour \u2013 Num\u00e9ro de licence PS20190000031<\/p>\n<p>\u00a0<\/p>\n<p>*Toutes les jad\u00e9ites achet\u00e9es chez Yi Pin Qian \u00e0 Singapour, les clients peuvent r\u00e9server des cr\u00e9neaux pour le polissage ou une r\u00e9paration mineure en cas de mauvaise manipulation - des frais s&#039;appliquent et uniquement pour les clients de Yi Pin Qian \u00e0 Singapour*<\/p>\n<p>\u00a0<\/p>\n<p><strong>**Types de certificats**<\/strong><\/p>\n<p>\u00a0<\/p>\n<p><strong>NGI (Nan Yang Gemmologie)<\/strong><\/p>\n<p>ou <strong>Certificats \u00e9trangers <\/strong>(Yi Pin Qian utilise uniquement des certificats authentiques provenant de laboratoires \u00e9trangers et contr\u00f4le \u00e9galement la qualit\u00e9 de chacun de nos produits avant de les mettre en vente \u00e0 Singapour)<\/p>\n<p>\u00a0<\/p>\n<p>Chaque produit sur TikTok aura le type de certificat fourni indiqu\u00e9 dans la description. Pour tout client souhaitant envoyer sa commande \u00e0 NGI Singapore, il y aura un d\u00e9lai d&#039;attente pour la livraison de la commande estim\u00e9 \u00e0 environ 4 semaines pour recevoir votre commande. <strong>Les demandes de rapport sur les pierres pr\u00e9cieuses NGI doivent \u00eatre effectu\u00e9es en envoyant un message \u00e0 la boutique TikTok de Yi Pin Qian.<\/strong> Merci, <strong><u>des frais suppl\u00e9mentaires s&#039;appliquent<\/u><\/strong>.<\/p>\n<p>\u00a0<\/p>\n<p><strong>La jad\u00e9ite naturelle n&#039;est pas parfaite, juste un petit rappel : notre jad\u00e9ite naturelle, comme toutes les belles choses de la nature, poss\u00e8de ses caract\u00e9ristiques et ses variations uniques. Nous invitons nos pr\u00e9cieux clients \u00e0 adopter ces variations naturelles. Bon shopping !<\/strong><\/p>\n<p>\u00a0<\/p>\n<p><strong><u>Aucune des photos et des s\u00e9quences vid\u00e9o n&#039;a \u00e9t\u00e9 filtr\u00e9e. Nous encourageons nos clients \u00e0 regarder \u00e9galement les vid\u00e9os d&#039;accompagnement pour une vue plus compl\u00e8te de nos produits<\/u><\/strong><\/p>","protected":false},"excerpt":{"rendered":"<p>This light green and yellow natural Type A jadeite pendant is a rare collection that is sure to catch everyone&#8217;s attention. The pendant is carved with intricate details of a monkey, elephant, and Ruyi &#8211; symbols of wisdom, strength, authority, good luck and protection. The combination of colors and symbols make it a truly unique [&hellip;]<\/p>","protected":false},"featured_media":5708,"comment_status":"open","ping_status":"closed","template":"","meta":[],"product_brand":[],"product_cat":[48],"product_tag":[],"class_list":{"0":"post-1527","1":"product","2":"type-product","3":"status-publish","4":"has-post-thumbnail","6":"product_cat-pendants","8":"first","9":"instock","10":"sale","11":"shipping-taxable","12":"purchasable","13":"product-type-simple"},"_links":{"self":[{"href":"https:\/\/shop.yipinqian.com\/fr\/wp-json\/wp\/v2\/product\/1527","targetHints":{"allow":["GET"]}}],"collection":[{"href":"https:\/\/shop.yipinqian.com\/fr\/wp-json\/wp\/v2\/product"}],"about":[{"href":"https:\/\/shop.yipinqian.com\/fr\/wp-json\/wp\/v2\/types\/product"}],"replies":[{"embeddable":true,"href":"https:\/\/shop.yipinqian.com\/fr\/wp-json\/wp\/v2\/comments?post=1527"}],"version-history":[{"count":0,"href":"https:\/\/shop.yipinqian.com\/fr\/wp-json\/wp\/v2\/product\/1527\/revisions"}],"wp:featuredmedia":[{"embeddable":true,"href":"https:\/\/shop.yipinqian.com\/fr\/wp-json\/wp\/v2\/media\/5708"}],"wp:attachment":[{"href":"https:\/\/shop.yipinqian.com\/fr\/wp-json\/wp\/v2\/media?parent=1527"}],"wp:term":[{"taxonomy":"product_brand","embeddable":true,"href":"https:\/\/shop.yipinqian.com\/fr\/wp-json\/wp\/v2\/product_brand?post=1527"},{"taxonomy":"product_cat","embeddable":true,"href":"https:\/\/shop.yipinqian.com\/fr\/wp-json\/wp\/v2\/product_cat?post=1527"},{"taxonomy":"product_tag","embeddable":true,"href":"https:\/\/shop.yipinqian.com\/fr\/wp-json\/wp\/v2\/product_tag?post=1527"}],"curies":[{"name":"wp","href":"https:\/\/api.w.org\/{rel}","templated":true}]}}