{"id":1524,"date":"2024-10-24T23:19:51","date_gmt":"2024-10-24T15:19:51","guid":{"rendered":"https:\/\/shop.yipinqian.com\/product\/light-green-and-yellow-natural-type-a-jadeite-jade-crafted-with-dragon-and-pheonix-as-pendant-certificate-weigh-96-95-grams-measurement-90-2-55-7-11-5-mm-pendant222\/"},"modified":"2025-02-24T01:17:30","modified_gmt":"2025-02-23T17:17:30","slug":"light-green-and-yellow-natural-type-a-jadeite-jade-crafted-with-dragon-and-pheonix-as-pendant-certificate-weigh-96-95-grams-measurement-90-2-55-7-11-5-mm-pendant222","status":"publish","type":"product","link":"https:\/\/shop.yipinqian.com\/fr\/produit\/light-green-and-yellow-natural-type-a-jadeite-jade-crafted-with-dragon-and-pheonix-as-pendant-certificate-weigh-96-95-grams-measurement-90-2-55-7-11-5-mm-pendant222\/","title":{"rendered":"Jade jad\u00e9ite naturel de type A vert clair et jaune fabriqu\u00e9 avec un dragon et un ph\u00e9nix comme pendentif, certificat pesant 96,95 grammes, mesure 90,2 * 55,7 * 11,5 mm (pendentif222)"},"content":{"rendered":"<p>Hand-carved jadeite pendant with dragon and phoenix design<\/p>\n<p>In Chinese mythology, the dragon and phoenix symbolize the perfect union of yin and yang\u2014strength meets grace, fire harmonizes with water. This pendant isn\u2019t just a masterpiece of craftsmanship; it\u2019s a celestial dance frozen in stone. Gift it to a partner to honor a bond that transcends time, or wear it yourself to embody the balance of power and compassion.<\/p>\n<p>Rehaussez votre look avec ce superbe pendentif en jade jad\u00e9ite naturelle de type A vert clair et jaune repr\u00e9sentant un dragon et un ph\u00e9nix d\u00e9licats, magnifiquement con\u00e7us. Pesant 96,95 grammes, ce pendentif mesure 90,2 * 55,7 * 11,5 mm, ce qui en fait un accessoire parfait \u00e0 porter au quotidien.<\/p>\n<p>\u00a0<\/p>\n<p>Num\u00e9ros de certificat : HJS2006045717<\/p>\n<ul>\n<li><strong>Type de jade :<\/strong> Jad\u00e9ite<\/li>\n<li><strong>Style de bijoux :<\/strong> Collier d\u00e9contract\u00e9<\/li>\n<li><strong>Certificat:<\/strong> Oui<\/li>\n<li><strong>Pays d&#039;origine :<\/strong> Birmanie<\/li>\n<li>Occasion : \u00c0 porter au quotidien<\/li>\n<li>Ce pendentif fabriqu\u00e9 \u00e0 la main est fait de jade jad\u00e9ite naturel de haute qualit\u00e9, ce qui en fait un cadeau parfait pour une personne sp\u00e9ciale ou un ajout \u00e0 votre collection de bijoux. Le dragon repr\u00e9sente le pouvoir et le succ\u00e8s tandis que le ph\u00e9nix repr\u00e9sente la renaissance, la transformation et le renouveau ; ensemble, ils apportent l&#039;\u00e9quilibre de l&#039;\u00e9nergie Yin Yang dans la vie. Ajoutez de l&#039;\u00e9l\u00e9gance \u00e0 n&#039;importe quelle tenue avec ce pendentif en jade unisexe qui est livr\u00e9 sans aucune contrainte de garantie ; commandez maintenant !<\/li>\n<\/ul>\n<p>Yi Pin Qian \u2013 N\u00e9gociant en pierres pr\u00e9cieuses et m\u00e9taux pr\u00e9cieux \u00e0 Singapour \u2013 Num\u00e9ro de licence PS20190000031<\/p>\n<p>\u00a0<\/p>\n<p>*Toutes les jad\u00e9ites achet\u00e9es chez Yi Pin Qian \u00e0 Singapour, les clients peuvent r\u00e9server des cr\u00e9neaux pour le polissage ou une r\u00e9paration mineure en cas de mauvaise manipulation - des frais s&#039;appliquent et uniquement pour les clients de Yi Pin Qian \u00e0 Singapour*<\/p>\n<p>\u00a0<\/p>\n<p><strong>**Types de certificats**<\/strong><\/p>\n<p>\u00a0<\/p>\n<p><strong>NGI (Nan Yang Gemmologie)<\/strong><\/p>\n<p>ou <strong>Certificats \u00e9trangers <\/strong>(Yi Pin Qian utilise uniquement des certificats authentiques provenant de laboratoires \u00e9trangers et contr\u00f4le \u00e9galement la qualit\u00e9 de chacun de nos produits avant de les mettre en vente \u00e0 Singapour)<\/p>\n<p>\u00a0<\/p>\n<p>Chaque produit sur TikTok aura le type de certificat fourni indiqu\u00e9 dans la description. Pour tout client souhaitant envoyer sa commande \u00e0 NGI Singapore, il y aura un d\u00e9lai d&#039;attente pour la livraison de la commande estim\u00e9 \u00e0 environ 4 semaines pour recevoir votre commande. <strong>Les demandes de rapport sur les pierres pr\u00e9cieuses NGI doivent \u00eatre effectu\u00e9es en envoyant un message \u00e0 la boutique TikTok de Yi Pin Qian.<\/strong> Merci, <strong><u>des frais suppl\u00e9mentaires s&#039;appliquent<\/u><\/strong>.<\/p>\n<p>\u00a0<\/p>\n<p><strong>La jad\u00e9ite naturelle n&#039;est pas parfaite, juste un petit rappel : notre jad\u00e9ite naturelle, comme toutes les belles choses de la nature, poss\u00e8de ses caract\u00e9ristiques et ses variations uniques. Nous invitons nos pr\u00e9cieux clients \u00e0 adopter ces variations naturelles. Bon shopping !<\/strong><\/p>\n<p>\u00a0<\/p>\n<p><strong><u>Aucune des photos et des s\u00e9quences vid\u00e9o n&#039;a \u00e9t\u00e9 filtr\u00e9e. Nous encourageons nos clients \u00e0 regarder \u00e9galement les vid\u00e9os d&#039;accompagnement pour une vue plus compl\u00e8te de nos produits<\/u><\/strong><\/p>","protected":false},"excerpt":{"rendered":"<p>Hand-carved jadeite pendant with dragon and phoenix design In Chinese mythology, the dragon and phoenix symbolize the perfect union of yin and yang\u2014strength meets grace, fire harmonizes with water. This pendant isn\u2019t just a masterpiece of craftsmanship; it\u2019s a celestial dance frozen in stone. Gift it to a partner to honor a bond that transcends [&hellip;]<\/p>","protected":false},"featured_media":5678,"comment_status":"open","ping_status":"closed","template":"","meta":[],"product_brand":[],"product_cat":[195],"product_tag":[],"class_list":{"0":"post-1524","1":"product","2":"type-product","3":"status-publish","4":"has-post-thumbnail","6":"product_cat-heirloom-grade","8":"first","9":"instock","10":"sale","11":"shipping-taxable","12":"purchasable","13":"product-type-simple"},"_links":{"self":[{"href":"https:\/\/shop.yipinqian.com\/fr\/wp-json\/wp\/v2\/product\/1524","targetHints":{"allow":["GET"]}}],"collection":[{"href":"https:\/\/shop.yipinqian.com\/fr\/wp-json\/wp\/v2\/product"}],"about":[{"href":"https:\/\/shop.yipinqian.com\/fr\/wp-json\/wp\/v2\/types\/product"}],"replies":[{"embeddable":true,"href":"https:\/\/shop.yipinqian.com\/fr\/wp-json\/wp\/v2\/comments?post=1524"}],"version-history":[{"count":0,"href":"https:\/\/shop.yipinqian.com\/fr\/wp-json\/wp\/v2\/product\/1524\/revisions"}],"wp:featuredmedia":[{"embeddable":true,"href":"https:\/\/shop.yipinqian.com\/fr\/wp-json\/wp\/v2\/media\/5678"}],"wp:attachment":[{"href":"https:\/\/shop.yipinqian.com\/fr\/wp-json\/wp\/v2\/media?parent=1524"}],"wp:term":[{"taxonomy":"product_brand","embeddable":true,"href":"https:\/\/shop.yipinqian.com\/fr\/wp-json\/wp\/v2\/product_brand?post=1524"},{"taxonomy":"product_cat","embeddable":true,"href":"https:\/\/shop.yipinqian.com\/fr\/wp-json\/wp\/v2\/product_cat?post=1524"},{"taxonomy":"product_tag","embeddable":true,"href":"https:\/\/shop.yipinqian.com\/fr\/wp-json\/wp\/v2\/product_tag?post=1524"}],"curies":[{"name":"wp","href":"https:\/\/api.w.org\/{rel}","templated":true}]}}