{"id":1523,"date":"2024-10-24T23:19:50","date_gmt":"2024-10-24T15:19:50","guid":{"rendered":"https:\/\/shop.yipinqian.com\/product\/light-green-and-white-natural-type-a-jadeite-pendant-necklace-crafted-as-domineering-dragon-water-absorbing-pendant-symbols-of-rise-to-prominence-certificate-included-weigh-43-48-grams-56-5-36-8-13-4\/"},"modified":"2025-02-17T00:03:58","modified_gmt":"2025-02-16T16:03:58","slug":"light-green-and-white-natural-type-a-jadeite-pendant-necklace-crafted-as-domineering-dragon-water-absorbing-pendant-symbols-of-rise-to-prominence-certificate-included-weigh-43-48-grams-56-5-36-8-13-4","status":"publish","type":"product","link":"https:\/\/shop.yipinqian.com\/fr\/produit\/light-green-and-white-natural-type-a-jadeite-pendant-necklace-crafted-as-domineering-dragon-water-absorbing-pendant-symbols-of-rise-to-prominence-certificate-included-weigh-43-48-grams-56-5-36-8-13-4\/","title":{"rendered":"Collier pendentif en jad\u00e9ite naturelle de type A vert clair et blanc fabriqu\u00e9 comme pendentif absorbant l&#039;eau du dragon dominateur, symboles de l&#039;ascension vers la notori\u00e9t\u00e9, certificat inclus p\u00e8se 43,48 grammes, 56,5 * 36,8 * 13,4 mm, convient \u00e0 un usage quotidien (pendentif37)"},"content":{"rendered":"<p>Pr\u00e9parez-vous \u00e0 affronter la journ\u00e9e avec style avec ce collier pendentif en jad\u00e9ite naturelle de type A vert clair et blanc !<\/p>\n<ul>\n<li>\n<strong>Symboles de pouvoir :<\/strong> Fabriqu\u00e9 comme un pendentif absorbant l&#039;eau en forme de dragon dominateur, ce collier symbolise l&#039;ascension vers la notori\u00e9t\u00e9.<\/li>\n<li>\n<strong>Jad\u00e9ite naturelle :<\/strong> Fabriqu\u00e9 \u00e0 partir de jad\u00e9ite naturelle de type A, ce collier est un v\u00e9ritable tr\u00e9sor.<\/li>\n<li>\n<strong>Pertinence:<\/strong> Avec son poids de 43,48 grammes et sa taille de 56,5 * 36,8 * 13,4 mm, il est parfait pour un port quotidien ou \u00e0 des fins de collection.<\/li>\n<\/ul>\n<p>Ce collier est accompagn\u00e9 d&#039;un certificat inclus pour votre tranquillit\u00e9 d&#039;esprit, tandis que son origine se trouve dans la terre mystique du Myanmar.<\/p>\n<ul>\n<li>\n<strong>Certificat:<\/strong> Ce produit est livr\u00e9 avec un certificat inclus !<\/li>\n<\/ul>\n<p><strong>Num\u00e9ros de certificat : GD2112H014155<\/strong><\/p>\n<p><img fetchpriority=\"high\" decoding=\"async\" height=\"1080\" src=\"https:\/\/shop.yipinqian.com\/wp-content\/uploads\/2024\/10\/3dc3c7585170930ce31fbc391bea8325.jpg?from=476444299\" width=\"1080\"><\/p>\n<ul>\n<li>\n<strong>Con\u00e7u pour une utilisation quotidienne : <\/strong>L&#039;accessoire parfait \u00e0 porter au quotidien !<\/li>\n<\/ul>\n<p><img decoding=\"async\" height=\"1080\" src=\"https:\/\/shop.yipinqian.com\/wp-content\/uploads\/2024\/10\/3b7f59c6938f88a157d34f5a2110047d.jpg?from=476444299\" width=\"1080\"><\/p>\n<p>Ce collier pendentif unisexe pr\u00e9sente un style d\u00e9contract\u00e9 qui s&#039;accorde parfaitement avec n&#039;importe quelle tenue de votre choix ! Ne manquez pas de l&#039;ajouter \u00e0 votre collection de bijoux d\u00e8s aujourd&#039;hui !<\/p>\n<p>\u00a0<\/p>\n<p>Yi Pin Qian \u2013 N\u00e9gociant en pierres pr\u00e9cieuses et m\u00e9taux pr\u00e9cieux \u00e0 Singapour \u2013 Num\u00e9ro de licence PS20190000031<\/p>\n<p>\u00a0<\/p>\n<p>*Toutes les jad\u00e9ites achet\u00e9es chez Yi Pin Qian \u00e0 Singapour, les clients peuvent r\u00e9server des cr\u00e9neaux pour le polissage ou une r\u00e9paration mineure en cas de mauvaise manipulation - des frais s&#039;appliquent et uniquement pour les clients de Yi Pin Qian \u00e0 Singapour*<\/p>\n<p>\u00a0<\/p>\n<p><strong>**Types de certificats**<\/strong><\/p>\n<p>\u00a0<\/p>\n<p><strong>NGI (Nan Yang Gemmologie)<\/strong><\/p>\n<p>ou <strong>Certificats \u00e9trangers <\/strong>(Yi Pin Qian utilise uniquement des certificats authentiques provenant de laboratoires \u00e9trangers et contr\u00f4le \u00e9galement la qualit\u00e9 de chacun de nos produits avant de les mettre en vente \u00e0 Singapour)<\/p>\n<p>\u00a0<\/p>\n<p>Chaque produit sur TikTok aura le type de certificat fourni indiqu\u00e9 dans la description. Pour tout client souhaitant envoyer sa commande \u00e0 NGI Singapore, il y aura un d\u00e9lai d&#039;attente pour la livraison de la commande estim\u00e9 \u00e0 environ 4 semaines pour recevoir votre commande. <strong>Les demandes de rapport sur les pierres pr\u00e9cieuses NGI doivent \u00eatre effectu\u00e9es en envoyant un message \u00e0 la boutique TikTok de Yi Pin Qian.<\/strong> Merci, <strong><u>des frais suppl\u00e9mentaires s&#039;appliquent<\/u><\/strong>.<\/p>\n<p>\u00a0<\/p>\n<p><strong>La jad\u00e9ite naturelle n&#039;est pas parfaite, juste un petit rappel : notre jad\u00e9ite naturelle, comme toutes les belles choses de la nature, poss\u00e8de ses caract\u00e9ristiques et ses variations uniques. Nous invitons nos pr\u00e9cieux clients \u00e0 adopter ces variations naturelles. Bon shopping !<\/strong><\/p>\n<p>\u00a0<\/p>\n<p><strong><u>Aucune des photos et des s\u00e9quences vid\u00e9o n&#039;a \u00e9t\u00e9 filtr\u00e9e. Nous encourageons nos clients \u00e0 regarder \u00e9galement les vid\u00e9os d&#039;accompagnement pour une vue plus compl\u00e8te de nos produits<\/u><\/strong><\/p>","protected":false},"excerpt":{"rendered":"<p>Get ready to take on the day in style with this Light Green and White Natural Type A Jadeite Pendant Necklace! Symbols of Power: Crafted as a domineering dragon water absorbing pendant, this necklace symbolizes rise to prominence. Natural Jadeite: Made from natural Type A jadeite, this necklace is a true treasure. Suitability: With its [&hellip;]<\/p>","protected":false},"featured_media":5670,"comment_status":"open","ping_status":"closed","template":"","meta":[],"product_brand":[],"product_cat":[48],"product_tag":[],"class_list":{"0":"post-1523","1":"product","2":"type-product","3":"status-publish","4":"has-post-thumbnail","6":"product_cat-pendants","8":"first","9":"instock","10":"sale","11":"shipping-taxable","12":"purchasable","13":"product-type-simple"},"_links":{"self":[{"href":"https:\/\/shop.yipinqian.com\/fr\/wp-json\/wp\/v2\/product\/1523","targetHints":{"allow":["GET"]}}],"collection":[{"href":"https:\/\/shop.yipinqian.com\/fr\/wp-json\/wp\/v2\/product"}],"about":[{"href":"https:\/\/shop.yipinqian.com\/fr\/wp-json\/wp\/v2\/types\/product"}],"replies":[{"embeddable":true,"href":"https:\/\/shop.yipinqian.com\/fr\/wp-json\/wp\/v2\/comments?post=1523"}],"version-history":[{"count":0,"href":"https:\/\/shop.yipinqian.com\/fr\/wp-json\/wp\/v2\/product\/1523\/revisions"}],"wp:featuredmedia":[{"embeddable":true,"href":"https:\/\/shop.yipinqian.com\/fr\/wp-json\/wp\/v2\/media\/5670"}],"wp:attachment":[{"href":"https:\/\/shop.yipinqian.com\/fr\/wp-json\/wp\/v2\/media?parent=1523"}],"wp:term":[{"taxonomy":"product_brand","embeddable":true,"href":"https:\/\/shop.yipinqian.com\/fr\/wp-json\/wp\/v2\/product_brand?post=1523"},{"taxonomy":"product_cat","embeddable":true,"href":"https:\/\/shop.yipinqian.com\/fr\/wp-json\/wp\/v2\/product_cat?post=1523"},{"taxonomy":"product_tag","embeddable":true,"href":"https:\/\/shop.yipinqian.com\/fr\/wp-json\/wp\/v2\/product_tag?post=1523"}],"curies":[{"name":"wp","href":"https:\/\/api.w.org\/{rel}","templated":true}]}}