{"id":1520,"date":"2024-10-24T23:19:49","date_gmt":"2024-10-24T15:19:49","guid":{"rendered":"https:\/\/shop.yipinqian.com\/product\/lavender-with-little-light-green-natural-type-a-jadeite-jade-crafted-as-bamboo-and-bee-as-a-pendant-certificate-weigh-33-64-grams-measurement-49-7-25-1-13-2-mm-pendant199\/"},"modified":"2025-02-17T00:03:58","modified_gmt":"2025-02-16T16:03:58","slug":"lavender-with-little-light-green-natural-type-a-jadeite-jade-crafted-as-bamboo-and-bee-as-a-pendant-certificate-weigh-33-64-grams-measurement-49-7-25-1-13-2-mm-pendant199","status":"publish","type":"product","link":"https:\/\/shop.yipinqian.com\/fr\/produit\/lavender-with-little-light-green-natural-type-a-jadeite-jade-crafted-as-bamboo-and-bee-as-a-pendant-certificate-weigh-33-64-grams-measurement-49-7-25-1-13-2-mm-pendant199\/","title":{"rendered":"Lavender with little light green Natural Type A Jadeite Jade crafted as Bamboo and Bee as a Pendant, certificate weigh 33.64 grams, measurement 49.7 * 25.1 * 13.2 mm (pendant199)"},"content":{"rendered":"<p>This Lavender with little light green Natural Type A Jadeite Jade crafted as Bamboo and Bee Pendant is a stunning piece of jewelry that is sure to catch the eye. Made from high-quality jadeite jade, this pendant is both beautiful and durable, making it the perfect addition to any collection.<\/p>\n<p>\u00a0<\/p>\n<p><strong>Certificate numbers: GD2110H012860<\/strong><\/p>\n<ul>\n<li>\n<strong>Conception unique :<\/strong> Crafted in the shape of a bamboo shoot with a bee perched on top, this pendant has an elegant and unique design that will stand out from other pieces in your collection.<\/li>\n<li>\n<strong>Jad\u00e9ite naturelle de type A :<\/strong> Made from natural Type A jadeite jade, this pendant has a beautiful color and texture that will only improve over time.<\/li>\n<li>\n<strong>Certificate Weigh:<\/strong> This piece comes with its own certificate weigh of 33.64 grams ensuring authenticity &#038; quality<\/li>\n<li>\n<strong>Pendant Measurement: <\/strong>The measurement of this beautiful pendant comes out to be 49.7 * 25.1 *13.2 mm making it perfect for everyday wear<\/li>\n<\/ul>\n<p>This Lavender natural stone has always been associated with royalty &#038; spirituality while Bamboo symbolizes strength &#038; longevity which makes it an ideal gift for your loved ones on any special occasion or just as an appreciation gesture . The Bee on top symbolizes community happiness alongwith hardwork which makes it even more special . Don&#8217;t miss out on adding one-of-a-kind jewelry like this to your collection!<\/p>\n<p>\u00a0<\/p>\n<p>Yi Pin Qian \u2013 N\u00e9gociant en pierres pr\u00e9cieuses et m\u00e9taux pr\u00e9cieux \u00e0 Singapour \u2013 Num\u00e9ro de licence PS20190000031<\/p>\n<p>\u00a0<\/p>\n<p>*Toutes les jad\u00e9ites achet\u00e9es chez Yi Pin Qian \u00e0 Singapour, les clients peuvent r\u00e9server des cr\u00e9neaux pour le polissage ou une r\u00e9paration mineure en cas de mauvaise manipulation - des frais s&#039;appliquent et uniquement pour les clients de Yi Pin Qian \u00e0 Singapour*<\/p>\n<p>\u00a0<\/p>\n<p><strong>**Types de certificats**<\/strong><\/p>\n<p>\u00a0<\/p>\n<p><strong>NGI (Nan Yang Gemmologie)<\/strong><\/p>\n<p>ou <strong>Certificats \u00e9trangers <\/strong>(Yi Pin Qian utilise uniquement des certificats authentiques provenant de laboratoires \u00e9trangers et contr\u00f4le \u00e9galement la qualit\u00e9 de chacun de nos produits avant de les mettre en vente \u00e0 Singapour)<\/p>\n<p>\u00a0<\/p>\n<p>Chaque produit sur TikTok aura le type de certificat fourni indiqu\u00e9 dans la description. Pour tout client souhaitant envoyer sa commande \u00e0 NGI Singapore, il y aura un d\u00e9lai d&#039;attente pour la livraison de la commande estim\u00e9 \u00e0 environ 4 semaines pour recevoir votre commande. <strong>Les demandes de rapport sur les pierres pr\u00e9cieuses NGI doivent \u00eatre effectu\u00e9es en envoyant un message \u00e0 la boutique TikTok de Yi Pin Qian.<\/strong> Merci, <strong><u>des frais suppl\u00e9mentaires s&#039;appliquent<\/u><\/strong>.<\/p>\n<p>\u00a0<\/p>\n<p><strong>La jad\u00e9ite naturelle n&#039;est pas parfaite, juste un petit rappel : notre jad\u00e9ite naturelle, comme toutes les belles choses de la nature, poss\u00e8de ses caract\u00e9ristiques et ses variations uniques. Nous invitons nos pr\u00e9cieux clients \u00e0 adopter ces variations naturelles. Bon shopping !<\/strong><\/p>\n<p>\u00a0<\/p>\n<p><strong><u>Aucune des photos et des s\u00e9quences vid\u00e9o n&#039;a \u00e9t\u00e9 filtr\u00e9e. Nous encourageons nos clients \u00e0 regarder \u00e9galement les vid\u00e9os d&#039;accompagnement pour une vue plus compl\u00e8te de nos produits<\/u><\/strong><\/p>\n<p>\u00a0<\/p>\n<p>.<\/p>","protected":false},"excerpt":{"rendered":"<p>This Lavender with little light green Natural Type A Jadeite Jade crafted as Bamboo and Bee Pendant is a stunning piece of jewelry that is sure to catch the eye. Made from high-quality jadeite jade, this pendant is both beautiful and durable, making it the perfect addition to any collection. \u00a0 Certificate numbers: GD2110H012860 Unique [&hellip;]<\/p>","protected":false},"featured_media":5641,"comment_status":"open","ping_status":"closed","template":"","meta":[],"product_brand":[],"product_cat":[48],"product_tag":[],"class_list":{"0":"post-1520","1":"product","2":"type-product","3":"status-publish","4":"has-post-thumbnail","6":"product_cat-pendants","8":"first","9":"instock","10":"sale","11":"shipping-taxable","12":"purchasable","13":"product-type-simple"},"_links":{"self":[{"href":"https:\/\/shop.yipinqian.com\/fr\/wp-json\/wp\/v2\/product\/1520","targetHints":{"allow":["GET"]}}],"collection":[{"href":"https:\/\/shop.yipinqian.com\/fr\/wp-json\/wp\/v2\/product"}],"about":[{"href":"https:\/\/shop.yipinqian.com\/fr\/wp-json\/wp\/v2\/types\/product"}],"replies":[{"embeddable":true,"href":"https:\/\/shop.yipinqian.com\/fr\/wp-json\/wp\/v2\/comments?post=1520"}],"version-history":[{"count":0,"href":"https:\/\/shop.yipinqian.com\/fr\/wp-json\/wp\/v2\/product\/1520\/revisions"}],"wp:featuredmedia":[{"embeddable":true,"href":"https:\/\/shop.yipinqian.com\/fr\/wp-json\/wp\/v2\/media\/5641"}],"wp:attachment":[{"href":"https:\/\/shop.yipinqian.com\/fr\/wp-json\/wp\/v2\/media?parent=1520"}],"wp:term":[{"taxonomy":"product_brand","embeddable":true,"href":"https:\/\/shop.yipinqian.com\/fr\/wp-json\/wp\/v2\/product_brand?post=1520"},{"taxonomy":"product_cat","embeddable":true,"href":"https:\/\/shop.yipinqian.com\/fr\/wp-json\/wp\/v2\/product_cat?post=1520"},{"taxonomy":"product_tag","embeddable":true,"href":"https:\/\/shop.yipinqian.com\/fr\/wp-json\/wp\/v2\/product_tag?post=1520"}],"curies":[{"name":"wp","href":"https:\/\/api.w.org\/{rel}","templated":true}]}}