{"id":1517,"date":"2024-10-24T23:19:48","date_gmt":"2024-10-24T15:19:48","guid":{"rendered":"https:\/\/shop.yipinqian.com\/product\/lavender-natural-type-a-jadeite-jade-crafted-with-curve-shape-set-on-au750-as-a-wrist-bracelet-with-certificate-weigh-6-39-grams-measurement-39-7-13-9-8-1-mm-18kpw2\/"},"modified":"2025-02-24T01:17:30","modified_gmt":"2025-02-23T17:17:30","slug":"lavender-natural-type-a-jadeite-jade-crafted-with-curve-shape-set-on-au750-as-a-wrist-bracelet-with-certificate-weigh-6-39-grams-measurement-39-7-13-9-8-1-mm-18kpw2","status":"publish","type":"product","link":"https:\/\/shop.yipinqian.com\/fr\/produit\/lavender-natural-type-a-jadeite-jade-crafted-with-curve-shape-set-on-au750-as-a-wrist-bracelet-with-certificate-weigh-6-39-grams-measurement-39-7-13-9-8-1-mm-18kpw2\/","title":{"rendered":"Jade jad\u00e9ite naturel de type A lavande fabriqu\u00e9 avec une forme incurv\u00e9e sertie sur AU750 comme bracelet de poignet avec certificat pesant 6,39 grammes, mesure 39,7 * 13,9 * 8,1 mm (18kpw2)"},"content":{"rendered":"<p>Indulge in the luxurious beauty of Lavender Natural Type A Jadeite Jade with this beautifully crafted wrist bracelet. This unisex piece is perfect for daily wear, adding a touch of elegance to any outfit.<\/p>\n<p><\/p>\n<p>Certificate numbers: GD2201H004546<\/p>\n<ul>\n<li>\n<strong>Exquisite Material:<\/strong> Crafted with AU750 (18k gold) and set with Diamonds, this piece is made to last.<\/li>\n<li>\n<strong>Certificat inclus :<\/strong> Comes with a Certificate to ensure the authenticity of the Type A Jadeite Jade used in the bracelet.<\/li>\n<li>\n<strong>Conception sophistiqu\u00e9e :<\/strong> The curve shape and precise measurements (39.7 * 13.9 * 8.1 mm) give this bracelet an alluring appearance on any wrist.<\/li>\n<\/ul>\n<p>Suitable for both men and women, this Lavender Natural Type A Jadeite Jade wrist bracelet is perfect for daily wear or special occasions. Add it to your collection today!<\/p>\n<p><\/p>\n<p>Yi Pin Qian \u2013 N\u00e9gociant en pierres pr\u00e9cieuses et m\u00e9taux pr\u00e9cieux \u00e0 Singapour \u2013 Num\u00e9ro de licence PS20190000031<\/p>\n<p><\/p>\n<p>*Toutes les jad\u00e9ites achet\u00e9es chez Yi Pin Qian \u00e0 Singapour, les clients peuvent r\u00e9server des cr\u00e9neaux pour le polissage ou une r\u00e9paration mineure en cas de mauvaise manipulation - des frais s&#039;appliquent et uniquement pour les clients de Yi Pin Qian \u00e0 Singapour*<\/p>\n<p><\/p>\n<p><strong>**Types de certificats**<\/strong><\/p>\n<p><\/p>\n<p><strong>NGI (Nan Yang Gemmologie)<\/strong><\/p>\n<p>ou <strong>Certificats \u00e9trangers <\/strong>(Yi Pin Qian utilise uniquement des certificats authentiques provenant de laboratoires \u00e9trangers et contr\u00f4le \u00e9galement la qualit\u00e9 de chacun de nos produits avant de les mettre en vente \u00e0 Singapour)<\/p>\n<p><\/p>\n<p>Chaque produit sur TikTok aura le type de certificat fourni indiqu\u00e9 dans la description. Pour tout client souhaitant envoyer sa commande \u00e0 NGI Singapore, il y aura un d\u00e9lai d&#039;attente pour la livraison de la commande estim\u00e9 \u00e0 environ 4 semaines pour recevoir votre commande. <strong>Les demandes de rapport sur les pierres pr\u00e9cieuses NGI doivent \u00eatre effectu\u00e9es en envoyant un message \u00e0 la boutique TikTok de Yi Pin Qian.<\/strong> Merci, <strong><u>des frais suppl\u00e9mentaires s&#039;appliquent<\/u><\/strong>.<\/p>\n<p><\/p>\n<p><strong>La jad\u00e9ite naturelle n&#039;est pas parfaite, juste un petit rappel : notre jad\u00e9ite naturelle, comme toutes les belles choses de la nature, poss\u00e8de ses caract\u00e9ristiques et ses variations uniques. Nous invitons nos pr\u00e9cieux clients \u00e0 adopter ces variations naturelles. Bon shopping !<\/strong><\/p>\n<p><\/p>\n<p><strong><u>Aucune des photos et des s\u00e9quences vid\u00e9o n&#039;a \u00e9t\u00e9 filtr\u00e9e. Nous encourageons nos clients \u00e0 regarder \u00e9galement les vid\u00e9os d&#039;accompagnement pour une vue plus compl\u00e8te de nos produits<\/u><\/strong><\/p>","protected":false},"excerpt":{"rendered":"<p>Laissez-vous tenter par la beaut\u00e9 luxueuse du jade jad\u00e9ite naturel de type A lavande avec ce bracelet de poignet magnifiquement con\u00e7u. Cette pi\u00e8ce unisexe est parfaite pour un usage quotidien, ajoutant une touche d&#039;\u00e9l\u00e9gance \u00e0 n&#039;importe quelle tenue. Num\u00e9ros de certificat : GD2201H004546 Mat\u00e9riau exquis : Fabriqu\u00e9e en AU750 (or 18 carats) et sertie de diamants, cette pi\u00e8ce est faite pour durer. Certificat [\u2026]<\/p>","protected":false},"featured_media":5611,"comment_status":"open","ping_status":"closed","template":"","meta":[],"product_brand":[],"product_cat":[195],"product_tag":[50,102,52,88,72,53,65,55,77,60,62],"class_list":{"0":"post-1517","1":"product","2":"type-product","3":"status-publish","4":"has-post-thumbnail","6":"product_cat-heirloom-grade","7":"product_tag-18k-gold","8":"product_tag-bracelet","9":"product_tag-certified","10":"product_tag-diamonds","11":"product_tag-female","12":"product_tag-fine-quality","13":"product_tag-high-quality","14":"product_tag-jadeite","15":"product_tag-lavender","16":"product_tag-type-a-jadeite","17":"product_tag-yi-pin-qian-exclusive","19":"first","20":"instock","21":"sale","22":"shipping-taxable","23":"purchasable","24":"product-type-simple"},"_links":{"self":[{"href":"https:\/\/shop.yipinqian.com\/fr\/wp-json\/wp\/v2\/product\/1517","targetHints":{"allow":["GET"]}}],"collection":[{"href":"https:\/\/shop.yipinqian.com\/fr\/wp-json\/wp\/v2\/product"}],"about":[{"href":"https:\/\/shop.yipinqian.com\/fr\/wp-json\/wp\/v2\/types\/product"}],"replies":[{"embeddable":true,"href":"https:\/\/shop.yipinqian.com\/fr\/wp-json\/wp\/v2\/comments?post=1517"}],"version-history":[{"count":0,"href":"https:\/\/shop.yipinqian.com\/fr\/wp-json\/wp\/v2\/product\/1517\/revisions"}],"wp:featuredmedia":[{"embeddable":true,"href":"https:\/\/shop.yipinqian.com\/fr\/wp-json\/wp\/v2\/media\/5611"}],"wp:attachment":[{"href":"https:\/\/shop.yipinqian.com\/fr\/wp-json\/wp\/v2\/media?parent=1517"}],"wp:term":[{"taxonomy":"product_brand","embeddable":true,"href":"https:\/\/shop.yipinqian.com\/fr\/wp-json\/wp\/v2\/product_brand?post=1517"},{"taxonomy":"product_cat","embeddable":true,"href":"https:\/\/shop.yipinqian.com\/fr\/wp-json\/wp\/v2\/product_cat?post=1517"},{"taxonomy":"product_tag","embeddable":true,"href":"https:\/\/shop.yipinqian.com\/fr\/wp-json\/wp\/v2\/product_tag?post=1517"}],"curies":[{"name":"wp","href":"https:\/\/api.w.org\/{rel}","templated":true}]}}