{"id":1513,"date":"2024-10-24T23:19:47","date_gmt":"2024-10-24T15:19:47","guid":{"rendered":"https:\/\/shop.yipinqian.com\/product\/lavender-and-green-natural-type-a-jadeite-pendant-crafted-with-milo-buddha-represent-compassionate-tolerant-optimistic-and-open-minded-with-certificate-weight-29-40-grams-50-80-20-80-13-60-mm-suitable\/"},"modified":"2025-02-24T01:17:30","modified_gmt":"2025-02-23T17:17:30","slug":"lavender-and-green-natural-type-a-jadeite-pendant-crafted-with-milo-buddha-represent-compassionate-tolerant-optimistic-and-open-minded-with-certificate-weight-29-40-grams-50-80-20-80-13-60-mm-suitable","status":"publish","type":"product","link":"https:\/\/shop.yipinqian.com\/fr\/produit\/lavender-and-green-natural-type-a-jadeite-pendant-crafted-with-milo-buddha-represent-compassionate-tolerant-optimistic-and-open-minded-with-certificate-weight-29-40-grams-50-80-20-80-13-60-mm-suitable\/","title":{"rendered":"Lavender and Green Natural Type A Jadeite Pendant crafted with Milo Buddha represent Compassionate, tolerant, optimistic and open-minded with certificate weight 29.40 grams, 50.80 * 20.80 * 13.60 mm suitable for daily wear (pendant108)"},"content":{"rendered":"<p>Elevate your jewelry collection with this Lavender and Green Natural Type A Jadeite Pendant carved with Milo Buddha. Representing compassion, tolerance, optimism, and open-mindedness, this pendant is perfect for daily wear.<\/p>\n<ul>\n<li>\n<strong>Conception:<\/strong> The pendant is expertly carved in Milo Buddha design that represents peace and harmony. The unique combination of lavender and green jadeite makes it a one-of-a-kind accessory.<\/li>\n<li>\n<strong>Weight &amp; Size:<\/strong> With a weight of 29.40 grams and dimensions of 50.80 * 20.80 * 13.60 mm.<\/li>\n<li>\n<strong>Type de jade :<\/strong> Made from high-quality Jadeite that ensures durability for long-lasting use.<\/li>\n<\/ul>\n<p>This exquisite piece comes with a certificate to guarantee its authenticity from Myanmar &#8211; the country renowned for producing the highest quality jade in the world. It&#8217;s perfect for both men or women who enjoy casual necklace style accessories<\/p>\n<p>\u00a0<\/p>\n<p><strong>Certificate numbers: GD2110H008983<\/strong><\/p>\n<p><img fetchpriority=\"high\" decoding=\"async\" height=\"1080\" src=\"https:\/\/shop.yipinqian.com\/wp-content\/uploads\/2024\/10\/0d1b388181650df232c952d3446cbebe.jpg?from=476444299\" width=\"1080\"><\/p>\n<ul>\n<li><strong>Ocassion:This pendant is suitable for daily wear or can be worn to special events to add an extra touch of elegance.<\/strong><\/li>\n<\/ul>\n<p><strong>Add this Lavender Green Natural Type A Jadeite Pendant to your jewelry collection today!<\/strong><\/p>\n<p>\u00a0<\/p>\n<p>Yi Pin Qian \u2013 N\u00e9gociant en pierres pr\u00e9cieuses et m\u00e9taux pr\u00e9cieux \u00e0 Singapour \u2013 Num\u00e9ro de licence PS20190000031<\/p>\n<p>\u00a0<\/p>\n<p>*Toutes les jad\u00e9ites achet\u00e9es chez Yi Pin Qian \u00e0 Singapour, les clients peuvent r\u00e9server des cr\u00e9neaux pour le polissage ou une r\u00e9paration mineure en cas de mauvaise manipulation - des frais s&#039;appliquent et uniquement pour les clients de Yi Pin Qian \u00e0 Singapour*<\/p>\n<p>\u00a0<\/p>\n<p><strong>**Types de certificats**<\/strong><\/p>\n<p>\u00a0<\/p>\n<p><strong>NGI (Nan Yang Gemmologie)<\/strong><\/p>\n<p>ou <strong>Certificats \u00e9trangers <\/strong>(Yi Pin Qian utilise uniquement des certificats authentiques provenant de laboratoires \u00e9trangers et contr\u00f4le \u00e9galement la qualit\u00e9 de chacun de nos produits avant de les mettre en vente \u00e0 Singapour)<\/p>\n<p>\u00a0<\/p>\n<p>Chaque produit sur TikTok aura le type de certificat fourni indiqu\u00e9 dans la description. Pour tout client souhaitant envoyer sa commande \u00e0 NGI Singapore, il y aura un d\u00e9lai d&#039;attente pour la livraison de la commande estim\u00e9 \u00e0 environ 4 semaines pour recevoir votre commande. <strong>Les demandes de rapport sur les pierres pr\u00e9cieuses NGI doivent \u00eatre effectu\u00e9es en envoyant un message \u00e0 la boutique TikTok de Yi Pin Qian.<\/strong> Merci, <strong><u>des frais suppl\u00e9mentaires s&#039;appliquent<\/u><\/strong>.<\/p>","protected":false},"excerpt":{"rendered":"<p>Elevate your jewelry collection with this Lavender and Green Natural Type A Jadeite Pendant carved with Milo Buddha. Representing compassion, tolerance, optimism, and open-mindedness, this pendant is perfect for daily wear. Design: The pendant is expertly carved in Milo Buddha design that represents peace and harmony. The unique combination of lavender and green jadeite makes [&hellip;]<\/p>","protected":false},"featured_media":5579,"comment_status":"open","ping_status":"closed","template":"","meta":[],"product_brand":[],"product_cat":[195],"product_tag":[],"class_list":{"0":"post-1513","1":"product","2":"type-product","3":"status-publish","4":"has-post-thumbnail","6":"product_cat-heirloom-grade","8":"first","9":"instock","10":"sale","11":"shipping-taxable","12":"purchasable","13":"product-type-simple"},"_links":{"self":[{"href":"https:\/\/shop.yipinqian.com\/fr\/wp-json\/wp\/v2\/product\/1513","targetHints":{"allow":["GET"]}}],"collection":[{"href":"https:\/\/shop.yipinqian.com\/fr\/wp-json\/wp\/v2\/product"}],"about":[{"href":"https:\/\/shop.yipinqian.com\/fr\/wp-json\/wp\/v2\/types\/product"}],"replies":[{"embeddable":true,"href":"https:\/\/shop.yipinqian.com\/fr\/wp-json\/wp\/v2\/comments?post=1513"}],"version-history":[{"count":0,"href":"https:\/\/shop.yipinqian.com\/fr\/wp-json\/wp\/v2\/product\/1513\/revisions"}],"wp:featuredmedia":[{"embeddable":true,"href":"https:\/\/shop.yipinqian.com\/fr\/wp-json\/wp\/v2\/media\/5579"}],"wp:attachment":[{"href":"https:\/\/shop.yipinqian.com\/fr\/wp-json\/wp\/v2\/media?parent=1513"}],"wp:term":[{"taxonomy":"product_brand","embeddable":true,"href":"https:\/\/shop.yipinqian.com\/fr\/wp-json\/wp\/v2\/product_brand?post=1513"},{"taxonomy":"product_cat","embeddable":true,"href":"https:\/\/shop.yipinqian.com\/fr\/wp-json\/wp\/v2\/product_cat?post=1513"},{"taxonomy":"product_tag","embeddable":true,"href":"https:\/\/shop.yipinqian.com\/fr\/wp-json\/wp\/v2\/product_tag?post=1513"}],"curies":[{"name":"wp","href":"https:\/\/api.w.org\/{rel}","templated":true}]}}