{"id":15117,"date":"2024-12-19T15:55:45","date_gmt":"2024-12-19T07:55:45","guid":{"rendered":"https:\/\/shop.yipinqian.com\/icy-translucent-natural-type-a-jadeite-jade-crafted-as-pixiu-set-on-18k-as-ring-certificate-weighs-2-22-grams-measurement-11-7-9-8-5-8-mm-18kring40\/"},"modified":"2025-02-10T00:00:17","modified_gmt":"2025-02-09T16:00:17","slug":"icy-translucent-natural-type-a-jadeite-jade-crafted-as-pixiu-set-on-18k-as-ring-certificate-weighs-2-22-grams-measurement-11-7-9-8-5-8-mm-18kring40","status":"publish","type":"product","link":"https:\/\/shop.yipinqian.com\/fr\/produit\/icy-translucent-natural-type-a-jadeite-jade-crafted-as-pixiu-set-on-18k-as-ring-certificate-weighs-2-22-grams-measurement-11-7-9-8-5-8-mm-18kring40\/","title":{"rendered":"Jade jad\u00e9ite naturel translucide de type A glac\u00e9 fabriqu\u00e9 en jade Pixiu serti sur 18 carats comme bague, certificat p\u00e8se 2,22 grammes, mesure 11,7 * 9,8 * 5,8 mm (18kring40)"},"content":{"rendered":"<p><iframe title=\"Icy Translucent Ring\" src=\"https:\/\/youtube.com\/embed\/tVGL3tMDYGY\" width=\"330\" height=\"300\"><\/iframe><\/p>\n<p>Discover the elegance of the Icy Translucent Natural Type A Jadeite Jade Ring, featuring a beautifully crafted Pixiu design set in luxurious 18k gold. This exquisite piece weighs 2.22 grams and is perfect for daily wear.<\/p>\n<p><\/p>\n<p>Certificate numbers: GD2110H017376<\/p>\n<p>18k Gold: 1.23 grams<\/p>\n<p>Diamonds: 8 * 0.003 Carats<\/p>\n<p>Finger Size [Diameter]: 17.3mm<\/p>\n<p><img fetchpriority=\"high\" decoding=\"async\" src=\"https:\/\/shop.yipinqian.com\/wp-content\/uploads\/2024\/12\/0a8ff6d8ebea44409b488acde90330catplv-aphluv4xwc-origin-jpeg.jpeg?dr=15568&#038;nonce=49297&#038;refresh_token=35624ae651535faa691d0f9c5cadef09&#038;from=476444299&#038;idc=my&#038;ps=933b5bde&#038;shcp=9b759fb9&#038;shp=1c65f68b&#038;t=555f072d\" width=\"1080\" height=\"1080\"><\/p>\n<ul>\n<li>\n<strong>Mat\u00e9riel:<\/strong> Type A Jadeite with Diamond accents<\/li>\n<li>\n<strong>Origine:<\/strong> Birmanie<\/li>\n<li>\n<strong>Dimensions:<\/strong> 11.7 * 9.8 * 5.8 mm<\/li>\n<li><strong>This product comes with a certificate.<\/strong><\/li>\n<\/ul>\n<p><img decoding=\"async\" src=\"https:\/\/shop.yipinqian.com\/wp-content\/uploads\/2024\/12\/5a08a3a29ad945668e4c0926b6dac64ctplv-aphluv4xwc-origin-jpeg.jpeg?dr=15568&#038;nonce=61816&#038;refresh_token=2175c95fdf8d6bcb73acdcbe0d2f9fec&#038;from=476444299&#038;idc=my&#038;ps=933b5bde&#038;shcp=9b759fb9&#038;shp=1c65f68b&#038;t=555f072d\" width=\"1080\" height=\"1080\"><img decoding=\"async\" src=\"https:\/\/shop.yipinqian.com\/wp-content\/uploads\/2024\/12\/996753527b9c46bd824a291d1ca001a9tplv-aphluv4xwc-origin-jpeg.jpeg?dr=15568&#038;nonce=9300&#038;refresh_token=8f9dd1d87d27693f4f22dcc54b553902&#038;from=476444299&#038;idc=my&#038;ps=933b5bde&#038;shcp=9b759fb9&#038;shp=1c65f68b&#038;t=555f072d\" width=\"1080\" height=\"1080\"><\/p>\n<p>This stunning ring is designed for women, showcasing both luxury and cultural significance in its Pixiu representation, making it a perfect addition to any jewelry collection.<\/p>\n<p><img loading=\"lazy\" decoding=\"async\" src=\"https:\/\/shop.yipinqian.com\/wp-content\/uploads\/2024\/12\/884078ad0bcc4311b23721424e26960atplv-aphluv4xwc-origin-jpeg.jpeg?dr=15568&#038;nonce=83354&#038;refresh_token=281c397c76f392654a077bc09ee06fa5&#038;from=476444299&#038;idc=my&#038;ps=933b5bde&#038;shcp=9b759fb9&#038;shp=1c65f68b&#038;t=555f072d\" width=\"709\" height=\"598\"><\/p>\n<p>Yi Pin Qian \u2013 N\u00e9gociant en pierres pr\u00e9cieuses et m\u00e9taux pr\u00e9cieux \u00e0 Singapour \u2013 Num\u00e9ro de licence PS20190000031<\/p>\n<p><\/p>\n<p>*Toutes les jad\u00e9ites achet\u00e9es chez Yi Pin Qian \u00e0 Singapour, les clients peuvent r\u00e9server des cr\u00e9neaux pour le polissage ou une r\u00e9paration mineure en cas de mauvaise manipulation - des frais s&#039;appliquent et uniquement pour les clients de Yi Pin Qian \u00e0 Singapour*<\/p>\n<p><\/p>\n<p><strong>**Types de certificats**<\/strong><\/p>\n<p><\/p>\n<p><strong>NGI (Nan Yang Gemmologie)<\/strong><\/p>\n<p>ou <strong>Certificats \u00e9trangers <\/strong>(Yi Pin Qian utilise uniquement des certificats authentiques provenant de laboratoires \u00e9trangers et contr\u00f4le \u00e9galement la qualit\u00e9 de chacun de nos produits avant de les mettre en vente \u00e0 Singapour)<\/p>\n<p><\/p>\n<p>Chaque produit aura le type de certificat fourni indiqu\u00e9 dans la description. Pour tout client souhaitant envoyer sa commande \u00e0 NGI Singapore, <strong>Les demandes de rapport NGI Gemstone doivent \u00eatre effectu\u00e9es en nous envoyant un message.<\/strong> Merci, <strong><u>des frais suppl\u00e9mentaires s&#039;appliquent<\/u><\/strong> \u2013 $90 pour la jad\u00e9ite \/ $150 pour la jad\u00e9ite avec or 18 carats \/ $150 pour les perles de jad\u00e9ite \u2013 ce n\u2019est pas obligatoire car la plupart de nos produits sont d\u00e9j\u00e0 livr\u00e9s avec un certificat d\u2019outre-mer ou un rapport NGI.<\/p>\n<p><\/p>\n<p>(Pour plus de d\u00e9tails ou demande suppl\u00e9mentaire : <strong>Veuillez nous envoyer un message si vous souhaitez envoyer votre article achet\u00e9 au laboratoire de test NGI<\/strong>)<\/p>\n<p><\/p>\n<p><strong>La jad\u00e9ite naturelle n&#039;est pas parfaite, juste un petit rappel : notre jad\u00e9ite naturelle, comme toutes les belles choses de la nature, poss\u00e8de ses caract\u00e9ristiques et ses variations uniques. Nous invitons nos pr\u00e9cieux clients \u00e0 adopter ces variations naturelles. Bon shopping !<\/strong><\/p>\n<p><\/p>\n<p><strong><u>Aucune des photos et des s\u00e9quences vid\u00e9o n&#039;a \u00e9t\u00e9 filtr\u00e9e. Nous encourageons nos clients \u00e0 regarder \u00e9galement les vid\u00e9os d&#039;accompagnement pour une vue plus compl\u00e8te de nos produits<\/u><\/strong><\/p>\n<p><\/p>\n<ul>\n<li>Diff\u00e9rentes plates-formes ne peuvent visionner des vid\u00e9os que via le bureau<\/li>\n<\/ul>","protected":false},"excerpt":{"rendered":"<p>Discover the elegance of the Icy Translucent Natural Type A Jadeite Jade Ring, featuring a beautifully crafted Pixiu design set in luxurious 18k gold. This exquisite piece weighs 2.22 grams and is perfect for daily wear. Certificate numbers: GD2110H017376 18k Gold: 1.23 grams Diamonds: 8 * 0.003 Carats Finger Size [Diameter]: 17.3mm Material: Type A [&hellip;]<\/p>","protected":false},"featured_media":15127,"comment_status":"open","ping_status":"closed","template":"","meta":[],"product_brand":[],"product_cat":[119,80,122,126],"product_tag":[50,64,52,88,72,65,55,58,85,71,59,60,62],"class_list":{"0":"post-15117","1":"product","2":"type-product","3":"status-publish","4":"has-post-thumbnail","6":"product_cat-18k-gold-ring-setting","7":"product_cat-jade-rings","8":"product_cat-jadeite-rings","9":"product_cat-new-arrivals","10":"product_tag-18k-gold","11":"product_tag-cabochon","12":"product_tag-certified","13":"product_tag-diamonds","14":"product_tag-female","15":"product_tag-high-quality","16":"product_tag-jadeite","17":"product_tag-new-arrivals","18":"product_tag-pixiu","19":"product_tag-ring","20":"product_tag-translucent","21":"product_tag-type-a-jadeite","22":"product_tag-yi-pin-qian-exclusive","24":"first","25":"instock","26":"sale","27":"shipping-taxable","28":"purchasable","29":"product-type-simple"},"_links":{"self":[{"href":"https:\/\/shop.yipinqian.com\/fr\/wp-json\/wp\/v2\/product\/15117","targetHints":{"allow":["GET"]}}],"collection":[{"href":"https:\/\/shop.yipinqian.com\/fr\/wp-json\/wp\/v2\/product"}],"about":[{"href":"https:\/\/shop.yipinqian.com\/fr\/wp-json\/wp\/v2\/types\/product"}],"replies":[{"embeddable":true,"href":"https:\/\/shop.yipinqian.com\/fr\/wp-json\/wp\/v2\/comments?post=15117"}],"version-history":[{"count":0,"href":"https:\/\/shop.yipinqian.com\/fr\/wp-json\/wp\/v2\/product\/15117\/revisions"}],"wp:featuredmedia":[{"embeddable":true,"href":"https:\/\/shop.yipinqian.com\/fr\/wp-json\/wp\/v2\/media\/15127"}],"wp:attachment":[{"href":"https:\/\/shop.yipinqian.com\/fr\/wp-json\/wp\/v2\/media?parent=15117"}],"wp:term":[{"taxonomy":"product_brand","embeddable":true,"href":"https:\/\/shop.yipinqian.com\/fr\/wp-json\/wp\/v2\/product_brand?post=15117"},{"taxonomy":"product_cat","embeddable":true,"href":"https:\/\/shop.yipinqian.com\/fr\/wp-json\/wp\/v2\/product_cat?post=15117"},{"taxonomy":"product_tag","embeddable":true,"href":"https:\/\/shop.yipinqian.com\/fr\/wp-json\/wp\/v2\/product_tag?post=15117"}],"curies":[{"name":"wp","href":"https:\/\/api.w.org\/{rel}","templated":true}]}}