{"id":1511,"date":"2024-10-24T23:19:46","date_gmt":"2024-10-24T15:19:46","guid":{"rendered":"https:\/\/shop.yipinqian.com\/product\/lavender-and-green-natural-type-a-jadeite-handheld-piece-crafted-with-pixiu-meaning-rich-happiness-and-good-luck-with-certificate-weight-29-97-grams-61-30-10-70-34-60-mm-also-suitable-for-display-anyw\/"},"modified":"2025-02-24T00:49:54","modified_gmt":"2025-02-23T16:49:54","slug":"lavender-and-green-natural-type-a-jadeite-handheld-piece-crafted-with-pixiu-meaning-rich-happiness-and-good-luck-with-certificate-weight-29-97-grams-61-30-10-70-34-60-mm-also-suitable-for-display-anyw","status":"publish","type":"product","link":"https:\/\/shop.yipinqian.com\/fr\/produit\/lavender-and-green-natural-type-a-jadeite-handheld-piece-crafted-with-pixiu-meaning-rich-happiness-and-good-luck-with-certificate-weight-29-97-grams-61-30-10-70-34-60-mm-also-suitable-for-display-anyw\/","title":{"rendered":"Pi\u00e8ce de poche en jad\u00e9ite naturelle de type A lavande et verte fabriqu\u00e9e avec Pixiu signifiant richesse, bonheur et bonne chance avec certificat pesant 29,97 grammes, 61,30 * 10,70 * 34,60 mm, convient \u00e9galement pour \u00eatre expos\u00e9e n&#039;importe o\u00f9 \u00e0 la maison, en voiture ou au bureau (main1)"},"content":{"rendered":"<p>Bring a touch of luck and prosperity to your life with this Lavender and Green Natural Type A Jadeite Handheld Piece. This exquisite piece is carved with Pixiu, symbolizing wealth, happiness and good luck.<\/p>\n<ul>\n<li>Dimensions: 61.30 * 10.70 * 34.60 mm<\/li>\n<li>Weight: 29.97 grams<\/li>\n<li>Type de jade : Jad\u00e9ite<\/li>\n<li>Decoration Type: Car Pendant<\/li>\n<li>Pays d&#039;origine : Myanmar<\/li>\n<li>Certificate Included : Yes<\/li>\n<\/ul>\n<p><strong>Certificate numbers: ZS24040200292<\/strong><\/p>\n<p><img fetchpriority=\"high\" decoding=\"async\" height=\"1080\" src=\"https:\/\/shop.yipinqian.com\/wp-content\/uploads\/2024\/10\/f709c4840452178d329d3e8d27c71a5f.jpg?from=476444299\" width=\"1080\"><\/p>\n<ul>\n<li>This handheld piece is skillfully crafted from natural jadeite stone, known for its vivid colours and high quality finish. Besides being a symbol of good fortune, this jadeite handheld piece also makes for an elegant decoration suitable for display anywhere at home, car or office. Purchase this beautiful Lavender Green charm to your decor or as a thoughtful gift that will bring joy to any recipient!<\/li>\n<\/ul>\n<p>Yi Pin Qian \u2013 N\u00e9gociant en pierres pr\u00e9cieuses et m\u00e9taux pr\u00e9cieux \u00e0 Singapour \u2013 Num\u00e9ro de licence PS20190000031<\/p>\n<p>\u00a0<\/p>\n<p>*Toutes les jad\u00e9ites achet\u00e9es chez Yi Pin Qian \u00e0 Singapour, les clients peuvent r\u00e9server des cr\u00e9neaux pour le polissage ou une r\u00e9paration mineure en cas de mauvaise manipulation - des frais s&#039;appliquent et uniquement pour les clients de Yi Pin Qian \u00e0 Singapour*<\/p>\n<p>\u00a0<\/p>\n<p><strong>**Types de certificats**<\/strong><\/p>\n<p>\u00a0<\/p>\n<p><strong>NGI (Nan Yang Gemmologie)<\/strong><\/p>\n<p>ou <strong>Certificats \u00e9trangers <\/strong>(Yi Pin Qian utilise uniquement des certificats authentiques provenant de laboratoires \u00e9trangers et contr\u00f4le \u00e9galement la qualit\u00e9 de chacun de nos produits avant de les mettre en vente \u00e0 Singapour)<\/p>\n<p>\u00a0<\/p>\n<p>Chaque produit sur TikTok aura le type de certificat fourni indiqu\u00e9 dans la description. Pour tout client souhaitant envoyer sa commande \u00e0 NGI Singapore, il y aura un d\u00e9lai d&#039;attente pour la livraison de la commande estim\u00e9 \u00e0 environ 4 semaines pour recevoir votre commande. <strong>Les demandes de rapport sur les pierres pr\u00e9cieuses NGI doivent \u00eatre effectu\u00e9es en envoyant un message \u00e0 la boutique TikTok de Yi Pin Qian.<\/strong> Merci, <strong><u>des frais suppl\u00e9mentaires s&#039;appliquent<\/u><\/strong>.<\/p>","protected":false},"excerpt":{"rendered":"<p>Bring a touch of luck and prosperity to your life with this Lavender and Green Natural Type A Jadeite Handheld Piece. This exquisite piece is carved with Pixiu, symbolizing wealth, happiness and good luck. Dimensions: 61.30 * 10.70 * 34.60 mm Weight: 29.97 grams Jade Type: Jadeite Decoration Type: Car Pendant Country of Origin: Myanmar [&hellip;]<\/p>","protected":false},"featured_media":5561,"comment_status":"open","ping_status":"closed","template":"","meta":[],"product_brand":[],"product_cat":[194],"product_tag":[],"class_list":{"0":"post-1511","1":"product","2":"type-product","3":"status-publish","4":"has-post-thumbnail","6":"product_cat-value-picks","8":"first","9":"instock","10":"sale","11":"shipping-taxable","12":"purchasable","13":"product-type-simple"},"_links":{"self":[{"href":"https:\/\/shop.yipinqian.com\/fr\/wp-json\/wp\/v2\/product\/1511","targetHints":{"allow":["GET"]}}],"collection":[{"href":"https:\/\/shop.yipinqian.com\/fr\/wp-json\/wp\/v2\/product"}],"about":[{"href":"https:\/\/shop.yipinqian.com\/fr\/wp-json\/wp\/v2\/types\/product"}],"replies":[{"embeddable":true,"href":"https:\/\/shop.yipinqian.com\/fr\/wp-json\/wp\/v2\/comments?post=1511"}],"version-history":[{"count":0,"href":"https:\/\/shop.yipinqian.com\/fr\/wp-json\/wp\/v2\/product\/1511\/revisions"}],"wp:featuredmedia":[{"embeddable":true,"href":"https:\/\/shop.yipinqian.com\/fr\/wp-json\/wp\/v2\/media\/5561"}],"wp:attachment":[{"href":"https:\/\/shop.yipinqian.com\/fr\/wp-json\/wp\/v2\/media?parent=1511"}],"wp:term":[{"taxonomy":"product_brand","embeddable":true,"href":"https:\/\/shop.yipinqian.com\/fr\/wp-json\/wp\/v2\/product_brand?post=1511"},{"taxonomy":"product_cat","embeddable":true,"href":"https:\/\/shop.yipinqian.com\/fr\/wp-json\/wp\/v2\/product_cat?post=1511"},{"taxonomy":"product_tag","embeddable":true,"href":"https:\/\/shop.yipinqian.com\/fr\/wp-json\/wp\/v2\/product_tag?post=1511"}],"curies":[{"name":"wp","href":"https:\/\/api.w.org\/{rel}","templated":true}]}}