{"id":1510,"date":"2024-10-24T23:19:45","date_gmt":"2024-10-24T15:19:45","guid":{"rendered":"https:\/\/shop.yipinqian.com\/product\/lavender-and-green-natural-type-a-jadeite-23-beads-bracelet-with-qic-approved-labs-certificate-weigh-19-03-grams-7-8-mm-bracelet11\/"},"modified":"2025-02-24T00:49:55","modified_gmt":"2025-02-23T16:49:55","slug":"lavender-and-green-natural-type-a-jadeite-23-beads-bracelet-with-qic-approved-labs-certificate-weigh-19-03-grams-7-8-mm-bracelet11","status":"publish","type":"product","link":"https:\/\/shop.yipinqian.com\/fr\/produit\/lavender-and-green-natural-type-a-jadeite-23-beads-bracelet-with-qic-approved-labs-certificate-weigh-19-03-grams-7-8-mm-bracelet11\/","title":{"rendered":"Bracelet en jad\u00e9ite naturelle de type A lavande et verte de 23 perles avec certificat de laboratoire approuv\u00e9 par QIC pesant 19,03 grammes, 7,8 mm (bracelet11)"},"content":{"rendered":"<p>This Lavender and Green Natural Type A Jadeite Bracelet is the perfect accessory for daily wear.<\/p>\n<p><\/p>\n<p><strong>Certificate numbers: 5524022200553<\/strong><\/p>\n<ul>\n<li>Features <strong>23 beads<\/strong> made from genuine Type A Jadeite from Myanmar<\/li>\n<li>P\u00e8se <strong>19.03 grams<\/strong> et mesures <strong>7,8 mm<\/strong> in diameter<\/li>\n<li>Comes with a <strong>Certificat de laboratoire approuv\u00e9 par QIC<\/strong> for authenticity<\/li>\n<li>Suitable for both men and women as it is a unisex bracelet type.<\/li>\n<\/ul>\n<p>Experience the beauty of natural jade with this stunning bracelet that showcases the elegant colors of lavender and green in perfect harmony. Each bead has been expertly crafted to create a smooth, comfortable fit that will complement any outfit.<\/p>\n<p><\/p>\n<p>This high-quality piece comes with a QIC approved labs certificate, ensuring its authenticity so you can wear it confidently knowing that you have invested in genuine natural jadeite jewelry accessory.<\/p>\n<p><\/p>\n<p>Yi Pin Qian \u2013 N\u00e9gociant en pierres pr\u00e9cieuses et m\u00e9taux pr\u00e9cieux \u00e0 Singapour \u2013 Num\u00e9ro de licence PS20190000031<\/p>\n<p><\/p>\n<p>*Toutes les jad\u00e9ites achet\u00e9es chez Yi Pin Qian \u00e0 Singapour, les clients peuvent r\u00e9server des cr\u00e9neaux pour le polissage ou une r\u00e9paration mineure en cas de mauvaise manipulation - des frais s&#039;appliquent et uniquement pour les clients de Yi Pin Qian \u00e0 Singapour*<\/p>\n<p><\/p>\n<p><strong>**Types de certificats**<\/strong><\/p>\n<p><\/p>\n<p><strong>NGI (Nan Yang Gemmologie)<\/strong><\/p>\n<p>ou <strong>Certificats \u00e9trangers <\/strong>(Yi Pin Qian utilise uniquement des certificats authentiques provenant de laboratoires \u00e9trangers et contr\u00f4le \u00e9galement la qualit\u00e9 de chacun de nos produits avant de les mettre en vente \u00e0 Singapour)<\/p>\n<p><\/p>\n<p>Chaque produit sur TikTok aura le type de certificat fourni indiqu\u00e9 dans la description. Pour tout client souhaitant envoyer sa commande \u00e0 NGI Singapore, il y aura un d\u00e9lai d&#039;attente pour la livraison de la commande estim\u00e9 \u00e0 environ 4 semaines pour recevoir votre commande. <strong>Les demandes de rapport sur les pierres pr\u00e9cieuses NGI doivent \u00eatre effectu\u00e9es en envoyant un message \u00e0 la boutique TikTok de Yi Pin Qian.<\/strong> Merci, <strong><u>des frais suppl\u00e9mentaires s&#039;appliquent<\/u><\/strong>.<\/p>\n<p><\/p>\n<p><strong>La jad\u00e9ite naturelle n&#039;est pas parfaite, juste un petit rappel : notre jad\u00e9ite naturelle, comme toutes les belles choses de la nature, poss\u00e8de ses caract\u00e9ristiques et ses variations uniques. Nous invitons nos pr\u00e9cieux clients \u00e0 adopter ces variations naturelles. Bon shopping !<\/strong><\/p>\n<p><\/p>\n<p><strong><u>Aucune des photos et des s\u00e9quences vid\u00e9o n&#039;a \u00e9t\u00e9 filtr\u00e9e. Nous encourageons nos clients \u00e0 regarder \u00e9galement les vid\u00e9os d&#039;accompagnement pour une vue plus compl\u00e8te de nos produits<\/u><\/strong><\/p>","protected":false},"excerpt":{"rendered":"<p>Ce bracelet en jad\u00e9ite naturelle de type A lavande et vert est l&#039;accessoire parfait \u00e0 porter au quotidien. Num\u00e9ros de certificat : 5524022200553 Comprend 23 perles en v\u00e9ritable jad\u00e9ite de type A du Myanmar P\u00e8se 19,03 grammes et mesure 7,8 mm de diam\u00e8tre Livr\u00e9 avec un certificat d&#039;authenticit\u00e9 approuv\u00e9 par le laboratoire QIC Convient aussi bien aux hommes qu&#039;aux femmes [\u2026]<\/p>","protected":false},"featured_media":5551,"comment_status":"open","ping_status":"closed","template":"","meta":[],"product_brand":[],"product_cat":[194],"product_tag":[],"class_list":{"0":"post-1510","1":"product","2":"type-product","3":"status-publish","4":"has-post-thumbnail","6":"product_cat-value-picks","8":"first","9":"instock","10":"sale","11":"shipping-taxable","12":"purchasable","13":"product-type-simple"},"_links":{"self":[{"href":"https:\/\/shop.yipinqian.com\/fr\/wp-json\/wp\/v2\/product\/1510","targetHints":{"allow":["GET"]}}],"collection":[{"href":"https:\/\/shop.yipinqian.com\/fr\/wp-json\/wp\/v2\/product"}],"about":[{"href":"https:\/\/shop.yipinqian.com\/fr\/wp-json\/wp\/v2\/types\/product"}],"replies":[{"embeddable":true,"href":"https:\/\/shop.yipinqian.com\/fr\/wp-json\/wp\/v2\/comments?post=1510"}],"version-history":[{"count":0,"href":"https:\/\/shop.yipinqian.com\/fr\/wp-json\/wp\/v2\/product\/1510\/revisions"}],"wp:featuredmedia":[{"embeddable":true,"href":"https:\/\/shop.yipinqian.com\/fr\/wp-json\/wp\/v2\/media\/5551"}],"wp:attachment":[{"href":"https:\/\/shop.yipinqian.com\/fr\/wp-json\/wp\/v2\/media?parent=1510"}],"wp:term":[{"taxonomy":"product_brand","embeddable":true,"href":"https:\/\/shop.yipinqian.com\/fr\/wp-json\/wp\/v2\/product_brand?post=1510"},{"taxonomy":"product_cat","embeddable":true,"href":"https:\/\/shop.yipinqian.com\/fr\/wp-json\/wp\/v2\/product_cat?post=1510"},{"taxonomy":"product_tag","embeddable":true,"href":"https:\/\/shop.yipinqian.com\/fr\/wp-json\/wp\/v2\/product_tag?post=1510"}],"curies":[{"name":"wp","href":"https:\/\/api.w.org\/{rel}","templated":true}]}}