{"id":1509,"date":"2024-10-24T23:19:45","date_gmt":"2024-10-24T15:19:45","guid":{"rendered":"https:\/\/shop.yipinqian.com\/product\/king-of-the-inferno-special-premium-natural-type-a-jadeite-with-light-green-and-yellow-come-with-certificate-weight-76-35-grams-69-50-44-30-12-mm-very-fine-translucent-rare-jadeite-pendant-for-collect\/"},"modified":"2025-02-24T01:34:19","modified_gmt":"2025-02-23T17:34:19","slug":"king-of-the-inferno-special-premium-natural-type-a-jadeite-with-light-green-and-yellow-come-with-certificate-weight-76-35-grams-69-50-44-30-12-mm-very-fine-translucent-rare-jadeite-pendant-for-collect","status":"publish","type":"product","link":"https:\/\/shop.yipinqian.com\/fr\/produit\/king-of-the-inferno-special-premium-natural-type-a-jadeite-with-light-green-and-yellow-come-with-certificate-weight-76-35-grams-69-50-44-30-12-mm-very-fine-translucent-rare-jadeite-pendant-for-collect\/","title":{"rendered":"Pendentif en jad\u00e9ite naturelle de type A de qualit\u00e9 sup\u00e9rieure sp\u00e9ciale King of the inferno avec vert clair et jaune, livr\u00e9 avec un certificat pesant 76,35 grammes, 69,50 * 44,30 * 12 mm, pendentif en jad\u00e9ite rare translucide tr\u00e8s fin pour collection (pendentif98)"},"content":{"rendered":"<p><iframe title=\"King of the inferno Special Premium Natural Type A\" src=\"https:\/\/youtube.com\/embed\/WkIt1NvOiFk\" width=\"330\" height=\"300\"><\/iframe><\/p>\n<p>King of the inferno Special Premium Natural Type A<\/p>\n<p>D\u00e9couvrez la beaut\u00e9 de la nature avec le pendentif en jad\u00e9ite naturelle de type A de qualit\u00e9 sup\u00e9rieure King of Inferno, parfait pour les collectionneurs et les passionn\u00e9s.<\/p>\n<ul>\n<li><strong>Jad\u00e9ite naturelle de type A :<\/strong> Fabriqu\u00e9 \u00e0 partir de jad\u00e9ite naturelle de type A de haute qualit\u00e9, ce pendentif pr\u00e9sente une superbe couleur vert clair et jaune qui brille avec translucidit\u00e9.<\/li>\n<li><strong>Certificat inclus :<\/strong> Livr\u00e9 avec un certificat garantissant l&#039;authenticit\u00e9 et le respect des normes de qualit\u00e9.<\/li>\n<li><strong>Style de collier ethnique :<\/strong> Le style du collier est de conception ethnique, parfait pour ajouter une touche exotique \u00e0 votre collection de bijoux ou \u00e0 votre tenue.<\/li>\n<\/ul>\n<p><strong>Num\u00e9ros de certificat : GD2204H005661<\/strong><\/p>\n<p><img fetchpriority=\"high\" decoding=\"async\" class=\"alignnone\" src=\"https:\/\/shop.yipinqian.com\/wp-content\/uploads\/2024\/10\/92928dcc69076cac46c7cea721067525.jpg?from=476444299\" alt=\"King of the inferno Special Premium Natural Type A\" width=\"1080\" height=\"1080\" \/><\/p>\n<p>Ce pendentif en jad\u00e9ite rare est finement travaill\u00e9 avec un poids de 76,35 grammes et des dimensions de 69,50 * 44,30 * 12 mm - ce qui en fait un excellent choix pour des occasions sp\u00e9ciales telles que des anniversaires ou comme un h\u00e9ritage familial pr\u00e9cieux.<\/p>\n<ul>\n<li><strong>Garantie durable : <\/strong>Le type de garantie pour ce produit est Non, mais vous pouvez \u00eatre assur\u00e9 que vous recevez un travail artisanal de haute qualit\u00e9 \u00e0 tous \u00e9gards<\/li>\n<li>.<\/li>\n<li><strong>Neutre en termes de genre : <\/strong>Cette pi\u00e8ce peut \u00eatre port\u00e9e par n&#039;importe qui, quel que soit son sexe ! Elle est parfaite comme pi\u00e8ce d&#039;appoint ou comme \u00e9l\u00e9ment de votre collection de v\u00eatements quotidiens, selon vos pr\u00e9f\u00e9rences !<\/li>\n<li>.<\/li>\n<\/ul>\n<p>Ajoutez ce superbe pendentif King Of The Inferno \u00e0 votre collection de bijoux d\u00e8s aujourd&#039;hui\u00a0!<\/p>\n<p>.<\/p>\n<p>Yi Pin Qian \u2013 N\u00e9gociant en pierres pr\u00e9cieuses et m\u00e9taux pr\u00e9cieux \u00e0 Singapour \u2013 Num\u00e9ro de licence PS20190000031<\/p>\n<p>*Toutes les jad\u00e9ites achet\u00e9es chez Yi Pin Qian \u00e0 Singapour, les clients peuvent r\u00e9server des cr\u00e9neaux pour le polissage ou une r\u00e9paration mineure en cas de mauvaise manipulation - des frais s&#039;appliquent et uniquement pour les clients de Yi Pin Qian \u00e0 Singapour*<\/p>\n<p><strong>**Types de certificats**<\/strong><\/p>\n<p><strong>NGI (Nan Yang Gemmologie)<\/strong><\/p>\n<p>ou <strong>Certificats \u00e9trangers <\/strong>(Yi Pin Qian utilise uniquement des certificats authentiques provenant de laboratoires \u00e9trangers et contr\u00f4le \u00e9galement la qualit\u00e9 de chacun de nos produits avant de les mettre en vente \u00e0 Singapour)<\/p>\n<p>Chaque produit sur TikTok aura le type de certificat fourni indiqu\u00e9 dans la description. Pour tout client souhaitant envoyer sa commande \u00e0 NGI Singapore, il y aura un d\u00e9lai d&#039;attente pour la livraison de la commande estim\u00e9 \u00e0 environ 4 semaines pour recevoir votre commande. <strong>Les demandes de rapport sur les pierres pr\u00e9cieuses NGI doivent \u00eatre effectu\u00e9es en envoyant un message \u00e0 la boutique TikTok de Yi Pin Qian.<\/strong> Merci, <strong><u>des frais suppl\u00e9mentaires s&#039;appliquent<\/u><\/strong>.<\/p>","protected":false},"excerpt":{"rendered":"<p>King of the inferno Special Premium Natural Type A<\/p>","protected":false},"featured_media":5543,"comment_status":"open","ping_status":"closed","template":"","meta":[],"product_brand":[],"product_cat":[196],"product_tag":[],"class_list":{"0":"post-1509","1":"product","2":"type-product","3":"status-publish","4":"has-post-thumbnail","6":"product_cat-vault-collection","8":"first","9":"instock","10":"sale","11":"shipping-taxable","12":"purchasable","13":"product-type-simple"},"_links":{"self":[{"href":"https:\/\/shop.yipinqian.com\/fr\/wp-json\/wp\/v2\/product\/1509","targetHints":{"allow":["GET"]}}],"collection":[{"href":"https:\/\/shop.yipinqian.com\/fr\/wp-json\/wp\/v2\/product"}],"about":[{"href":"https:\/\/shop.yipinqian.com\/fr\/wp-json\/wp\/v2\/types\/product"}],"replies":[{"embeddable":true,"href":"https:\/\/shop.yipinqian.com\/fr\/wp-json\/wp\/v2\/comments?post=1509"}],"version-history":[{"count":0,"href":"https:\/\/shop.yipinqian.com\/fr\/wp-json\/wp\/v2\/product\/1509\/revisions"}],"wp:featuredmedia":[{"embeddable":true,"href":"https:\/\/shop.yipinqian.com\/fr\/wp-json\/wp\/v2\/media\/5543"}],"wp:attachment":[{"href":"https:\/\/shop.yipinqian.com\/fr\/wp-json\/wp\/v2\/media?parent=1509"}],"wp:term":[{"taxonomy":"product_brand","embeddable":true,"href":"https:\/\/shop.yipinqian.com\/fr\/wp-json\/wp\/v2\/product_brand?post=1509"},{"taxonomy":"product_cat","embeddable":true,"href":"https:\/\/shop.yipinqian.com\/fr\/wp-json\/wp\/v2\/product_cat?post=1509"},{"taxonomy":"product_tag","embeddable":true,"href":"https:\/\/shop.yipinqian.com\/fr\/wp-json\/wp\/v2\/product_tag?post=1509"}],"curies":[{"name":"wp","href":"https:\/\/api.w.org\/{rel}","templated":true}]}}