{"id":1505,"date":"2024-10-24T23:19:43","date_gmt":"2024-10-24T15:19:43","guid":{"rendered":"https:\/\/shop.yipinqian.com\/product\/icy-with-light-green-base-natural-type-a-jadeite-pendant-necklace-crafted-as-flying-horse-symbols-of-good-luck-is-coming-soon-longma-spirit-with-gic-approved-certificate-weigh-4-55-grams-15-6-28-6-3-m\/"},"modified":"2025-02-24T00:49:55","modified_gmt":"2025-02-23T16:49:55","slug":"icy-with-light-green-base-natural-type-a-jadeite-pendant-necklace-crafted-as-flying-horse-symbols-of-good-luck-is-coming-soon-longma-spirit-with-gic-approved-certificate-weigh-4-55-grams-15-6-28-6-3-m","status":"publish","type":"product","link":"https:\/\/shop.yipinqian.com\/fr\/produit\/icy-with-light-green-base-natural-type-a-jadeite-pendant-necklace-crafted-as-flying-horse-symbols-of-good-luck-is-coming-soon-longma-spirit-with-gic-approved-certificate-weigh-4-55-grams-15-6-28-6-3-m\/","title":{"rendered":"Icy with light green base Natural Type A Jadeite Pendant Necklace crafted as Flying Horse symbols of Good luck is coming soon, Longma spirit with QIC approved certificate weigh 4.55 grams, 15.6 * 28 * 6.3 mm (pendant65)"},"content":{"rendered":"<p>This Icy jade pendant necklace is a symbol of good luck, crafted in the form of a flying horse. The light green base and natural Type A jadeite make it an elegant addition to your jewelry collection.<\/p>\n<ul>\n<li><strong>Flying Horse Symbol:<\/strong> The pendant is crafted in the form of a flying horse, which symbolizes good luck and energy. Wear it to invite positivity into your life.<\/li>\n<li><strong>Jad\u00e9ite naturelle de type A :<\/strong> Made with high-quality natural Type A Jadeite, this necklace is both stunning and durable. It weighs 4.55 grams and measures 15.6 * 28 * 6.3 mm (pendant65).<\/li>\n<li><strong>QIC Approved Certificate:<\/strong> Comes with QIC approved certificate ensuring authenticity.<\/li>\n<\/ul>\n<p><strong>Certificate numbers: 5424012800730<\/strong><\/p>\n<p><img fetchpriority=\"high\" decoding=\"async\" src=\"https:\/\/shop.yipinqian.com\/wp-content\/uploads\/2024\/10\/4837b0319dff781bbfad864a9fe01fb1.jpg?from=476444299\" width=\"1080\" height=\"1080\" \/><\/p>\n<p>This Longma spirit necklace has been designed for daily wear purposes making it perfect for all occasions regardless of gender or style preference \u2013 casual or formal.<\/p>\n<ul>\n<li><strong>Certificat inclus :<\/strong> This necklace comes with a certificate that confirms its authenticity<\/li>\n<li>Made in Myanmar: Made in Myanmar this product&#8217;s country of origin adds to its exotic touch<\/li>\n<\/ul>\n<p>Elevate your jewelery collection by owning an exquisite piece like this Flying Horse Pendant Necklace made from Natural Type A Jadeite that will be sure to turn heads!<\/p>\n<p>\u00a0<\/p>\n<p>Yi Pin Qian \u2013 N\u00e9gociant en pierres pr\u00e9cieuses et m\u00e9taux pr\u00e9cieux \u00e0 Singapour \u2013 Num\u00e9ro de licence PS20190000031<\/p>\n<p>\u00a0<\/p>\n<p>*Toutes les jad\u00e9ites achet\u00e9es chez Yi Pin Qian \u00e0 Singapour, les clients peuvent r\u00e9server des cr\u00e9neaux pour le polissage ou une r\u00e9paration mineure en cas de mauvaise manipulation - des frais s&#039;appliquent et uniquement pour les clients de Yi Pin Qian \u00e0 Singapour*<\/p>\n<p>\u00a0<\/p>\n<p><strong>**Types de certificats**<\/strong><\/p>\n<p>\u00a0<\/p>\n<p><strong>NGI (Nan Yang Gemmologie)<\/strong><\/p>\n<p>ou <strong>Certificats \u00e9trangers <\/strong>(Yi Pin Qian utilise uniquement des certificats authentiques provenant de laboratoires \u00e9trangers et contr\u00f4le \u00e9galement la qualit\u00e9 de chacun de nos produits avant de les mettre en vente \u00e0 Singapour)<\/p>\n<p>\u00a0<\/p>\n<p>Chaque produit sur TikTok aura le type de certificat fourni indiqu\u00e9 dans la description. Pour tout client souhaitant envoyer sa commande \u00e0 NGI Singapore, il y aura un d\u00e9lai d&#039;attente pour la livraison de la commande estim\u00e9 \u00e0 environ 4 semaines pour recevoir votre commande. <strong>Les demandes de rapport sur les pierres pr\u00e9cieuses NGI doivent \u00eatre effectu\u00e9es en envoyant un message \u00e0 la boutique TikTok de Yi Pin Qian.<\/strong> Merci, <strong><u>des frais suppl\u00e9mentaires s&#039;appliquent<\/u><\/strong>.<\/p>\n<p>\u00a0<\/p>\n<p><strong>La jad\u00e9ite naturelle n&#039;est pas parfaite, juste un petit rappel : notre jad\u00e9ite naturelle, comme toutes les belles choses de la nature, poss\u00e8de ses caract\u00e9ristiques et ses variations uniques. Nous invitons nos pr\u00e9cieux clients \u00e0 adopter ces variations naturelles. Bon shopping !<\/strong><\/p>\n<p>\u00a0<\/p>\n<p><strong><u>Aucune des photos et des s\u00e9quences vid\u00e9o n&#039;a \u00e9t\u00e9 filtr\u00e9e. Nous encourageons nos clients \u00e0 regarder \u00e9galement les vid\u00e9os d&#039;accompagnement pour une vue plus compl\u00e8te de nos produits<\/u><\/strong><\/p>\n<p>\u00a0<\/p>\n<p>.<\/p>","protected":false},"excerpt":{"rendered":"<p>This Icy jade pendant necklace is a symbol of good luck, crafted in the form of a flying horse. The light green base and natural Type A jadeite make it an elegant addition to your jewelry collection. Flying Horse Symbol: The pendant is crafted in the form of a flying horse, which symbolizes good luck [&hellip;]<\/p>","protected":false},"featured_media":5515,"comment_status":"open","ping_status":"closed","template":"","meta":[],"product_brand":[],"product_cat":[194],"product_tag":[],"class_list":{"0":"post-1505","1":"product","2":"type-product","3":"status-publish","4":"has-post-thumbnail","6":"product_cat-value-picks","8":"first","9":"instock","10":"sale","11":"shipping-taxable","12":"purchasable","13":"product-type-simple"},"_links":{"self":[{"href":"https:\/\/shop.yipinqian.com\/fr\/wp-json\/wp\/v2\/product\/1505","targetHints":{"allow":["GET"]}}],"collection":[{"href":"https:\/\/shop.yipinqian.com\/fr\/wp-json\/wp\/v2\/product"}],"about":[{"href":"https:\/\/shop.yipinqian.com\/fr\/wp-json\/wp\/v2\/types\/product"}],"replies":[{"embeddable":true,"href":"https:\/\/shop.yipinqian.com\/fr\/wp-json\/wp\/v2\/comments?post=1505"}],"version-history":[{"count":0,"href":"https:\/\/shop.yipinqian.com\/fr\/wp-json\/wp\/v2\/product\/1505\/revisions"}],"wp:featuredmedia":[{"embeddable":true,"href":"https:\/\/shop.yipinqian.com\/fr\/wp-json\/wp\/v2\/media\/5515"}],"wp:attachment":[{"href":"https:\/\/shop.yipinqian.com\/fr\/wp-json\/wp\/v2\/media?parent=1505"}],"wp:term":[{"taxonomy":"product_brand","embeddable":true,"href":"https:\/\/shop.yipinqian.com\/fr\/wp-json\/wp\/v2\/product_brand?post=1505"},{"taxonomy":"product_cat","embeddable":true,"href":"https:\/\/shop.yipinqian.com\/fr\/wp-json\/wp\/v2\/product_cat?post=1505"},{"taxonomy":"product_tag","embeddable":true,"href":"https:\/\/shop.yipinqian.com\/fr\/wp-json\/wp\/v2\/product_tag?post=1505"}],"curies":[{"name":"wp","href":"https:\/\/api.w.org\/{rel}","templated":true}]}}