{"id":1504,"date":"2024-10-24T23:19:43","date_gmt":"2024-10-24T15:19:43","guid":{"rendered":"https:\/\/shop.yipinqian.com\/product\/icy-with-green-patches-natural-type-a-jadeite-pendant-necklace-crafted-with-fish-biting-chinese-coin-qic-approved-labs-certificate-included-weigh-8-7-grams-43-1-15-8-1-mm-pendant136\/"},"modified":"2025-02-24T00:49:55","modified_gmt":"2025-02-23T16:49:55","slug":"icy-with-green-patches-natural-type-a-jadeite-pendant-necklace-crafted-with-fish-biting-chinese-coin-qic-approved-labs-certificate-included-weigh-8-7-grams-43-1-15-8-1-mm-pendant136","status":"publish","type":"product","link":"https:\/\/shop.yipinqian.com\/fr\/produit\/icy-with-green-patches-natural-type-a-jadeite-pendant-necklace-crafted-with-fish-biting-chinese-coin-qic-approved-labs-certificate-included-weigh-8-7-grams-43-1-15-8-1-mm-pendant136\/","title":{"rendered":"Collier pendentif en jad\u00e9ite naturelle de type A avec des taches vertes, fabriqu\u00e9 avec une pi\u00e8ce chinoise mordante de poisson, certificat de laboratoire approuv\u00e9 par QIC inclus, p\u00e8se 8,7 grammes, 43,1 * 15 * 8,1 mm (pendentif 136)"},"content":{"rendered":"<p>Rehaussez votre style avec ce superbe collier pendentif en jad\u00e9ite naturelle de type A avec des taches vertes. Le motif de pi\u00e8ce chinoise mordant le poisson ajoute une touche de charme traditionnel \u00e0 la pi\u00e8ce.<\/p>\n<ul>\n<li>\n<strong>Jad\u00e9ite naturelle de type A :<\/strong> Fabriqu\u00e9 \u00e0 partir de jad\u00e9ite naturelle de type A de haute qualit\u00e9, ce collier pendentif est un v\u00e9ritable chef-d&#039;\u0153uvre.<\/li>\n<li>\n<strong>Certificat inclus :<\/strong> Certificat de laboratoire approuv\u00e9 par QIC inclus pour votre tranquillit\u00e9 d&#039;esprit.<\/li>\n<\/ul>\n<p><strong>Num\u00e9ros de certificat : 5924031205428<\/strong><\/p>\n<p><img fetchpriority=\"high\" decoding=\"async\" height=\"1080\" src=\"https:\/\/shop.yipinqian.com\/wp-content\/uploads\/2024\/10\/b9a028c058ef5bf0b4714e8baf28c562.jpg?from=476444299\" width=\"1080\"><\/p>\n<ul>\n<li>\n<strong>Conception unisexe :<\/strong> Parfait pour les hommes et les femmes, ce collier est polyvalent et \u00e9l\u00e9gant.<\/li>\n<li>\n<strong>Style d\u00e9contract\u00e9 :<\/strong> Son style d\u00e9contract\u00e9 le rend id\u00e9al pour un usage quotidien ou pour des occasions sp\u00e9ciales.<\/li>\n<\/ul>\n<p>Pesant 8,7 grammes et mesurant 43,1 * 15 * 8,1 mm (pendentif136), c&#039;est la taille parfaite pour faire une d\u00e9claration sans \u00eatre trop encombrant ou lourd sur votre cou.<\/p>\n<ul>\n<li>\n<strong>Collier et pendentif en jade : <\/strong>Ce collier pendentif en jad\u00e9ite naturelle est un ajout id\u00e9al \u00e0 toute collection de bijoux.<\/li>\n<\/ul>\n<p>Fi\u00e8rement originaire du Myanmar, cette pi\u00e8ce en dit long sur son origine unique et son riche patrimoine culturel.<\/p>\n<ul>\n<li>L&#039;accessoire parfait \u00e0 porter au quotidien ou pour des occasions sp\u00e9ciales,<\/li>\n<li>.<\/li>\n<\/ul>\n<p>.<\/p>\n<p>Ce collier pendentif en jad\u00e9ite naturelle de type A avec des taches vertes glac\u00e9es ajoute sans effort de l&#039;\u00e9l\u00e9gance \u00e0 n&#039;importe quelle tenue,<\/p>\n<ul>\n<li>\u00a0<\/li>\n<\/ul>\n<p>Le motif de la pi\u00e8ce chinoise en forme de poisson mordant ajoute une touche complexe de signification culturelle,<\/p>\n<p>\u00a0<\/p>\n<p>Yi Pin Qian \u2013 N\u00e9gociant en pierres pr\u00e9cieuses et m\u00e9taux pr\u00e9cieux \u00e0 Singapour \u2013 Num\u00e9ro de licence PS20190000031<\/p>\n<p>\u00a0<\/p>\n<p>*Toutes les jad\u00e9ites achet\u00e9es chez Yi Pin Qian \u00e0 Singapour, les clients peuvent r\u00e9server des cr\u00e9neaux pour le polissage ou une r\u00e9paration mineure en cas de mauvaise manipulation - des frais s&#039;appliquent et uniquement pour les clients de Yi Pin Qian \u00e0 Singapour*<\/p>\n<p>\u00a0<\/p>\n<p><strong>**Types de certificats**<\/strong><\/p>\n<p>\u00a0<\/p>\n<p><strong>NGI (Nan Yang Gemmologie)<\/strong><\/p>\n<p>ou <strong>Certificats \u00e9trangers <\/strong>(Yi Pin Qian utilise uniquement des certificats authentiques provenant de laboratoires \u00e9trangers et contr\u00f4le \u00e9galement la qualit\u00e9 de chacun de nos produits avant de les mettre en vente \u00e0 Singapour)<\/p>\n<p>\u00a0<\/p>\n<p>Chaque produit sur TikTok aura le type de certificat fourni indiqu\u00e9 dans la description. Pour tout client souhaitant envoyer sa commande \u00e0 NGI Singapore, il y aura un d\u00e9lai d&#039;attente pour la livraison de la commande estim\u00e9 \u00e0 environ 4 semaines pour recevoir votre commande. <strong>Les demandes de rapport sur les pierres pr\u00e9cieuses NGI doivent \u00eatre effectu\u00e9es en envoyant un message \u00e0 la boutique TikTok de Yi Pin Qian.<\/strong> Merci, <strong><u>des frais suppl\u00e9mentaires s&#039;appliquent<\/u><\/strong>.<\/p>\n<p>\u00a0<\/p>\n<p><strong>La jad\u00e9ite naturelle n&#039;est pas parfaite, juste un petit rappel : notre jad\u00e9ite naturelle, comme toutes les belles choses de la nature, poss\u00e8de ses caract\u00e9ristiques et ses variations uniques. Nous invitons nos pr\u00e9cieux clients \u00e0 adopter ces variations naturelles. Bon shopping !<\/strong><\/p>\n<p>\u00a0<\/p>\n<p><strong><u>Aucune des photos et des s\u00e9quences vid\u00e9o n&#039;a \u00e9t\u00e9 filtr\u00e9e. Nous encourageons nos clients \u00e0 regarder \u00e9galement les vid\u00e9os d&#039;accompagnement pour une vue plus compl\u00e8te de nos produits<\/u><\/strong><\/p>\n<p>.<\/p>","protected":false},"excerpt":{"rendered":"<p>Elevate your style with this stunning Icy with green patches Natural Type A Jadeite Pendant Necklace. The fish biting Chinese coin design adds a touch of traditional charm to the piece. Natural Type A Jadeite: Crafted from high-quality, natural Type A jadeite, this pendant necklace is a true masterpiece. Certificate Included: QIC approved labs certificate [&hellip;]<\/p>","protected":false},"featured_media":5505,"comment_status":"open","ping_status":"closed","template":"","meta":[],"product_brand":[],"product_cat":[194],"product_tag":[],"class_list":{"0":"post-1504","1":"product","2":"type-product","3":"status-publish","4":"has-post-thumbnail","6":"product_cat-value-picks","8":"first","9":"instock","10":"sale","11":"shipping-taxable","12":"purchasable","13":"product-type-simple"},"_links":{"self":[{"href":"https:\/\/shop.yipinqian.com\/fr\/wp-json\/wp\/v2\/product\/1504","targetHints":{"allow":["GET"]}}],"collection":[{"href":"https:\/\/shop.yipinqian.com\/fr\/wp-json\/wp\/v2\/product"}],"about":[{"href":"https:\/\/shop.yipinqian.com\/fr\/wp-json\/wp\/v2\/types\/product"}],"replies":[{"embeddable":true,"href":"https:\/\/shop.yipinqian.com\/fr\/wp-json\/wp\/v2\/comments?post=1504"}],"version-history":[{"count":0,"href":"https:\/\/shop.yipinqian.com\/fr\/wp-json\/wp\/v2\/product\/1504\/revisions"}],"wp:featuredmedia":[{"embeddable":true,"href":"https:\/\/shop.yipinqian.com\/fr\/wp-json\/wp\/v2\/media\/5505"}],"wp:attachment":[{"href":"https:\/\/shop.yipinqian.com\/fr\/wp-json\/wp\/v2\/media?parent=1504"}],"wp:term":[{"taxonomy":"product_brand","embeddable":true,"href":"https:\/\/shop.yipinqian.com\/fr\/wp-json\/wp\/v2\/product_brand?post=1504"},{"taxonomy":"product_cat","embeddable":true,"href":"https:\/\/shop.yipinqian.com\/fr\/wp-json\/wp\/v2\/product_cat?post=1504"},{"taxonomy":"product_tag","embeddable":true,"href":"https:\/\/shop.yipinqian.com\/fr\/wp-json\/wp\/v2\/product_tag?post=1504"}],"curies":[{"name":"wp","href":"https:\/\/api.w.org\/{rel}","templated":true}]}}