{"id":1503,"date":"2024-10-24T23:19:42","date_gmt":"2024-10-24T15:19:42","guid":{"rendered":"https:\/\/shop.yipinqian.com\/product\/icy-with-good-translucent-glossy-texture-natural-type-a-jadeite-pendant-necklace-crafted-with-monkey-on-chayote-symbols-of-golden-monkey-brings-longevity-and-double-blessings-certificate-included-weig\/"},"modified":"2025-02-24T01:34:19","modified_gmt":"2025-02-23T17:34:19","slug":"icy-with-good-translucent-glossy-texture-natural-type-a-jadeite-pendant-necklace-crafted-with-monkey-on-chayote-symbols-of-golden-monkey-brings-longevity-and-double-blessings-certificate-included-weig","status":"publish","type":"product","link":"https:\/\/shop.yipinqian.com\/fr\/produit\/icy-with-good-translucent-glossy-texture-natural-type-a-jadeite-pendant-necklace-crafted-with-monkey-on-chayote-symbols-of-golden-monkey-brings-longevity-and-double-blessings-certificate-included-weig\/","title":{"rendered":"Collier pendentif en jad\u00e9ite naturelle de type A, glac\u00e9 avec une bonne texture brillante translucide, fabriqu\u00e9 avec des symboles de singe sur chayote du singe dor\u00e9 apportant long\u00e9vit\u00e9 et double b\u00e9n\u00e9diction, certificat inclus p\u00e8se 16,84 grammes, 44 * 21,3 * 11,8 mm, jade de collection"},"content":{"rendered":"<p>Ce <strong>Collier pendentif en jad\u00e9ite naturelle de type A <\/strong>dispose d&#039;un <strong><u>Texture glac\u00e9e avec une finition brillante et translucide<\/u><\/strong>Le pendentif est fabriqu\u00e9 de mani\u00e8re experte avec un <strong>Singe dor\u00e9 sur chayote<\/strong> symbole, <strong><u>signifiant la long\u00e9vit\u00e9 et les doubles b\u00e9n\u00e9dictions<\/u><\/strong>.<\/p>\n<p>\u00a0<\/p>\n<p>Cette pi\u00e8ce de jade de collection p\u00e8se <strong>16,84 grammes<\/strong> et mesures <strong>44 * 21.3 * 11.8<\/strong> mm. Le collier est accompagn\u00e9 d&#039;un certificat d&#039;authenticit\u00e9.\u00a0<\/p>\n<p>\u00a0<\/p>\n<p><strong>Num\u00e9ros de certificat : GD2111H014909<\/strong><\/p>\n<p><img fetchpriority=\"high\" decoding=\"async\" height=\"1080\" src=\"https:\/\/shop.yipinqian.com\/wp-content\/uploads\/2024\/10\/8f735e7d50251a5d4af064aa0758e646.jpg?from=476444299\" width=\"1080\"><\/p>\n<p>C&#039;est l&#039;accessoire parfait \u00e0 porter au quotidien, ajoutant une touche de sophistication \u00e0 toute tenue d\u00e9contract\u00e9e. Fabriqu\u00e9 en jad\u00e9ite de haute qualit\u00e9, ce collier est con\u00e7u pour durer sans compromettre le style ou la beaut\u00e9, ce qui le rend adapt\u00e9 aux deux sexes. En r\u00e9sum\u00e9 :<\/p>\n<ul>\n<li>Texture glac\u00e9e avec finition brillante<\/li>\n<li>Fabriqu\u00e9 avec un singe dor\u00e9 sur un symbole de chayote<\/li>\n<li><strong>P\u00e8se 16,84 grammes ; mesure 44 * 21,3 * 11,8 mm<\/strong><\/li>\n<li>Livr\u00e9 avec certificat d&#039;authenticit\u00e9<\/li>\n<li>Id\u00e9al pour un usage quotidien ; accessoire de style d\u00e9contract\u00e9 parfait<\/li>\n<\/ul>\n<p>Yi Pin Qian \u2013 N\u00e9gociant en pierres pr\u00e9cieuses et m\u00e9taux pr\u00e9cieux \u00e0 Singapour \u2013 Num\u00e9ro de licence PS20190000031<\/p>\n<p>\u00a0<\/p>\n<p>*Toutes les jad\u00e9ites achet\u00e9es chez Yi Pin Qian \u00e0 Singapour, les clients peuvent r\u00e9server des cr\u00e9neaux pour le polissage ou une r\u00e9paration mineure en cas de mauvaise manipulation - des frais s&#039;appliquent et uniquement pour les clients de Yi Pin Qian \u00e0 Singapour*<\/p>\n<p>\u00a0<\/p>\n<p><strong>**Types de certificats**<\/strong><\/p>\n<p>\u00a0<\/p>\n<p><strong>NGI (Nan Yang Gemmologie)<\/strong><\/p>\n<p>ou <strong>Certificats \u00e9trangers <\/strong>(Yi Pin Qian utilise uniquement des certificats authentiques provenant de laboratoires \u00e9trangers et contr\u00f4le \u00e9galement la qualit\u00e9 de chacun de nos produits avant de les mettre en vente \u00e0 Singapour)<\/p>\n<p>\u00a0<\/p>\n<p>Chaque produit sur TikTok aura le type de certificat fourni indiqu\u00e9 dans la description. Pour tout client souhaitant envoyer sa commande \u00e0 NGI Singapore, il y aura un d\u00e9lai d&#039;attente pour la livraison de la commande estim\u00e9 \u00e0 environ 4 semaines pour recevoir votre commande. <strong>Les demandes de rapport sur les pierres pr\u00e9cieuses NGI doivent \u00eatre effectu\u00e9es en envoyant un message \u00e0 la boutique TikTok de Yi Pin Qian.<\/strong> Merci, <strong><u>des frais suppl\u00e9mentaires s&#039;appliquent<\/u><\/strong>.<\/p>\n<p>\u00a0<\/p>\n<p><strong>La jad\u00e9ite naturelle n&#039;est pas parfaite, juste un petit rappel : notre jad\u00e9ite naturelle, comme toutes les belles choses de la nature, poss\u00e8de ses caract\u00e9ristiques et ses variations uniques. Nous invitons nos pr\u00e9cieux clients \u00e0 adopter ces variations naturelles. Bon shopping !<\/strong><\/p>\n<p>\u00a0<\/p>\n<p><strong><u>Aucune des photos et des s\u00e9quences vid\u00e9o n&#039;a \u00e9t\u00e9 filtr\u00e9e. Nous encourageons nos clients \u00e0 regarder \u00e9galement les vid\u00e9os d&#039;accompagnement pour une vue plus compl\u00e8te de nos produits<\/u><\/strong><\/p>","protected":false},"excerpt":{"rendered":"<p>Ce collier pendentif en jad\u00e9ite naturelle de type A pr\u00e9sente une texture glac\u00e9e avec une finition brillante et translucide. Le pendentif est con\u00e7u de mani\u00e8re experte avec un singe dor\u00e9 sur le symbole de la chayote, signifiant la long\u00e9vit\u00e9 et les doubles b\u00e9n\u00e9dictions. Cette pi\u00e8ce de jade de collection p\u00e8se 16,84 grammes et mesure 44 * 21,3 * 11,8 mm. Le collier est livr\u00e9 avec un certificat [\u2026]<\/p>","protected":false},"featured_media":5495,"comment_status":"open","ping_status":"closed","template":"","meta":[],"product_brand":[],"product_cat":[196],"product_tag":[],"class_list":{"0":"post-1503","1":"product","2":"type-product","3":"status-publish","4":"has-post-thumbnail","6":"product_cat-vault-collection","8":"first","9":"instock","10":"sale","11":"shipping-taxable","12":"purchasable","13":"product-type-simple"},"_links":{"self":[{"href":"https:\/\/shop.yipinqian.com\/fr\/wp-json\/wp\/v2\/product\/1503","targetHints":{"allow":["GET"]}}],"collection":[{"href":"https:\/\/shop.yipinqian.com\/fr\/wp-json\/wp\/v2\/product"}],"about":[{"href":"https:\/\/shop.yipinqian.com\/fr\/wp-json\/wp\/v2\/types\/product"}],"replies":[{"embeddable":true,"href":"https:\/\/shop.yipinqian.com\/fr\/wp-json\/wp\/v2\/comments?post=1503"}],"version-history":[{"count":0,"href":"https:\/\/shop.yipinqian.com\/fr\/wp-json\/wp\/v2\/product\/1503\/revisions"}],"wp:featuredmedia":[{"embeddable":true,"href":"https:\/\/shop.yipinqian.com\/fr\/wp-json\/wp\/v2\/media\/5495"}],"wp:attachment":[{"href":"https:\/\/shop.yipinqian.com\/fr\/wp-json\/wp\/v2\/media?parent=1503"}],"wp:term":[{"taxonomy":"product_brand","embeddable":true,"href":"https:\/\/shop.yipinqian.com\/fr\/wp-json\/wp\/v2\/product_brand?post=1503"},{"taxonomy":"product_cat","embeddable":true,"href":"https:\/\/shop.yipinqian.com\/fr\/wp-json\/wp\/v2\/product_cat?post=1503"},{"taxonomy":"product_tag","embeddable":true,"href":"https:\/\/shop.yipinqian.com\/fr\/wp-json\/wp\/v2\/product_tag?post=1503"}],"curies":[{"name":"wp","href":"https:\/\/api.w.org\/{rel}","templated":true}]}}