{"id":1502,"date":"2024-10-24T23:19:42","date_gmt":"2024-10-24T15:19:42","guid":{"rendered":"https:\/\/shop.yipinqian.com\/product\/icy-variety-with-good-translucency-natural-type-a-jadeite-bracelet-measurement-at-5-7mm-with-37-beads-certificate-included-weigh-8-60-grams-suitable-for-casual-wear-and-yet-look-elegant-bracelet6\/"},"modified":"2025-02-24T00:49:55","modified_gmt":"2025-02-23T16:49:55","slug":"icy-variety-with-good-translucency-natural-type-a-jadeite-bracelet-measurement-at-5-7mm-with-37-beads-certificate-included-weigh-8-60-grams-suitable-for-casual-wear-and-yet-look-elegant-bracelet6","status":"publish","type":"product","link":"https:\/\/shop.yipinqian.com\/fr\/produit\/icy-variety-with-good-translucency-natural-type-a-jadeite-bracelet-measurement-at-5-7mm-with-37-beads-certificate-included-weigh-8-60-grams-suitable-for-casual-wear-and-yet-look-elegant-bracelet6\/","title":{"rendered":"Bracelet en jad\u00e9ite naturelle de type A de vari\u00e9t\u00e9 glac\u00e9e avec une bonne translucidit\u00e9 mesurant 5,7 mm avec 37 perles, certificat inclus, p\u00e8se 8,60 grammes, convient \u00e0 une tenue d\u00e9contract\u00e9e tout en \u00e9tant \u00e9l\u00e9gant (bracelet6)"},"content":{"rendered":"<p>Ce bracelet en jad\u00e9ite naturelle de type A de bonne translucidit\u00e9 et de couleur glac\u00e9e est un ajout \u00e9tonnant \u00e0 toute collection de bijoux. Les 37 perles mesurent 5,7 mm et p\u00e8sent 8,60 grammes, ce qui le rend adapt\u00e9 \u00e0 un usage quotidien tout en restant \u00e9l\u00e9gant.<\/p>\n<ul>\n<li>\n<strong>Belle conception:<\/strong> Ce bracelet pr\u00e9sente une belle vari\u00e9t\u00e9 glac\u00e9e avec une bonne translucidit\u00e9, rendant chacune des perles unique et accrocheuse.<\/li>\n<li>\n<strong>Certificat inclus :<\/strong> Avec un certificat inclus, vous pouvez \u00eatre s\u00fbr de l&#039;authenticit\u00e9 de ce bracelet en jad\u00e9ite naturelle de type A.<\/li>\n<\/ul>\n<p><strong>Num\u00e9ros de certificat : ZJ23040916371<\/strong><\/p>\n<p><img fetchpriority=\"high\" decoding=\"async\" height=\"1080\" src=\"https:\/\/shop.yipinqian.com\/wp-content\/uploads\/2024\/10\/802de2fe92bf67393a8668662f930398.jpg?from=476444299\" width=\"1080\"><\/p>\n<ul>\n<li>\n<strong>Style f\u00e9minin :<\/strong> Con\u00e7u pour les femmes, ce bracelet en jade est parfait pour celles qui souhaitent ajouter une touche \u00e9l\u00e9gante \u00e0 leurs tenues d\u00e9contract\u00e9es ou habiller n&#039;importe quelle tenue.<\/li>\n<\/ul>\n<p>Le pays d&#039;origine de cette pi\u00e8ce est le Myanmar et elle est accompagn\u00e9e d&#039;un certificat d&#039;authenticit\u00e9. Le type de garantie n&#039;est pas disponible, mais son design \u00e9poustouflant et son savoir-faire de qualit\u00e9 garantissent qu&#039;elle vous durera des ann\u00e9es.<\/p>\n<p>\u00a0<\/p>\n<p>Yi Pin Qian \u2013 N\u00e9gociant en pierres pr\u00e9cieuses et m\u00e9taux pr\u00e9cieux \u00e0 Singapour \u2013 Num\u00e9ro de licence PS20190000031<\/p>\n<p>\u00a0<\/p>\n<p>*Toutes les jad\u00e9ites achet\u00e9es chez Yi Pin Qian \u00e0 Singapour, les clients peuvent r\u00e9server des cr\u00e9neaux pour le polissage ou une r\u00e9paration mineure en cas de mauvaise manipulation - des frais s&#039;appliquent et uniquement pour les clients de Yi Pin Qian \u00e0 Singapour*<\/p>\n<p>\u00a0<\/p>\n<p><strong>**Types de certificats**<\/strong><\/p>\n<p>\u00a0<\/p>\n<p><strong>NGI (Nan Yang Gemmologie)<\/strong><\/p>\n<p>ou <strong>Certificats \u00e9trangers <\/strong>(Yi Pin Qian utilise uniquement des certificats authentiques provenant de laboratoires \u00e9trangers et contr\u00f4le \u00e9galement la qualit\u00e9 de chacun de nos produits avant de les mettre en vente \u00e0 Singapour)<\/p>\n<p>\u00a0<\/p>\n<p>Chaque produit sur TikTok aura le type de certificat fourni indiqu\u00e9 dans la description. Pour tout client souhaitant envoyer sa commande \u00e0 NGI Singapore, il y aura un d\u00e9lai d&#039;attente pour la livraison de la commande estim\u00e9 \u00e0 environ 4 semaines pour recevoir votre commande. <strong>Les demandes de rapport sur les pierres pr\u00e9cieuses NGI doivent \u00eatre effectu\u00e9es en envoyant un message \u00e0 la boutique TikTok de Yi Pin Qian.<\/strong> Merci, <strong><u>des frais suppl\u00e9mentaires s&#039;appliquent<\/u><\/strong>.<\/p>\n<p>\u00a0<\/p>\n<p><strong>La jad\u00e9ite naturelle n&#039;est pas parfaite, juste un petit rappel : notre jad\u00e9ite naturelle, comme toutes les belles choses de la nature, poss\u00e8de ses caract\u00e9ristiques et ses variations uniques. Nous invitons nos pr\u00e9cieux clients \u00e0 adopter ces variations naturelles. Bon shopping !<\/strong><\/p>\n<p>\u00a0<\/p>\n<p><strong><u>Aucune des photos et des s\u00e9quences vid\u00e9o n&#039;a \u00e9t\u00e9 filtr\u00e9e. Nous encourageons nos clients \u00e0 regarder \u00e9galement les vid\u00e9os d&#039;accompagnement pour une vue plus compl\u00e8te de nos produits<\/u><\/strong><\/p>","protected":false},"excerpt":{"rendered":"<p>Ce bracelet en jad\u00e9ite naturelle de type A de vari\u00e9t\u00e9 glac\u00e9e avec une bonne translucidit\u00e9 est un ajout \u00e9tonnant \u00e0 toute collection de bijoux. Les 37 perles mesurent 5,7 mm et p\u00e8sent 8,60 grammes, ce qui le rend adapt\u00e9 \u00e0 un usage quotidien tout en restant \u00e9l\u00e9gant. Beau design : ce bracelet pr\u00e9sente une belle vari\u00e9t\u00e9 glac\u00e9e avec une bonne translucidit\u00e9, ce qui rend chacune des [\u2026]<\/p>","protected":false},"featured_media":5486,"comment_status":"open","ping_status":"closed","template":"","meta":[],"product_brand":[],"product_cat":[194],"product_tag":[],"class_list":{"0":"post-1502","1":"product","2":"type-product","3":"status-publish","4":"has-post-thumbnail","6":"product_cat-value-picks","8":"first","9":"instock","10":"sale","11":"shipping-taxable","12":"purchasable","13":"product-type-simple"},"_links":{"self":[{"href":"https:\/\/shop.yipinqian.com\/fr\/wp-json\/wp\/v2\/product\/1502","targetHints":{"allow":["GET"]}}],"collection":[{"href":"https:\/\/shop.yipinqian.com\/fr\/wp-json\/wp\/v2\/product"}],"about":[{"href":"https:\/\/shop.yipinqian.com\/fr\/wp-json\/wp\/v2\/types\/product"}],"replies":[{"embeddable":true,"href":"https:\/\/shop.yipinqian.com\/fr\/wp-json\/wp\/v2\/comments?post=1502"}],"version-history":[{"count":0,"href":"https:\/\/shop.yipinqian.com\/fr\/wp-json\/wp\/v2\/product\/1502\/revisions"}],"wp:featuredmedia":[{"embeddable":true,"href":"https:\/\/shop.yipinqian.com\/fr\/wp-json\/wp\/v2\/media\/5486"}],"wp:attachment":[{"href":"https:\/\/shop.yipinqian.com\/fr\/wp-json\/wp\/v2\/media?parent=1502"}],"wp:term":[{"taxonomy":"product_brand","embeddable":true,"href":"https:\/\/shop.yipinqian.com\/fr\/wp-json\/wp\/v2\/product_brand?post=1502"},{"taxonomy":"product_cat","embeddable":true,"href":"https:\/\/shop.yipinqian.com\/fr\/wp-json\/wp\/v2\/product_cat?post=1502"},{"taxonomy":"product_tag","embeddable":true,"href":"https:\/\/shop.yipinqian.com\/fr\/wp-json\/wp\/v2\/product_tag?post=1502"}],"curies":[{"name":"wp","href":"https:\/\/api.w.org\/{rel}","templated":true}]}}