{"id":1498,"date":"2024-10-24T23:19:40","date_gmt":"2024-10-24T15:19:40","guid":{"rendered":"https:\/\/shop.yipinqian.com\/product\/icy-variety-translucent-with-green-natural-type-a-jadeite-pendant-necklace-crafted-as-the-faceless-buddha-with-symbols-of-holy-and-blessed-blessings-of-wealth-prosperity-and-happiness-with-certificate\/"},"modified":"2025-02-17T00:03:54","modified_gmt":"2025-02-16T16:03:54","slug":"icy-variety-translucent-with-green-natural-type-a-jadeite-pendant-necklace-crafted-as-the-faceless-buddha-with-symbols-of-holy-and-blessed-blessings-of-wealth-prosperity-and-happiness-with-certificate","status":"publish","type":"product","link":"https:\/\/shop.yipinqian.com\/fr\/produit\/icy-variety-translucent-with-green-natural-type-a-jadeite-pendant-necklace-crafted-as-the-faceless-buddha-with-symbols-of-holy-and-blessed-blessings-of-wealth-prosperity-and-happiness-with-certificate\/","title":{"rendered":"Icy variety Translucent with green Natural Type A Jadeite Pendant Necklace crafted as the faceless buddha with symbols of Holy and blessed blessings of wealth, prosperity and happiness with certificate weigh 11.02 grams, 49.9 * 19.9 * 7 mm (pendant34)"},"content":{"rendered":"<p>This Icy Translucent with green patches Natural Type A Jadeite Pendant Necklace is a stunning piece of jewelry that symbolizes wealth, prosperity, and happiness.<\/p>\n<ul>\n<li>\n<strong>Magnifiquement con\u00e7u :<\/strong> The pendant necklace is crafted with precision and care to depict the faceless buddha symbols.<\/li>\n<li>\n<strong>Jad\u00e9ite naturelle de type A :<\/strong> Made of high-quality natural type A jadeite, this necklace is a fine piece of jewelry that you\u2019ll cherish for years to come.<\/li>\n<li>\n<strong>Certificat inclus :<\/strong> This pendant necklace comes with a certificate of authenticity to ensure its quality and genuineness.<\/li>\n<\/ul>\n<p><strong>Certificate numbers: GD2205H004656<\/strong><\/p>\n<p><img fetchpriority=\"high\" decoding=\"async\" height=\"1080\" src=\"https:\/\/shop.yipinqian.com\/wp-content\/uploads\/2024\/10\/dca6c4a543b0559b50ceef2723b078ac.jpg?from=476444299\" width=\"1080\"><\/p>\n<p>This pendant necklace from Myanmar weighs 11.02 grams and measures 49.9 * 19.9 * 7 mm, making it an ideal accessory for daily wear.<\/p>\n<ul>\n<li>\n<strong>Style de collier d\u00e9contract\u00e9 :<\/strong>The casual style makes it perfect for everyday wear or layering with other necklaces<\/li>\n<li>.<\/li>\n<\/ul>\n<p>This unisex jade necklace makes an excellent gift or addition to your personal collection as it carries the blessings of wealth, prosperity, and happiness &#8211; making every day feel special!<\/p>\n<p>\u00a0<\/p>\n<p>Yi Pin Qian \u2013 N\u00e9gociant en pierres pr\u00e9cieuses et m\u00e9taux pr\u00e9cieux \u00e0 Singapour \u2013 Num\u00e9ro de licence PS20190000031<\/p>\n<p>\u00a0<\/p>\n<p>*Toutes les jad\u00e9ites achet\u00e9es chez Yi Pin Qian \u00e0 Singapour, les clients peuvent r\u00e9server des cr\u00e9neaux pour le polissage ou une r\u00e9paration mineure en cas de mauvaise manipulation - des frais s&#039;appliquent et uniquement pour les clients de Yi Pin Qian \u00e0 Singapour*<\/p>\n<p>\u00a0<\/p>\n<p><strong>**Types de certificats**<\/strong><\/p>\n<p>\u00a0<\/p>\n<p><strong>NGI (Nan Yang Gemmologie)<\/strong><\/p>\n<p>ou <strong>Certificats \u00e9trangers <\/strong>(Yi Pin Qian utilise uniquement des certificats authentiques provenant de laboratoires \u00e9trangers et contr\u00f4le \u00e9galement la qualit\u00e9 de chacun de nos produits avant de les mettre en vente \u00e0 Singapour)<\/p>\n<p>\u00a0<\/p>\n<p>Chaque produit sur TikTok aura le type de certificat fourni indiqu\u00e9 dans la description. Pour tout client souhaitant envoyer sa commande \u00e0 NGI Singapore, il y aura un d\u00e9lai d&#039;attente pour la livraison de la commande estim\u00e9 \u00e0 environ 4 semaines pour recevoir votre commande. <strong>Les demandes de rapport sur les pierres pr\u00e9cieuses NGI doivent \u00eatre effectu\u00e9es en envoyant un message \u00e0 la boutique TikTok de Yi Pin Qian.<\/strong> Merci, <strong><u>des frais suppl\u00e9mentaires s&#039;appliquent<\/u><\/strong>.<\/p>\n<p>\u00a0<\/p>\n<p><strong>La jad\u00e9ite naturelle n&#039;est pas parfaite, juste un petit rappel : notre jad\u00e9ite naturelle, comme toutes les belles choses de la nature, poss\u00e8de ses caract\u00e9ristiques et ses variations uniques. Nous invitons nos pr\u00e9cieux clients \u00e0 adopter ces variations naturelles. Bon shopping !<\/strong><\/p>\n<p>\u00a0<\/p>\n<p><strong><u>Aucune des photos et des s\u00e9quences vid\u00e9o n&#039;a \u00e9t\u00e9 filtr\u00e9e. Nous encourageons nos clients \u00e0 regarder \u00e9galement les vid\u00e9os d&#039;accompagnement pour une vue plus compl\u00e8te de nos produits<\/u><\/strong><\/p>","protected":false},"excerpt":{"rendered":"<p>This Icy Translucent with green patches Natural Type A Jadeite Pendant Necklace is a stunning piece of jewelry that symbolizes wealth, prosperity, and happiness. Beautifully Crafted: The pendant necklace is crafted with precision and care to depict the faceless buddha symbols. Natural Type A Jadeite: Made of high-quality natural type A jadeite, this necklace is [&hellip;]<\/p>","protected":false},"featured_media":5456,"comment_status":"open","ping_status":"closed","template":"","meta":[],"product_brand":[],"product_cat":[48],"product_tag":[],"class_list":{"0":"post-1498","1":"product","2":"type-product","3":"status-publish","4":"has-post-thumbnail","6":"product_cat-pendants","8":"first","9":"instock","10":"sale","11":"shipping-taxable","12":"purchasable","13":"product-type-simple"},"_links":{"self":[{"href":"https:\/\/shop.yipinqian.com\/fr\/wp-json\/wp\/v2\/product\/1498","targetHints":{"allow":["GET"]}}],"collection":[{"href":"https:\/\/shop.yipinqian.com\/fr\/wp-json\/wp\/v2\/product"}],"about":[{"href":"https:\/\/shop.yipinqian.com\/fr\/wp-json\/wp\/v2\/types\/product"}],"replies":[{"embeddable":true,"href":"https:\/\/shop.yipinqian.com\/fr\/wp-json\/wp\/v2\/comments?post=1498"}],"version-history":[{"count":0,"href":"https:\/\/shop.yipinqian.com\/fr\/wp-json\/wp\/v2\/product\/1498\/revisions"}],"wp:featuredmedia":[{"embeddable":true,"href":"https:\/\/shop.yipinqian.com\/fr\/wp-json\/wp\/v2\/media\/5456"}],"wp:attachment":[{"href":"https:\/\/shop.yipinqian.com\/fr\/wp-json\/wp\/v2\/media?parent=1498"}],"wp:term":[{"taxonomy":"product_brand","embeddable":true,"href":"https:\/\/shop.yipinqian.com\/fr\/wp-json\/wp\/v2\/product_brand?post=1498"},{"taxonomy":"product_cat","embeddable":true,"href":"https:\/\/shop.yipinqian.com\/fr\/wp-json\/wp\/v2\/product_cat?post=1498"},{"taxonomy":"product_tag","embeddable":true,"href":"https:\/\/shop.yipinqian.com\/fr\/wp-json\/wp\/v2\/product_tag?post=1498"}],"curies":[{"name":"wp","href":"https:\/\/api.w.org\/{rel}","templated":true}]}}