{"id":14962,"date":"2024-12-17T16:31:05","date_gmt":"2024-12-17T08:31:05","guid":{"rendered":"https:\/\/shop.yipinqian.com\/icy-translucent-unique-square-column-shape-natural-type-a-jadeite-jade-pendant-with-18k-clasp-certificate-weighs-3-1-grams-measurement-29-1-5-7-5-4-mm-18kp92\/"},"modified":"2025-02-24T00:49:44","modified_gmt":"2025-02-23T16:49:44","slug":"icy-translucent-unique-square-column-shape-natural-type-a-jadeite-jade-pendant-with-18k-clasp-certificate-weighs-3-1-grams-measurement-29-1-5-7-5-4-mm-18kp92","status":"publish","type":"product","link":"https:\/\/shop.yipinqian.com\/fr\/produit\/icy-translucent-unique-square-column-shape-natural-type-a-jadeite-jade-pendant-with-18k-clasp-certificate-weighs-3-1-grams-measurement-29-1-5-7-5-4-mm-18kp92\/","title":{"rendered":"Pendentif en jade jad\u00e9ite translucide carr\u00e9 unique en forme de colonne de type A naturel avec certificat de fermoir 18 carats p\u00e8se 3,1 grammes, mesure 29,1 * 5,7 * 5,4 mm (18kp92)"},"content":{"rendered":"<p><iframe title=\"Pendentif en or 18 carats de forme cylindrique\" src=\"https:\/\/youtube.com\/embed\/BvC4VD_xRSw\" width=\"330\" height=\"300\"><\/iframe><\/p>\n<p>D\u00e9couvrez la beaut\u00e9 du pendentif en jade jad\u00e9ite de type A naturel translucide de forme carr\u00e9e unique, dot\u00e9 d&#039;un \u00e9l\u00e9gant fermoir en or 18 carats. Cette pi\u00e8ce exquise est parfaite pour un usage quotidien, mettant en valeur son charme naturel et son savoir-faire.<\/p>\n<p>\u00a0<\/p>\n<p>Num\u00e9ros de certificat : GD2205H004654<\/p>\n<p>Fermoir en or 18 carats : 0,45 gramme<\/p>\n<p><img fetchpriority=\"high\" decoding=\"async\" src=\"https:\/\/shop.yipinqian.com\/wp-content\/uploads\/2024\/12\/70441407d91e4cda8a052aaa9975f744tplv-aphluv4xwc-origin-jpeg.jpeg?dr=15568&amp;nonce=13117&amp;refresh_token=c34f914ba02e4d7e9f83456de1f46e5a&amp;from=476444299&amp;idc=my2&amp;ps=933b5bde&amp;shcp=9b759fb9&amp;shp=1c65f68b&amp;t=555f072d\" width=\"1536\" height=\"2048\" \/><\/p>\n<ul>\n<li><strong>Mat\u00e9riel:<\/strong> Jad\u00e9ite naturelle de type A avec or PT\/carat<\/li>\n<li><strong>Poids:<\/strong> 3,1 grammes<\/li>\n<li><strong>Mesures:<\/strong> 29,1 * 5,7 * 5,4 mm<\/li>\n<li><strong>Origine:<\/strong> Birmanie<\/li>\n<li><strong>Certificat: Oui<\/strong><\/li>\n<\/ul>\n<p><img decoding=\"async\" src=\"https:\/\/shop.yipinqian.com\/wp-content\/uploads\/2024\/12\/7e3109e0514741b0bf9a5ca498cbe726tplv-aphluv4xwc-origin-jpeg.jpeg?dr=15568&amp;nonce=86216&amp;refresh_token=2571dfba2bd005033ad1f29f94738668&amp;from=476444299&amp;idc=my2&amp;ps=933b5bde&amp;shcp=9b759fb9&amp;shp=1c65f68b&amp;t=555f072d\" width=\"1080\" height=\"1080\" \/><\/p>\n<p><strong>Ce pendentif unisexe est un accessoire d\u00e9contract\u00e9 qui ajoute une touche d&#039;\u00e9l\u00e9gance \u00e0 n&#039;importe quelle tenue.<\/strong><\/p>\n<p>\u00a0<\/p>\n<p>Yi Pin Qian \u2013 N\u00e9gociant en pierres pr\u00e9cieuses et m\u00e9taux pr\u00e9cieux \u00e0 Singapour \u2013 Num\u00e9ro de licence PS20190000031<\/p>\n<p>\u00a0<\/p>\n<p>*Toutes les jad\u00e9ites achet\u00e9es chez Yi Pin Qian \u00e0 Singapour, les clients peuvent r\u00e9server des cr\u00e9neaux pour le polissage ou une r\u00e9paration mineure en cas de mauvaise manipulation - des frais s&#039;appliquent et uniquement pour les clients de Yi Pin Qian \u00e0 Singapour*<\/p>\n<p>\u00a0<\/p>\n<p><strong>**Types de certificats**<\/strong><\/p>\n<p>\u00a0<\/p>\n<p><strong>NGI (Nan Yang Gemmologie)<\/strong><\/p>\n<p>ou <strong>Certificats \u00e9trangers <\/strong>(Yi Pin Qian utilise uniquement des certificats authentiques provenant de laboratoires \u00e9trangers et contr\u00f4le \u00e9galement la qualit\u00e9 de chacun de nos produits avant de les mettre en vente \u00e0 Singapour)<\/p>\n<p>\u00a0<\/p>\n<p>Chaque produit aura le type de certificat fourni indiqu\u00e9 dans la description. Pour tout client souhaitant envoyer sa commande \u00e0 NGI Singapore, <strong>Les demandes de rapport NGI Gemstone doivent \u00eatre effectu\u00e9es en nous envoyant un message.<\/strong> Merci, <strong><u>des frais suppl\u00e9mentaires s&#039;appliquent<\/u><\/strong> \u2013 $90 pour la jad\u00e9ite \/ $150 pour la jad\u00e9ite avec de l\u2019or 18 carats \u2013 ce n\u2019est pas obligatoire car la plupart de nos produits sont d\u00e9j\u00e0 livr\u00e9s avec un certificat d\u2019outre-mer ou un rapport NGI.<\/p>\n<p>\u00a0<\/p>\n<p>(Pour plus de d\u00e9tails ou demande suppl\u00e9mentaire : <strong>Veuillez nous envoyer un message si vous souhaitez envoyer votre article achet\u00e9 au laboratoire de test NGI<\/strong>)<\/p>\n<p>\u00a0<\/p>\n<p><strong>La jad\u00e9ite naturelle n&#039;est pas parfaite, juste un petit rappel : notre jad\u00e9ite naturelle, comme toutes les belles choses de la nature, poss\u00e8de ses caract\u00e9ristiques et ses variations uniques. Nous invitons nos pr\u00e9cieux clients \u00e0 adopter ces variations naturelles. Bon shopping !<\/strong><\/p>\n<p>\u00a0<\/p>\n<p><strong><u>Aucune des photos et des s\u00e9quences vid\u00e9o n&#039;a \u00e9t\u00e9 filtr\u00e9e. Nous encourageons nos clients \u00e0 regarder \u00e9galement les vid\u00e9os d&#039;accompagnement pour une vue plus compl\u00e8te de nos produits<\/u><\/strong><\/p>\n<p>\u00a0<\/p>\n<ul>\n<li>Diff\u00e9rentes plates-formes ne peuvent visionner des vid\u00e9os que via le bureau<\/li>\n<\/ul>","protected":false},"excerpt":{"rendered":"<p>Discover the beauty of the Icy Translucent Unique Square Column Shape Natural Type A Jadeite Jade Pendant, featuring an elegant 18k clasp. This exquisite piece is perfect for daily wear, showcasing its natural charm and craftsmanship. \u00a0 Certificate numbers: GD2205H004654 18k Gold Clasp: 0.45 grams Material: Natural Type A Jadeite with PT\/Carat Gold Weight: 3.1 [&hellip;]<\/p>","protected":false},"featured_media":14980,"comment_status":"open","ping_status":"closed","template":"","meta":[],"product_brand":[],"product_cat":[194],"product_tag":[50,52,69,65,54,55,56,73,59,60,61],"class_list":{"0":"post-14962","1":"product","2":"type-product","3":"status-publish","4":"has-post-thumbnail","6":"product_cat-value-picks","7":"product_tag-18k-gold","8":"product_tag-certified","9":"product_tag-clasp","10":"product_tag-high-quality","11":"product_tag-icy","12":"product_tag-jadeite","13":"product_tag-limited-editions","14":"product_tag-pendant","15":"product_tag-translucent","16":"product_tag-type-a-jadeite","17":"product_tag-unisex","19":"first","20":"instock","21":"sale","22":"shipping-taxable","23":"purchasable","24":"product-type-simple"},"_links":{"self":[{"href":"https:\/\/shop.yipinqian.com\/fr\/wp-json\/wp\/v2\/product\/14962","targetHints":{"allow":["GET"]}}],"collection":[{"href":"https:\/\/shop.yipinqian.com\/fr\/wp-json\/wp\/v2\/product"}],"about":[{"href":"https:\/\/shop.yipinqian.com\/fr\/wp-json\/wp\/v2\/types\/product"}],"replies":[{"embeddable":true,"href":"https:\/\/shop.yipinqian.com\/fr\/wp-json\/wp\/v2\/comments?post=14962"}],"version-history":[{"count":0,"href":"https:\/\/shop.yipinqian.com\/fr\/wp-json\/wp\/v2\/product\/14962\/revisions"}],"wp:featuredmedia":[{"embeddable":true,"href":"https:\/\/shop.yipinqian.com\/fr\/wp-json\/wp\/v2\/media\/14980"}],"wp:attachment":[{"href":"https:\/\/shop.yipinqian.com\/fr\/wp-json\/wp\/v2\/media?parent=14962"}],"wp:term":[{"taxonomy":"product_brand","embeddable":true,"href":"https:\/\/shop.yipinqian.com\/fr\/wp-json\/wp\/v2\/product_brand?post=14962"},{"taxonomy":"product_cat","embeddable":true,"href":"https:\/\/shop.yipinqian.com\/fr\/wp-json\/wp\/v2\/product_cat?post=14962"},{"taxonomy":"product_tag","embeddable":true,"href":"https:\/\/shop.yipinqian.com\/fr\/wp-json\/wp\/v2\/product_tag?post=14962"}],"curies":[{"name":"wp","href":"https:\/\/api.w.org\/{rel}","templated":true}]}}