{"id":14952,"date":"2024-12-17T16:30:21","date_gmt":"2024-12-17T08:30:21","guid":{"rendered":"https:\/\/shop.yipinqian.com\/crafted-as-buddha-with-a-fengshui-wheel-as-pendant-on-natural-type-a-jadeite-jade-certificate-weighs-18-79-grams-measurement-65-1-23-6-6-mm-pendant384\/"},"modified":"2025-02-24T01:17:23","modified_gmt":"2025-02-23T17:17:23","slug":"crafted-as-buddha-with-a-fengshui-wheel-as-pendant-on-natural-type-a-jadeite-jade-certificate-weighs-18-79-grams-measurement-65-1-23-6-6-mm-pendant384","status":"publish","type":"product","link":"https:\/\/shop.yipinqian.com\/fr\/produit\/crafted-as-buddha-with-a-fengshui-wheel-as-pendant-on-natural-type-a-jadeite-jade-certificate-weighs-18-79-grams-measurement-65-1-23-6-6-mm-pendant384\/","title":{"rendered":"Fabriqu\u00e9 en forme de Bouddha avec une roue Fengshui en pendentif sur du jade jad\u00e9ite naturel de type A, le certificat p\u00e8se 18,79 grammes, mesure 65,1 * 23 * 6,6 mm (pendentif384)"},"content":{"rendered":"<p><iframe title=\"Pendentif Bouddha translucide glac\u00e9\" src=\"https:\/\/youtube.com\/embed\/_4x3WYNa_i4\" width=\"330\" height=\"300\"><\/iframe><\/p>\n<p>D\u00e9couvrez l&#039;\u00e9l\u00e9gance de notre pendentif Bouddha en jade jad\u00e9ite, con\u00e7u avec soin \u00e0 l&#039;aide d&#039;une roue Feng Shui. Cette pi\u00e8ce exquise allie spiritualit\u00e9 et style, parfaite pour toutes les occasions.<\/p>\n<p><\/p>\n<p>Num\u00e9ros de certificat : GD2112H009367<\/p>\n<p><img fetchpriority=\"high\" decoding=\"async\" src=\"https:\/\/shop.yipinqian.com\/wp-content\/uploads\/2024\/12\/cb94803504bb43a7b0c04039298eec98tplv-aphluv4xwc-origin-jpeg.jpeg?dr=15568&#038;nonce=54091&#038;refresh_token=c2ffcb997e0dcf66801aed99413e4fb4&#038;from=476444299&#038;idc=my2&#038;ps=933b5bde&#038;shcp=9b759fb9&#038;shp=1c65f68b&#038;t=555f072d\" width=\"1080\" height=\"1080\"><\/p>\n<ul>\n<li>\n<strong>Mat\u00e9riau de qualit\u00e9 :<\/strong> Fabriqu\u00e9 \u00e0 partir de jade jad\u00e9ite naturel de type A.<\/li>\n<li>\n<strong>Poids et dimensions :<\/strong> P\u00e8se 18,79 grammes ; mesure 65,1 * 23 * 6,6 mm.<\/li>\n<li>\n<strong>Importance culturelle :<\/strong> Symbolise le bon augure et la bonne fortune.<\/li>\n<li>\n<strong>Authenticit\u00e9 certifi\u00e9e :<\/strong> Livr\u00e9 avec un certificat d&#039;authenticit\u00e9<\/li>\n<li>\n<strong>Convient \u00e0 tous les sexes :<\/strong> Design unisexe adapt\u00e9 \u00e0 la collection de chacun.<\/li>\n<\/ul>\n<p><img decoding=\"async\" src=\"https:\/\/shop.yipinqian.com\/wp-content\/uploads\/2024\/12\/dd8babc6481a4ea18a213641b6f0c01dtplv-aphluv4xwc-origin-jpeg.jpeg?dr=15568&#038;nonce=67237&#038;refresh_token=23537961d3f55e8ce627a4f682edcf92&#038;from=476444299&#038;idc=my2&#038;ps=933b5bde&#038;shcp=9b759fb9&#038;shp=1c65f68b&#038;t=555f072d\" width=\"1200\" height=\"1600\"><img decoding=\"async\" src=\"https:\/\/shop.yipinqian.com\/wp-content\/uploads\/2024\/12\/05357ea4f1e54171a423cb4a052c53ddtplv-aphluv4xwc-origin-jpeg.jpeg?dr=15568&#038;nonce=35391&#038;refresh_token=2414ecb7ab5a5f6fd3b90f5890ee62d8&#038;from=476444299&#038;idc=my2&#038;ps=933b5bde&#038;shcp=9b759fb9&#038;shp=1c65f68b&#038;t=555f072d\" width=\"1080\" height=\"1080\"><\/p>\n<p>Ce style de collier d\u00e9contract\u00e9 est \u00e0 la fois un accessoire \u00e9poustouflant et un talisman significatif, ce qui en fait un cadeau id\u00e9al ou un tr\u00e9sor personnel !<\/p>\n<p><\/p>\n<p>Yi Pin Qian \u2013 N\u00e9gociant en pierres pr\u00e9cieuses et m\u00e9taux pr\u00e9cieux \u00e0 Singapour \u2013 Num\u00e9ro de licence PS20190000031<\/p>\n<p><\/p>\n<p>*Toutes les jad\u00e9ites achet\u00e9es chez Yi Pin Qian \u00e0 Singapour, les clients peuvent r\u00e9server des cr\u00e9neaux pour le polissage ou une r\u00e9paration mineure en cas de mauvaise manipulation - des frais s&#039;appliquent et uniquement pour les clients de Yi Pin Qian \u00e0 Singapour*<\/p>\n<p><\/p>\n<p><strong>**Types de certificats**<\/strong><\/p>\n<p><\/p>\n<p><strong>NGI (Nan Yang Gemmologie)<\/strong><\/p>\n<p>ou <strong>Certificats \u00e9trangers <\/strong>(Yi Pin Qian utilise uniquement des certificats authentiques provenant de laboratoires \u00e9trangers et contr\u00f4le \u00e9galement la qualit\u00e9 de chacun de nos produits avant de les mettre en vente \u00e0 Singapour)<\/p>\n<p><\/p>\n<p>Chaque produit aura le type de certificat fourni indiqu\u00e9 dans la description. Pour tout client souhaitant envoyer sa commande \u00e0 NGI Singapore, <strong>Les demandes de rapport NGI Gemstone doivent \u00eatre effectu\u00e9es en nous envoyant un message.<\/strong> Merci, <strong><u>des frais suppl\u00e9mentaires s&#039;appliquent<\/u><\/strong> \u2013 $90 pour la jad\u00e9ite \/ $150 pour la jad\u00e9ite avec de l\u2019or 18 carats \u2013 ce n\u2019est pas obligatoire car la plupart de nos produits sont d\u00e9j\u00e0 livr\u00e9s avec un certificat d\u2019outre-mer ou un rapport NGI.<\/p>\n<p><\/p>\n<p>(Pour plus de d\u00e9tails ou demande suppl\u00e9mentaire : <strong>Veuillez nous envoyer un message si vous souhaitez envoyer votre article achet\u00e9 au laboratoire de test NGI<\/strong>)<\/p>\n<p><\/p>\n<p><strong>La jad\u00e9ite naturelle n&#039;est pas parfaite, juste un petit rappel : notre jad\u00e9ite naturelle, comme toutes les belles choses de la nature, poss\u00e8de ses caract\u00e9ristiques et ses variations uniques. Nous invitons nos pr\u00e9cieux clients \u00e0 adopter ces variations naturelles. Bon shopping !<\/strong><\/p>\n<p><\/p>\n<p><strong><u>Aucune des photos et des s\u00e9quences vid\u00e9o n&#039;a \u00e9t\u00e9 filtr\u00e9e. Nous encourageons nos clients \u00e0 regarder \u00e9galement les vid\u00e9os d&#039;accompagnement pour une vue plus compl\u00e8te de nos produits<\/u><\/strong><\/p>\n<p><\/p>\n<ul>\n<li>Diff\u00e9rentes plates-formes ne peuvent visionner des vid\u00e9os que via le bureau<\/li>\n<\/ul>","protected":false},"excerpt":{"rendered":"<p>Discover the elegance of our Jadeite Jade Buddha Pendant, intricately designed with a Fengshui Wheel. This exquisite piece combines spirituality and style, perfect for any occasion. Certificate numbers: GD2112H009367 Quality Material: Made from Natural Type A Jadeite jade. Weight and Dimensions: Weighs 18.79 grams; measures 65.1 * 23 * 6.6 mm. Cultural Significance: Symbolizes auspiciousness [&hellip;]<\/p>","protected":false},"featured_media":14966,"comment_status":"open","ping_status":"closed","template":"","meta":[],"product_brand":[],"product_cat":[195],"product_tag":[51,52,65,54,55,58,59,60,61,62],"class_list":{"0":"post-14952","1":"product","2":"type-product","3":"status-publish","4":"has-post-thumbnail","6":"product_cat-heirloom-grade","7":"product_tag-buddha","8":"product_tag-certified","9":"product_tag-high-quality","10":"product_tag-icy","11":"product_tag-jadeite","12":"product_tag-new-arrivals","13":"product_tag-translucent","14":"product_tag-type-a-jadeite","15":"product_tag-unisex","16":"product_tag-yi-pin-qian-exclusive","18":"first","19":"instock","20":"sale","21":"shipping-taxable","22":"purchasable","23":"product-type-simple"},"_links":{"self":[{"href":"https:\/\/shop.yipinqian.com\/fr\/wp-json\/wp\/v2\/product\/14952","targetHints":{"allow":["GET"]}}],"collection":[{"href":"https:\/\/shop.yipinqian.com\/fr\/wp-json\/wp\/v2\/product"}],"about":[{"href":"https:\/\/shop.yipinqian.com\/fr\/wp-json\/wp\/v2\/types\/product"}],"replies":[{"embeddable":true,"href":"https:\/\/shop.yipinqian.com\/fr\/wp-json\/wp\/v2\/comments?post=14952"}],"version-history":[{"count":0,"href":"https:\/\/shop.yipinqian.com\/fr\/wp-json\/wp\/v2\/product\/14952\/revisions"}],"wp:featuredmedia":[{"embeddable":true,"href":"https:\/\/shop.yipinqian.com\/fr\/wp-json\/wp\/v2\/media\/14966"}],"wp:attachment":[{"href":"https:\/\/shop.yipinqian.com\/fr\/wp-json\/wp\/v2\/media?parent=14952"}],"wp:term":[{"taxonomy":"product_brand","embeddable":true,"href":"https:\/\/shop.yipinqian.com\/fr\/wp-json\/wp\/v2\/product_brand?post=14952"},{"taxonomy":"product_cat","embeddable":true,"href":"https:\/\/shop.yipinqian.com\/fr\/wp-json\/wp\/v2\/product_cat?post=14952"},{"taxonomy":"product_tag","embeddable":true,"href":"https:\/\/shop.yipinqian.com\/fr\/wp-json\/wp\/v2\/product_tag?post=14952"}],"curies":[{"name":"wp","href":"https:\/\/api.w.org\/{rel}","templated":true}]}}