{"id":14949,"date":"2024-12-17T16:30:04","date_gmt":"2024-12-17T08:30:04","guid":{"rendered":"https:\/\/shop.yipinqian.com\/209-beads-long-bracelet-or-necklace-natural-type-a-jadeite-jade-certificate-weighs-45-78-grams-size-please-see-descriptions-bracelet38\/"},"modified":"2025-02-24T00:49:44","modified_gmt":"2025-02-23T16:49:44","slug":"209-beads-long-bracelet-or-necklace-natural-type-a-jadeite-jade-certificate-weighs-45-78-grams-size-please-see-descriptions-bracelet38","status":"publish","type":"product","link":"https:\/\/shop.yipinqian.com\/fr\/produit\/209-beads-long-bracelet-or-necklace-natural-type-a-jadeite-jade-certificate-weighs-45-78-grams-size-please-see-descriptions-bracelet38\/","title":{"rendered":"Bracelet ou collier long de 209 perles Le certificat de jade jad\u00e9ite naturel de type A p\u00e8se 45,78 grammes, pour la taille, veuillez consulter les descriptions (bracelet38)"},"content":{"rendered":"<p><iframe title=\"Collier long translucide glac\u00e9\" src=\"https:\/\/youtube.com\/embed\/83C7eK5SBV0\" width=\"330\" height=\"300\"><\/iframe><\/p>\n<p>D\u00e9couvrez l&#039;\u00e9l\u00e9gance du long bracelet ou collier de 209 perles fabriqu\u00e9 \u00e0 partir de jade jad\u00e9ite naturel de type A.<\/p>\n<p>\u00a0<\/p>\n<p>Num\u00e9ros de certificat : GD2010H006277<\/p>\n<p>\u00a0<\/p>\n<p>186 Forme de tambour Blanc glac\u00e9 * 5,6 mm<\/p>\n<p>14 Forme de tambour Vert clair * 5,6 mm<\/p>\n<p>7 Forme de tambour Jaune * 5,6 mm<\/p>\n<p>1 Forme ronde Jaune * 8,8 mm<\/p>\n<p>\u00a0<\/p>\n<p>(Bonne Perfection 93%)<\/p>\n<ul>\n<li><strong>Conception impressionnante :<\/strong> Comprend 209 perles magnifiquement polies, parfaites pour un usage quotidien.<\/li>\n<li><strong>Qualit\u00e9 certifi\u00e9e :<\/strong> Livr\u00e9 avec un certificat confirmant son authenticit\u00e9 et p\u00e8se 45,78 grammes.<\/li>\n<li><strong>Origine:<\/strong> Sourcing expert en provenance du Myanmar, garantissant un jade de premi\u00e8re qualit\u00e9.<\/li>\n<li><strong>Convient \u00e0 tout le monde :<\/strong> Design unisexe id\u00e9al pour toute occasion ou pr\u00e9f\u00e9rence de style.<\/li>\n<\/ul>\n<p>Cette pi\u00e8ce polyvalente peut \u00eatre port\u00e9e en bracelet ou en collier, ce qui en fait un ajout exquis \u00e0 toute collection de bijoux.<\/p>\n<p>\u00a0<\/p>\n<p>Yi Pin Qian \u2013 N\u00e9gociant en pierres pr\u00e9cieuses et m\u00e9taux pr\u00e9cieux \u00e0 Singapour \u2013 Num\u00e9ro de licence PS20190000031<\/p>\n<p>\u00a0<\/p>\n<p>*Toutes les jad\u00e9ites achet\u00e9es chez Yi Pin Qian \u00e0 Singapour, les clients peuvent r\u00e9server des cr\u00e9neaux pour le polissage ou une r\u00e9paration mineure en cas de mauvaise manipulation - des frais s&#039;appliquent et uniquement pour les clients de Yi Pin Qian \u00e0 Singapour*<\/p>\n<p>\u00a0<\/p>\n<p><strong>**Types de certificats**<\/strong><\/p>\n<p>\u00a0<\/p>\n<p><strong>NGI (Nan Yang Gemmologie)<\/strong><\/p>\n<p>ou <strong>Certificats \u00e9trangers <\/strong>(Yi Pin Qian utilise uniquement des certificats authentiques provenant de laboratoires \u00e9trangers et contr\u00f4le \u00e9galement la qualit\u00e9 de chacun de nos produits avant de les mettre en vente \u00e0 Singapour)<\/p>\n<p>\u00a0<\/p>\n<p>Chaque produit aura le type de certificat fourni indiqu\u00e9 dans la description. Pour tout client souhaitant envoyer sa commande \u00e0 NGI Singapore, <strong>Les demandes de rapport NGI Gemstone doivent \u00eatre effectu\u00e9es en nous envoyant un message.<\/strong> Merci, <strong><u>des frais suppl\u00e9mentaires s&#039;appliquent<\/u><\/strong> \u2013 $90 pour la jad\u00e9ite \/ $150 pour la jad\u00e9ite avec or 18 carats \/ $150 pour les perles de jad\u00e9ite \u2013 ce n\u2019est pas obligatoire car la plupart de nos produits sont d\u00e9j\u00e0 livr\u00e9s avec un certificat d\u2019outre-mer ou un rapport NGI.<\/p>\n<p>\u00a0<\/p>\n<p>(Pour plus de d\u00e9tails ou demande suppl\u00e9mentaire : <strong>Veuillez nous envoyer un message si vous souhaitez envoyer votre article achet\u00e9 au laboratoire de test NGI<\/strong>)<\/p>\n<p>\u00a0<\/p>\n<p><strong>La jad\u00e9ite naturelle n&#039;est pas parfaite, juste un petit rappel : notre jad\u00e9ite naturelle, comme toutes les belles choses de la nature, poss\u00e8de ses caract\u00e9ristiques et ses variations uniques. Nous invitons nos pr\u00e9cieux clients \u00e0 adopter ces variations naturelles. Bon shopping !<\/strong><\/p>\n<p>\u00a0<\/p>\n<p><strong><u>Aucune des photos et des s\u00e9quences vid\u00e9o n&#039;a \u00e9t\u00e9 filtr\u00e9e. Nous encourageons nos clients \u00e0 regarder \u00e9galement les vid\u00e9os d&#039;accompagnement pour une vue plus compl\u00e8te de nos produits<\/u><\/strong><\/p>\n<p>\u00a0<\/p>\n<ul>\n<li>Diff\u00e9rentes plates-formes ne peuvent visionner des vid\u00e9os que via le bureau<\/li>\n<\/ul>","protected":false},"excerpt":{"rendered":"<p>D\u00e9couvrez l&#039;\u00e9l\u00e9gance du bracelet long ou du collier 209 perles en jade jad\u00e9ite naturel de type A. Num\u00e9ros de certificat : GD2010H006277 186 Forme tambour Blanc glac\u00e9 * 5,6 mm 14 Forme tambour Vert clair * 5,6 mm 7 Forme tambour Jaune * 5,6 mm 1 Forme ronde Jaune * 8,8 mm (Bon \u00e9tat)<\/p>","protected":false},"featured_media":14950,"comment_status":"open","ping_status":"closed","template":"","meta":[],"product_brand":[],"product_cat":[194],"product_tag":[102,52,65,55,82,98,58,59,60,61],"class_list":{"0":"post-14949","1":"product","2":"type-product","3":"status-publish","4":"has-post-thumbnail","6":"product_cat-value-picks","7":"product_tag-bracelet","8":"product_tag-certified","9":"product_tag-high-quality","10":"product_tag-jadeite","11":"product_tag-light-green","12":"product_tag-necklace","13":"product_tag-new-arrivals","14":"product_tag-translucent","15":"product_tag-type-a-jadeite","16":"product_tag-unisex","18":"first","19":"instock","20":"sale","21":"shipping-taxable","22":"purchasable","23":"product-type-simple"},"_links":{"self":[{"href":"https:\/\/shop.yipinqian.com\/fr\/wp-json\/wp\/v2\/product\/14949","targetHints":{"allow":["GET"]}}],"collection":[{"href":"https:\/\/shop.yipinqian.com\/fr\/wp-json\/wp\/v2\/product"}],"about":[{"href":"https:\/\/shop.yipinqian.com\/fr\/wp-json\/wp\/v2\/types\/product"}],"replies":[{"embeddable":true,"href":"https:\/\/shop.yipinqian.com\/fr\/wp-json\/wp\/v2\/comments?post=14949"}],"version-history":[{"count":0,"href":"https:\/\/shop.yipinqian.com\/fr\/wp-json\/wp\/v2\/product\/14949\/revisions"}],"wp:featuredmedia":[{"embeddable":true,"href":"https:\/\/shop.yipinqian.com\/fr\/wp-json\/wp\/v2\/media\/14950"}],"wp:attachment":[{"href":"https:\/\/shop.yipinqian.com\/fr\/wp-json\/wp\/v2\/media?parent=14949"}],"wp:term":[{"taxonomy":"product_brand","embeddable":true,"href":"https:\/\/shop.yipinqian.com\/fr\/wp-json\/wp\/v2\/product_brand?post=14949"},{"taxonomy":"product_cat","embeddable":true,"href":"https:\/\/shop.yipinqian.com\/fr\/wp-json\/wp\/v2\/product_cat?post=14949"},{"taxonomy":"product_tag","embeddable":true,"href":"https:\/\/shop.yipinqian.com\/fr\/wp-json\/wp\/v2\/product_tag?post=14949"}],"curies":[{"name":"wp","href":"https:\/\/api.w.org\/{rel}","templated":true}]}}