{"id":1494,"date":"2024-10-24T23:19:37","date_gmt":"2024-10-24T15:19:37","guid":{"rendered":"https:\/\/shop.yipinqian.com\/product\/icy-translucent-premium-quality-natural-type-a-jadeite-jade-crafted-as-oval-cabochon-set-on-18k-gold-with-diamonds-as-ring-with-certificate-weigh-2-54-grams-finger-size-15mm-measurement-9-9-8-2-4-5-mm\/"},"modified":"2025-02-17T00:03:53","modified_gmt":"2025-02-16T16:03:53","slug":"icy-translucent-premium-quality-natural-type-a-jadeite-jade-crafted-as-oval-cabochon-set-on-18k-gold-with-diamonds-as-ring-with-certificate-weigh-2-54-grams-finger-size-15mm-measurement-9-9-8-2-4-5-mm","status":"publish","type":"product","link":"https:\/\/shop.yipinqian.com\/fr\/produit\/icy-translucent-premium-quality-natural-type-a-jadeite-jade-crafted-as-oval-cabochon-set-on-18k-gold-with-diamonds-as-ring-with-certificate-weigh-2-54-grams-finger-size-15mm-measurement-9-9-8-2-4-5-mm\/","title":{"rendered":"Jade jad\u00e9ite naturelle de type A de qualit\u00e9 sup\u00e9rieure translucide glac\u00e9e fabriqu\u00e9e sous forme de cabochon ovale serti sur or 18 carats avec diamants comme bague avec certificat pesant 2,54 grammes, taille de doigt 15 mm, mesure 9,9 * 8,2 * 4,5 mm (18kring22)"},"content":{"rendered":"<p>Cette bague en jade jad\u00e9ite naturelle de type A de qualit\u00e9 sup\u00e9rieure translucide et glac\u00e9e est un ajout \u00e9tonnant \u00e0 toute collection de bijoux. Fabriqu\u00e9e en cabochon ovale et sertie sur or 18 carats avec diamants, c&#039;est une v\u00e9ritable pi\u00e8ce de d\u00e9claration qui attirera tous les regards.<\/p>\n<p><\/p>\n<p>Num\u00e9ros de certificat : GD2110H006283<\/p>\n<p>Or 18 carats Poids : 1,88 grammes<\/p>\n<p>Diamants : 31 * 0,003 = 0,093 carats<\/p>\n<ul>\n<li>\n<strong>Mat\u00e9riau de haute qualit\u00e9 :<\/strong> Fabriqu\u00e9e \u00e0 partir de jade jad\u00e9ite naturel de type A de premi\u00e8re qualit\u00e9 et d&#039;or 18 carats, cette bague est de la plus haute qualit\u00e9.<\/li>\n<li>\n<strong>Design \u00e9l\u00e9gant :<\/strong> La conception du cabochon ovale de la pierre de jade avec des diamants la rend unique en son genre.<\/li>\n<li>\n<strong>Certificat inclus :<\/strong> Cette bague est livr\u00e9e avec un certificat d&#039;authenticit\u00e9 afin que vous puissiez \u00eatre s\u00fbr d&#039;obtenir ce pour quoi vous payez.<\/li>\n<\/ul>\n<p>Le jade jad\u00e9ite naturel translucide de qualit\u00e9 sup\u00e9rieure de type A utilis\u00e9 dans cette bague provient du Myanmar et a \u00e9t\u00e9 soigneusement travaill\u00e9 pour garantir que sa beaut\u00e9 transpara\u00eet. Les diamants utilis\u00e9s dans le design ajoutent une touche d&#039;\u00e9l\u00e9gance suppl\u00e9mentaire, ce qui le rend parfait pour un usage quotidien ou pour des occasions sp\u00e9ciales.<\/p>\n<ul>\n<li>\n<strong>Aucune garantie incluse\u00a0:<\/strong> Veuillez noter que ce produit n&#039;est accompagn\u00e9 d&#039;aucune garantie<\/li>\n<\/ul>\n<p>Cette magnifique bague a \u00e9t\u00e9 con\u00e7ue sp\u00e9cialement pour les femmes qui appr\u00e9cient les bijoux raffin\u00e9s fabriqu\u00e9s \u00e0 partir de mat\u00e9riaux de haute qualit\u00e9. Alors pourquoi attendre ? Ajoutez cette magnifique pi\u00e8ce \u00e0 votre collection d\u00e8s aujourd&#039;hui !<\/p>\n<p><\/p>\n<p>Yi Pin Qian \u2013 N\u00e9gociant en pierres pr\u00e9cieuses et m\u00e9taux pr\u00e9cieux \u00e0 Singapour \u2013 Num\u00e9ro de licence PS20190000031<\/p>\n<p><\/p>\n<p>*Toutes les jad\u00e9ites achet\u00e9es chez Yi Pin Qian \u00e0 Singapour, les clients peuvent r\u00e9server des cr\u00e9neaux pour le polissage ou une r\u00e9paration mineure en cas de mauvaise manipulation - des frais s&#039;appliquent et uniquement pour les clients de Yi Pin Qian \u00e0 Singapour*<\/p>\n<p><\/p>\n<p><strong>**Types de certificats**<\/strong><\/p>\n<p><\/p>\n<p><strong>NGI (Nan Yang Gemmologie)<\/strong><\/p>\n<p>ou <strong>Certificats \u00e9trangers <\/strong>(Yi Pin Qian utilise uniquement des certificats authentiques provenant de laboratoires \u00e9trangers et contr\u00f4le \u00e9galement la qualit\u00e9 de chacun de nos produits avant de les mettre en vente \u00e0 Singapour)<\/p>\n<p><\/p>\n<p>Chaque produit sur TikTok aura le type de certificat fourni indiqu\u00e9 dans la description. Pour tout client souhaitant envoyer sa commande \u00e0 NGI Singapore, il y aura un d\u00e9lai d&#039;attente pour la livraison de la commande estim\u00e9 \u00e0 environ 4 semaines pour recevoir votre commande. <strong>Les demandes de rapport sur les pierres pr\u00e9cieuses NGI doivent \u00eatre effectu\u00e9es en envoyant un message \u00e0 la boutique TikTok de Yi Pin Qian.<\/strong> Merci, <strong><u>des frais suppl\u00e9mentaires s&#039;appliquent<\/u><\/strong>.<\/p>\n<p><\/p>\n<p><strong>La jad\u00e9ite naturelle n&#039;est pas parfaite, juste un petit rappel : notre jad\u00e9ite naturelle, comme toutes les belles choses de la nature, poss\u00e8de ses caract\u00e9ristiques et ses variations uniques. Nous invitons nos pr\u00e9cieux clients \u00e0 adopter ces variations naturelles. Bon shopping !<\/strong><\/p>\n<p><\/p>\n<p><strong><u>Aucune des photos et des s\u00e9quences vid\u00e9o n&#039;a \u00e9t\u00e9 filtr\u00e9e. Nous encourageons nos clients \u00e0 regarder \u00e9galement les vid\u00e9os d&#039;accompagnement pour une vue plus compl\u00e8te de nos produits<\/u><\/strong><\/p>","protected":false},"excerpt":{"rendered":"<p>Cette bague en jade jad\u00e9ite naturelle de type A de qualit\u00e9 sup\u00e9rieure translucide et glac\u00e9e est un ajout \u00e9tonnant \u00e0 toute collection de bijoux. Fabriqu\u00e9e en cabochon ovale et sertie sur de l&#039;or 18 carats avec des diamants, c&#039;est une v\u00e9ritable pi\u00e8ce de d\u00e9claration qui attirera tous les regards. Num\u00e9ros de certificat : GD2110H006283 Or 18 carats Poids : 1,88 gramme Diamants : 31 * 0,003 = [\u2026]<\/p>","protected":false},"featured_media":5395,"comment_status":"open","ping_status":"closed","template":"","meta":[],"product_brand":[],"product_cat":[119,49],"product_tag":[],"class_list":{"0":"post-1494","1":"product","2":"type-product","3":"status-publish","4":"has-post-thumbnail","6":"product_cat-18k-gold-ring-setting","7":"product_cat-rings","9":"first","10":"instock","11":"sale","12":"shipping-taxable","13":"purchasable","14":"product-type-simple"},"_links":{"self":[{"href":"https:\/\/shop.yipinqian.com\/fr\/wp-json\/wp\/v2\/product\/1494","targetHints":{"allow":["GET"]}}],"collection":[{"href":"https:\/\/shop.yipinqian.com\/fr\/wp-json\/wp\/v2\/product"}],"about":[{"href":"https:\/\/shop.yipinqian.com\/fr\/wp-json\/wp\/v2\/types\/product"}],"replies":[{"embeddable":true,"href":"https:\/\/shop.yipinqian.com\/fr\/wp-json\/wp\/v2\/comments?post=1494"}],"version-history":[{"count":0,"href":"https:\/\/shop.yipinqian.com\/fr\/wp-json\/wp\/v2\/product\/1494\/revisions"}],"wp:featuredmedia":[{"embeddable":true,"href":"https:\/\/shop.yipinqian.com\/fr\/wp-json\/wp\/v2\/media\/5395"}],"wp:attachment":[{"href":"https:\/\/shop.yipinqian.com\/fr\/wp-json\/wp\/v2\/media?parent=1494"}],"wp:term":[{"taxonomy":"product_brand","embeddable":true,"href":"https:\/\/shop.yipinqian.com\/fr\/wp-json\/wp\/v2\/product_brand?post=1494"},{"taxonomy":"product_cat","embeddable":true,"href":"https:\/\/shop.yipinqian.com\/fr\/wp-json\/wp\/v2\/product_cat?post=1494"},{"taxonomy":"product_tag","embeddable":true,"href":"https:\/\/shop.yipinqian.com\/fr\/wp-json\/wp\/v2\/product_tag?post=1494"}],"curies":[{"name":"wp","href":"https:\/\/api.w.org\/{rel}","templated":true}]}}