{"id":1491,"date":"2024-10-24T23:19:36","date_gmt":"2024-10-24T15:19:36","guid":{"rendered":"https:\/\/shop.yipinqian.com\/product\/icy-translucent-natural-type-a-jadeite-jade-crafted-as-tiger-with-18k-gold-as-pendant-certificate-weighs-5-02-grams-measurement-25-6-22-8-7-3-mm-18kp50\/"},"modified":"2025-02-17T00:03:53","modified_gmt":"2025-02-16T16:03:53","slug":"icy-translucent-natural-type-a-jadeite-jade-crafted-as-tiger-with-18k-gold-as-pendant-certificate-weighs-5-02-grams-measurement-25-6-22-8-7-3-mm-18kp50","status":"publish","type":"product","link":"https:\/\/shop.yipinqian.com\/fr\/produit\/icy-translucent-natural-type-a-jadeite-jade-crafted-as-tiger-with-18k-gold-as-pendant-certificate-weighs-5-02-grams-measurement-25-6-22-8-7-3-mm-18kp50\/","title":{"rendered":"Jade jad\u00e9ite naturelle translucide de type A glac\u00e9 fa\u00e7onn\u00e9 en forme de tigre avec de l&#039;or 18 carats comme pendentif, le certificat p\u00e8se 5,02 grammes, mesure 25,6 * 22,8 * 7,3 mm (18kp50)"},"content":{"rendered":"<p>Ce pendentif en jade jad\u00e9ite naturel translucide de type A est \u00e9l\u00e9gamment con\u00e7u en forme de tigre, accentu\u00e9 d&#039;or 18 carats pour une finition luxueuse.<\/p>\n<p>\u00a0<\/p>\n<p>Num\u00e9ros de certificat : GD2204H015353<\/p>\n<p><img fetchpriority=\"high\" decoding=\"async\" height=\"1080\" src=\"https:\/\/shop.yipinqian.com\/wp-content\/uploads\/2024\/10\/069ed29acbd577fbcc53f6fc8ad9c597.jpg?from=476444299\" width=\"1080\"><\/p>\n<ul>\n<li>Conception exquise : pr\u00e9sente un design de tigre unique, symbolisant la force et la puissance.<\/li>\n<li>Mat\u00e9riaux pr\u00e9cieux : Fabriqu\u00e9 en jade jad\u00e9ite de type A de haute qualit\u00e9 et orn\u00e9 d&#039;or 18 carats.<\/li>\n<li>Certificat inclus : Livr\u00e9 avec un certificat v\u00e9rifiant l&#039;authenticit\u00e9 des mat\u00e9riaux en jade et en or utilis\u00e9s.<\/li>\n<\/ul>\n<p>Pesant 5,02 grammes et mesurant 25,6 * 22,8 * 7,3 mm, ce pendentif est parfait pour un usage quotidien ou des occasions sp\u00e9ciales, ajoutant une touche d&#039;\u00e9l\u00e9gance \u00e0 n&#039;importe quelle tenue.<\/p>\n<ul>\n<li>Pays d&#039;origine : Fabriqu\u00e9 \u00e0 la main au MyanmarLe design unisexe le rend adapt\u00e9 \u00e0 tous ceux qui cherchent \u00e0 int\u00e9grer un style traditionnel \u00e0 leur look quotidien.<\/li>\n<\/ul>\n<p>\u00a0<\/p>\n<p>Yi Pin Qian \u2013 N\u00e9gociant en pierres pr\u00e9cieuses et m\u00e9taux pr\u00e9cieux \u00e0 Singapour \u2013 Num\u00e9ro de licence PS20190000031<\/p>\n<p>\u00a0<\/p>\n<p>*Toutes les jad\u00e9ites achet\u00e9es chez Yi Pin Qian \u00e0 Singapour, les clients peuvent r\u00e9server des cr\u00e9neaux pour le polissage ou une r\u00e9paration mineure en cas de mauvaise manipulation - des frais s&#039;appliquent et uniquement pour les clients de Yi Pin Qian \u00e0 Singapour*<\/p>\n<p>\u00a0<\/p>\n<p><strong>**Types de certificats**<\/strong><\/p>\n<p>\u00a0<\/p>\n<p><strong>NGI (Nan Yang Gemmologie)<\/strong><\/p>\n<p>ou <strong>Certificats \u00e9trangers <\/strong>(Yi Pin Qian utilise uniquement des certificats authentiques provenant de laboratoires \u00e9trangers et contr\u00f4le \u00e9galement la qualit\u00e9 de chacun de nos produits avant de les mettre en vente \u00e0 Singapour)<\/p>\n<p>\u00a0<\/p>\n<p>Chaque produit sur TikTok aura le type de certificat fourni indiqu\u00e9 dans la description. Pour tout client souhaitant envoyer sa commande \u00e0 NGI Singapore, il y aura un d\u00e9lai d&#039;attente pour la livraison de la commande estim\u00e9 \u00e0 environ 4 semaines pour recevoir votre commande. <strong>Les demandes de rapport sur les pierres pr\u00e9cieuses NGI doivent \u00eatre effectu\u00e9es en envoyant un message \u00e0 la boutique TikTok de Yi Pin Qian.<\/strong> Merci, <strong><u>des frais suppl\u00e9mentaires s&#039;appliquent<\/u><\/strong>.<\/p>\n<p>\u00a0<\/p>\n<p><strong>La jad\u00e9ite naturelle n&#039;est pas parfaite, juste un petit rappel : notre jad\u00e9ite naturelle, comme toutes les belles choses de la nature, poss\u00e8de ses caract\u00e9ristiques et ses variations uniques. Nous invitons nos pr\u00e9cieux clients \u00e0 adopter ces variations naturelles. Bon shopping !<\/strong><\/p>\n<p>\u00a0<\/p>\n<p><strong><u>Aucune des photos et des s\u00e9quences vid\u00e9o n&#039;a \u00e9t\u00e9 filtr\u00e9e. Nous encourageons nos clients \u00e0 regarder \u00e9galement les vid\u00e9os d&#039;accompagnement pour une vue plus compl\u00e8te de nos produits<\/u><\/strong><\/p>","protected":false},"excerpt":{"rendered":"<p>Ce pendentif en jade jad\u00e9ite de type A naturel translucide glac\u00e9 est \u00e9l\u00e9gamment con\u00e7u en forme de tigre, accentu\u00e9 d&#039;or 18 carats pour une finition luxueuse. Num\u00e9ros de certificat : GD2204H015353 Design exquis : pr\u00e9sente un design de tigre unique, symbolisant la force et la puissance. Mat\u00e9riaux pr\u00e9cieux : fabriqu\u00e9 en jade jad\u00e9ite de type A de haute qualit\u00e9 et orn\u00e9 d&#039;or 18 carats. [\u2026]<\/p>","protected":false},"featured_media":5360,"comment_status":"open","ping_status":"closed","template":"","meta":[],"product_brand":[],"product_cat":[120,48],"product_tag":[50,52,65,55,56,73,110,75,59,60,61,62],"class_list":{"0":"post-1491","1":"product","2":"type-product","3":"status-publish","4":"has-post-thumbnail","6":"product_cat-18k-gold-setting-pendants","7":"product_cat-pendants","8":"product_tag-18k-gold","9":"product_tag-certified","10":"product_tag-high-quality","11":"product_tag-jadeite","12":"product_tag-limited-editions","13":"product_tag-pendant","14":"product_tag-tiger","15":"product_tag-traditional","16":"product_tag-translucent","17":"product_tag-type-a-jadeite","18":"product_tag-unisex","19":"product_tag-yi-pin-qian-exclusive","21":"first","22":"instock","23":"sale","24":"shipping-taxable","25":"purchasable","26":"product-type-simple"},"_links":{"self":[{"href":"https:\/\/shop.yipinqian.com\/fr\/wp-json\/wp\/v2\/product\/1491","targetHints":{"allow":["GET"]}}],"collection":[{"href":"https:\/\/shop.yipinqian.com\/fr\/wp-json\/wp\/v2\/product"}],"about":[{"href":"https:\/\/shop.yipinqian.com\/fr\/wp-json\/wp\/v2\/types\/product"}],"replies":[{"embeddable":true,"href":"https:\/\/shop.yipinqian.com\/fr\/wp-json\/wp\/v2\/comments?post=1491"}],"version-history":[{"count":0,"href":"https:\/\/shop.yipinqian.com\/fr\/wp-json\/wp\/v2\/product\/1491\/revisions"}],"wp:featuredmedia":[{"embeddable":true,"href":"https:\/\/shop.yipinqian.com\/fr\/wp-json\/wp\/v2\/media\/5360"}],"wp:attachment":[{"href":"https:\/\/shop.yipinqian.com\/fr\/wp-json\/wp\/v2\/media?parent=1491"}],"wp:term":[{"taxonomy":"product_brand","embeddable":true,"href":"https:\/\/shop.yipinqian.com\/fr\/wp-json\/wp\/v2\/product_brand?post=1491"},{"taxonomy":"product_cat","embeddable":true,"href":"https:\/\/shop.yipinqian.com\/fr\/wp-json\/wp\/v2\/product_cat?post=1491"},{"taxonomy":"product_tag","embeddable":true,"href":"https:\/\/shop.yipinqian.com\/fr\/wp-json\/wp\/v2\/product_tag?post=1491"}],"curies":[{"name":"wp","href":"https:\/\/api.w.org\/{rel}","templated":true}]}}