{"id":1483,"date":"2024-10-24T23:19:32","date_gmt":"2024-10-24T15:19:32","guid":{"rendered":"https:\/\/shop.yipinqian.com\/product\/icy-translucent-beads-mix-with-2-green-1-yellow-natural-type-a-jadeite-bracelet-total-of-38-beads-with-gic-labs-approved-certificate-weigh-8-43-grams-measurement-4-8-mm-a-stunning-collection-for-your\/"},"modified":"2025-02-17T00:03:40","modified_gmt":"2025-02-16T16:03:40","slug":"icy-translucent-beads-mix-with-2-green-1-yellow-natural-type-a-jadeite-bracelet-total-of-38-beads-with-gic-labs-approved-certificate-weigh-8-43-grams-measurement-4-8-mm-a-stunning-collection-for-your","status":"publish","type":"product","link":"https:\/\/shop.yipinqian.com\/fr\/produit\/icy-translucent-beads-mix-with-2-green-1-yellow-natural-type-a-jadeite-bracelet-total-of-38-beads-with-gic-labs-approved-certificate-weigh-8-43-grams-measurement-4-8-mm-a-stunning-collection-for-your\/","title":{"rendered":"Perles translucides glac\u00e9es, m\u00e9lang\u00e9es avec 2 vertes et 1 jaune Bracelet en jad\u00e9ite naturelle de type A, total de 38 perles avec certificat approuv\u00e9 par les laboratoires QIC pesant 8,43 grammes, mesure 4,8 mm, une superbe collection pour votre usage quotidien (bracelet3)"},"content":{"rendered":"<p>This Icy Translucent bead bracelet is a stunning addition to your daily wear. It features a mix of 2 green and 1 yellow Natural Type A Jadeite beads, totaling at 38 beads with each bead measuring at 4.8 mm and weighing in at 8.43 grams.<\/p>\n<ul>\n<li>High-Quality Certification: This bracelet comes with a QIC labs approved certificate, ensuring that the jade used is of excellent quality.<\/li>\n<\/ul>\n<p><strong>Certificate numbers: SD24022009774<\/strong><\/p>\n<p><img fetchpriority=\"high\" decoding=\"async\" src=\"https:\/\/shop.yipinqian.com\/wp-content\/uploads\/2024\/10\/ee016c165c6788a7eb83eb6844d11406.jpg?from=476444299\" width=\"1080\" height=\"1080\" \/><\/p>\n<ul>\n<li>Beautiful Design: The mix of icy translucent beads with green and yellow jadeite creates an eye-catching contrast that&#8217;s sure to turn heads.<\/li>\n<li>Durable Material: Jadeite is known for its durability, making this bracelet perfect for everyday wear without fear of damage or wear-and-tear.<\/li>\n<\/ul>\n<p>Made in Myanmar, this unisex Type A Jadeite Bracelet adds an elegant touch to any outfit or occasion &#8211; from casual everyday tasks to special events.<\/p>\n<p>\u00a0<\/p>\n<p>Yi Pin Qian \u2013 N\u00e9gociant en pierres pr\u00e9cieuses et m\u00e9taux pr\u00e9cieux \u00e0 Singapour \u2013 Num\u00e9ro de licence PS20190000031<\/p>\n<p>\u00a0<\/p>\n<p>*Toutes les jad\u00e9ites achet\u00e9es chez Yi Pin Qian \u00e0 Singapour, les clients peuvent r\u00e9server des cr\u00e9neaux pour le polissage ou une r\u00e9paration mineure en cas de mauvaise manipulation - des frais s&#039;appliquent et uniquement pour les clients de Yi Pin Qian \u00e0 Singapour*<\/p>\n<p>\u00a0<\/p>\n<p><strong>**Types de certificats**<\/strong><\/p>\n<p>\u00a0<\/p>\n<p><strong>NGI (Nan Yang Gemmologie)<\/strong><\/p>\n<p>ou <strong>Certificats \u00e9trangers <\/strong>(Yi Pin Qian utilise uniquement des certificats authentiques provenant de laboratoires \u00e9trangers et contr\u00f4le \u00e9galement la qualit\u00e9 de chacun de nos produits avant de les mettre en vente \u00e0 Singapour)<\/p>\n<p>\u00a0<\/p>\n<p>Chaque produit sur TikTok aura le type de certificat fourni indiqu\u00e9 dans la description. Pour tout client souhaitant envoyer sa commande \u00e0 NGI Singapore, il y aura un d\u00e9lai d&#039;attente pour la livraison de la commande estim\u00e9 \u00e0 environ 4 semaines pour recevoir votre commande. <strong>Les demandes de rapport sur les pierres pr\u00e9cieuses NGI doivent \u00eatre effectu\u00e9es en envoyant un message \u00e0 la boutique TikTok de Yi Pin Qian.<\/strong> Merci, <strong><u>des frais suppl\u00e9mentaires s&#039;appliquent<\/u><\/strong>.<\/p>\n<p>\u00a0<\/p>\n<p><strong>La jad\u00e9ite naturelle n&#039;est pas parfaite, juste un petit rappel : notre jad\u00e9ite naturelle, comme toutes les belles choses de la nature, poss\u00e8de ses caract\u00e9ristiques et ses variations uniques. Nous invitons nos pr\u00e9cieux clients \u00e0 adopter ces variations naturelles. Bon shopping !<\/strong><\/p>\n<p>\u00a0<\/p>\n<p><strong><u>Aucune des photos et des s\u00e9quences vid\u00e9o n&#039;a \u00e9t\u00e9 filtr\u00e9e. Nous encourageons nos clients \u00e0 regarder \u00e9galement les vid\u00e9os d&#039;accompagnement pour une vue plus compl\u00e8te de nos produits<\/u><\/strong><\/p>","protected":false},"excerpt":{"rendered":"<p>Ce bracelet de perles translucides glac\u00e9es est un ajout \u00e9tonnant \u00e0 votre tenue quotidienne. Il est compos\u00e9 d&#039;un m\u00e9lange de 2 perles vertes et 1 jaune en jad\u00e9ite naturelle de type A, totalisant 38 perles, chaque perle mesurant 4,8 mm et pesant 8,43 grammes. Certification de haute qualit\u00e9 : ce bracelet est livr\u00e9 avec un certificat d&#039;authenticit\u00e9 approuv\u00e9 par les laboratoires QIC [\u2026]<\/p>","protected":false},"featured_media":5249,"comment_status":"open","ping_status":"closed","template":"","meta":[],"product_brand":[],"product_cat":[121,84],"product_tag":[],"class_list":{"0":"post-1483","1":"product","2":"type-product","3":"status-publish","4":"has-post-thumbnail","6":"product_cat-bracelets-bangles","7":"product_cat-charms-and-charm-bracelet","9":"first","10":"instock","11":"sale","12":"shipping-taxable","13":"purchasable","14":"product-type-simple"},"_links":{"self":[{"href":"https:\/\/shop.yipinqian.com\/fr\/wp-json\/wp\/v2\/product\/1483","targetHints":{"allow":["GET"]}}],"collection":[{"href":"https:\/\/shop.yipinqian.com\/fr\/wp-json\/wp\/v2\/product"}],"about":[{"href":"https:\/\/shop.yipinqian.com\/fr\/wp-json\/wp\/v2\/types\/product"}],"replies":[{"embeddable":true,"href":"https:\/\/shop.yipinqian.com\/fr\/wp-json\/wp\/v2\/comments?post=1483"}],"version-history":[{"count":0,"href":"https:\/\/shop.yipinqian.com\/fr\/wp-json\/wp\/v2\/product\/1483\/revisions"}],"wp:featuredmedia":[{"embeddable":true,"href":"https:\/\/shop.yipinqian.com\/fr\/wp-json\/wp\/v2\/media\/5249"}],"wp:attachment":[{"href":"https:\/\/shop.yipinqian.com\/fr\/wp-json\/wp\/v2\/media?parent=1483"}],"wp:term":[{"taxonomy":"product_brand","embeddable":true,"href":"https:\/\/shop.yipinqian.com\/fr\/wp-json\/wp\/v2\/product_brand?post=1483"},{"taxonomy":"product_cat","embeddable":true,"href":"https:\/\/shop.yipinqian.com\/fr\/wp-json\/wp\/v2\/product_cat?post=1483"},{"taxonomy":"product_tag","embeddable":true,"href":"https:\/\/shop.yipinqian.com\/fr\/wp-json\/wp\/v2\/product_tag?post=1483"}],"curies":[{"name":"wp","href":"https:\/\/api.w.org\/{rel}","templated":true}]}}