{"id":1482,"date":"2024-10-24T23:19:32","date_gmt":"2024-10-24T15:19:32","guid":{"rendered":"https:\/\/shop.yipinqian.com\/product\/icy-natural-type-a-jadeite-jade-crafted-with-shape-of-oval-cabochon-set-with-s925-as-ring-bic-labs-approved-certificate-weigh-2-28-grams-s925ring11\/"},"modified":"2025-02-17T00:03:30","modified_gmt":"2025-02-16T16:03:30","slug":"icy-natural-type-a-jadeite-jade-crafted-with-shape-of-oval-cabochon-set-with-s925-as-ring-bic-labs-approved-certificate-weigh-2-28-grams-s925ring11","status":"publish","type":"product","link":"https:\/\/shop.yipinqian.com\/fr\/produit\/icy-natural-type-a-jadeite-jade-crafted-with-shape-of-oval-cabochon-set-with-s925-as-ring-bic-labs-approved-certificate-weigh-2-28-grams-s925ring11\/","title":{"rendered":"Jade jad\u00e9ite naturelle de type A glac\u00e9e fabriqu\u00e9e avec une forme de cabochon ovale serti de S925 comme anneau, certificat approuv\u00e9 par les laboratoires BIC pesant 2,28 grammes (s925ring11)"},"content":{"rendered":"<p>Cette bague en jade jad\u00e9ite de type A naturel glac\u00e9 est un superbe bijou qui respire l&#039;\u00e9l\u00e9gance et la sophistication.<\/p>\n<p>Num\u00e9ro de certificat : Y-BICL651203<\/p>\n<p>Taille libre r\u00e9glable<\/p>\n<p>Taille du cabochon : 8,1 * 6,5 * 2,5 mm<\/p>\n<ul>\n<li>\n<strong>Conception exquise :<\/strong> Fabriqu\u00e9e sous la forme d&#039;un cabochon ovale, cette bague met en valeur la beaut\u00e9 du jade jad\u00e9ite.<\/li>\n<li>\n<strong>Mat\u00e9riau de qualit\u00e9 sup\u00e9rieure :<\/strong> Sertie d&#039;argent S925, cette bague assure durabilit\u00e9 et qualit\u00e9.<\/li>\n<li>\n<strong>Approuv\u00e9 par BIC Labs :<\/strong> Livr\u00e9 avec un certificat des laboratoires BIC, garantissant l&#039;authenticit\u00e9 du jade.<\/li>\n<li>\n<strong>Luxueux mais l\u00e9ger :<\/strong> Avec un poids de seulement 2,28 grammes, il est agr\u00e9able \u00e0 porter au quotidien. Ajoutez une touche de luxe \u00e0 votre tenue avec cette pi\u00e8ce intemporelle qui convient aussi bien aux hommes qu&#039;aux femmes. Fabriqu\u00e9 au Myanmar, il constitue un accessoire parfait pour toutes les occasions. Veuillez noter que ce produit n&#039;est assorti d&#039;aucune garantie.<\/li>\n<\/ul>\n<p><strong>La jad\u00e9ite naturelle n&#039;est pas parfaite, juste un petit rappel : notre jad\u00e9ite naturelle, comme toutes les belles choses de la nature, poss\u00e8de ses caract\u00e9ristiques et ses variations uniques. Nous invitons nos pr\u00e9cieux clients \u00e0 adopter ces variations naturelles. Bon shopping !<\/strong><\/p>\n<p><strong><u>Aucune des photos et des s\u00e9quences vid\u00e9o n&#039;a \u00e9t\u00e9 filtr\u00e9e. Nous encourageons nos clients \u00e0 regarder \u00e9galement les vid\u00e9os d&#039;accompagnement pour une vue plus compl\u00e8te de nos produits<\/u><\/strong><\/p>","protected":false},"excerpt":{"rendered":"<p>Cette bague en jade jad\u00e9ite de type A naturel glac\u00e9 est un superbe bijou qui respire l&#039;\u00e9l\u00e9gance et la sophistication. Num\u00e9ros de certificat : Y-BICL651203 Taille du cabochon r\u00e9glable en taille libre : 8,1 * 6,5 * 2,5 mm Design exquis : Fabriqu\u00e9e en forme de cabochon ovale, cette bague met en valeur la beaut\u00e9 du jade jad\u00e9ite. Mat\u00e9riau de qualit\u00e9 sup\u00e9rieure : sertie de S925 [\u2026]<\/p>","protected":false},"featured_media":5230,"comment_status":"open","ping_status":"closed","template":"","meta":[],"product_brand":[],"product_cat":[49,149,125],"product_tag":[64,52,72,65,54,66,55,71,67,59,60],"class_list":{"0":"post-1482","1":"product","2":"type-product","3":"status-publish","4":"has-post-thumbnail","6":"product_cat-rings","7":"product_cat-s925-rings","8":"product_cat-s925-settings-jadeites","9":"product_tag-cabochon","10":"product_tag-certified","11":"product_tag-female","12":"product_tag-high-quality","13":"product_tag-icy","14":"product_tag-jade-ring","15":"product_tag-jadeite","16":"product_tag-ring","17":"product_tag-s925","18":"product_tag-translucent","19":"product_tag-type-a-jadeite","21":"first","22":"instock","23":"sale","24":"shipping-taxable","25":"purchasable","26":"product-type-simple"},"_links":{"self":[{"href":"https:\/\/shop.yipinqian.com\/fr\/wp-json\/wp\/v2\/product\/1482","targetHints":{"allow":["GET"]}}],"collection":[{"href":"https:\/\/shop.yipinqian.com\/fr\/wp-json\/wp\/v2\/product"}],"about":[{"href":"https:\/\/shop.yipinqian.com\/fr\/wp-json\/wp\/v2\/types\/product"}],"replies":[{"embeddable":true,"href":"https:\/\/shop.yipinqian.com\/fr\/wp-json\/wp\/v2\/comments?post=1482"}],"version-history":[{"count":0,"href":"https:\/\/shop.yipinqian.com\/fr\/wp-json\/wp\/v2\/product\/1482\/revisions"}],"wp:featuredmedia":[{"embeddable":true,"href":"https:\/\/shop.yipinqian.com\/fr\/wp-json\/wp\/v2\/media\/5230"}],"wp:attachment":[{"href":"https:\/\/shop.yipinqian.com\/fr\/wp-json\/wp\/v2\/media?parent=1482"}],"wp:term":[{"taxonomy":"product_brand","embeddable":true,"href":"https:\/\/shop.yipinqian.com\/fr\/wp-json\/wp\/v2\/product_brand?post=1482"},{"taxonomy":"product_cat","embeddable":true,"href":"https:\/\/shop.yipinqian.com\/fr\/wp-json\/wp\/v2\/product_cat?post=1482"},{"taxonomy":"product_tag","embeddable":true,"href":"https:\/\/shop.yipinqian.com\/fr\/wp-json\/wp\/v2\/product_tag?post=1482"}],"curies":[{"name":"wp","href":"https:\/\/api.w.org\/{rel}","templated":true}]}}