{"id":1481,"date":"2024-10-24T23:19:31","date_gmt":"2024-10-24T15:19:31","guid":{"rendered":"https:\/\/shop.yipinqian.com\/product\/icy-light-green-with-green-patches-natural-type-a-jadeite-jade-crafted-as-pixiu-set-on-s925-adjustable-as-ring-with-certificate-weigh-2-68-grams-measurement-10-5-7-7-4-6-mm-s925ring7\/"},"modified":"2025-02-24T00:49:55","modified_gmt":"2025-02-23T16:49:55","slug":"icy-light-green-with-green-patches-natural-type-a-jadeite-jade-crafted-as-pixiu-set-on-s925-adjustable-as-ring-with-certificate-weigh-2-68-grams-measurement-10-5-7-7-4-6-mm-s925ring7","status":"publish","type":"product","link":"https:\/\/shop.yipinqian.com\/fr\/produit\/icy-light-green-with-green-patches-natural-type-a-jadeite-jade-crafted-as-pixiu-set-on-s925-adjustable-as-ring-with-certificate-weigh-2-68-grams-measurement-10-5-7-7-4-6-mm-s925ring7\/","title":{"rendered":"Jade jad\u00e9ite naturelle de type A vert clair glac\u00e9 avec des taches vertes fabriqu\u00e9 comme Pixiu serti sur S925 r\u00e9glable comme bague avec certificat p\u00e8se 2,68 grammes, mesure 10,5 * 7,7 * 4,6 mm (s925ring7)"},"content":{"rendered":"<p>Cette bague Pixiu en jade jad\u00e9ite naturelle de type A vert clair glac\u00e9 avec des taches vertes est un ajout \u00e9tonnant \u00e0 votre collection de bijoux. Fabriqu\u00e9e \u00e0 partir de jade de haute qualit\u00e9, cette bague est mont\u00e9e sur une bande r\u00e9glable S925 et est livr\u00e9e avec un certificat d&#039;authenticit\u00e9.<\/p>\n<p>\u00a0<\/p>\n<p>Bague r\u00e9glable taille libre<\/p>\n<p>\u00a0<\/p>\n<p>Num\u00e9ros de certificat : GD2204H002700<\/p>\n<ul>\n<li>\n<strong>Mat\u00e9riel:<\/strong> Cette bague est fabriqu\u00e9e \u00e0 partir de jad\u00e9ite naturelle de type A et sertie sur une bande r\u00e9glable S925.<\/li>\n<li>\n<strong>Pays d&#039;origine :<\/strong> Cette superbe pi\u00e8ce vient du Myanmar.<\/li>\n<li>\n<strong>Type de jade :<\/strong> Le jade utilis\u00e9 dans cette bague est de la jad\u00e9ite naturelle de type A, connue pour ses couleurs \u00e9poustouflantes et sa durabilit\u00e9.<\/li>\n<\/ul>\n<p>Le design Pixiu ajoute une touche d&#039;\u00e9l\u00e9gance \u00e0 cette pi\u00e8ce d\u00e9j\u00e0 magnifique, la rendant parfaite pour un usage quotidien ou pour des occasions sp\u00e9ciales. Pesant seulement 2,68 grammes et mesurant 10,5 * 7,7 * 4,6 mm, il est confortable \u00e0 porter tout au long de la journ\u00e9e sans \u00eatre lourd ou encombrant sur votre doigt.<\/p>\n<ul>\n<li>\n<strong>Occasion:<\/strong>Cette bague polyvalente peut \u00eatre port\u00e9e au quotidien ou comme une pi\u00e8ce \u00e9l\u00e9gante pour des occasions sp\u00e9ciales<\/li>\n<li>\n<em>Note: <\/em>Le type de garantie pour ce produit n&#039;est pas disponible, mais soyez assur\u00e9 que toutes les pr\u00e9cautions ont \u00e9t\u00e9 prises pour que vous receviez le produit de la meilleure qualit\u00e9 tel que d\u00e9crit dans les images ci-dessus.<\/li>\n<\/ul>\n<p>Ajoutez une touche d&#039;\u00e9l\u00e9gance \u00e0 votre collection de bijoux avec cette magnifique bague Pixiu en jade vert clair glac\u00e9 !<\/p>\n<p>\u00a0<\/p>\n<p data-pm-slice=\"1 1 []\"><strong>La jad\u00e9ite naturelle n&#039;est pas parfaite, juste un petit rappel : notre jad\u00e9ite naturelle, comme toutes les belles choses de la nature, poss\u00e8de ses caract\u00e9ristiques et ses variations uniques. Nous invitons nos pr\u00e9cieux clients \u00e0 adopter ces variations naturelles. Bon shopping !<\/strong><\/p>\n<p>\u00a0<\/p>\n<p><strong><u>Aucune des photos et des s\u00e9quences vid\u00e9o n&#039;a \u00e9t\u00e9 filtr\u00e9e. Nous encourageons nos clients \u00e0 regarder \u00e9galement les vid\u00e9os d&#039;accompagnement pour une vue plus compl\u00e8te de nos produits<\/u><\/strong><\/p>","protected":false},"excerpt":{"rendered":"<p>Cette bague Pixiu en jade jad\u00e9ite naturelle de type A vert clair glac\u00e9 avec des taches vertes est un ajout \u00e9tonnant \u00e0 votre collection de bijoux. Fabriqu\u00e9e \u00e0 partir de jade de haute qualit\u00e9, cette bague est mont\u00e9e sur une bande r\u00e9glable S925 et est livr\u00e9e avec un certificat d&#039;authenticit\u00e9. Bague de taille libre r\u00e9glable Num\u00e9ros de certificat : GD2204H002700 Mat\u00e9riau : Cette bague est [\u2026]<\/p>","protected":false},"featured_media":5222,"comment_status":"open","ping_status":"closed","template":"","meta":[],"product_brand":[],"product_cat":[194],"product_tag":[],"class_list":{"0":"post-1481","1":"product","2":"type-product","3":"status-publish","4":"has-post-thumbnail","6":"product_cat-value-picks","8":"first","9":"instock","10":"sale","11":"shipping-taxable","12":"purchasable","13":"product-type-simple"},"_links":{"self":[{"href":"https:\/\/shop.yipinqian.com\/fr\/wp-json\/wp\/v2\/product\/1481","targetHints":{"allow":["GET"]}}],"collection":[{"href":"https:\/\/shop.yipinqian.com\/fr\/wp-json\/wp\/v2\/product"}],"about":[{"href":"https:\/\/shop.yipinqian.com\/fr\/wp-json\/wp\/v2\/types\/product"}],"replies":[{"embeddable":true,"href":"https:\/\/shop.yipinqian.com\/fr\/wp-json\/wp\/v2\/comments?post=1481"}],"version-history":[{"count":0,"href":"https:\/\/shop.yipinqian.com\/fr\/wp-json\/wp\/v2\/product\/1481\/revisions"}],"wp:featuredmedia":[{"embeddable":true,"href":"https:\/\/shop.yipinqian.com\/fr\/wp-json\/wp\/v2\/media\/5222"}],"wp:attachment":[{"href":"https:\/\/shop.yipinqian.com\/fr\/wp-json\/wp\/v2\/media?parent=1481"}],"wp:term":[{"taxonomy":"product_brand","embeddable":true,"href":"https:\/\/shop.yipinqian.com\/fr\/wp-json\/wp\/v2\/product_brand?post=1481"},{"taxonomy":"product_cat","embeddable":true,"href":"https:\/\/shop.yipinqian.com\/fr\/wp-json\/wp\/v2\/product_cat?post=1481"},{"taxonomy":"product_tag","embeddable":true,"href":"https:\/\/shop.yipinqian.com\/fr\/wp-json\/wp\/v2\/product_tag?post=1481"}],"curies":[{"name":"wp","href":"https:\/\/api.w.org\/{rel}","templated":true}]}}