{"id":1480,"date":"2024-10-24T23:19:31","date_gmt":"2024-10-24T15:19:31","guid":{"rendered":"https:\/\/shop.yipinqian.com\/product\/icy-light-green-natural-type-a-jadeite-jade-pendant-crafted-with-fish-and-lotus-certificate-weigh-6-07-grams-measurement-46-3-15-8-5-5-mm-pendant191\/"},"modified":"2025-02-24T00:49:55","modified_gmt":"2025-02-23T16:49:55","slug":"icy-light-green-natural-type-a-jadeite-jade-pendant-crafted-with-fish-and-lotus-certificate-weigh-6-07-grams-measurement-46-3-15-8-5-5-mm-pendant191","status":"publish","type":"product","link":"https:\/\/shop.yipinqian.com\/fr\/produit\/icy-light-green-natural-type-a-jadeite-jade-pendant-crafted-with-fish-and-lotus-certificate-weigh-6-07-grams-measurement-46-3-15-8-5-5-mm-pendant191\/","title":{"rendered":"Pendentif en jade jad\u00e9ite naturelle de type A vert clair glac\u00e9 fabriqu\u00e9 avec du poisson et du lotus, certificat pesant 6,07 grammes, mesurant 46,3 * 15,8 * 5,5 mm (pendentif191)"},"content":{"rendered":"<p>Ce pendentif en jade jad\u00e9ite naturelle de type A vert clair glac\u00e9 est un ajout \u00e9tonnant \u00e0 toute collection de bijoux. Fabriqu\u00e9 avec du poisson et du lotus, ce pendentif est une v\u00e9ritable \u0153uvre d&#039;art.<\/p>\n<p><\/p>\n<p><strong>Num\u00e9ros de certificat : GD2204H002683<\/strong><\/p>\n<ul>\n<li>\n<strong>Conception exquise :<\/strong> La conception complexe du poisson et du lotus met en valeur la beaut\u00e9 de la pierre de jade naturelle.<\/li>\n<li>\n<strong>Jad\u00e9ite naturelle de type A :<\/strong> Ce pendentif est fabriqu\u00e9 en jad\u00e9ite naturelle de type A, connue pour ses couleurs vives et sa durabilit\u00e9.<\/li>\n<li>\n<strong>Certificat inclus :<\/strong> Ce pendentif est accompagn\u00e9 d&#039;un certificat garantissant son authenticit\u00e9.<\/li>\n<\/ul>\n<p>Les mesures de cette belle pi\u00e8ce sont de 46,3 * 15,8 * 5,5 mm, ce qui en fait la taille parfaite pour un usage quotidien ou des occasions sp\u00e9ciales.<\/p>\n<ul>\n<li>\n<strong>Fabriqu\u00e9 au Myanmar :<\/strong> Cette pi\u00e8ce exquise vient du Myanmar, o\u00f9 l&#039;on trouve le meilleur jade.<\/li>\n<li>\n<strong>Style de collier d\u00e9contract\u00e9 :<\/strong>Ce style de collier d\u00e9contract\u00e9 compl\u00e8tera n&#039;importe quelle tenue, ce qui le rend parfait pour un usage quotidien<\/li>\n<li>.<\/li>\n<\/ul>\n<p>Ce pendentif unisexe p\u00e8se 6,07 grammes et constituera un excellent cadeau ou un ajout \u00e0 votre collection personnelle \u2013 obtenez le v\u00f4tre d\u00e8s aujourd\u2019hui\u00a0!<\/p>\n<p>Yi Pin Qian \u2013 N\u00e9gociant en pierres pr\u00e9cieuses et m\u00e9taux pr\u00e9cieux \u00e0 Singapour \u2013 Num\u00e9ro de licence PS20190000031<\/p>\n<p><\/p>\n<p>*Toutes les jad\u00e9ites achet\u00e9es chez Yi Pin Qian \u00e0 Singapour, les clients peuvent r\u00e9server des cr\u00e9neaux pour le polissage ou une r\u00e9paration mineure en cas de mauvaise manipulation - des frais s&#039;appliquent et uniquement pour les clients de Yi Pin Qian \u00e0 Singapour*<\/p>\n<p><\/p>\n<p><strong>**Types de certificats**<\/strong><\/p>\n<p><\/p>\n<p><strong>NGI (Nan Yang Gemmologie)<\/strong><\/p>\n<p>ou <strong>Certificats \u00e9trangers <\/strong>(Yi Pin Qian utilise uniquement des certificats authentiques provenant de laboratoires \u00e9trangers et contr\u00f4le \u00e9galement la qualit\u00e9 de chacun de nos produits avant de les mettre en vente \u00e0 Singapour)<\/p>\n<p><\/p>\n<p>Chaque produit sur TikTok aura le type de certificat fourni indiqu\u00e9 dans la description. Pour tout client souhaitant envoyer sa commande \u00e0 NGI Singapore, il y aura un d\u00e9lai d&#039;attente pour la livraison de la commande estim\u00e9 \u00e0 environ 4 semaines pour recevoir votre commande. <strong>Les demandes de rapport sur les pierres pr\u00e9cieuses NGI doivent \u00eatre effectu\u00e9es en envoyant un message \u00e0 la boutique TikTok de Yi Pin Qian.<\/strong> Merci, <strong><u>des frais suppl\u00e9mentaires s&#039;appliquent<\/u><\/strong>.<\/p>\n<p><\/p>\n<p><strong>La jad\u00e9ite naturelle n&#039;est pas parfaite, juste un petit rappel : notre jad\u00e9ite naturelle, comme toutes les belles choses de la nature, poss\u00e8de ses caract\u00e9ristiques et ses variations uniques. Nous invitons nos pr\u00e9cieux clients \u00e0 adopter ces variations naturelles. Bon shopping !<\/strong><\/p>\n<p><\/p>\n<p><strong><u>Aucune des photos et des s\u00e9quences vid\u00e9o n&#039;a \u00e9t\u00e9 filtr\u00e9e. Nous encourageons nos clients \u00e0 regarder \u00e9galement les vid\u00e9os d&#039;accompagnement pour une vue plus compl\u00e8te de nos produits<\/u><\/strong><\/p>","protected":false},"excerpt":{"rendered":"<p>This Icy Light Green Natural Type A Jadeite Jade Pendant is a stunning addition to any jewelry collection. Crafted with Fish and Lotus, this pendant is truly a work of art. Certificate numbers: GD2204H002683 Exquisite Design: The intricate design of Fish and Lotus highlights the beauty of the natural jade stone. Natural Type A Jadeite: [&hellip;]<\/p>","protected":false},"featured_media":5214,"comment_status":"open","ping_status":"closed","template":"","meta":[],"product_brand":[],"product_cat":[194],"product_tag":[],"class_list":{"0":"post-1480","1":"product","2":"type-product","3":"status-publish","4":"has-post-thumbnail","6":"product_cat-value-picks","8":"first","9":"instock","10":"sale","11":"shipping-taxable","12":"purchasable","13":"product-type-simple"},"_links":{"self":[{"href":"https:\/\/shop.yipinqian.com\/fr\/wp-json\/wp\/v2\/product\/1480","targetHints":{"allow":["GET"]}}],"collection":[{"href":"https:\/\/shop.yipinqian.com\/fr\/wp-json\/wp\/v2\/product"}],"about":[{"href":"https:\/\/shop.yipinqian.com\/fr\/wp-json\/wp\/v2\/types\/product"}],"replies":[{"embeddable":true,"href":"https:\/\/shop.yipinqian.com\/fr\/wp-json\/wp\/v2\/comments?post=1480"}],"version-history":[{"count":0,"href":"https:\/\/shop.yipinqian.com\/fr\/wp-json\/wp\/v2\/product\/1480\/revisions"}],"wp:featuredmedia":[{"embeddable":true,"href":"https:\/\/shop.yipinqian.com\/fr\/wp-json\/wp\/v2\/media\/5214"}],"wp:attachment":[{"href":"https:\/\/shop.yipinqian.com\/fr\/wp-json\/wp\/v2\/media?parent=1480"}],"wp:term":[{"taxonomy":"product_brand","embeddable":true,"href":"https:\/\/shop.yipinqian.com\/fr\/wp-json\/wp\/v2\/product_brand?post=1480"},{"taxonomy":"product_cat","embeddable":true,"href":"https:\/\/shop.yipinqian.com\/fr\/wp-json\/wp\/v2\/product_cat?post=1480"},{"taxonomy":"product_tag","embeddable":true,"href":"https:\/\/shop.yipinqian.com\/fr\/wp-json\/wp\/v2\/product_tag?post=1480"}],"curies":[{"name":"wp","href":"https:\/\/api.w.org\/{rel}","templated":true}]}}