{"id":1478,"date":"2024-10-24T23:19:29","date_gmt":"2024-10-24T15:19:29","guid":{"rendered":"https:\/\/shop.yipinqian.com\/product\/icy-good-translucency-with-green-natural-type-a-jadeite-pendant-necklace-crafted-with-buddha-and-lotus-certificate-included-weigh-13-2-grams-46-2-22-5-6-3-mm\/"},"modified":"2025-02-24T01:17:30","modified_gmt":"2025-02-23T17:17:30","slug":"icy-good-translucency-with-green-natural-type-a-jadeite-pendant-necklace-crafted-with-buddha-and-lotus-certificate-included-weigh-13-2-grams-46-2-22-5-6-3-mm","status":"publish","type":"product","link":"https:\/\/shop.yipinqian.com\/fr\/produit\/icy-good-translucency-with-green-natural-type-a-jadeite-pendant-necklace-crafted-with-buddha-and-lotus-certificate-included-weigh-13-2-grams-46-2-22-5-6-3-mm\/","title":{"rendered":"Collier pendentif en jad\u00e9ite naturelle de type A de bonne translucidit\u00e9 et de couleur verte, fabriqu\u00e9 avec Bouddha et Lotus, certificat inclus, p\u00e8se 13,2 grammes, 46,2 * 22,5 * 6,3 mm"},"content":{"rendered":"<p>Ce collier pendentif en jad\u00e9ite naturelle de type A verte translucide Icy Good est un superbe accessoire de bijouterie dot\u00e9 d&#039;un motif de Bouddha et de lotus fabriqu\u00e9 \u00e0 la main, parfait pour un usage quotidien.<\/p>\n<ul>\n<li>Pesant 13,2 grammes et mesurant 46,2 * 22,5 * 6,3 mm, ce collier est une pi\u00e8ce phare qui fera s\u00fbrement tourner les t\u00eates.<\/li>\n<li>Fabriqu\u00e9 en jad\u00e9ite de haute qualit\u00e9, ce collier poss\u00e8de une translucidit\u00e9 exquise qui rehausse sa beaut\u00e9 naturelle.<\/li>\n<\/ul>\n<p><strong>Num\u00e9ros de certificat : GD2111H014908<\/strong><\/p>\n<p><img fetchpriority=\"high\" decoding=\"async\" height=\"1080\" src=\"https:\/\/shop.yipinqian.com\/wp-content\/uploads\/2024\/10\/f412782b682d89156c4a9c18d1689a1e.jpg?from=476444299\" width=\"1080\"><\/p>\n<p>Comme preuve de son authenticit\u00e9 et de sa qualit\u00e9, ce pendentif est accompagn\u00e9 d&#039;un certificat<\/p>\n<ul>\n<li>Que vous vous habilliez pour des occasions sp\u00e9ciales ou que vous optiez pour une tenue d\u00e9contract\u00e9e au quotidien, ce style de collier s&#039;adapte \u00e0 toutes les tenues que vous avez en t\u00eate.<\/li>\n<\/ul>\n<p>Ce collier pendentif en jad\u00e9ite naturelle de type A verte translucide Icy Good est con\u00e7u pour \u00eatre unisexe et n&#039;a aucun type de garantie, ce qui refl\u00e8te son attrait intemporel pour les hommes et les femmes !<\/p>\n<p>\u00a0<\/p>\n<p>Yi Pin Qian \u2013 N\u00e9gociant en pierres pr\u00e9cieuses et m\u00e9taux pr\u00e9cieux \u00e0 Singapour \u2013 Num\u00e9ro de licence PS20190000031<\/p>\n<p>\u00a0<\/p>\n<p>*Toutes les jad\u00e9ites achet\u00e9es chez Yi Pin Qian \u00e0 Singapour, les clients peuvent r\u00e9server des cr\u00e9neaux pour le polissage ou une r\u00e9paration mineure en cas de mauvaise manipulation - des frais s&#039;appliquent et uniquement pour les clients de Yi Pin Qian \u00e0 Singapour*<\/p>\n<p>\u00a0<\/p>\n<p><strong>**Types de certificats**<\/strong><\/p>\n<p>\u00a0<\/p>\n<p><strong>NGI (Nan Yang Gemmologie)<\/strong><\/p>\n<p>ou <strong>Certificats \u00e9trangers <\/strong>(Yi Pin Qian utilise uniquement des certificats authentiques provenant de laboratoires \u00e9trangers et contr\u00f4le \u00e9galement la qualit\u00e9 de chacun de nos produits avant de les mettre en vente \u00e0 Singapour)<\/p>\n<p>\u00a0<\/p>\n<p>Chaque produit sur TikTok aura le type de certificat fourni indiqu\u00e9 dans la description. Pour tout client souhaitant envoyer sa commande \u00e0 NGI Singapore, il y aura un d\u00e9lai d&#039;attente pour la livraison de la commande estim\u00e9 \u00e0 environ 4 semaines pour recevoir votre commande. <strong>Les demandes de rapport sur les pierres pr\u00e9cieuses NGI doivent \u00eatre effectu\u00e9es en envoyant un message \u00e0 la boutique TikTok de Yi Pin Qian.<\/strong> Merci, <strong><u>des frais suppl\u00e9mentaires s&#039;appliquent<\/u><\/strong>.<\/p>\n<p>\u00a0<\/p>\n<p><strong>La jad\u00e9ite naturelle n&#039;est pas parfaite, juste un petit rappel : notre jad\u00e9ite naturelle, comme toutes les belles choses de la nature, poss\u00e8de ses caract\u00e9ristiques et ses variations uniques. Nous invitons nos pr\u00e9cieux clients \u00e0 adopter ces variations naturelles. Bon shopping !<\/strong><\/p>\n<p>\u00a0<\/p>\n<p><strong><u>Aucune des photos et des s\u00e9quences vid\u00e9o n&#039;a \u00e9t\u00e9 filtr\u00e9e. Nous encourageons nos clients \u00e0 regarder \u00e9galement les vid\u00e9os d&#039;accompagnement pour une vue plus compl\u00e8te de nos produits<\/u><\/strong><\/p>","protected":false},"excerpt":{"rendered":"<p>This Icy Good Translucency Green Natural Type A Jadeite Pendant Necklace is a stunning piece of jewelry accessory that features a hand-crafted Buddha and Lotus design, perfect for daily wear. Weighing in at 13.2 grams and measuring 46.2 * 22.5 * 6.3 mm, this necklace is a statement piece that will surely turn heads. Made [&hellip;]<\/p>","protected":false},"featured_media":5198,"comment_status":"open","ping_status":"closed","template":"","meta":[],"product_brand":[],"product_cat":[195],"product_tag":[],"class_list":{"0":"post-1478","1":"product","2":"type-product","3":"status-publish","4":"has-post-thumbnail","6":"product_cat-heirloom-grade","8":"first","9":"instock","10":"sale","11":"shipping-taxable","12":"purchasable","13":"product-type-simple"},"_links":{"self":[{"href":"https:\/\/shop.yipinqian.com\/fr\/wp-json\/wp\/v2\/product\/1478","targetHints":{"allow":["GET"]}}],"collection":[{"href":"https:\/\/shop.yipinqian.com\/fr\/wp-json\/wp\/v2\/product"}],"about":[{"href":"https:\/\/shop.yipinqian.com\/fr\/wp-json\/wp\/v2\/types\/product"}],"replies":[{"embeddable":true,"href":"https:\/\/shop.yipinqian.com\/fr\/wp-json\/wp\/v2\/comments?post=1478"}],"version-history":[{"count":0,"href":"https:\/\/shop.yipinqian.com\/fr\/wp-json\/wp\/v2\/product\/1478\/revisions"}],"wp:featuredmedia":[{"embeddable":true,"href":"https:\/\/shop.yipinqian.com\/fr\/wp-json\/wp\/v2\/media\/5198"}],"wp:attachment":[{"href":"https:\/\/shop.yipinqian.com\/fr\/wp-json\/wp\/v2\/media?parent=1478"}],"wp:term":[{"taxonomy":"product_brand","embeddable":true,"href":"https:\/\/shop.yipinqian.com\/fr\/wp-json\/wp\/v2\/product_brand?post=1478"},{"taxonomy":"product_cat","embeddable":true,"href":"https:\/\/shop.yipinqian.com\/fr\/wp-json\/wp\/v2\/product_cat?post=1478"},{"taxonomy":"product_tag","embeddable":true,"href":"https:\/\/shop.yipinqian.com\/fr\/wp-json\/wp\/v2\/product_tag?post=1478"}],"curies":[{"name":"wp","href":"https:\/\/api.w.org\/{rel}","templated":true}]}}