{"id":1475,"date":"2024-10-24T23:19:28","date_gmt":"2024-10-24T15:19:28","guid":{"rendered":"https:\/\/shop.yipinqian.com\/product\/hugh-rare-high-quality-brown-with-light-green-natural-type-a-jadeite-jade-crafted-with-sceneries-as-pendant-certificate-weighs-67-2-43-3-19-3-mm-pendant266\/"},"modified":"2025-02-24T01:34:19","modified_gmt":"2025-02-23T17:34:19","slug":"hugh-rare-high-quality-brown-with-light-green-natural-type-a-jadeite-jade-crafted-with-sceneries-as-pendant-certificate-weighs-67-2-43-3-19-3-mm-pendant266","status":"publish","type":"product","link":"https:\/\/shop.yipinqian.com\/fr\/produit\/hugh-rare-high-quality-brown-with-light-green-natural-type-a-jadeite-jade-crafted-with-sceneries-as-pendant-certificate-weighs-67-2-43-3-19-3-mm-pendant266\/","title":{"rendered":"Hugh, Jade jad\u00e9ite naturelle de type A brun et vert clair de haute qualit\u00e9, rare et de qualit\u00e9 sup\u00e9rieure, fabriqu\u00e9 avec des paysages en pendentif, le certificat p\u00e8se 67,2 * 43,3 * 19,3 mm (pendentif266)"},"content":{"rendered":"<p>Rehaussez votre tenue quotidienne avec ce bijou exquis : un pendentif en jade jad\u00e9ite naturelle de type A marron et vert clair de grande qualit\u00e9, de grande valeur. Fabriqu\u00e9 avec des d\u00e9cors complexes, ce pendentif est une v\u00e9ritable \u0153uvre d&#039;art.<\/p>\n<p>\u00a0<\/p>\n<p>Num\u00e9ros de certificat : GD2111H010538<\/p>\n<p><img fetchpriority=\"high\" decoding=\"async\" height=\"1080\" src=\"https:\/\/shop.yipinqian.com\/wp-content\/uploads\/2024\/10\/6d78f5d74cd21b3d0b443ab70a03df78.jpg?from=476444299\" width=\"1080\"><\/p>\n<ul>\n<li>\n<strong>Mat\u00e9riel:<\/strong> Jade jad\u00e9ite naturelle de type A<\/li>\n<li>\n<strong>Certificat:<\/strong> Oui<\/li>\n<li>\n<strong>Pays d&#039;origine :<\/strong> Birmanie<\/li>\n<li>\n<strong>Type de jade :<\/strong>Jad\u00e9ite<\/li>\n<li>\n<strong>Taille naturelle (mm) :<\/strong>\u2013 Longueur : 67,2 \u2013 Largeur : 43,3 \u2013 \u00c9paisseur : 19,3<\/li>\n<li>Cette pi\u00e8ce unisexe est parfaite pour toutes les occasions et ajoute une touche d&#039;\u00e9l\u00e9gance \u00e0 votre look. Le style d\u00e9contract\u00e9 du collier le rend polyvalent pour un usage quotidien. Ajoutez ce superbe pendentif en jade \u00e0 votre collection et profitez de la beaut\u00e9 et de l&#039;originalit\u00e9 qu&#039;il apporte \u00e0 votre ensemble.<\/li>\n<\/ul>\n<p>Yi Pin Qian \u2013 N\u00e9gociant en pierres pr\u00e9cieuses et m\u00e9taux pr\u00e9cieux \u00e0 Singapour \u2013 Num\u00e9ro de licence PS20190000031<\/p>\n<p>\u00a0<\/p>\n<p>*Toutes les jad\u00e9ites achet\u00e9es chez Yi Pin Qian \u00e0 Singapour, les clients peuvent r\u00e9server des cr\u00e9neaux pour le polissage ou une r\u00e9paration mineure en cas de mauvaise manipulation - des frais s&#039;appliquent et uniquement pour les clients de Yi Pin Qian \u00e0 Singapour*<\/p>\n<p>\u00a0<\/p>\n<p><strong>**Types de certificats**<\/strong><\/p>\n<p>\u00a0<\/p>\n<p><strong>NGI (Nan Yang Gemmologie)<\/strong><\/p>\n<p>ou <strong>Certificats \u00e9trangers <\/strong>(Yi Pin Qian utilise uniquement des certificats authentiques provenant de laboratoires \u00e9trangers et contr\u00f4le \u00e9galement la qualit\u00e9 de chacun de nos produits avant de les mettre en vente \u00e0 Singapour)<\/p>\n<p>\u00a0<\/p>\n<p>Chaque produit sur TikTok aura le type de certificat fourni indiqu\u00e9 dans la description. Pour tout client souhaitant envoyer sa commande \u00e0 NGI Singapore, il y aura un d\u00e9lai d&#039;attente pour la livraison de la commande estim\u00e9 \u00e0 environ 4 semaines pour recevoir votre commande. <strong>Les demandes de rapport sur les pierres pr\u00e9cieuses NGI doivent \u00eatre effectu\u00e9es en envoyant un message \u00e0 la boutique TikTok de Yi Pin Qian.<\/strong> Merci, <strong><u>des frais suppl\u00e9mentaires s&#039;appliquent<\/u><\/strong>.<\/p>\n<p>\u00a0<\/p>\n<p><strong>La jad\u00e9ite naturelle n&#039;est pas parfaite, juste un petit rappel : notre jad\u00e9ite naturelle, comme toutes les belles choses de la nature, poss\u00e8de ses caract\u00e9ristiques et ses variations uniques. Nous invitons nos pr\u00e9cieux clients \u00e0 adopter ces variations naturelles. Bon shopping !<\/strong><\/p>\n<p>\u00a0<\/p>\n<p><strong><u>Aucune des photos et des s\u00e9quences vid\u00e9o n&#039;a \u00e9t\u00e9 filtr\u00e9e. Nous encourageons nos clients \u00e0 regarder \u00e9galement les vid\u00e9os d&#039;accompagnement pour une vue plus compl\u00e8te de nos produits<\/u><\/strong><\/p>\n<p>\u00a0<\/p>\n<p><strong>*** (Le client souhaitant demander un certificat NGI, veuillez nous envoyer un message avant votre achat, merci)<\/strong><\/p>","protected":false},"excerpt":{"rendered":"<p>Enhance your daily attire with this exquisite piece of jewelry: a Hugh, Rare, High-Quality Brown with Light Green Natural Type A Jadeite Jade pendant. Crafted with intricate sceneries, this pendant is a true work of art. \u00a0 Certificate numbers: GD2111H010538 Material: Natural Type A Jadeite Jade Certificate: Yes Country of Origin: Myanmar Jade Type:Jadeite Natural [&hellip;]<\/p>","protected":false},"featured_media":5168,"comment_status":"open","ping_status":"closed","template":"","meta":[],"product_brand":[],"product_cat":[196],"product_tag":[],"class_list":{"0":"post-1475","1":"product","2":"type-product","3":"status-publish","4":"has-post-thumbnail","6":"product_cat-vault-collection","8":"first","9":"instock","10":"sale","11":"shipping-taxable","12":"purchasable","13":"product-type-simple"},"_links":{"self":[{"href":"https:\/\/shop.yipinqian.com\/fr\/wp-json\/wp\/v2\/product\/1475","targetHints":{"allow":["GET"]}}],"collection":[{"href":"https:\/\/shop.yipinqian.com\/fr\/wp-json\/wp\/v2\/product"}],"about":[{"href":"https:\/\/shop.yipinqian.com\/fr\/wp-json\/wp\/v2\/types\/product"}],"replies":[{"embeddable":true,"href":"https:\/\/shop.yipinqian.com\/fr\/wp-json\/wp\/v2\/comments?post=1475"}],"version-history":[{"count":0,"href":"https:\/\/shop.yipinqian.com\/fr\/wp-json\/wp\/v2\/product\/1475\/revisions"}],"wp:featuredmedia":[{"embeddable":true,"href":"https:\/\/shop.yipinqian.com\/fr\/wp-json\/wp\/v2\/media\/5168"}],"wp:attachment":[{"href":"https:\/\/shop.yipinqian.com\/fr\/wp-json\/wp\/v2\/media?parent=1475"}],"wp:term":[{"taxonomy":"product_brand","embeddable":true,"href":"https:\/\/shop.yipinqian.com\/fr\/wp-json\/wp\/v2\/product_brand?post=1475"},{"taxonomy":"product_cat","embeddable":true,"href":"https:\/\/shop.yipinqian.com\/fr\/wp-json\/wp\/v2\/product_cat?post=1475"},{"taxonomy":"product_tag","embeddable":true,"href":"https:\/\/shop.yipinqian.com\/fr\/wp-json\/wp\/v2\/product_tag?post=1475"}],"curies":[{"name":"wp","href":"https:\/\/api.w.org\/{rel}","templated":true}]}}