{"id":14743,"date":"2024-12-17T10:47:51","date_gmt":"2024-12-17T02:47:51","guid":{"rendered":"https:\/\/shop.yipinqian.com\/yellow-water-drop-shape-cabochon-natural-type-a-jadeite-jade-set-with-s925-as-pendant-certificate-weighs-2-6-grams-measurement-14-7-12-4-mm-s925p5\/"},"modified":"2025-01-26T00:00:50","modified_gmt":"2025-01-25T16:00:50","slug":"yellow-water-drop-shape-cabochon-natural-type-a-jadeite-jade-set-with-s925-as-pendant-certificate-weighs-2-6-grams-measurement-14-7-12-4-mm-s925p5","status":"publish","type":"product","link":"https:\/\/shop.yipinqian.com\/fr\/produit\/yellow-water-drop-shape-cabochon-natural-type-a-jadeite-jade-set-with-s925-as-pendant-certificate-weighs-2-6-grams-measurement-14-7-12-4-mm-s925p5\/","title":{"rendered":"Cabochon en forme de goutte d&#039;eau jaune Jadeite naturelle de type A serti de S925 comme pendentif certificat p\u00e8se 2,6 grammes, mesure 14,7 * 12 * 4 mm (s925p5)"},"content":{"rendered":"<p><iframe title=\"Pendentif cabochon jaune s925\" src=\"https:\/\/youtube.com\/embed\/oYG7XDh-p3A\" width=\"330\" height=\"300\"><\/iframe><\/p>\n<p>Ce superbe pendentif en jade jad\u00e9ite naturelle de type A en forme de goutte d&#039;eau jaune est un accessoire parfait \u00e0 porter au quotidien, \u00e9l\u00e9gamment fabriqu\u00e9 en argent S925. Pesant 2,6 grammes, il pr\u00e9sente un design unique qui ajoute une touche de sophistication \u00e0 n&#039;importe quelle tenue.<\/p>\n<p><\/p>\n<p>Num\u00e9ros de certificat : GD2111H017513<\/p>\n<p><img fetchpriority=\"high\" decoding=\"async\" src=\"https:\/\/shop.yipinqian.com\/wp-content\/uploads\/2024\/12\/e2cb4348e93d4aceabead79e4b639954tplv-aphluv4xwc-origin-jpeg.jpeg?dr=15568&#038;nonce=54586&#038;refresh_token=2565d659577db8888f3b6434f8529116&#038;from=476444299&#038;idc=my2&#038;ps=933b5bde&#038;shcp=9b759fb9&#038;shp=1c65f68b&#038;t=555f072d\" width=\"1080\" height=\"1080\"><\/p>\n<ul>\n<li>\n<strong>Mat\u00e9riel:<\/strong> Monture en argent S925<\/li>\n<li>\n<strong>Type de jade :<\/strong> Jad\u00e9ite naturelle de type A<\/li>\n<li>\n<strong>Mesures:<\/strong> 14,7 * 12 * 4 mm<\/li>\n<li>\n<strong>Livr\u00e9 avec certificat :<\/strong> Oui<\/li>\n<\/ul>\n<p><img decoding=\"async\" src=\"https:\/\/shop.yipinqian.com\/wp-content\/uploads\/2024\/12\/5f19596b3fe8417aa3b3afe56e0501abtplv-aphluv4xwc-origin-jpeg.jpeg?dr=15568&#038;nonce=50861&#038;refresh_token=531134c75a792abfa1b2937fc4c12b83&#038;from=476444299&#038;idc=my2&#038;ps=933b5bde&#038;shcp=9b759fb9&#038;shp=1c65f68b&#038;t=555f072d\" width=\"1080\" height=\"1080\"><\/p>\n<p>Ce pendentif est con\u00e7u pour les femmes qui appr\u00e9cient les bijoux d\u00e9contract\u00e9s mais \u00e9l\u00e9gants qui refl\u00e8tent leur style personnel.<\/p>\n<p><\/p>\n<p>Yi Pin Qian \u2013 N\u00e9gociant en pierres pr\u00e9cieuses et m\u00e9taux pr\u00e9cieux \u00e0 Singapour \u2013 Num\u00e9ro de licence PS20190000031<\/p>\n<p><\/p>\n<p>*Toutes les jad\u00e9ites achet\u00e9es chez Yi Pin Qian \u00e0 Singapour, les clients peuvent r\u00e9server des cr\u00e9neaux pour le polissage ou une r\u00e9paration mineure en cas de mauvaise manipulation - des frais s&#039;appliquent et uniquement pour les clients de Yi Pin Qian \u00e0 Singapour*<\/p>\n<p><\/p>\n<p><strong>**Types de certificats**<\/strong><\/p>\n<p><\/p>\n<p><strong>NGI (Nan Yang Gemmologie)<\/strong><\/p>\n<p>ou <strong>Certificats \u00e9trangers <\/strong>(Yi Pin Qian utilise uniquement des certificats authentiques provenant de laboratoires \u00e9trangers et contr\u00f4le \u00e9galement la qualit\u00e9 de chacun de nos produits avant de les mettre en vente \u00e0 Singapour)<\/p>\n<p><\/p>\n<p>Chaque produit aura le type de certificat fourni indiqu\u00e9 dans la description. Pour tout client souhaitant envoyer sa commande \u00e0 NGI Singapore, <strong>Les demandes de rapport NGI Gemstone doivent \u00eatre effectu\u00e9es en nous envoyant un message.<\/strong> Merci, <strong><u>des frais suppl\u00e9mentaires s&#039;appliquent<\/u><\/strong> \u2013 $90 pour la jad\u00e9ite \/ $150 pour la jad\u00e9ite avec de l\u2019or 18 carats \u2013 ce n\u2019est pas obligatoire car la plupart de nos produits sont d\u00e9j\u00e0 livr\u00e9s avec un certificat d\u2019outre-mer ou un rapport NGI.<\/p>\n<p><\/p>\n<p>(Pour plus de d\u00e9tails ou demande suppl\u00e9mentaire : <strong>Veuillez nous envoyer un message si vous souhaitez envoyer votre article achet\u00e9 au laboratoire de test NGI<\/strong>)<\/p>\n<p><\/p>\n<p><strong>La jad\u00e9ite naturelle n&#039;est pas parfaite, juste un petit rappel : notre jad\u00e9ite naturelle, comme toutes les belles choses de la nature, poss\u00e8de ses caract\u00e9ristiques et ses variations uniques. Nous invitons nos pr\u00e9cieux clients \u00e0 adopter ces variations naturelles. Bon shopping !<\/strong><\/p>\n<p><\/p>\n<p><strong><u>Aucune des photos et des s\u00e9quences vid\u00e9o n&#039;a \u00e9t\u00e9 filtr\u00e9e. Nous encourageons nos clients \u00e0 regarder \u00e9galement les vid\u00e9os d&#039;accompagnement pour une vue plus compl\u00e8te de nos produits<\/u><\/strong><\/p>\n<p><\/p>\n<ul>\n<li>Diff\u00e9rentes plates-formes ne peuvent visionner des vid\u00e9os que via le bureau<\/li>\n<\/ul>","protected":false},"excerpt":{"rendered":"<p>Ce superbe pendentif en jade jad\u00e9ite naturelle de type A en forme de goutte d&#039;eau jaune est un accessoire parfait \u00e0 porter au quotidien, \u00e9l\u00e9gamment fabriqu\u00e9 en argent S925. Pesant 2,6 grammes, il pr\u00e9sente un design unique qui ajoute une touche de sophistication \u00e0 n&#039;importe quelle tenue. Num\u00e9ros de certificat : GD2111H017513 Mat\u00e9riau : monture en argent S925 Type de jade : jad\u00e9ite naturelle de type A [\u2026]<\/p>","protected":false},"featured_media":14940,"comment_status":"open","ping_status":"closed","template":"","meta":[],"product_brand":[],"product_cat":[83,126,48,125],"product_tag":[52,72,65,55,56,58,73,67,60,68,62],"class_list":{"0":"post-14743","1":"product","2":"type-product","3":"status-publish","4":"has-post-thumbnail","6":"product_cat-jade-necklaces-pendants","7":"product_cat-new-arrivals","8":"product_cat-pendants","9":"product_cat-s925-settings-jadeites","10":"product_tag-certified","11":"product_tag-female","12":"product_tag-high-quality","13":"product_tag-jadeite","14":"product_tag-limited-editions","15":"product_tag-new-arrivals","16":"product_tag-pendant","17":"product_tag-s925","18":"product_tag-type-a-jadeite","19":"product_tag-yellow","20":"product_tag-yi-pin-qian-exclusive","22":"first","23":"instock","24":"sale","25":"shipping-taxable","26":"purchasable","27":"product-type-simple"},"_links":{"self":[{"href":"https:\/\/shop.yipinqian.com\/fr\/wp-json\/wp\/v2\/product\/14743","targetHints":{"allow":["GET"]}}],"collection":[{"href":"https:\/\/shop.yipinqian.com\/fr\/wp-json\/wp\/v2\/product"}],"about":[{"href":"https:\/\/shop.yipinqian.com\/fr\/wp-json\/wp\/v2\/types\/product"}],"replies":[{"embeddable":true,"href":"https:\/\/shop.yipinqian.com\/fr\/wp-json\/wp\/v2\/comments?post=14743"}],"version-history":[{"count":0,"href":"https:\/\/shop.yipinqian.com\/fr\/wp-json\/wp\/v2\/product\/14743\/revisions"}],"wp:featuredmedia":[{"embeddable":true,"href":"https:\/\/shop.yipinqian.com\/fr\/wp-json\/wp\/v2\/media\/14940"}],"wp:attachment":[{"href":"https:\/\/shop.yipinqian.com\/fr\/wp-json\/wp\/v2\/media?parent=14743"}],"wp:term":[{"taxonomy":"product_brand","embeddable":true,"href":"https:\/\/shop.yipinqian.com\/fr\/wp-json\/wp\/v2\/product_brand?post=14743"},{"taxonomy":"product_cat","embeddable":true,"href":"https:\/\/shop.yipinqian.com\/fr\/wp-json\/wp\/v2\/product_cat?post=14743"},{"taxonomy":"product_tag","embeddable":true,"href":"https:\/\/shop.yipinqian.com\/fr\/wp-json\/wp\/v2\/product_tag?post=14743"}],"curies":[{"name":"wp","href":"https:\/\/api.w.org\/{rel}","templated":true}]}}