{"id":1474,"date":"2024-10-24T23:19:27","date_gmt":"2024-10-24T15:19:27","guid":{"rendered":"https:\/\/shop.yipinqian.com\/product\/hugh-natural-type-a-jadeite-pendant-crafted-as-dounut-with-beautiful-archaize-style-with-floating-green-and-some-wuji-with-purple-hue-qic-labs-approved-cert-weigh-71-13-grams-54-3-54-3-12-2-mm-symbols\/"},"modified":"2025-02-17T00:02:48","modified_gmt":"2025-02-16T16:02:48","slug":"hugh-natural-type-a-jadeite-pendant-crafted-as-dounut-with-beautiful-archaize-style-with-floating-green-and-some-wuji-with-purple-hue-qic-labs-approved-cert-weigh-71-13-grams-54-3-54-3-12-2-mm-symbols","status":"publish","type":"product","link":"https:\/\/shop.yipinqian.com\/fr\/produit\/hugh-natural-type-a-jadeite-pendant-crafted-as-dounut-with-beautiful-archaize-style-with-floating-green-and-some-wuji-with-purple-hue-qic-labs-approved-cert-weigh-71-13-grams-54-3-54-3-12-2-mm-symbols\/","title":{"rendered":"Pendentif en jad\u00e9ite naturelle de type A Hugh fabriqu\u00e9 en Donut avec un beau style archa\u00efsant avec du vert flottant et du wuji avec une teinte violette, certificat approuv\u00e9 par QIC Labs pesant 71,13 grammes, 54,3 * 54,3 * 12,2 mm, symboles de tout va bien (pendentif64)"},"content":{"rendered":"<p>Ce pendentif en jad\u00e9ite naturelle de type A de Hugh est un ajout \u00e9tonnant \u00e0 toute collection de bijoux. Fabriqu\u00e9 dans un magnifique style archa\u00efque, ce pendentif est con\u00e7u comme un beignet avec du vert flottant et du wuji avec une teinte violette, symbolisant que tout va bien.<\/p>\n<p>\u00a0<\/p>\n<p>Pesant 71,13 grammes et mesurant 54,3 * 54,3 * 12,2 mm, ce pendentif est fait de jad\u00e9ite de type A de haute qualit\u00e9 du Myanmar - une pierre pr\u00e9cieuse exquise appr\u00e9ci\u00e9e pour sa beaut\u00e9 et sa durabilit\u00e9.<\/p>\n<p><img fetchpriority=\"high\" decoding=\"async\" height=\"1080\" src=\"https:\/\/shop.yipinqian.com\/wp-content\/uploads\/2024\/10\/09dfd2073debe69dcce96297eca3d2af.jpg?from=476444299\" width=\"1080\"><\/p>\n<p>Ce pendentif est livr\u00e9 avec un QIC Labs approuv\u00e9 <strong>Num\u00e9ros de certificat : SD24040804642<\/strong> pour l&#039;authenticit\u00e9, vous assurant d&#039;obtenir la vraie affaire. Le design unisexe de ce pendentif le rend parfait pour un usage quotidien ou des occasions d\u00e9contract\u00e9es - le style du collier peut facilement \u00eatre habill\u00e9 de mani\u00e8re plus ou moins habill\u00e9e pour s&#039;adapter \u00e0 n&#039;importe quelle tenue. En r\u00e9sum\u00e9 :<\/p>\n<ul>\n<li>Pendentif en jad\u00e9ite naturelle de type A de Hugh fabriqu\u00e9 par Dounut<\/li>\n<li>Beau style archa\u00efsant avec du vert flottant et du wuji avec une teinte violette<\/li>\n<li>P\u00e8se 71,13 grammes ; mesure 54,3 * 54,3 * 12,2 mm<\/li>\n<li>Certificat approuv\u00e9 par QIC Labs inclus\u00a0; Originaire du Myanmar<\/li>\n<li>Symboles Tout va bien ; Design unisexe adapt\u00e9 \u00e0 un usage quotidien ou \u00e0 des occasions d\u00e9contract\u00e9es.<\/li>\n<\/ul>\n<p>Ajoutez quelque chose de sp\u00e9cial \u00e0 votre bo\u00eete \u00e0 bijoux aujourd&#039;hui en achetant ce superbe pendentif en jad\u00e9ite naturelle de type A Hugh !<\/p>\n<p>\u00a0<\/p>\n<p>Yi Pin Qian \u2013 N\u00e9gociant en pierres pr\u00e9cieuses et m\u00e9taux pr\u00e9cieux \u00e0 Singapour \u2013 Num\u00e9ro de licence PS20190000031<\/p>\n<p>\u00a0<\/p>\n<p>*Toutes les jad\u00e9ites achet\u00e9es chez Yi Pin Qian \u00e0 Singapour, les clients peuvent r\u00e9server des cr\u00e9neaux pour le polissage ou une r\u00e9paration mineure en cas de mauvaise manipulation - des frais s&#039;appliquent et uniquement pour les clients de Yi Pin Qian \u00e0 Singapour*<\/p>\n<p>\u00a0<\/p>\n<p><strong>**Types de certificats**<\/strong><\/p>\n<p>\u00a0<\/p>\n<p><strong>NGI (Nan Yang Gemmologie)<\/strong><\/p>\n<p>ou <strong>Certificats \u00e9trangers <\/strong>(Yi Pin Qian utilise uniquement des certificats authentiques provenant de laboratoires \u00e9trangers et contr\u00f4le \u00e9galement la qualit\u00e9 de chacun de nos produits avant de les mettre en vente \u00e0 Singapour)<\/p>\n<p>\u00a0<\/p>\n<p>Chaque produit sur TikTok aura le type de certificat fourni indiqu\u00e9 dans la description. Pour tout client souhaitant envoyer sa commande \u00e0 NGI Singapore, il y aura un d\u00e9lai d&#039;attente pour la livraison de la commande estim\u00e9 \u00e0 environ 4 semaines pour recevoir votre commande. <strong>Les demandes de rapport sur les pierres pr\u00e9cieuses NGI doivent \u00eatre effectu\u00e9es en envoyant un message \u00e0 la boutique TikTok de Yi Pin Qian.<\/strong> Merci, <strong><u>des frais suppl\u00e9mentaires s&#039;appliquent<\/u><\/strong>.<\/p>\n<p>\u00a0<\/p>\n<p><strong>La jad\u00e9ite naturelle n&#039;est pas parfaite, juste un petit rappel : notre jad\u00e9ite naturelle, comme toutes les belles choses de la nature, poss\u00e8de ses caract\u00e9ristiques et ses variations uniques. Nous invitons nos pr\u00e9cieux clients \u00e0 adopter ces variations naturelles. Bon shopping !<\/strong><\/p>\n<p>\u00a0<\/p>\n<p><strong><u>Aucune des photos et des s\u00e9quences vid\u00e9o n&#039;a \u00e9t\u00e9 filtr\u00e9e. Nous encourageons nos clients \u00e0 regarder \u00e9galement les vid\u00e9os d&#039;accompagnement pour une vue plus compl\u00e8te de nos produits<\/u><\/strong><\/p>","protected":false},"excerpt":{"rendered":"<p>This Hugh Natural Type A Jadeite Pendant is a stunning addition to any jewelry collection. Crafted in a beautiful archaize style, this pendant is designed as a donut with floating green and some wuji with purple hue, symbolizing everything going well. \u00a0 Weighing 71.13 grams and measuring 54.3 * 54.3 * 12.2 mm, this pendant [&hellip;]<\/p>","protected":false},"featured_media":5158,"comment_status":"open","ping_status":"closed","template":"","meta":[],"product_brand":[],"product_cat":[48],"product_tag":[],"class_list":{"0":"post-1474","1":"product","2":"type-product","3":"status-publish","4":"has-post-thumbnail","6":"product_cat-pendants","8":"first","9":"instock","10":"sale","11":"shipping-taxable","12":"purchasable","13":"product-type-simple"},"_links":{"self":[{"href":"https:\/\/shop.yipinqian.com\/fr\/wp-json\/wp\/v2\/product\/1474","targetHints":{"allow":["GET"]}}],"collection":[{"href":"https:\/\/shop.yipinqian.com\/fr\/wp-json\/wp\/v2\/product"}],"about":[{"href":"https:\/\/shop.yipinqian.com\/fr\/wp-json\/wp\/v2\/types\/product"}],"replies":[{"embeddable":true,"href":"https:\/\/shop.yipinqian.com\/fr\/wp-json\/wp\/v2\/comments?post=1474"}],"version-history":[{"count":0,"href":"https:\/\/shop.yipinqian.com\/fr\/wp-json\/wp\/v2\/product\/1474\/revisions"}],"wp:featuredmedia":[{"embeddable":true,"href":"https:\/\/shop.yipinqian.com\/fr\/wp-json\/wp\/v2\/media\/5158"}],"wp:attachment":[{"href":"https:\/\/shop.yipinqian.com\/fr\/wp-json\/wp\/v2\/media?parent=1474"}],"wp:term":[{"taxonomy":"product_brand","embeddable":true,"href":"https:\/\/shop.yipinqian.com\/fr\/wp-json\/wp\/v2\/product_brand?post=1474"},{"taxonomy":"product_cat","embeddable":true,"href":"https:\/\/shop.yipinqian.com\/fr\/wp-json\/wp\/v2\/product_cat?post=1474"},{"taxonomy":"product_tag","embeddable":true,"href":"https:\/\/shop.yipinqian.com\/fr\/wp-json\/wp\/v2\/product_tag?post=1474"}],"curies":[{"name":"wp","href":"https:\/\/api.w.org\/{rel}","templated":true}]}}