{"id":1472,"date":"2024-10-24T23:19:27","date_gmt":"2024-10-24T15:19:27","guid":{"rendered":"https:\/\/shop.yipinqian.com\/product\/hugh-light-green-crafted-with-shape-of-donut-and-cylinder-natural-type-a-jadeite-jade-as-pendant-certificate-weighs-73-85-and-12-55-grams-measurements-52-8-52-7-14-3-19-1-16-3-mm-pendant290\/"},"modified":"2025-02-24T00:49:55","modified_gmt":"2025-02-23T16:49:55","slug":"hugh-light-green-crafted-with-shape-of-donut-and-cylinder-natural-type-a-jadeite-jade-as-pendant-certificate-weighs-73-85-and-12-55-grams-measurements-52-8-52-7-14-3-19-1-16-3-mm-pendant290","status":"publish","type":"product","link":"https:\/\/shop.yipinqian.com\/fr\/produit\/hugh-light-green-crafted-with-shape-of-donut-and-cylinder-natural-type-a-jadeite-jade-as-pendant-certificate-weighs-73-85-and-12-55-grams-measurements-52-8-52-7-14-3-19-1-16-3-mm-pendant290\/","title":{"rendered":"Pendentif en jade jad\u00e9ite naturelle de type A en forme de beignet et de cylindre, certificat pesant 73,85 et 12,55 grammes, dimensions 52,8 * 52,7 * 14,3, 19,1 * 16,3 mm (pendentif290)"},"content":{"rendered":"<p>Ce pendentif en jade vert clair Hugh est un superbe bijou r\u00e9alis\u00e9 en forme de beignet et de cylindre, fabriqu\u00e9 \u00e0 partir de jade jad\u00e9ite naturel de type A.<\/p>\n<p><\/p>\n<p>Num\u00e9ros de certificat : ZS23020101102 \/ ZS23020101104<\/p>\n<p><\/p>\n<ul>\n<li>\n<strong>Poids:<\/strong> 73,85 grammes (Donut) et 12,55 grammes (Cylinder)<\/li>\n<li>\n<strong>Mesures:<\/strong> 52,8 * 52,7 * 14,3 mm (Donut) et 19,1 * 16,3 mm (Cylindre)<\/li>\n<\/ul>\n<p>Ce pendentif unique, \u00e9tiquet\u00e9 Pendentif290, est livr\u00e9 avec un certificat d&#039;authenticit\u00e9.<\/p>\n<ul>\n<li>\n<strong>Certificat:<\/strong> Oui<\/li>\n<li><strong>Pays d&#039;origine :<\/strong><\/li>\n<li><strong>Occasion : Genre : Jade Type : Collier en jad\u00e9ite Style : D\u00e9contract\u00e9 <em>Remarque : aucune garantie n&#039;est fournie avec cette superbe pi\u00e8ce unisexe adapt\u00e9e \u00e0 un usage quotidien. Ajoutez cet \u00e9l\u00e9gant collier en jade \u00e0 votre collection comme accessoire d\u00e9contract\u00e9 qui respire la beaut\u00e9 et le charme naturels.<\/em><\/strong><\/li>\n<\/ul>\n<p><strong>La jad\u00e9ite naturelle n&#039;est pas parfaite, juste un petit rappel : notre jad\u00e9ite naturelle, comme toutes les belles choses de la nature, poss\u00e8de ses caract\u00e9ristiques et ses variations uniques. Nous invitons nos pr\u00e9cieux clients \u00e0 adopter ces variations naturelles. Bon shopping !<\/strong><\/p>\n<p><\/p>\n<p><strong><u>Aucune des photos et des s\u00e9quences vid\u00e9o n&#039;a \u00e9t\u00e9 filtr\u00e9e. Nous encourageons nos clients \u00e0 regarder \u00e9galement les vid\u00e9os d&#039;accompagnement pour une vue plus compl\u00e8te de nos produits<\/u><\/strong><\/p>","protected":false},"excerpt":{"rendered":"<p>Ce pendentif en jade vert clair Hugh est un superbe bijou fabriqu\u00e9 en forme de donut et de cylindre, en jade jad\u00e9ite naturel de type A. Num\u00e9ros de certificat : ZS23020101102 \/ ZS23020101104 Poids : 73,85 grammes (Donut) et 12,55 grammes (Cylinder) Dimensions : 52,8 * 52,7 * 14,3 mm (Donut) et 19,1 * 16,3 mm (Cylinder) [\u2026]<\/p>","protected":false},"featured_media":5127,"comment_status":"open","ping_status":"closed","template":"","meta":[],"product_brand":[],"product_cat":[194],"product_tag":[],"class_list":{"0":"post-1472","1":"product","2":"type-product","3":"status-publish","4":"has-post-thumbnail","6":"product_cat-value-picks","8":"first","9":"instock","10":"sale","11":"shipping-taxable","12":"purchasable","13":"product-type-simple"},"_links":{"self":[{"href":"https:\/\/shop.yipinqian.com\/fr\/wp-json\/wp\/v2\/product\/1472","targetHints":{"allow":["GET"]}}],"collection":[{"href":"https:\/\/shop.yipinqian.com\/fr\/wp-json\/wp\/v2\/product"}],"about":[{"href":"https:\/\/shop.yipinqian.com\/fr\/wp-json\/wp\/v2\/types\/product"}],"replies":[{"embeddable":true,"href":"https:\/\/shop.yipinqian.com\/fr\/wp-json\/wp\/v2\/comments?post=1472"}],"version-history":[{"count":0,"href":"https:\/\/shop.yipinqian.com\/fr\/wp-json\/wp\/v2\/product\/1472\/revisions"}],"wp:featuredmedia":[{"embeddable":true,"href":"https:\/\/shop.yipinqian.com\/fr\/wp-json\/wp\/v2\/media\/5127"}],"wp:attachment":[{"href":"https:\/\/shop.yipinqian.com\/fr\/wp-json\/wp\/v2\/media?parent=1472"}],"wp:term":[{"taxonomy":"product_brand","embeddable":true,"href":"https:\/\/shop.yipinqian.com\/fr\/wp-json\/wp\/v2\/product_brand?post=1472"},{"taxonomy":"product_cat","embeddable":true,"href":"https:\/\/shop.yipinqian.com\/fr\/wp-json\/wp\/v2\/product_cat?post=1472"},{"taxonomy":"product_tag","embeddable":true,"href":"https:\/\/shop.yipinqian.com\/fr\/wp-json\/wp\/v2\/product_tag?post=1472"}],"curies":[{"name":"wp","href":"https:\/\/api.w.org\/{rel}","templated":true}]}}