{"id":1471,"date":"2024-10-24T23:19:26","date_gmt":"2024-10-24T15:19:26","guid":{"rendered":"https:\/\/shop.yipinqian.com\/product\/hugh-high-quality-light-green-yellow-brown-and-red-natural-type-a-jadeite-jade-crafted-as-guanyin-for-pendant-certificate-weighs-79-47-grams-measurement-83-3-52-6-8-5-mm-pendant282\/"},"modified":"2025-02-24T01:34:19","modified_gmt":"2025-02-23T17:34:19","slug":"hugh-high-quality-light-green-yellow-brown-and-red-natural-type-a-jadeite-jade-crafted-as-guanyin-for-pendant-certificate-weighs-79-47-grams-measurement-83-3-52-6-8-5-mm-pendant282","status":"publish","type":"product","link":"https:\/\/shop.yipinqian.com\/fr\/produit\/hugh-high-quality-light-green-yellow-brown-and-red-natural-type-a-jadeite-jade-crafted-as-guanyin-for-pendant-certificate-weighs-79-47-grams-measurement-83-3-52-6-8-5-mm-pendant282\/","title":{"rendered":"Jade jad\u00e9ite naturelle de type A vert clair, jaune brun et rouge de haute qualit\u00e9 Hugh fabriqu\u00e9 comme Guanyin pour pendentif, certificat p\u00e8se 79,47 grammes, mesure 83,3 * 52,6 * 8,5 mm (pendentif282)"},"content":{"rendered":"<p>Ce pendentif exquis est compos\u00e9 de jade jad\u00e9ite naturel de type A vert clair, jaune brun et rouge de haute qualit\u00e9 Hugh, m\u00e9ticuleusement fabriqu\u00e9 en Guanyin. Le pendentif est accompagn\u00e9 d&#039;un certificat et p\u00e8se 79,47 grammes, avec des mesures de 83,3 * 52,6 * 8,5 mm.<\/p>\n<p>\u00a0<\/p>\n<p>Num\u00e9ros de certificat : GD2110H012015<\/p>\n<p><img fetchpriority=\"high\" decoding=\"async\" height=\"1080\" src=\"https:\/\/shop.yipinqian.com\/wp-content\/uploads\/2024\/10\/fc1d27686d2310a08cbd2300ab8b8956.jpg?from=476444299\" width=\"1080\"><\/p>\n<ul>\n<li>\n<strong>Mat\u00e9riel:<\/strong> Jade jad\u00e9ite naturelle de type A de diff\u00e9rentes couleurs<\/li>\n<li>\n<strong>Conception:<\/strong> Conception artisanale de Guanyin<\/li>\n<li>\n<strong>Certificat:<\/strong> Compris<\/li>\n<li>\n<strong>Origine:<\/strong> Birmanie<\/li>\n<li><strong>Occasion : \u00e9v\u00e9nements propices ou usage quotidien<\/strong><\/li>\n<\/ul>\n<p><img decoding=\"async\" height=\"1080\" src=\"https:\/\/shop.yipinqian.com\/wp-content\/uploads\/2024\/10\/f9545bc09214ca86dbf54a61c9fd773d.jpg?from=476444299\" width=\"1080\"><img decoding=\"async\" height=\"1080\" src=\"https:\/\/shop.yipinqian.com\/wp-content\/uploads\/2024\/10\/0d67b8f605ea993aa864243f7f102edd.jpg?from=476444299\" width=\"1080\"><img loading=\"lazy\" decoding=\"async\" height=\"1080\" src=\"https:\/\/shop.yipinqian.com\/wp-content\/uploads\/2024\/10\/3c686e4be0a6b2b6f544e8884e3953a5.jpg?from=476444299\" width=\"1080\"><\/p>\n<p><strong>Cette superbe pi\u00e8ce convient aussi bien aux hommes qu&#039;aux femmes gr\u00e2ce \u00e0 son design unisexe, ce qui en fait un ajout polyvalent \u00e0 toute collection de bijoux.<\/strong><\/p>\n<ul>\n<li><strong>Type de jade : Jad\u00e9ite<\/strong><\/li>\n<\/ul>\n<p><strong>Rehaussez votre style avec ce pendentif en jade unique qui respire la beaut\u00e9 et l&#039;\u00e9l\u00e9gance tout en apportant chance et \u00e9nergie positive \u00e0 votre vie quotidienne.<\/strong><\/p>\n<p><strong>.<\/strong><\/p>\n<p>Yi Pin Qian \u2013 N\u00e9gociant en pierres pr\u00e9cieuses et m\u00e9taux pr\u00e9cieux \u00e0 Singapour \u2013 Num\u00e9ro de licence PS20190000031<\/p>\n<p>\u00a0<\/p>\n<p>*Toutes les jad\u00e9ites achet\u00e9es chez Yi Pin Qian \u00e0 Singapour, les clients peuvent r\u00e9server des cr\u00e9neaux pour le polissage ou une r\u00e9paration mineure en cas de mauvaise manipulation - des frais s&#039;appliquent et uniquement pour les clients de Yi Pin Qian \u00e0 Singapour*<\/p>\n<p>\u00a0<\/p>\n<p><strong>**Types de certificats**<\/strong><\/p>\n<p>\u00a0<\/p>\n<p><strong>NGI (Nan Yang Gemmologie)<\/strong><\/p>\n<p>ou <strong>Certificats \u00e9trangers <\/strong>(Yi Pin Qian utilise uniquement des certificats authentiques provenant de laboratoires \u00e9trangers et contr\u00f4le \u00e9galement la qualit\u00e9 de chacun de nos produits avant de les mettre en vente \u00e0 Singapour)<\/p>\n<p>\u00a0<\/p>\n<p>Chaque produit sur TikTok aura le type de certificat fourni indiqu\u00e9 dans la description. Pour tout client souhaitant envoyer sa commande \u00e0 NGI Singapore, il y aura un d\u00e9lai d&#039;attente pour la livraison de la commande estim\u00e9 \u00e0 environ 4 semaines pour recevoir votre commande. <strong>Les demandes de rapport sur les pierres pr\u00e9cieuses NGI doivent \u00eatre effectu\u00e9es en envoyant un message \u00e0 la boutique TikTok de Yi Pin Qian.<\/strong> Merci, <strong><u>des frais suppl\u00e9mentaires s&#039;appliquent<\/u><\/strong>.<\/p>\n<p>\u00a0<\/p>\n<p><strong>La jad\u00e9ite naturelle n&#039;est pas parfaite, juste un petit rappel : notre jad\u00e9ite naturelle, comme toutes les belles choses de la nature, poss\u00e8de ses caract\u00e9ristiques et ses variations uniques. Nous invitons nos pr\u00e9cieux clients \u00e0 adopter ces variations naturelles. Bon shopping !<\/strong><\/p>\n<p>\u00a0<\/p>\n<p><strong><u>Aucune des photos et des s\u00e9quences vid\u00e9o n&#039;a \u00e9t\u00e9 filtr\u00e9e. Nous encourageons nos clients \u00e0 regarder \u00e9galement les vid\u00e9os d&#039;accompagnement pour une vue plus compl\u00e8te de nos produits<\/u><\/strong><\/p>\n<p>\u00a0<\/p>\n<ul>\n<li>Diff\u00e9rentes plates-formes ne peuvent visionner des vid\u00e9os que via le bureau<\/li>\n<\/ul>","protected":false},"excerpt":{"rendered":"<p>This exquisite pendant features Hugh High Quality Light Green, Yellow Brown, and Red Natural Type A Jadeite Jade meticulously crafted as Guanyin. The pendant is accompanied by a certificate and weighs 79.47 grams, with measurements of 83.3 * 52.6 * 8.5 mm. \u00a0 Certificate numbers: GD2110H012015 Material: Natural Type A Jadeite Jade in various colors [&hellip;]<\/p>","protected":false},"featured_media":5106,"comment_status":"open","ping_status":"closed","template":"","meta":[],"product_brand":[],"product_cat":[196],"product_tag":[],"class_list":{"0":"post-1471","1":"product","2":"type-product","3":"status-publish","4":"has-post-thumbnail","6":"product_cat-vault-collection","8":"first","9":"instock","10":"sale","11":"shipping-taxable","12":"purchasable","13":"product-type-simple"},"_links":{"self":[{"href":"https:\/\/shop.yipinqian.com\/fr\/wp-json\/wp\/v2\/product\/1471","targetHints":{"allow":["GET"]}}],"collection":[{"href":"https:\/\/shop.yipinqian.com\/fr\/wp-json\/wp\/v2\/product"}],"about":[{"href":"https:\/\/shop.yipinqian.com\/fr\/wp-json\/wp\/v2\/types\/product"}],"replies":[{"embeddable":true,"href":"https:\/\/shop.yipinqian.com\/fr\/wp-json\/wp\/v2\/comments?post=1471"}],"version-history":[{"count":0,"href":"https:\/\/shop.yipinqian.com\/fr\/wp-json\/wp\/v2\/product\/1471\/revisions"}],"wp:featuredmedia":[{"embeddable":true,"href":"https:\/\/shop.yipinqian.com\/fr\/wp-json\/wp\/v2\/media\/5106"}],"wp:attachment":[{"href":"https:\/\/shop.yipinqian.com\/fr\/wp-json\/wp\/v2\/media?parent=1471"}],"wp:term":[{"taxonomy":"product_brand","embeddable":true,"href":"https:\/\/shop.yipinqian.com\/fr\/wp-json\/wp\/v2\/product_brand?post=1471"},{"taxonomy":"product_cat","embeddable":true,"href":"https:\/\/shop.yipinqian.com\/fr\/wp-json\/wp\/v2\/product_cat?post=1471"},{"taxonomy":"product_tag","embeddable":true,"href":"https:\/\/shop.yipinqian.com\/fr\/wp-json\/wp\/v2\/product_tag?post=1471"}],"curies":[{"name":"wp","href":"https:\/\/api.w.org\/{rel}","templated":true}]}}