{"id":1470,"date":"2024-10-24T23:19:25","date_gmt":"2024-10-24T15:19:25","guid":{"rendered":"https:\/\/shop.yipinqian.com\/product\/hugh-archaize-style-black-natural-type-a-jadeite-pendant-crafted-as-donut-symbols-of-attract-wealth-certificate-included-weigh-62-62-grams-51-51-12-6-mm-suitable-for-daily-wear-pendant63\/"},"modified":"2025-02-17T00:02:47","modified_gmt":"2025-02-16T16:02:47","slug":"hugh-archaize-style-black-natural-type-a-jadeite-pendant-crafted-as-donut-symbols-of-attract-wealth-certificate-included-weigh-62-62-grams-51-51-12-6-mm-suitable-for-daily-wear-pendant63","status":"publish","type":"product","link":"https:\/\/shop.yipinqian.com\/fr\/produit\/hugh-archaize-style-black-natural-type-a-jadeite-pendant-crafted-as-donut-symbols-of-attract-wealth-certificate-included-weigh-62-62-grams-51-51-12-6-mm-suitable-for-daily-wear-pendant63\/","title":{"rendered":"Pendentif en jad\u00e9ite naturelle noire de type A de style Hugh Archaize fabriqu\u00e9 en forme de beignet, symboles d&#039;attraction de la richesse, certificat inclus p\u00e8se 62,62 grammes, 51 * 51 * 12,6 mm, convient \u00e0 un usage quotidien (pendentif63)"},"content":{"rendered":"<p>Ce pendentif en jad\u00e9ite naturelle noire de type A de style archa\u00efque Hugh est l&#039;accessoire parfait \u00e0 porter au quotidien. Fabriqu\u00e9 en forme de beignet, ce pendentif symbolise l&#039;attraction de la richesse et l&#039;\u00e9loignement des mauvais esprits.<\/p>\n<ul>\n<li>\n<strong>Certificat inclus :<\/strong> Ce pendentif en jade est accompagn\u00e9 d&#039;un certificat d&#039;authenticit\u00e9 pour garantir sa qualit\u00e9.<\/li>\n<\/ul>\n<p><strong>Num\u00e9ros de certificat : ZS240310138<\/strong><\/p>\n<p><img fetchpriority=\"high\" decoding=\"async\" height=\"1080\" src=\"https:\/\/shop.yipinqian.com\/wp-content\/uploads\/2024\/10\/a655f5075be95b7e8155ad13a5f4d5aa.jpg?from=476444299\" width=\"1080\"><\/p>\n<ul>\n<li>\n<strong>Conception unique :<\/strong> Le style archa\u00efque et la couleur noire de ce pendentif en jad\u00e9ite le distinguent de la foule.<\/li>\n<\/ul>\n<p>Pesant 62,62 grammes et mesurant 51 * 51 * 12,6 mm, ce collier convient aussi bien aux hommes qu&#039;aux femmes car il est disponible dans un design unisexe avec un style de collier d\u00e9contract\u00e9.<\/p>\n<ul>\n<li>\n<strong>Type de jade :<\/strong> Fabriqu\u00e9 \u00e0 partir de jad\u00e9ite de haute qualit\u00e9, ce pendentif est \u00e0 la fois durable et d&#039;apparence \u00e9poustouflante<\/li>\n<li>\n<strong>Fabriqu\u00e9 au Myanmar :<\/strong>Ce produit a \u00e9t\u00e9 fabriqu\u00e9 par des artisans qualifi\u00e9s au Myanmar, o\u00f9 se trouvent les plus beaux jades<\/li>\n<\/ul>\n<p>En plus d&#039;\u00eatre un bijou attrayant \u00e0 porter au quotidien, son design unique a \u00e9galement une signification culturelle qui peut \u00eatre appr\u00e9ci\u00e9e par n&#039;importe qui, quel que soit le sexe ou l&#039;occasion.<\/p>\n<p>\u00a0<\/p>\n<p>Yi Pin Qian \u2013 N\u00e9gociant en pierres pr\u00e9cieuses et m\u00e9taux pr\u00e9cieux \u00e0 Singapour \u2013 Num\u00e9ro de licence PS20190000031<\/p>\n<p>\u00a0<\/p>\n<p>*Toutes les jad\u00e9ites achet\u00e9es chez Yi Pin Qian \u00e0 Singapour, les clients peuvent r\u00e9server des cr\u00e9neaux pour le polissage ou une r\u00e9paration mineure en cas de mauvaise manipulation - des frais s&#039;appliquent et uniquement pour les clients de Yi Pin Qian \u00e0 Singapour*<\/p>\n<p>\u00a0<\/p>\n<p><strong>**Types de certificats**<\/strong><\/p>\n<p>\u00a0<\/p>\n<p><strong>NGI (Nan Yang Gemmologie)<\/strong><\/p>\n<p>ou <strong>Certificats \u00e9trangers <\/strong>(Yi Pin Qian utilise uniquement des certificats authentiques provenant de laboratoires \u00e9trangers et contr\u00f4le \u00e9galement la qualit\u00e9 de chacun de nos produits avant de les mettre en vente \u00e0 Singapour)<\/p>\n<p>\u00a0<\/p>\n<p>Chaque produit sur TikTok aura le type de certificat fourni indiqu\u00e9 dans la description. Pour tout client souhaitant envoyer sa commande \u00e0 NGI Singapore, il y aura un d\u00e9lai d&#039;attente pour la livraison de la commande estim\u00e9 \u00e0 environ 4 semaines pour recevoir votre commande. <strong>Les demandes de rapport sur les pierres pr\u00e9cieuses NGI doivent \u00eatre effectu\u00e9es en envoyant un message \u00e0 la boutique TikTok de Yi Pin Qian.<\/strong> Merci, <strong><u>des frais suppl\u00e9mentaires s&#039;appliquent<\/u><\/strong>.<\/p>\n<p>\u00a0<\/p>\n<p><strong>La jad\u00e9ite naturelle n&#039;est pas parfaite, juste un petit rappel : notre jad\u00e9ite naturelle, comme toutes les belles choses de la nature, poss\u00e8de ses caract\u00e9ristiques et ses variations uniques. Nous invitons nos pr\u00e9cieux clients \u00e0 adopter ces variations naturelles. Bon shopping !<\/strong><\/p>\n<p>\u00a0<\/p>\n<p><strong><u>Aucune des photos et des s\u00e9quences vid\u00e9o n&#039;a \u00e9t\u00e9 filtr\u00e9e. Nous encourageons nos clients \u00e0 regarder \u00e9galement les vid\u00e9os d&#039;accompagnement pour une vue plus compl\u00e8te de nos produits<\/u><\/strong><\/p>","protected":false},"excerpt":{"rendered":"<p>This Hugh archaize style Black Natural Type A Jadeite Pendant is the perfect accessory for daily wear. Crafted as a donut, this pendant symbolizes attracting wealth and warding off evil spirits. Certificate Included: This pendant comes with a certificate of authenticity to ensure its quality. Certificate numbers: ZS240310138 Unique Design: The archaize style and black [&hellip;]<\/p>","protected":false},"featured_media":5090,"comment_status":"open","ping_status":"closed","template":"","meta":[],"product_brand":[],"product_cat":[48],"product_tag":[],"class_list":{"0":"post-1470","1":"product","2":"type-product","3":"status-publish","4":"has-post-thumbnail","6":"product_cat-pendants","8":"first","9":"instock","10":"sale","11":"shipping-taxable","12":"purchasable","13":"product-type-simple"},"_links":{"self":[{"href":"https:\/\/shop.yipinqian.com\/fr\/wp-json\/wp\/v2\/product\/1470","targetHints":{"allow":["GET"]}}],"collection":[{"href":"https:\/\/shop.yipinqian.com\/fr\/wp-json\/wp\/v2\/product"}],"about":[{"href":"https:\/\/shop.yipinqian.com\/fr\/wp-json\/wp\/v2\/types\/product"}],"replies":[{"embeddable":true,"href":"https:\/\/shop.yipinqian.com\/fr\/wp-json\/wp\/v2\/comments?post=1470"}],"version-history":[{"count":0,"href":"https:\/\/shop.yipinqian.com\/fr\/wp-json\/wp\/v2\/product\/1470\/revisions"}],"wp:featuredmedia":[{"embeddable":true,"href":"https:\/\/shop.yipinqian.com\/fr\/wp-json\/wp\/v2\/media\/5090"}],"wp:attachment":[{"href":"https:\/\/shop.yipinqian.com\/fr\/wp-json\/wp\/v2\/media?parent=1470"}],"wp:term":[{"taxonomy":"product_brand","embeddable":true,"href":"https:\/\/shop.yipinqian.com\/fr\/wp-json\/wp\/v2\/product_brand?post=1470"},{"taxonomy":"product_cat","embeddable":true,"href":"https:\/\/shop.yipinqian.com\/fr\/wp-json\/wp\/v2\/product_cat?post=1470"},{"taxonomy":"product_tag","embeddable":true,"href":"https:\/\/shop.yipinqian.com\/fr\/wp-json\/wp\/v2\/product_tag?post=1470"}],"curies":[{"name":"wp","href":"https:\/\/api.w.org\/{rel}","templated":true}]}}