{"id":14698,"date":"2024-12-17T10:46:10","date_gmt":"2024-12-17T02:46:10","guid":{"rendered":"https:\/\/shop.yipinqian.com\/icy-yellow-natural-type-a-jadeite-jade-set-with-s925-as-stud-earrings-certificate-weighs-2-24-grams-s925es1\/"},"modified":"2025-02-24T00:49:44","modified_gmt":"2025-02-23T16:49:44","slug":"icy-yellow-natural-type-a-jadeite-jade-set-with-s925-as-stud-earrings-certificate-weighs-2-24-grams-s925es1","status":"publish","type":"product","link":"https:\/\/shop.yipinqian.com\/fr\/produit\/icy-yellow-natural-type-a-jadeite-jade-set-with-s925-as-stud-earrings-certificate-weighs-2-24-grams-s925es1\/","title":{"rendered":"Boucles d&#039;oreilles \u00e0 tige en jade jad\u00e9ite naturelle de type A jaune glac\u00e9 serties de S925 comme certificat Icy pesant 2,24 grammes (s925es1)"},"content":{"rendered":"<p><iframe title=\"Pendentif en forme de gourde translucide glac\u00e9e de qualit\u00e9 sup\u00e9rieure\" src=\"https:\/\/youtube.com\/embed\/otVJHqIP8Gw\" width=\"330\" height=\"300\"><\/iframe><\/p>\n<p>Rehaussez votre style quotidien avec ces superbes boucles d&#039;oreilles \u00e0 tige en jade jad\u00e9ite naturelle de type A jaune glac\u00e9, fabriqu\u00e9es en argent S925.<\/p>\n<p>\u00a0<\/p>\n<p>Num\u00e9ros de certificat : GD2111H017512<\/p>\n<p>\u00a0<\/p>\n<p>Tailles des cabochons : 9,8 * 5,4 * 2,5 \/ 9,8 * 5,6 * 2,5 mm<\/p>\n<p><img fetchpriority=\"high\" decoding=\"async\" src=\"https:\/\/shop.yipinqian.com\/wp-content\/uploads\/2024\/12\/da41fcad5ebd47cf834f6338c0579bfatplv-aphluv4xwc-origin-jpeg-1.jpeg?dr=15568&amp;nonce=75814&amp;refresh_token=24b6bd3899a0037e6b54a8b3bcc53228&amp;from=476444299&amp;idc=my2&amp;ps=933b5bde&amp;shcp=9b759fb9&amp;shp=1c65f68b&amp;t=555f072d\" width=\"1080\" height=\"1080\" \/><img decoding=\"async\" src=\"https:\/\/shop.yipinqian.com\/wp-content\/uploads\/2024\/12\/bea0769951cb4cf2ae95dcb616ea8ee4tplv-aphluv4xwc-origin-jpeg-1.jpeg?dr=15568&amp;nonce=43759&amp;refresh_token=ebc598cfa926fdd0a4393e8e40e6d2b6&amp;from=476444299&amp;idc=my2&amp;ps=933b5bde&amp;shcp=9b759fb9&amp;shp=1c65f68b&amp;t=555f072d\" width=\"1080\" height=\"1080\" \/><\/p>\n<ul>\n<li><strong>Design \u00e9l\u00e9gant :<\/strong> Boucles d&#039;oreilles \u00e0 tige d\u00e9contract\u00e9es parfaites pour un usage quotidien.<\/li>\n<li><strong>Mat\u00e9riau de qualit\u00e9 :<\/strong> Fabriqu\u00e9 en v\u00e9ritable argent S925 et en jade jad\u00e9ite naturel.<\/li>\n<li><strong>Certification:<\/strong> Livr\u00e9 avec un certificat d&#039;authenticit\u00e9.<\/li>\n<li><strong>L\u00e9ger:<\/strong> Ne p\u00e8se que 2,24 grammes, assurant un confort tout au long de la journ\u00e9e.<\/li>\n<\/ul>\n<p>Ce bijou exquis est originaire du Myanmar, ce qui en fait un ajout unique \u00e0 votre collection. Id\u00e9al pour toute femme cherchant \u00e0 ajouter une touche d&#039;\u00e9l\u00e9gance \u00e0 sa tenue !<\/p>\n<p>\u00a0<\/p>\n<p>Yi Pin Qian \u2013 N\u00e9gociant en pierres pr\u00e9cieuses et m\u00e9taux pr\u00e9cieux \u00e0 Singapour \u2013 Num\u00e9ro de licence PS20190000031<\/p>\n<p>\u00a0<\/p>\n<p>*Toutes les jad\u00e9ites achet\u00e9es chez Yi Pin Qian \u00e0 Singapour, les clients peuvent r\u00e9server des cr\u00e9neaux pour le polissage ou une r\u00e9paration mineure en cas de mauvaise manipulation - des frais s&#039;appliquent et uniquement pour les clients de Yi Pin Qian \u00e0 Singapour*<\/p>\n<p>\u00a0<\/p>\n<p><strong>**Types de certificats**<\/strong><\/p>\n<p>\u00a0<\/p>\n<p><strong>NGI (Nan Yang Gemmologie)<\/strong><\/p>\n<p>ou <strong>Certificats \u00e9trangers <\/strong>(Yi Pin Qian utilise uniquement des certificats authentiques provenant de laboratoires \u00e9trangers et contr\u00f4le \u00e9galement la qualit\u00e9 de chacun de nos produits avant de les mettre en vente \u00e0 Singapour)<\/p>\n<p>\u00a0<\/p>\n<p>Chaque produit aura le type de certificat fourni indiqu\u00e9 dans la description. Pour tout client souhaitant envoyer sa commande \u00e0 NGI Singapore, <strong>Les demandes de rapport NGI Gemstone doivent \u00eatre effectu\u00e9es en nous envoyant un message.<\/strong> Merci, <strong><u>des frais suppl\u00e9mentaires s&#039;appliquent<\/u><\/strong> \u2013 $90 pour la jad\u00e9ite \/ $150 pour la jad\u00e9ite avec de l\u2019or 18 carats \u2013 ce n\u2019est pas obligatoire car la plupart de nos produits sont d\u00e9j\u00e0 livr\u00e9s avec un certificat d\u2019outre-mer ou un rapport NGI.<\/p>\n<p>\u00a0<\/p>\n<p>(Pour plus de d\u00e9tails ou demande suppl\u00e9mentaire : <strong>Veuillez nous envoyer un message si vous souhaitez envoyer votre article achet\u00e9 au laboratoire de test NGI<\/strong>)<\/p>\n<p>\u00a0<\/p>\n<p><strong>La jad\u00e9ite naturelle n&#039;est pas parfaite, juste un petit rappel : notre jad\u00e9ite naturelle, comme toutes les belles choses de la nature, poss\u00e8de ses caract\u00e9ristiques et ses variations uniques. Nous invitons nos pr\u00e9cieux clients \u00e0 adopter ces variations naturelles. Bon shopping !<\/strong><\/p>\n<p>\u00a0<\/p>\n<p><strong><u>Aucune des photos et des s\u00e9quences vid\u00e9o n&#039;a \u00e9t\u00e9 filtr\u00e9e. Nous encourageons nos clients \u00e0 regarder \u00e9galement les vid\u00e9os d&#039;accompagnement pour une vue plus compl\u00e8te de nos produits<\/u><\/strong><\/p>\n<p>\u00a0<\/p>\n<ul>\n<li>Diff\u00e9rentes plates-formes ne peuvent visionner des vid\u00e9os que via le bureau<\/li>\n<\/ul>","protected":false},"excerpt":{"rendered":"<p>Rehaussez votre style quotidien avec ces superbes boucles d&#039;oreilles \u00e0 tige en jade jad\u00e9ite naturelle de type A jaune glac\u00e9, fabriqu\u00e9es en argent S925. Num\u00e9ros de certificat : GD2111H017512 Tailles de cabochon : 9,8 * 5,4 * 2,5 \/ 9,8 * 5,6 * 2,5 mm Design \u00e9l\u00e9gant : boucles d&#039;oreilles \u00e0 tige d\u00e9contract\u00e9es parfaites pour un usage quotidien. Mat\u00e9riau de qualit\u00e9 : fabriqu\u00e9es en v\u00e9ritable argent S925 [\u2026]<\/p>","protected":false},"featured_media":14844,"comment_status":"open","ping_status":"closed","template":"","meta":[],"product_brand":[],"product_cat":[194],"product_tag":[52,171,65,55,58,67,59,60,68,62],"class_list":{"0":"post-14698","1":"product","2":"type-product","3":"status-publish","4":"has-post-thumbnail","6":"product_cat-value-picks","7":"product_tag-certified","8":"product_tag-earrings","9":"product_tag-high-quality","10":"product_tag-jadeite","11":"product_tag-new-arrivals","12":"product_tag-s925","13":"product_tag-translucent","14":"product_tag-type-a-jadeite","15":"product_tag-yellow","16":"product_tag-yi-pin-qian-exclusive","18":"first","19":"instock","20":"sale","21":"shipping-taxable","22":"purchasable","23":"product-type-simple"},"_links":{"self":[{"href":"https:\/\/shop.yipinqian.com\/fr\/wp-json\/wp\/v2\/product\/14698","targetHints":{"allow":["GET"]}}],"collection":[{"href":"https:\/\/shop.yipinqian.com\/fr\/wp-json\/wp\/v2\/product"}],"about":[{"href":"https:\/\/shop.yipinqian.com\/fr\/wp-json\/wp\/v2\/types\/product"}],"replies":[{"embeddable":true,"href":"https:\/\/shop.yipinqian.com\/fr\/wp-json\/wp\/v2\/comments?post=14698"}],"version-history":[{"count":0,"href":"https:\/\/shop.yipinqian.com\/fr\/wp-json\/wp\/v2\/product\/14698\/revisions"}],"wp:featuredmedia":[{"embeddable":true,"href":"https:\/\/shop.yipinqian.com\/fr\/wp-json\/wp\/v2\/media\/14844"}],"wp:attachment":[{"href":"https:\/\/shop.yipinqian.com\/fr\/wp-json\/wp\/v2\/media?parent=14698"}],"wp:term":[{"taxonomy":"product_brand","embeddable":true,"href":"https:\/\/shop.yipinqian.com\/fr\/wp-json\/wp\/v2\/product_brand?post=14698"},{"taxonomy":"product_cat","embeddable":true,"href":"https:\/\/shop.yipinqian.com\/fr\/wp-json\/wp\/v2\/product_cat?post=14698"},{"taxonomy":"product_tag","embeddable":true,"href":"https:\/\/shop.yipinqian.com\/fr\/wp-json\/wp\/v2\/product_tag?post=14698"}],"curies":[{"name":"wp","href":"https:\/\/api.w.org\/{rel}","templated":true}]}}