{"id":14689,"date":"2024-12-17T10:45:54","date_gmt":"2024-12-17T02:45:54","guid":{"rendered":"https:\/\/shop.yipinqian.com\/high-quality-milo-buddha-pendant-on-natural-type-a-jadeite-jade-certificate-weighs-8-74-grams-measurement-29-29-5-6-7-mm-pendant378\/"},"modified":"2025-02-24T00:49:45","modified_gmt":"2025-02-23T16:49:45","slug":"high-quality-milo-buddha-pendant-on-natural-type-a-jadeite-jade-certificate-weighs-8-74-grams-measurement-29-29-5-6-7-mm-pendant378","status":"publish","type":"product","link":"https:\/\/shop.yipinqian.com\/fr\/produit\/high-quality-milo-buddha-pendant-on-natural-type-a-jadeite-jade-certificate-weighs-8-74-grams-measurement-29-29-5-6-7-mm-pendant378\/","title":{"rendered":"Pendentif Bouddha Milo rieur de haute qualit\u00e9 sur certificat de jade jad\u00e9ite naturelle de type A pesant 8,74 grammes, mesurant 29 * 29,5 * 6,7 mm (pendentif378)"},"content":{"rendered":"<p><iframe title=\"Laughing Milo Buddha with 18k gold clasp\" src=\"https:\/\/youtube.com\/embed\/rTzFDGnMuF4\" width=\"330\" height=\"300\"><\/iframe><\/p>\n<p>Discover the exquisite High Quality Milo Buddha Pendant, crafted from Natural Type A Jadeite Jade, perfect for those seeking a touch of elegance and spirituality.<\/p>\n<p>\u00a0<\/p>\n<p>Certificate numbers: 920460015472<\/p>\n<p><img fetchpriority=\"high\" decoding=\"async\" src=\"https:\/\/shop.yipinqian.com\/wp-content\/uploads\/2024\/12\/f6fffb10434249a4ad8b44eab9348c48tplv-aphluv4xwc-origin-jpeg-1.jpeg?dr=15568&amp;nonce=52049&amp;refresh_token=835e19fe9b6777e6962076311ee8a480&amp;from=476444299&amp;idc=my&amp;ps=933b5bde&amp;shcp=9b759fb9&amp;shp=1c65f68b&amp;t=555f072d\" width=\"1080\" height=\"1080\" \/><\/p>\n<ul>\n<li><strong>Mat\u00e9riel:<\/strong> Jade jad\u00e9ite naturelle de type A<\/li>\n<li><strong>Poids:<\/strong> 8.74 grams<\/li>\n<li><strong>Dimensions:<\/strong> 29 x 29.5 x 6.7 mm<\/li>\n<li><strong>Cerificate:<\/strong> Oui, inclus<\/li>\n<li><strong>Makes a perfect gift for auspicious occasions.<\/strong><\/li>\n<\/ul>\n<p><img decoding=\"async\" src=\"https:\/\/shop.yipinqian.com\/wp-content\/uploads\/2024\/12\/ba06577a094b4c5a8e869ae64c65db6ctplv-aphluv4xwc-origin-jpeg-1.jpeg?dr=15568&amp;nonce=97540&amp;refresh_token=6d451fbf634e9f311edfd30ba02ab97c&amp;from=476444299&amp;idc=my&amp;ps=933b5bde&amp;shcp=9b759fb9&amp;shp=1c65f68b&amp;t=555f072d\" width=\"1080\" height=\"1080\" \/><img decoding=\"async\" src=\"https:\/\/shop.yipinqian.com\/wp-content\/uploads\/2024\/12\/2fbf4c19a89c404885a8800213775be6tplv-aphluv4xwc-origin-jpeg-1.jpeg?dr=15568&amp;nonce=57702&amp;refresh_token=54487f0f3ca343b646aa0b15dd674558&amp;from=476444299&amp;idc=my&amp;ps=933b5bde&amp;shcp=9b759fb9&amp;shp=1c65f68b&amp;t=555f072d\" width=\"1080\" height=\"1080\" \/><img loading=\"lazy\" decoding=\"async\" src=\"https:\/\/shop.yipinqian.com\/wp-content\/uploads\/2024\/12\/a493b3525664451c81c57fa27e2496fatplv-aphluv4xwc-origin-jpeg-1.jpeg?dr=15568&amp;nonce=2274&amp;refresh_token=554aa9e77967087365cfb3ca9b952557&amp;from=476444299&amp;idc=my&amp;ps=933b5bde&amp;shcp=9b759fb9&amp;shp=1c65f68b&amp;t=555f072d\" width=\"1536\" height=\"2048\" \/><\/p>\n<p>This pendant originates from Myanmar and is designed in a casual necklace style, adding charm to any outfit.<\/p>\n<p>Veuillez noter que ce produit n&#039;est pas couvert par la garantie.<\/p>\n<p>\u00a0<\/p>\n<p>[Please note that we only use normal oppo mobile phone for photo shooting and videos &#8211; thus some images may not be that sharp, however, the videos should be able to see clearly as every shooting are all done outdoor with natural lights to show customers realistic product that you will be receiving]<\/p>\n<p>\u00a0<\/p>\n<p>Yi Pin Qian \u2013 N\u00e9gociant en pierres pr\u00e9cieuses et m\u00e9taux pr\u00e9cieux \u00e0 Singapour \u2013 Num\u00e9ro de licence PS20190000031<\/p>\n<p>\u00a0<\/p>\n<p>*Toutes les jad\u00e9ites achet\u00e9es chez Yi Pin Qian \u00e0 Singapour, les clients peuvent r\u00e9server des cr\u00e9neaux pour le polissage ou une r\u00e9paration mineure en cas de mauvaise manipulation - des frais s&#039;appliquent et uniquement pour les clients de Yi Pin Qian \u00e0 Singapour*<\/p>\n<p>\u00a0<\/p>\n<p><strong>**Types de certificats**<\/strong><\/p>\n<p>\u00a0<\/p>\n<p><strong>NGI (Nan Yang Gemmologie)<\/strong><\/p>\n<p>ou <strong>Certificats \u00e9trangers <\/strong>(Yi Pin Qian utilise uniquement des certificats authentiques provenant de laboratoires \u00e9trangers et contr\u00f4le \u00e9galement la qualit\u00e9 de chacun de nos produits avant de les mettre en vente \u00e0 Singapour)<\/p>\n<p>\u00a0<\/p>\n<p>Chaque produit aura le type de certificat fourni indiqu\u00e9 dans la description. Pour tout client souhaitant envoyer sa commande \u00e0 NGI Singapore, <strong>Les demandes de rapport NGI Gemstone doivent \u00eatre effectu\u00e9es en nous envoyant un message.<\/strong> Merci, <strong><u>des frais suppl\u00e9mentaires s&#039;appliquent<\/u><\/strong> \u2013 $90 pour la jad\u00e9ite \/ $150 pour la jad\u00e9ite avec de l\u2019or 18 carats \u2013 ce n\u2019est pas obligatoire car la plupart de nos produits sont d\u00e9j\u00e0 livr\u00e9s avec un certificat d\u2019outre-mer ou un rapport NGI.<\/p>\n<p>\u00a0<\/p>\n<p>(Pour plus de d\u00e9tails ou demande suppl\u00e9mentaire : <strong>Veuillez nous envoyer un message si vous souhaitez envoyer votre article achet\u00e9 au laboratoire de test NGI<\/strong>)<\/p>\n<p>\u00a0<\/p>\n<p><strong>La jad\u00e9ite naturelle n&#039;est pas parfaite, juste un petit rappel : notre jad\u00e9ite naturelle, comme toutes les belles choses de la nature, poss\u00e8de ses caract\u00e9ristiques et ses variations uniques. Nous invitons nos pr\u00e9cieux clients \u00e0 adopter ces variations naturelles. Bon shopping !<\/strong><\/p>\n<p>\u00a0<\/p>\n<p><strong><u>Aucune des photos et des s\u00e9quences vid\u00e9o n&#039;a \u00e9t\u00e9 filtr\u00e9e. Nous encourageons nos clients \u00e0 regarder \u00e9galement les vid\u00e9os d&#039;accompagnement pour une vue plus compl\u00e8te de nos produits<\/u><\/strong><\/p>\n<p>\u00a0<\/p>\n<ul>\n<li>Diff\u00e9rentes plates-formes ne peuvent visionner des vid\u00e9os que via le bureau<\/li>\n<\/ul>","protected":false},"excerpt":{"rendered":"<p>Discover the exquisite High Quality Milo Buddha Pendant, crafted from Natural Type A Jadeite Jade, perfect for those seeking a touch of elegance and spirituality. \u00a0 Certificate numbers: 920460015472 Material: Natural Type A Jadeite Jade Weight: 8.74 grams Dimensions: 29 x 29.5 x 6.7 mm Cerificate: Yes, included Makes a perfect gift for auspicious occasions. [&hellip;]<\/p>","protected":false},"featured_media":14816,"comment_status":"open","ping_status":"closed","template":"","meta":[],"product_brand":[],"product_cat":[194],"product_tag":[52,65,55,57,58,75,60,61],"class_list":{"0":"post-14689","1":"product","2":"type-product","3":"status-publish","4":"has-post-thumbnail","6":"product_cat-value-picks","7":"product_tag-certified","8":"product_tag-high-quality","9":"product_tag-jadeite","10":"product_tag-milo-buddha","11":"product_tag-new-arrivals","12":"product_tag-traditional","13":"product_tag-type-a-jadeite","14":"product_tag-unisex","16":"first","17":"instock","18":"sale","19":"shipping-taxable","20":"purchasable","21":"product-type-simple"},"_links":{"self":[{"href":"https:\/\/shop.yipinqian.com\/fr\/wp-json\/wp\/v2\/product\/14689","targetHints":{"allow":["GET"]}}],"collection":[{"href":"https:\/\/shop.yipinqian.com\/fr\/wp-json\/wp\/v2\/product"}],"about":[{"href":"https:\/\/shop.yipinqian.com\/fr\/wp-json\/wp\/v2\/types\/product"}],"replies":[{"embeddable":true,"href":"https:\/\/shop.yipinqian.com\/fr\/wp-json\/wp\/v2\/comments?post=14689"}],"version-history":[{"count":0,"href":"https:\/\/shop.yipinqian.com\/fr\/wp-json\/wp\/v2\/product\/14689\/revisions"}],"wp:featuredmedia":[{"embeddable":true,"href":"https:\/\/shop.yipinqian.com\/fr\/wp-json\/wp\/v2\/media\/14816"}],"wp:attachment":[{"href":"https:\/\/shop.yipinqian.com\/fr\/wp-json\/wp\/v2\/media?parent=14689"}],"wp:term":[{"taxonomy":"product_brand","embeddable":true,"href":"https:\/\/shop.yipinqian.com\/fr\/wp-json\/wp\/v2\/product_brand?post=14689"},{"taxonomy":"product_cat","embeddable":true,"href":"https:\/\/shop.yipinqian.com\/fr\/wp-json\/wp\/v2\/product_cat?post=14689"},{"taxonomy":"product_tag","embeddable":true,"href":"https:\/\/shop.yipinqian.com\/fr\/wp-json\/wp\/v2\/product_tag?post=14689"}],"curies":[{"name":"wp","href":"https:\/\/api.w.org\/{rel}","templated":true}]}}