{"id":14681,"date":"2024-12-17T10:45:31","date_gmt":"2024-12-17T02:45:31","guid":{"rendered":"https:\/\/shop.yipinqian.com\/crafted-as-pixiu-on-semi-icy-natural-type-a-jadeite-jade-with-18k-clasp-as-pendant-certificate-weighs-3-86-grams-measurement-21-12-8-3-mm-18kp88\/"},"modified":"2025-02-24T00:49:45","modified_gmt":"2025-02-23T16:49:45","slug":"crafted-as-pixiu-on-semi-icy-natural-type-a-jadeite-jade-with-18k-clasp-as-pendant-certificate-weighs-3-86-grams-measurement-21-12-8-3-mm-18kp88","status":"publish","type":"product","link":"https:\/\/shop.yipinqian.com\/fr\/produit\/crafted-as-pixiu-on-semi-icy-natural-type-a-jadeite-jade-with-18k-clasp-as-pendant-certificate-weighs-3-86-grams-measurement-21-12-8-3-mm-18kp88\/","title":{"rendered":"Pendentif en jade jad\u00e9ite naturel de type A semi-glac\u00e9 Pixiu avec fermoir 18 carats, certificat pesant 3,86 grammes, mesurant 21 * 12 * 8,3 mm (18kp88)"},"content":{"rendered":"<p><iframe title=\"Pixiu avec fermoir en or 18 carats\" src=\"https:\/\/youtube.com\/embed\/h5x9YYCpGj8\" width=\"330\" height=\"300\"><\/iframe><br \/>\nD\u00e9couvrez la beaut\u00e9 exquise de notre pendentif Pixiu, fabriqu\u00e9 \u00e0 partir de jade jad\u00e9ite de type A naturel semi-glac\u00e9.<\/p>\n<p>&nbsp;<\/p>\n<p>Num\u00e9ros de certificat : GD2111H006111<\/p>\n<p>Fermoir en or 18 carats : 0,34 gramme<\/p>\n<p><img fetchpriority=\"high\" decoding=\"async\" src=\"https:\/\/shop.yipinqian.com\/wp-content\/uploads\/2024\/12\/de8fa62a26d649148530bd77de3b9b81tplv-aphluv4xwc-origin-jpeg-1.jpeg?dr=15568&amp;nonce=66830&amp;refresh_token=0015f44f9c09d6cfa69a789c7579f990&amp;from=476444299&amp;idc=my&amp;ps=933b5bde&amp;shcp=9b759fb9&amp;shp=1c65f68b&amp;t=555f072d\" width=\"1536\" height=\"2048\" \/><img decoding=\"async\" src=\"https:\/\/shop.yipinqian.com\/wp-content\/uploads\/2024\/12\/a315ae9f9a12421ebf339553436290b5tplv-aphluv4xwc-origin-jpeg-1.jpeg?dr=15568&amp;nonce=51977&amp;refresh_token=46989960e8b7a4c2679f1d158a3fe100&amp;from=476444299&amp;idc=my&amp;ps=933b5bde&amp;shcp=9b759fb9&amp;shp=1c65f68b&amp;t=555f072d\" width=\"1080\" height=\"1080\" \/><\/p>\n<ul>\n<li><strong>Design \u00e9l\u00e9gant :<\/strong> Pr\u00e9sente un superbe motif Pixiu qui symbolise la richesse et la protection.<\/li>\n<li><strong>Mat\u00e9riau de qualit\u00e9 :<\/strong> Serti d&#039;un fermoir en or 18 carats pour une touche luxueuse.<\/li>\n<li><strong>AGR\u00c9\u00c9:<\/strong> Livr\u00e9 avec un certificat, pesant 3,86 grammes et mesurant 21 * 12 * 8,3 mm.<\/li>\n<\/ul>\n<p>Ce pendentif unisexe est parfait pour un usage quotidien et est originaire du Myanmar, ce qui le rend non seulement \u00e9l\u00e9gant mais aussi culturellement significatif. Profitez de son charme d\u00e9contract\u00e9 comme accessoire qui rehausse n&#039;importe quelle tenue !<\/p>\n<p>&nbsp;<\/p>\n<p>Yi Pin Qian \u2013 N\u00e9gociant en pierres pr\u00e9cieuses et m\u00e9taux pr\u00e9cieux \u00e0 Singapour \u2013 Num\u00e9ro de licence PS20190000031<\/p>\n<p>&nbsp;<\/p>\n<p>*Toutes les jad\u00e9ites achet\u00e9es chez Yi Pin Qian \u00e0 Singapour, les clients peuvent r\u00e9server des cr\u00e9neaux pour le polissage ou une r\u00e9paration mineure en cas de mauvaise manipulation - des frais s&#039;appliquent et uniquement pour les clients de Yi Pin Qian \u00e0 Singapour*<\/p>\n<p>&nbsp;<\/p>\n<p><strong>**Types de certificats**<\/strong><\/p>\n<p>&nbsp;<\/p>\n<p><strong>NGI (Nan Yang Gemmologie)<\/strong><\/p>\n<p>ou <strong>Certificats \u00e9trangers <\/strong>(Yi Pin Qian utilise uniquement des certificats authentiques provenant de laboratoires \u00e9trangers et contr\u00f4le \u00e9galement la qualit\u00e9 de chacun de nos produits avant de les mettre en vente \u00e0 Singapour)<\/p>\n<p>&nbsp;<\/p>\n<p>Chaque produit aura le type de certificat fourni indiqu\u00e9 dans la description. Pour tout client souhaitant envoyer sa commande \u00e0 NGI Singapore, <strong>Les demandes de rapport NGI Gemstone doivent \u00eatre effectu\u00e9es en nous envoyant un message.<\/strong> Merci, <strong><u>des frais suppl\u00e9mentaires s&#039;appliquent<\/u><\/strong> \u2013 $90 pour la jad\u00e9ite \/ $150 pour la jad\u00e9ite avec de l\u2019or 18 carats \u2013 ce n\u2019est pas obligatoire car la plupart de nos produits sont d\u00e9j\u00e0 livr\u00e9s avec un certificat d\u2019outre-mer ou un rapport NGI.<\/p>\n<p>&nbsp;<\/p>\n<p>(Pour plus de d\u00e9tails ou demande suppl\u00e9mentaire : <strong>Veuillez nous envoyer un message si vous souhaitez envoyer votre article achet\u00e9 au laboratoire de test NGI<\/strong>)<\/p>\n<p>&nbsp;<\/p>\n<p><strong>La jad\u00e9ite naturelle n&#039;est pas parfaite, juste un petit rappel : notre jad\u00e9ite naturelle, comme toutes les belles choses de la nature, poss\u00e8de ses caract\u00e9ristiques et ses variations uniques. Nous invitons nos pr\u00e9cieux clients \u00e0 adopter ces variations naturelles. Bon shopping !<\/strong><\/p>\n<p>&nbsp;<\/p>\n<p><strong><u>Aucune des photos et des s\u00e9quences vid\u00e9o n&#039;a \u00e9t\u00e9 filtr\u00e9e. Nous encourageons nos clients \u00e0 regarder \u00e9galement les vid\u00e9os d&#039;accompagnement pour une vue plus compl\u00e8te de nos produits<\/u><\/strong><\/p>\n<p>&nbsp;<\/p>\n<ul>\n<li>Diff\u00e9rentes plates-formes ne peuvent visionner des vid\u00e9os que via le bureau<\/li>\n<\/ul>","protected":false},"excerpt":{"rendered":"<p>Discover the exquisite beauty of our Pixiu Pendant, crafted from Semi Icy Natural Type A Jadeite Jade. &nbsp; Certificate numbers: GD2111H006111 18k Gold Clasp: 0.34 grams Elegant Design: Features a stunning Pixiu motif that symbolizes wealth and protection. Quality Material: Set with an 18k gold clasp for a luxurious touch. CERTIFIED: Comes with a certificate, [&hellip;]<\/p>","protected":false},"featured_media":14784,"comment_status":"open","ping_status":"closed","template":"","meta":[],"product_brand":[],"product_cat":[194],"product_tag":[50,52,55,82,58,73,85,60,61],"class_list":{"0":"post-14681","1":"product","2":"type-product","3":"status-publish","4":"has-post-thumbnail","6":"product_cat-value-picks","7":"product_tag-18k-gold","8":"product_tag-certified","9":"product_tag-jadeite","10":"product_tag-light-green","11":"product_tag-new-arrivals","12":"product_tag-pendant","13":"product_tag-pixiu","14":"product_tag-type-a-jadeite","15":"product_tag-unisex","17":"first","18":"instock","19":"sale","20":"shipping-taxable","21":"purchasable","22":"product-type-simple"},"_links":{"self":[{"href":"https:\/\/shop.yipinqian.com\/fr\/wp-json\/wp\/v2\/product\/14681","targetHints":{"allow":["GET"]}}],"collection":[{"href":"https:\/\/shop.yipinqian.com\/fr\/wp-json\/wp\/v2\/product"}],"about":[{"href":"https:\/\/shop.yipinqian.com\/fr\/wp-json\/wp\/v2\/types\/product"}],"replies":[{"embeddable":true,"href":"https:\/\/shop.yipinqian.com\/fr\/wp-json\/wp\/v2\/comments?post=14681"}],"version-history":[{"count":0,"href":"https:\/\/shop.yipinqian.com\/fr\/wp-json\/wp\/v2\/product\/14681\/revisions"}],"wp:featuredmedia":[{"embeddable":true,"href":"https:\/\/shop.yipinqian.com\/fr\/wp-json\/wp\/v2\/media\/14784"}],"wp:attachment":[{"href":"https:\/\/shop.yipinqian.com\/fr\/wp-json\/wp\/v2\/media?parent=14681"}],"wp:term":[{"taxonomy":"product_brand","embeddable":true,"href":"https:\/\/shop.yipinqian.com\/fr\/wp-json\/wp\/v2\/product_brand?post=14681"},{"taxonomy":"product_cat","embeddable":true,"href":"https:\/\/shop.yipinqian.com\/fr\/wp-json\/wp\/v2\/product_cat?post=14681"},{"taxonomy":"product_tag","embeddable":true,"href":"https:\/\/shop.yipinqian.com\/fr\/wp-json\/wp\/v2\/product_tag?post=14681"}],"curies":[{"name":"wp","href":"https:\/\/api.w.org\/{rel}","templated":true}]}}