{"id":1468,"date":"2024-10-24T23:19:25","date_gmt":"2024-10-24T15:19:25","guid":{"rendered":"https:\/\/shop.yipinqian.com\/product\/hight-quality-green-with-green-patches-natural-type-a-jadeite-jade-crafted-with-shape-of-donut-with-baby-dragon-as-pendant-qic-approved-labs-certificate-weigh-4-11-grams-measurement-17-2-16-3-5-1-mm-p\/"},"modified":"2025-02-24T00:49:55","modified_gmt":"2025-02-23T16:49:55","slug":"hight-quality-green-with-green-patches-natural-type-a-jadeite-jade-crafted-with-shape-of-donut-with-baby-dragon-as-pendant-qic-approved-labs-certificate-weigh-4-11-grams-measurement-17-2-16-3-5-1-mm-p","status":"publish","type":"product","link":"https:\/\/shop.yipinqian.com\/fr\/produit\/hight-quality-green-with-green-patches-natural-type-a-jadeite-jade-crafted-with-shape-of-donut-with-baby-dragon-as-pendant-qic-approved-labs-certificate-weigh-4-11-grams-measurement-17-2-16-3-5-1-mm-p\/","title":{"rendered":"Jade jad\u00e9ite naturelle de type A de haute qualit\u00e9, vert avec des taches vertes, fabriqu\u00e9 en forme de beignet avec un b\u00e9b\u00e9 dragon comme pendentif, certificat de laboratoire approuv\u00e9 par QIC, p\u00e8se 4,11 grammes, mesure 17,2 * 16,3 * 5,1 mm (pendentif242)"},"content":{"rendered":"<p>Ce collier exquis pr\u00e9sente un pendentif en jade jad\u00e9ite naturel de type A de haute qualit\u00e9, m\u00e9ticuleusement con\u00e7u en forme de beignet avec un charmant motif de b\u00e9b\u00e9 dragon.<\/p>\n<p><\/p>\n<p>Num\u00e9ros de certificat : 5404032700557<\/p>\n<ul>\n<li>\n<strong>Mat\u00e9riel:<\/strong> Jade jad\u00e9ite naturelle de type A vert avec des taches vertes<\/li>\n<li>\n<strong>Certificat:<\/strong> Laboratoires approuv\u00e9s par QIC<\/li>\n<li>\n<strong>Poids:<\/strong> 4,11 grammes<\/li>\n<li>\n<strong>Mesures:<\/strong> 17,2 * 16,3 * 5,1 mm (pendentif242)<\/li>\n<\/ul>\n<p>Cette pi\u00e8ce unique est non seulement visuellement frappante, mais rev\u00eat \u00e9galement une importance car elle est certifi\u00e9e par des laboratoires approuv\u00e9s par QIC, garantissant son authenticit\u00e9 et sa qualit\u00e9.<\/p>\n<ul>\n<li><strong>Certificat inclus : Oui<\/strong><\/li>\n<\/ul>\n<p><strong>Le collier est con\u00e7u pour \u00eatre port\u00e9 au quotidien et constitue un accessoire significatif pour les hommes et les femmes, avec son attrait unisexe.<\/strong><\/p>\n<ul>\n<li><strong>Type de jade : Jad\u00e9ite<\/strong><\/li>\n<\/ul>\n<p><strong>La jad\u00e9ite naturelle n&#039;est pas parfaite, juste un petit rappel : notre jad\u00e9ite naturelle, comme toutes les belles choses de la nature, poss\u00e8de ses caract\u00e9ristiques et ses variations uniques. Nous invitons nos pr\u00e9cieux clients \u00e0 adopter ces variations naturelles. Bon shopping !<\/strong><\/p>\n<p><\/p>\n<p><strong><u>Aucune des photos et des s\u00e9quences vid\u00e9o n&#039;a \u00e9t\u00e9 filtr\u00e9e. Nous encourageons nos clients \u00e0 regarder \u00e9galement les vid\u00e9os d&#039;accompagnement pour une vue plus compl\u00e8te de nos produits<\/u><\/strong><\/p>","protected":false},"excerpt":{"rendered":"<p>This exquisite necklace features a high-quality natural Type A Jadeite Jade pendant, meticulously crafted in the shape of a donut with a charming baby dragon design. Certificate numbers: 5404032700557 Material: Green with Green Patches Natural Type A Jadeite Jade Certificate: QIC approved labs Weight: 4.11 grams Measurements: 17.2 * 16.3 * 5.1 mm (pendant242) This [&hellip;]<\/p>","protected":false},"featured_media":5051,"comment_status":"open","ping_status":"closed","template":"","meta":[],"product_brand":[],"product_cat":[194],"product_tag":[],"class_list":{"0":"post-1468","1":"product","2":"type-product","3":"status-publish","4":"has-post-thumbnail","6":"product_cat-value-picks","8":"first","9":"outofstock","10":"sale","11":"shipping-taxable","12":"purchasable","13":"product-type-simple"},"_links":{"self":[{"href":"https:\/\/shop.yipinqian.com\/fr\/wp-json\/wp\/v2\/product\/1468","targetHints":{"allow":["GET"]}}],"collection":[{"href":"https:\/\/shop.yipinqian.com\/fr\/wp-json\/wp\/v2\/product"}],"about":[{"href":"https:\/\/shop.yipinqian.com\/fr\/wp-json\/wp\/v2\/types\/product"}],"replies":[{"embeddable":true,"href":"https:\/\/shop.yipinqian.com\/fr\/wp-json\/wp\/v2\/comments?post=1468"}],"version-history":[{"count":0,"href":"https:\/\/shop.yipinqian.com\/fr\/wp-json\/wp\/v2\/product\/1468\/revisions"}],"wp:featuredmedia":[{"embeddable":true,"href":"https:\/\/shop.yipinqian.com\/fr\/wp-json\/wp\/v2\/media\/5051"}],"wp:attachment":[{"href":"https:\/\/shop.yipinqian.com\/fr\/wp-json\/wp\/v2\/media?parent=1468"}],"wp:term":[{"taxonomy":"product_brand","embeddable":true,"href":"https:\/\/shop.yipinqian.com\/fr\/wp-json\/wp\/v2\/product_brand?post=1468"},{"taxonomy":"product_cat","embeddable":true,"href":"https:\/\/shop.yipinqian.com\/fr\/wp-json\/wp\/v2\/product_cat?post=1468"},{"taxonomy":"product_tag","embeddable":true,"href":"https:\/\/shop.yipinqian.com\/fr\/wp-json\/wp\/v2\/product_tag?post=1468"}],"curies":[{"name":"wp","href":"https:\/\/api.w.org\/{rel}","templated":true}]}}